{"id":1697,"date":"2018-03-05T15:56:42","date_gmt":"2018-03-05T14:56:42","guid":{"rendered":"http:\/\/localhost:8888\/projekt4\/produkt\/import-placeholder-for-3888\/"},"modified":"2018-12-04T11:43:57","modified_gmt":"2018-12-04T10:43:57","slug":"kobudo-3-hanbo-jutsu","status":"publish","type":"product","link":"https:\/\/www.abanico.de\/abanico\/shop\/dvd-pal-de\/kubudo-dvd-pal-de-de\/kobudo-3-hanbo-jutsu\/","title":{"rendered":"Kobudo 3 Hanbo-Jutsu &#8211; DVD &#8211; PAL &#8211; DE"},"content":{"rendered":"<p>Auf diesem Video sehen Sie die Basis-Grundschule mit dem Hanbo und ihrer entsprechenden Anwendung.Au\u00dferdem werden die drei ersten Kata mit ihren jeweiligen Bunkai vorgestellt. Es werden auch weiterf\u00fchrende \u00dcbungen sowie SV mit dem Regenschirm demonstriert.<\/p>\n<p><strong>Peter Sch\u00f6mbs<\/strong><br \/>\nist einer des Hauptlehrer des Budo Studien Kreises, BSK. Er tr\u00e4gt den 7. Dan Ninjutsu, den 6. Dan Karate und den 4. Dan Hanbo Jutsu. Er ist pers\u00f6nlicher Sch\u00fcler (Uchi deshi) von Werner Lind.<\/p>\n<div class=\"avia_textblock avia_textblock_style\" data-update_with=\"content\">\n<p>&nbsp;<\/p>\n<hr \/>\n<\/div>\n<div class=\"avia_textblock avia_textblock_style\" data-update_with=\"content\">\n<h3>Trailer<\/h3>\n<div style=\"width: 640px;\" class=\"wp-video\"><video class=\"wp-video-shortcode\" id=\"video-1697-1\" width=\"640\" height=\"360\" preload=\"metadata\" controls=\"controls\"><source type=\"video\/mp4\" src=\"https:\/\/www.abanico.de\/abanico\/wp-content\/files\/trailer\/D-Kob3-SD-Vorspann.mp4?_=1\" \/><a href=\"https:\/\/www.abanico.de\/abanico\/wp-content\/files\/trailer\/D-Kob3-SD-Vorspann.mp4\">https:\/\/www.abanico.de\/abanico\/wp-content\/files\/trailer\/D-Kob3-SD-Vorspann.mp4<\/a><\/video><\/div>\n<\/div>\n","protected":false},"excerpt":{"rendered":"<h2>Kobudo 3 Hanbo-Jutsu &#8211; DVD &#8211; PAL &#8211; DE<\/h2>\n<p><strong>Hanbojutsu<\/strong><br \/>\n<strong>Sprache: Deutsch &#8211; TV-System: PAL<\/strong><br \/>\nLaufzeit (Min.): 67<br \/>\n<strong>Produzent: ABANICO<\/strong><br \/>\nISBN: 3-89540-424-1<\/p>\n","protected":false},"featured_media":6327,"comment_status":"open","ping_status":"closed","template":"","meta":[],"product_brand":[],"product_cat":[54,519],"product_tag":[1364,1478,1321,1480,1311,1486],"class_list":{"0":"post-1697","1":"product","2":"type-product","3":"status-publish","4":"has-post-thumbnail","6":"product_cat-dvd-pal-de","7":"product_cat-kubudo-dvd-pal-de-de","8":"product_tag-deutsch-de","9":"product_tag-hanbo-jutsu-de","10":"product_tag-karate-de","11":"product_tag-kobudo-und-asiatische-waffen-de","12":"product_tag-pal-de","13":"product_tag-werner-lind-de","14":"product_shipping_class-4689","16":"first","17":"instock","18":"taxable","19":"shipping-taxable","20":"purchasable","21":"product-type-simple"},"_links":{"self":[{"href":"https:\/\/www.abanico.de\/abanico\/wp-json\/wp\/v2\/product\/1697","targetHints":{"allow":["GET"]}}],"collection":[{"href":"https:\/\/www.abanico.de\/abanico\/wp-json\/wp\/v2\/product"}],"about":[{"href":"https:\/\/www.abanico.de\/abanico\/wp-json\/wp\/v2\/types\/product"}],"replies":[{"embeddable":true,"href":"https:\/\/www.abanico.de\/abanico\/wp-json\/wp\/v2\/comments?post=1697"}],"wp:featuredmedia":[{"embeddable":true,"href":"https:\/\/www.abanico.de\/abanico\/wp-json\/wp\/v2\/media\/6327"}],"wp:attachment":[{"href":"https:\/\/www.abanico.de\/abanico\/wp-json\/wp\/v2\/media?parent=1697"}],"wp:term":[{"taxonomy":"product_brand","embeddable":true,"href":"https:\/\/www.abanico.de\/abanico\/wp-json\/wp\/v2\/product_brand?post=1697"},{"taxonomy":"product_cat","embeddable":true,"href":"https:\/\/www.abanico.de\/abanico\/wp-json\/wp\/v2\/product_cat?post=1697"},{"taxonomy":"product_tag","embeddable":true,"href":"https:\/\/www.abanico.de\/abanico\/wp-json\/wp\/v2\/product_tag?post=1697"}],"curies":[{"name":"wp","href":"https:\/\/api.w.org\/{rel}","templated":true}]}}