{"id":1695,"date":"2018-03-05T15:56:40","date_gmt":"2018-03-05T14:56:40","guid":{"rendered":"http:\/\/localhost:8888\/projekt4\/produkt\/import-placeholder-for-3886\/"},"modified":"2018-12-04T11:43:57","modified_gmt":"2018-12-04T10:43:57","slug":"kobudo-2-bojutsu-2","status":"publish","type":"product","link":"https:\/\/www.abanico.de\/abanico\/shop\/dvd-pal-de\/kubudo-dvd-pal-de-de\/kobudo-2-bojutsu-2\/","title":{"rendered":"Kobudo 2 &#8211; Bojutsu 2 &#8211; DVD &#8211; PAL &#8211; DE"},"content":{"rendered":"<p>Auf diesem Video erweitern wir das Bojutsu des Budo Studien Kreises (BSK) um die im BSK ge\u00fcbten Bo-Kata. Nach der Einf\u00fchrungs-Serie \u00fcber<\/p>\n<p>&#8211; Renshuho-Bo (Renshuho shodan, Renshuho nidan und Renshuho sandan) werden die Kata<\/p>\n<p>&#8211; Shoun no kon<\/p>\n<p>&#8211; Shuji no kon und die fortgeschrittene Kata<\/p>\n<p>&#8211; Kaiten bo<\/p>\n<p>gezeigt. Jede Kata wird geschichtlich dokumentiert und in verschiedene Bunkai-Methoden aufgeschl\u00fcsselt.<\/p>\n<p>Weiterf\u00fchrend zeigen wir die<\/p>\n<p>&#8211; fortgeschrittene Bunkai-Methode der Kata Shoun no kon und vieles mehr&#8230;<\/p>\n<p><strong>Werner Lind<\/strong><br \/>\nist einer der f\u00fchrenden Karate-Meister f\u00fcr klassisches Karate in Deutschland. Er demonstriert hier mit seinem Team der BSK Lehrer die wahre Bedeutung der Katas: Bunkai in Perfektion. Diese Videos repr\u00e4sentieren das komplette Bunkai-System von einfachem \u00fcber fortgeschrittenes bis zu komplexem Bunkai der bezeichneten klassischen Kata. Neben klaren Erkl\u00e4rungen zu Kihon- und Jiyu- \u00dcbungsformen werden jeweils s\u00e4mtliche Anwendungsmethoden der Atemi waza (Schlagtechniken), Tuite waza (Greiftechniken), Kansetsu waza (Hebeltechniken), Renzoku waza (Routinetechniken), Kakie waza (Klebende H\u00e4nde) und Kyushojutsu (Vitalpunkttechniken) des klassischen Karate in diesen Videos demonstriert.<\/p>\n<div class=\"avia_textblock avia_textblock_style\" data-update_with=\"content\">\n<p>&nbsp;<\/p>\n<hr \/>\n<\/div>\n<div class=\"avia_textblock avia_textblock_style\" data-update_with=\"content\">\n<h3>Trailer<\/h3>\n<div style=\"width: 640px;\" class=\"wp-video\"><video class=\"wp-video-shortcode\" id=\"video-1695-1\" width=\"640\" height=\"360\" preload=\"metadata\" controls=\"controls\"><source type=\"video\/mp4\" src=\"https:\/\/www.abanico.de\/abanico\/wp-content\/files\/trailer\/D-Kob2-SD-Vorspann.mp4?_=1\" \/><a href=\"https:\/\/www.abanico.de\/abanico\/wp-content\/files\/trailer\/D-Kob2-SD-Vorspann.mp4\">https:\/\/www.abanico.de\/abanico\/wp-content\/files\/trailer\/D-Kob2-SD-Vorspann.mp4<\/a><\/video><\/div>\n<\/div>\n","protected":false},"excerpt":{"rendered":"<h2>Kobudo 2 &#8211; Bojutsu 2 &#8211; DVD &#8211; PAL &#8211; DE<\/h2>\n<p><strong>Bojutsu 2<\/strong><br \/>\n<strong>Sprache: Deutsch &#8211; TV-System: PAL<\/strong><br \/>\nLaufzeit (Min.): 56<br \/>\n<strong>Produzent: ABANICO<\/strong><br \/>\nISBN: 3-89540-449-7<\/p>\n","protected":false},"featured_media":6326,"comment_status":"open","ping_status":"closed","template":"","meta":[],"product_brand":[],"product_cat":[54,519],"product_tag":[1488,1364,1321,1480,1311,1486],"class_list":{"0":"post-1695","1":"product","2":"type-product","3":"status-publish","4":"has-post-thumbnail","6":"product_cat-dvd-pal-de","7":"product_cat-kubudo-dvd-pal-de-de","8":"product_tag-bojutsu-de","9":"product_tag-deutsch-de","10":"product_tag-karate-de","11":"product_tag-kobudo-und-asiatische-waffen-de","12":"product_tag-pal-de","13":"product_tag-werner-lind-de","14":"product_shipping_class-4689","16":"first","17":"instock","18":"taxable","19":"shipping-taxable","20":"purchasable","21":"product-type-simple"},"_links":{"self":[{"href":"https:\/\/www.abanico.de\/abanico\/wp-json\/wp\/v2\/product\/1695","targetHints":{"allow":["GET"]}}],"collection":[{"href":"https:\/\/www.abanico.de\/abanico\/wp-json\/wp\/v2\/product"}],"about":[{"href":"https:\/\/www.abanico.de\/abanico\/wp-json\/wp\/v2\/types\/product"}],"replies":[{"embeddable":true,"href":"https:\/\/www.abanico.de\/abanico\/wp-json\/wp\/v2\/comments?post=1695"}],"wp:featuredmedia":[{"embeddable":true,"href":"https:\/\/www.abanico.de\/abanico\/wp-json\/wp\/v2\/media\/6326"}],"wp:attachment":[{"href":"https:\/\/www.abanico.de\/abanico\/wp-json\/wp\/v2\/media?parent=1695"}],"wp:term":[{"taxonomy":"product_brand","embeddable":true,"href":"https:\/\/www.abanico.de\/abanico\/wp-json\/wp\/v2\/product_brand?post=1695"},{"taxonomy":"product_cat","embeddable":true,"href":"https:\/\/www.abanico.de\/abanico\/wp-json\/wp\/v2\/product_cat?post=1695"},{"taxonomy":"product_tag","embeddable":true,"href":"https:\/\/www.abanico.de\/abanico\/wp-json\/wp\/v2\/product_tag?post=1695"}],"curies":[{"name":"wp","href":"https:\/\/api.w.org\/{rel}","templated":true}]}}