{"id":1694,"date":"2018-03-05T15:56:40","date_gmt":"2018-03-05T14:56:40","guid":{"rendered":"http:\/\/localhost:8888\/projekt4\/produkt\/import-placeholder-for-3885\/"},"modified":"2020-01-05T21:58:41","modified_gmt":"2020-01-05T20:58:41","slug":"kobudo-1-deutsch-download","status":"publish","type":"product","link":"https:\/\/www.abanico.de\/abanico\/shop\/download-de\/kobudo-download-de\/kobudo-1-deutsch-download\/","title":{"rendered":"Kobudo 1 &#8211; Bo-1 &#8211; Download &#8211; DE"},"content":{"rendered":"<p>Auf diesem Video werden die Gundlagen des Budo Studien Kreises (BSK) trainierten Bojutsu pr\u00e4sentiert.<\/p>\n<p>&#8211; Aufw\u00e4rm\u00fcbungen mit dem Bo<\/p>\n<p>&#8211; die gesamte Grundschule mit dem Bo in Ausf\u00fchrung und Anwendung<\/p>\n<p>sowie verschiedene Partner\u00fcbungen<\/p>\n<p>&#8211; Sanbon kumite<\/p>\n<p>&#8211; Kihon kumite<\/p>\n<p>&#8211; Jiyu ippon kumite<\/p>\n<p>komplettieren die Grundtechniken.<\/p>\n<p>Weiterf\u00fchrend werden Methoden der Renzoku waza (Routine-\u00dcbungen) vorgestellt.<\/p>\n<p><strong>Werner Lind<\/strong><br \/>\nist einer der f\u00fchrenden Karate-Meister f\u00fcr klassisches Karate in Deutschland. Er demonstriert hier mit seinem Team der BSK Lehrer die wahre Bedeutung der Katas: Bunkai in Perfektion. Diese DVDs repr\u00e4sentieren das komplette Bunkai-System von einfachem \u00fcber fortgeschrittenes bis zu komplexem Bunkai der bezeichneten klassischen Kata. Neben klaren Erkl\u00e4rungen zu Kihon- und Jiyu- \u00dcbungsformen werden jeweils s\u00e4mtliche Anwendungsmethoden der Atemi waza (Schlagtechniken), Tuite waza (Greiftechniken), Kansetsu waza (Hebeltechniken), Renzoku waza (Routinetechniken), Kakie waza (Klebende H\u00e4nde) und Kyushojutsu (Vitalpunkttechniken) des klassischen Karate in diesen Videos demonstriert.<\/p>\n<div class=\"avia_textblock avia_textblock_style\" data-update_with=\"content\">\n<p>&nbsp;<\/p>\n<hr \/>\n<\/div>\n<div class=\"avia_textblock avia_textblock_style\" data-update_with=\"content\">\n<h3>Trailer<\/h3>\n<div style=\"width: 640px;\" class=\"wp-video\"><video class=\"wp-video-shortcode\" id=\"video-1694-1\" width=\"640\" height=\"360\" preload=\"metadata\" controls=\"controls\"><source type=\"video\/mp4\" src=\"https:\/\/www.abanico.de\/abanico\/wp-content\/files\/trailer\/D-Kob1-SD-Vorspann.mp4?_=1\" \/><a href=\"https:\/\/www.abanico.de\/abanico\/wp-content\/files\/trailer\/D-Kob1-SD-Vorspann.mp4\">https:\/\/www.abanico.de\/abanico\/wp-content\/files\/trailer\/D-Kob1-SD-Vorspann.mp4<\/a><\/video><\/div>\n<\/div>\n","protected":false},"excerpt":{"rendered":"<h2>Kobudo 1 &#8211; Bo-1 &#8211; Download &#8211; DE<\/h2>\n<p><strong>Bojutsu 1<\/strong><br \/>\n<strong>Sprache: Deutsch &#8211; <\/strong>download<br \/>\nLaufzeit (Min.): 65<br \/>\n<strong>Produzent: ABANICO<\/strong><br \/>\nISBN: 3-89540-448-9<\/p>\n","protected":false},"featured_media":5034,"comment_status":"closed","ping_status":"closed","template":"","meta":[],"product_brand":[],"product_cat":[39,526],"product_tag":[527,41,43,499,523,77,501],"class_list":{"0":"post-1694","1":"product","2":"type-product","3":"status-publish","4":"has-post-thumbnail","6":"product_cat-download-de","7":"product_cat-kobudo-download-de","8":"product_tag-bojutsu","9":"product_tag-deutsch","10":"product_tag-download","11":"product_tag-karate","12":"product_tag-kobudo-und-asiatische-waffen","13":"product_tag-video","14":"product_tag-werner-lind","15":"product_shipping_class-45","17":"first","18":"instock","19":"downloadable","20":"virtual","21":"sold-individually","22":"taxable","23":"purchasable","24":"product-type-simple"},"_links":{"self":[{"href":"https:\/\/www.abanico.de\/abanico\/wp-json\/wp\/v2\/product\/1694","targetHints":{"allow":["GET"]}}],"collection":[{"href":"https:\/\/www.abanico.de\/abanico\/wp-json\/wp\/v2\/product"}],"about":[{"href":"https:\/\/www.abanico.de\/abanico\/wp-json\/wp\/v2\/types\/product"}],"replies":[{"embeddable":true,"href":"https:\/\/www.abanico.de\/abanico\/wp-json\/wp\/v2\/comments?post=1694"}],"wp:featuredmedia":[{"embeddable":true,"href":"https:\/\/www.abanico.de\/abanico\/wp-json\/wp\/v2\/media\/5034"}],"wp:attachment":[{"href":"https:\/\/www.abanico.de\/abanico\/wp-json\/wp\/v2\/media?parent=1694"}],"wp:term":[{"taxonomy":"product_brand","embeddable":true,"href":"https:\/\/www.abanico.de\/abanico\/wp-json\/wp\/v2\/product_brand?post=1694"},{"taxonomy":"product_cat","embeddable":true,"href":"https:\/\/www.abanico.de\/abanico\/wp-json\/wp\/v2\/product_cat?post=1694"},{"taxonomy":"product_tag","embeddable":true,"href":"https:\/\/www.abanico.de\/abanico\/wp-json\/wp\/v2\/product_tag?post=1694"}],"curies":[{"name":"wp","href":"https:\/\/api.w.org\/{rel}","templated":true}]}}