{"id":1692,"date":"2018-03-05T15:56:38","date_gmt":"2018-03-05T14:56:38","guid":{"rendered":"http:\/\/localhost:8888\/projekt4\/produkt\/import-placeholder-for-3883\/"},"modified":"2022-11-28T00:05:02","modified_gmt":"2022-11-27T23:05:02","slug":"kobudo-angebot-deutsch-download","status":"publish","type":"product","link":"https:\/\/www.abanico.de\/abanico\/shop\/download-de\/kobudo-download-de\/kobudo-angebot-deutsch-download\/","title":{"rendered":"Kobudo Angebot &#8211; Download &#8211; DE"},"content":{"rendered":"<p>Mit diesem Angebot erhalten Sie die 4 Videos des Budos Studien Kreises \u00fcber folgenden Kobudo Waffen: Bojutsu 1, Bojutsu 2, Hanbojutsu, Sai und Tonfa. Auf den DVDs werden jeweils die Grundlagen, Kata und Anwendungen demonstriert.<\/p>\n<h3><strong>Kobudo 1: Bo-Jutsu 1<\/strong>:<\/h3>\n<p>Auf diesem Video werden die Gundlagen des Budo Studien Kreises (BSK) trainierten Bojutsu pr\u00e4sentiert.<\/p>\n<p>&#8211; Aufw\u00e4rm\u00fcbungen mit dem Bo<\/p>\n<p>&#8211; die gesamte Grundschule mit dem Bo in Ausf\u00fchrung und Anwendung<\/p>\n<p>sowie verschiedene Partner\u00fcbungen<\/p>\n<p>&#8211; Sanbon kumite<\/p>\n<p>&#8211; Kihon kumite<\/p>\n<p>&#8211; Jiyu ippon kumite<\/p>\n<p>komplettieren die Grundtechniken.<\/p>\n<p>Weiterf\u00fchrend werden Methoden der Renzoku waza (Routine-\u00dcbungen) vorgestellt.<\/p>\n<h3>Trailer Kobudo 1<\/h3>\n<div style=\"width: 640px;\" class=\"wp-video\"><video class=\"wp-video-shortcode\" id=\"video-1692-1\" width=\"640\" height=\"360\" preload=\"metadata\" controls=\"controls\"><source type=\"video\/mp4\" src=\"https:\/\/www.abanico.de\/abanico\/wp-content\/files\/trailer\/D-Kob1-SD-Vorspann.mp4?_=1\" \/><a href=\"https:\/\/www.abanico.de\/abanico\/wp-content\/files\/trailer\/D-Kob1-SD-Vorspann.mp4\">https:\/\/www.abanico.de\/abanico\/wp-content\/files\/trailer\/D-Kob1-SD-Vorspann.mp4<\/a><\/video><\/div>\n<hr \/>\n<h3><strong>Kobudo 2: Bo-Jutsu 2: <\/strong><\/h3>\n<p>Auf diesem Video erweitern wir das Bojutsu des Budo Studien Kreises (BSK) um die im BSK ge\u00fcbten Bo-Kata. Nach der Einf\u00fchrungs-Serie \u00fcber<\/p>\n<p>&#8211; Renshuho-Bo (Renshuho shodan, Renshuho nidan und Renshuho sandan) werden die Kata<\/p>\n<p>&#8211; Shoun no kon<\/p>\n<p>&#8211; Shuji no kon und die fortgeschrittene Kata<\/p>\n<p>&#8211; Kaiten bo<\/p>\n<p>gezeigt. Jede Kata wird geschichtlich dokumentiert und in verschiedene Bunkai-Methoden aufgeschl\u00fcsselt.<\/p>\n<p>Weiterf\u00fchrend zeigen wir die<\/p>\n<p>&#8211; fortgeschrittene Bunkai-Methode der Kata Shoun no kon und vieles mehr&#8230;<\/p>\n<h3>Trailer Kobudo 2<\/h3>\n<div style=\"width: 640px;\" class=\"wp-video\"><video class=\"wp-video-shortcode\" id=\"video-1692-2\" width=\"640\" height=\"360\" preload=\"metadata\" controls=\"controls\"><source type=\"video\/mp4\" src=\"https:\/\/www.abanico.de\/abanico\/wp-content\/files\/trailer\/D-Kob2-SD-Vorspann.mp4?_=2\" \/><a href=\"https:\/\/www.abanico.de\/abanico\/wp-content\/files\/trailer\/D-Kob2-SD-Vorspann.mp4\">https:\/\/www.abanico.de\/abanico\/wp-content\/files\/trailer\/D-Kob2-SD-Vorspann.mp4<\/a><\/video><\/div>\n<hr \/>\n<h3><strong>Kobudo 3: Hanbojutsu: <\/strong><\/h3>\n<p>Auf diesem Video sehen Sie die Basis-Grundschule mit dem Hanbo und ihrer entsprechenden Anwendung<br \/>\nAu\u00dferdem werden die drei ersten Kata mit ihren jeweiligen Bunkai vorgestellt. Es werden auch weiterf\u00fchrende \u00dcbungen sowie SV mit dem Regenschirm demonstriert.<\/p>\n<h3>Trailer Kobudo 3<\/h3>\n<div style=\"width: 640px;\" class=\"wp-video\"><video class=\"wp-video-shortcode\" id=\"video-1692-3\" width=\"640\" height=\"360\" preload=\"metadata\" controls=\"controls\"><source type=\"video\/mp4\" src=\"https:\/\/www.abanico.de\/abanico\/wp-content\/files\/trailer\/D-Kob3-SD-Vorspann.mp4?_=3\" \/><a href=\"https:\/\/www.abanico.de\/abanico\/wp-content\/files\/trailer\/D-Kob3-SD-Vorspann.mp4\">https:\/\/www.abanico.de\/abanico\/wp-content\/files\/trailer\/D-Kob3-SD-Vorspann.mp4<\/a><\/video><\/div>\n<hr \/>\n<h3><strong>Kobudo 4: Sai- und Tonfajutsu: <\/strong><\/h3>\n<p>Auf diesem Video sehen Sie die Saijutsu und Tonfajutsu Systeme des BSK.<br \/>\nEs werden ausf\u00fchrlich die Grundtechniken und Formen der Systeme erl\u00e4utert und demonstriert, so dass man einen sehr guten Einblick in diese traditionellen Kobudo-Waffen erh\u00e4lt.<\/p>\n<h3>Trailer Kobudo 4<\/h3>\n<div style=\"width: 640px;\" class=\"wp-video\"><video class=\"wp-video-shortcode\" id=\"video-1692-4\" width=\"640\" height=\"360\" preload=\"metadata\" controls=\"controls\"><source type=\"video\/mp4\" src=\"https:\/\/www.abanico.de\/abanico\/wp-content\/files\/trailer\/D-Kob4-SD-Vorspann.mp4?_=4\" \/><a href=\"https:\/\/www.abanico.de\/abanico\/wp-content\/files\/trailer\/D-Kob4-SD-Vorspann.mp4\">https:\/\/www.abanico.de\/abanico\/wp-content\/files\/trailer\/D-Kob4-SD-Vorspann.mp4<\/a><\/video><\/div>\n<hr \/>\n<p>&nbsp;<\/p>\n<p><strong>Werner Lind<\/strong><br \/>\nist einer der f\u00fchrenden Karate-Meister f\u00fcr klassisches Karate in Deutschland. Er demonstriert hier mit seinem Team der BSK Lehrer die wahre Bedeutung der Katas: Bunkai in Perfektion. Diese DVDs repr\u00e4sentieren das komplette Bunkai-System von einfachem \u00fcber fortgeschrittenes bis zu komplexem Bunkai der bezeichneten klassischen Kata. Neben klaren Erkl\u00e4rungen zu Kihon- und Jiyu- \u00dcbungsformen werden jeweils s\u00e4mtliche Anwendungsmethoden der Atemi waza (Schlagtechniken), Tuite waza (Greiftechniken), Kansetsu waza (Hebeltechniken), Renzoku waza (Routinetechniken), Kakie waza (Klebende H\u00e4nde) und Kyushojutsu (Vitalpunkttechniken) des klassischen Karate in diesen Videos demonstriert.<\/p>\n","protected":false},"excerpt":{"rendered":"<h2>Kobudo Angebot &#8211; Download &#8211; DE<\/h2>\n<p><strong>4 Videos \u00fcber die folgenden Kobudo-Waffen: Bojutsu 1, Bojutsu 2, Hanbojutsu, Sai- und Tonfajutsu<\/strong><br \/>\n<strong>Sprache: deutsch &#8211; download<\/strong><br \/>\nLaufzeit (Min.): 248<\/p>\n","protected":false},"featured_media":13117,"comment_status":"closed","ping_status":"closed","template":"","meta":[],"product_brand":[],"product_cat":[39,526],"product_tag":[520,521,43,522,499,523,524,77,501],"class_list":{"0":"post-1692","1":"product","2":"type-product","3":"status-publish","4":"has-post-thumbnail","6":"product_cat-download-de","7":"product_cat-kobudo-download-de","8":"product_tag-bojutsu-1","9":"product_tag-bojutsu-2","10":"product_tag-download","11":"product_tag-hanbojutsu","12":"product_tag-karate","13":"product_tag-kobudo-und-asiatische-waffen","14":"product_tag-sai-und-tonfajutsu","15":"product_tag-video","16":"product_tag-werner-lind","17":"product_shipping_class-45","19":"first","20":"instock","21":"downloadable","22":"virtual","23":"sold-individually","24":"taxable","25":"purchasable","26":"product-type-simple"},"_links":{"self":[{"href":"https:\/\/www.abanico.de\/abanico\/wp-json\/wp\/v2\/product\/1692","targetHints":{"allow":["GET"]}}],"collection":[{"href":"https:\/\/www.abanico.de\/abanico\/wp-json\/wp\/v2\/product"}],"about":[{"href":"https:\/\/www.abanico.de\/abanico\/wp-json\/wp\/v2\/types\/product"}],"replies":[{"embeddable":true,"href":"https:\/\/www.abanico.de\/abanico\/wp-json\/wp\/v2\/comments?post=1692"}],"wp:featuredmedia":[{"embeddable":true,"href":"https:\/\/www.abanico.de\/abanico\/wp-json\/wp\/v2\/media\/13117"}],"wp:attachment":[{"href":"https:\/\/www.abanico.de\/abanico\/wp-json\/wp\/v2\/media?parent=1692"}],"wp:term":[{"taxonomy":"product_brand","embeddable":true,"href":"https:\/\/www.abanico.de\/abanico\/wp-json\/wp\/v2\/product_brand?post=1692"},{"taxonomy":"product_cat","embeddable":true,"href":"https:\/\/www.abanico.de\/abanico\/wp-json\/wp\/v2\/product_cat?post=1692"},{"taxonomy":"product_tag","embeddable":true,"href":"https:\/\/www.abanico.de\/abanico\/wp-json\/wp\/v2\/product_tag?post=1692"}],"curies":[{"name":"wp","href":"https:\/\/api.w.org\/{rel}","templated":true}]}}