{"id":1686,"date":"2018-03-05T15:56:33","date_gmt":"2018-03-05T14:56:33","guid":{"rendered":"http:\/\/localhost:8888\/projekt4\/produkt\/import-placeholder-for-3877\/"},"modified":"2018-12-04T11:45:10","modified_gmt":"2018-12-04T10:45:10","slug":"kata-bunkai-8","status":"publish","type":"product","link":"https:\/\/www.abanico.de\/abanico\/shop\/dvd-pal-de\/karate-dvd-pal-de-de\/kata-bunkai-8\/","title":{"rendered":"Kata Bunkai 8 &#8211; DVD &#8211; PAL &#8211; DE"},"content":{"rendered":"<p>Die Hangetsu\/Seisan ist eine jener Kata, die im modernen Karate am meisten missverstanden werden. Dabei spielt sie eine Schl\u00fcsselrolle in der Entwicklung des okinawanischen Karate &#8211; sie bildet die Standards zu bestimmten Kampfstilen und hat fast alle okinawanischen Karate-Methoden durch ihren starken Kampfgeist beeinflusst. Auf Okinawa wird sie immer noch Seisan genannt.<\/p>\n<p>Wegen ihrer fortgeschrittenen Methoden des K\u00e4mpfens im Bereich der Vitalpunktstimulationen und vor allem auch wegen ihrer exzellenten, aber schwierigen Regulierung der Vitalpunkt-Energie in ihren Abl\u00e4ufen wird sie in den modernen Stilen als Kata zur Ausbildung des K\u00f6rpers betrachtet, was ihrem eigentlichen Sinn nicht gerecht wird.<\/p>\n<p>BSK-Sensei Peter Sch\u00f6mbs studiert seit vielen Jahren die Geschichte, die Herkunft, den Inhalt und das Bunkai dieser ausgezeichneten Kata und wird auf diesem Videos die tieferen Sinngehalte dieser alten chinesischen Form pr\u00e4sentieren.<\/p>\n<p>Die Kata wird von der Aragaki no Seisan und Miyagi no Seisan in verschiedenen Konzepten hin zur japanischen Hangetsu entwickelt. Verschiedene Methoden der Atmung, der Vitalkraft-Regeneration und der gegnerischen Stimulierung der Punkte werden ausf\u00fchrlich erl\u00e4utert.<\/p>\n<p>Die Bunkai-Versionen dieser Kata erlauben einen tiefen Einblick in die Omote- und Okuden-Struktur dieser Form. Seisan Formen auf diesem Video: Hangetsu (japanische Seisan) Shorin Seisan Miyagi no Seisan Kisaki no Seisan Uechi no Seisan Aragaki no Seisan<\/p>\n<p><strong>Werner Lind<\/strong><\/p>\n<p>ist einer der f\u00fchrenden Karate-Meister f\u00fcr klassisches Karate in Deutschland. Er demonstriert hier mit seinem Team der BSK Lehrer die wahre Bedeutung der Katas: Bunkai in Perfektion. Diese Videos repr\u00e4sentieren das komplette Bunkai-System von einfachem \u00fcber fortgeschrittenes bis zu komplexem Bunkai der bezeichneten klassischen Kata. Neben klaren Erkl\u00e4rungen zu Kihon- und Jiyu- \u00dcbungsformen werden jeweils s\u00e4mtliche Anwendungsmethoden der Atemi waza (Schlagtechniken), Tuite waza (Greiftechniken), Kansetsu waza (Hebeltechniken), Renzoku waza (Routinetechniken), Kakie waza (Klebende H\u00e4nde) und Kyushojutsu (Vitalpunkttechniken) des klassischen Karate in diesen Videos demonstriert.<\/p>\n<div class=\"avia_textblock avia_textblock_style\" data-update_with=\"content\">\n<p>&nbsp;<\/p>\n<\/div>\n<p>&nbsp;<\/p>\n<div class=\"avia_textblock avia_textblock_style\" data-update_with=\"content\">\n<p>&nbsp;<\/p>\n<hr \/>\n<\/div>\n<div class=\"avia_textblock avia_textblock_style\" data-update_with=\"content\">\n<h3>Trailer<\/h3>\n<div style=\"width: 640px;\" class=\"wp-video\"><video class=\"wp-video-shortcode\" id=\"video-1686-1\" width=\"640\" height=\"360\" preload=\"metadata\" controls=\"controls\"><source type=\"video\/mp4\" src=\"https:\/\/www.abanico.de\/abanico\/wp-content\/files\/trailer\/D-KKB8+-SD-Vorspann.mp4?_=1\" \/><a href=\"https:\/\/www.abanico.de\/abanico\/wp-content\/files\/trailer\/D-KKB8+-SD-Vorspann.mp4\">https:\/\/www.abanico.de\/abanico\/wp-content\/files\/trailer\/D-KKB8+-SD-Vorspann.mp4<\/a><\/video><\/div>\n<\/div>\n","protected":false},"excerpt":{"rendered":"<h2>Kata Bunkai 8<\/h2>\n<p><strong>Hangetsu und Seisan<\/strong><br \/>\n<strong>Sprache: Deutsch &#8211; TV-System: PAL<\/strong><br \/>\nLaufzeit (Min.): 68<br \/>\n<strong>Produzent: ABANICO<\/strong><\/p>\n","protected":false},"featured_media":5030,"comment_status":"open","ping_status":"closed","template":"","meta":[],"product_brand":[],"product_cat":[54,498],"product_tag":[1364,1321,1518,1522,1311,1486],"class_list":{"0":"post-1686","1":"product","2":"type-product","3":"status-publish","4":"has-post-thumbnail","6":"product_cat-dvd-pal-de","7":"product_cat-karate-dvd-pal-de-de","8":"product_tag-deutsch-de","9":"product_tag-karate-de","10":"product_tag-kata-de","11":"product_tag-kata-bunkai-8-de","12":"product_tag-pal-de","13":"product_tag-werner-lind-de","14":"product_shipping_class-4689","16":"first","17":"instock","18":"taxable","19":"shipping-taxable","20":"purchasable","21":"product-type-simple"},"_links":{"self":[{"href":"https:\/\/www.abanico.de\/abanico\/wp-json\/wp\/v2\/product\/1686","targetHints":{"allow":["GET"]}}],"collection":[{"href":"https:\/\/www.abanico.de\/abanico\/wp-json\/wp\/v2\/product"}],"about":[{"href":"https:\/\/www.abanico.de\/abanico\/wp-json\/wp\/v2\/types\/product"}],"replies":[{"embeddable":true,"href":"https:\/\/www.abanico.de\/abanico\/wp-json\/wp\/v2\/comments?post=1686"}],"wp:featuredmedia":[{"embeddable":true,"href":"https:\/\/www.abanico.de\/abanico\/wp-json\/wp\/v2\/media\/5030"}],"wp:attachment":[{"href":"https:\/\/www.abanico.de\/abanico\/wp-json\/wp\/v2\/media?parent=1686"}],"wp:term":[{"taxonomy":"product_brand","embeddable":true,"href":"https:\/\/www.abanico.de\/abanico\/wp-json\/wp\/v2\/product_brand?post=1686"},{"taxonomy":"product_cat","embeddable":true,"href":"https:\/\/www.abanico.de\/abanico\/wp-json\/wp\/v2\/product_cat?post=1686"},{"taxonomy":"product_tag","embeddable":true,"href":"https:\/\/www.abanico.de\/abanico\/wp-json\/wp\/v2\/product_tag?post=1686"}],"curies":[{"name":"wp","href":"https:\/\/api.w.org\/{rel}","templated":true}]}}