{"id":1682,"date":"2018-03-05T15:56:31","date_gmt":"2018-03-05T14:56:31","guid":{"rendered":"http:\/\/localhost:8888\/projekt4\/produkt\/import-placeholder-for-3873\/"},"modified":"2018-12-04T11:45:14","modified_gmt":"2018-12-04T10:45:14","slug":"kata-bunkai-4","status":"publish","type":"product","link":"https:\/\/www.abanico.de\/abanico\/shop\/dvd-pal-de\/karate-dvd-pal-de-de\/kata-bunkai-4\/","title":{"rendered":"Kata Bunkai 4 &#8211; DVD &#8211; PAL &#8211; DE"},"content":{"rendered":"<p>Auf diesem Video demonstrieren Werner Lind und die Lehrer des BSK das klassische Bunkai der Kata Heian yondan und Pinan yondan.<\/p>\n<p>Die Yondan ist eine fortgeschrittenere Kata der Heian-Serie und beinhaltet die Summe der vorausgegangenen Prinzipen der langen, mittleren und kurzen Distanz. Sie erm\u00f6glicht zum ersten Mal ein umfangreiches Bunkai in allen Distanzen. Daher wird hier besonders der Wechsel aus den verschiedenen Kampfdistanzen hervorgehoben und es werden Methoden gezeigt, wie diese Wechsel in einem echten Kampf vollzogen werden k\u00f6nnen.<\/p>\n<p>Besonders die Renzoku-Systeme (Wiederholungstechniken) dieser Kata variieren st\u00e4ndig von einer Distanz zur anderen. Zum Erlernen des klassischen Bunkai ist dieses Video unabdingbar.<\/p>\n<p><strong>Werner Lind<\/strong><br \/>\nist einer der f\u00fchrenden Karate-Meister f\u00fcr klassisches Karate in Deutschland. Er demonstriert hier mit seinem Team der BSK Lehrer die wahre Bedeutung der Katas: Bunkai in Perfektion. Diese Videos repr\u00e4sentieren das komplette Bunkai-System von einfachem \u00fcber fortgeschrittenes bis zu komplexem Bunkai der bezeichneten klassischen Kata. Neben klaren Erkl\u00e4rungen zu Kihon- und Jiyu- \u00dcbungsformen werden jeweils s\u00e4mtliche Anwendungsmethoden der Atemi waza (Schlagtechniken), Tuite waza (Greiftechniken), Kansetsu waza (Hebeltechniken), Renzoku waza (Routinetechniken), Kakie waza (Klebende H\u00e4nde) und Kyushojutsu (Vitalpunkttechniken) des klassischen Karate in diesen Videos demonstriert.<\/p>\n<div class=\"avia_textblock avia_textblock_style\" data-update_with=\"content\">\n<p>&nbsp;<\/p>\n<hr \/>\n<\/div>\n<div class=\"avia_textblock avia_textblock_style\" data-update_with=\"content\">\n<h3>Trailer<\/h3>\n<div style=\"width: 640px;\" class=\"wp-video\"><video class=\"wp-video-shortcode\" id=\"video-1682-1\" width=\"640\" height=\"360\" preload=\"metadata\" controls=\"controls\"><source type=\"video\/mp4\" src=\"https:\/\/www.abanico.de\/abanico\/wp-content\/files\/trailer\/D-KKB4-SD-Vorspann.mp4?_=1\" \/><a href=\"https:\/\/www.abanico.de\/abanico\/wp-content\/files\/trailer\/D-KKB4-SD-Vorspann.mp4\">https:\/\/www.abanico.de\/abanico\/wp-content\/files\/trailer\/D-KKB4-SD-Vorspann.mp4<\/a><\/video><\/div>\n<\/div>\n","protected":false},"excerpt":{"rendered":"<h2>Kata Bunkai 4 &#8211; DVD &#8211; PAL &#8211; DE<\/h2>\n<p><strong>Heian yondan<\/strong><br \/>\n<strong>Sprache: Deutsch &#8211; TV-System: PAL<\/strong><br \/>\nLaufzeit (Min.): 67<br \/>\n<strong>Produzent: ABANICO<\/strong><br \/>\nISBN: 3-89540-403-9<\/p>\n","protected":false},"featured_media":5026,"comment_status":"open","ping_status":"closed","template":"","meta":[],"product_brand":[],"product_cat":[54,498],"product_tag":[1364,1321,1518,1528,1311,1486],"class_list":{"0":"post-1682","1":"product","2":"type-product","3":"status-publish","4":"has-post-thumbnail","6":"product_cat-dvd-pal-de","7":"product_cat-karate-dvd-pal-de-de","8":"product_tag-deutsch-de","9":"product_tag-karate-de","10":"product_tag-kata-de","11":"product_tag-kata-bunkai-4-de","12":"product_tag-pal-de","13":"product_tag-werner-lind-de","14":"product_shipping_class-4689","16":"first","17":"instock","18":"taxable","19":"shipping-taxable","20":"purchasable","21":"product-type-simple"},"_links":{"self":[{"href":"https:\/\/www.abanico.de\/abanico\/wp-json\/wp\/v2\/product\/1682","targetHints":{"allow":["GET"]}}],"collection":[{"href":"https:\/\/www.abanico.de\/abanico\/wp-json\/wp\/v2\/product"}],"about":[{"href":"https:\/\/www.abanico.de\/abanico\/wp-json\/wp\/v2\/types\/product"}],"replies":[{"embeddable":true,"href":"https:\/\/www.abanico.de\/abanico\/wp-json\/wp\/v2\/comments?post=1682"}],"wp:featuredmedia":[{"embeddable":true,"href":"https:\/\/www.abanico.de\/abanico\/wp-json\/wp\/v2\/media\/5026"}],"wp:attachment":[{"href":"https:\/\/www.abanico.de\/abanico\/wp-json\/wp\/v2\/media?parent=1682"}],"wp:term":[{"taxonomy":"product_brand","embeddable":true,"href":"https:\/\/www.abanico.de\/abanico\/wp-json\/wp\/v2\/product_brand?post=1682"},{"taxonomy":"product_cat","embeddable":true,"href":"https:\/\/www.abanico.de\/abanico\/wp-json\/wp\/v2\/product_cat?post=1682"},{"taxonomy":"product_tag","embeddable":true,"href":"https:\/\/www.abanico.de\/abanico\/wp-json\/wp\/v2\/product_tag?post=1682"}],"curies":[{"name":"wp","href":"https:\/\/api.w.org\/{rel}","templated":true}]}}