{"id":1680,"date":"2018-03-05T15:56:29","date_gmt":"2018-03-05T14:56:29","guid":{"rendered":"http:\/\/localhost:8888\/projekt4\/produkt\/import-placeholder-for-3871\/"},"modified":"2018-12-04T11:45:14","modified_gmt":"2018-12-04T10:45:14","slug":"kata-bunkai-2","status":"publish","type":"product","link":"https:\/\/www.abanico.de\/abanico\/shop\/dvd-pal-de\/karate-dvd-pal-de-de\/kata-bunkai-2\/","title":{"rendered":"Kata Bunkai 2 &#8211; DVD &#8211; PAL &#8211; DE"},"content":{"rendered":"<p>Dieses Video befa\u00dft sich mit der zweiten Heian und Pinan Kata und analysiert beide Kata in den 3 Bunkai-Anwendungen.<\/p>\n<p>Wie wird Kihon ippon kumite oder Jiyu ippon kumite mit dem Kata Bunkai verbunden, wie werden die Kata-Techniken angewendet, wenn ein Gegner h\u00e4lt, oder aus der nahen Distanz angreift?<\/p>\n<p>Was sind die Klebenden H\u00e4nde (Kakie), was bedeutet Greifen der Vitalpunkte (Tuite), wie bringt man eine Kata-Kombination in die Routine (Renzoku)?<\/p>\n<p>Was ist Tai sabaki (K\u00f6rperbewegung), wie verbindet man Kata bunkai mit dem freien Kampf (Jiyu kumite)?<\/p>\n<p>Diese und viele weitere Fragen werden hier beantwortet.<\/p>\n<p>Die Heian nidan lehrt bevorzugt den Kampf aus der mittleren Distanz.<\/p>\n<p><strong>Werner Lind<\/strong><br \/>\nist einer der f\u00fchrenden Karate-Meister f\u00fcr klassisches Karate in Deutschland. Er demonstriert hier mit seinem Team der BSK Lehrer die wahre Bedeutung der Katas: Bunkai in Perfektion. Diese Videos repr\u00e4sentieren das komplette Bunkai-System von einfachem \u00fcber fortgeschrittenes bis zu komplexem Bunkai der bezeichneten klassischen Kata. Neben klaren Erkl\u00e4rungen zu Kihon- und Jiyu- \u00dcbungsformen werden jeweils s\u00e4mtliche Anwendungsmethoden der Atemi waza (Schlagtechniken), Tuite waza (Greiftechniken), Kansetsu waza (Hebeltechniken), Renzoku waza (Routinetechniken), Kakie waza (Klebende H\u00e4nde) und Kyushojutsu (Vitalpunkttechniken) des klassischen Karate in diesen Videos demonstriert.<\/p>\n<div class=\"avia_textblock avia_textblock_style\" data-update_with=\"content\">\n<p>&nbsp;<\/p>\n<hr \/>\n<\/div>\n<div class=\"avia_textblock avia_textblock_style\" data-update_with=\"content\">\n<h3>Trailer<\/h3>\n<div style=\"width: 640px;\" class=\"wp-video\"><video class=\"wp-video-shortcode\" id=\"video-1680-1\" width=\"640\" height=\"360\" preload=\"metadata\" controls=\"controls\"><source type=\"video\/mp4\" src=\"https:\/\/www.abanico.de\/abanico\/wp-content\/files\/trailer\/D-KKB2-SD-Vorspann.mp4?_=1\" \/><a href=\"https:\/\/www.abanico.de\/abanico\/wp-content\/files\/trailer\/D-KKB2-SD-Vorspann.mp4\">https:\/\/www.abanico.de\/abanico\/wp-content\/files\/trailer\/D-KKB2-SD-Vorspann.mp4<\/a><\/video><\/div>\n<\/div>\n","protected":false},"excerpt":{"rendered":"<h2>Kata Bunkai 2 &#8211; DVD &#8211; PAL &#8211; DE<\/h2>\n<p><strong>Heian nidan<\/strong><br \/>\n<strong>Sprache: Deutsch &#8211; TV-System: PAL<\/strong><br \/>\nLaufzeit (Min.): 59<br \/>\n<strong>Produzent: ABANICO<\/strong><br \/>\nISBN: 3-89540-401-2<\/p>\n","protected":false},"featured_media":5024,"comment_status":"open","ping_status":"closed","template":"","meta":[],"product_brand":[],"product_cat":[54,498],"product_tag":[1364,1321,1518,1534,1311,1486],"class_list":{"0":"post-1680","1":"product","2":"type-product","3":"status-publish","4":"has-post-thumbnail","6":"product_cat-dvd-pal-de","7":"product_cat-karate-dvd-pal-de-de","8":"product_tag-deutsch-de","9":"product_tag-karate-de","10":"product_tag-kata-de","11":"product_tag-kata-bunkai-2-de","12":"product_tag-pal-de","13":"product_tag-werner-lind-de","14":"product_shipping_class-4689","16":"first","17":"instock","18":"taxable","19":"shipping-taxable","20":"purchasable","21":"product-type-simple"},"_links":{"self":[{"href":"https:\/\/www.abanico.de\/abanico\/wp-json\/wp\/v2\/product\/1680","targetHints":{"allow":["GET"]}}],"collection":[{"href":"https:\/\/www.abanico.de\/abanico\/wp-json\/wp\/v2\/product"}],"about":[{"href":"https:\/\/www.abanico.de\/abanico\/wp-json\/wp\/v2\/types\/product"}],"replies":[{"embeddable":true,"href":"https:\/\/www.abanico.de\/abanico\/wp-json\/wp\/v2\/comments?post=1680"}],"wp:featuredmedia":[{"embeddable":true,"href":"https:\/\/www.abanico.de\/abanico\/wp-json\/wp\/v2\/media\/5024"}],"wp:attachment":[{"href":"https:\/\/www.abanico.de\/abanico\/wp-json\/wp\/v2\/media?parent=1680"}],"wp:term":[{"taxonomy":"product_brand","embeddable":true,"href":"https:\/\/www.abanico.de\/abanico\/wp-json\/wp\/v2\/product_brand?post=1680"},{"taxonomy":"product_cat","embeddable":true,"href":"https:\/\/www.abanico.de\/abanico\/wp-json\/wp\/v2\/product_cat?post=1680"},{"taxonomy":"product_tag","embeddable":true,"href":"https:\/\/www.abanico.de\/abanico\/wp-json\/wp\/v2\/product_tag?post=1680"}],"curies":[{"name":"wp","href":"https:\/\/api.w.org\/{rel}","templated":true}]}}