{"id":1641,"date":"2018-03-05T15:54:20","date_gmt":"2018-03-05T14:54:20","guid":{"rendered":"http:\/\/localhost:8888\/projekt4\/produkt\/import-placeholder-for-3849\/"},"modified":"2018-12-04T11:46:42","modified_gmt":"2018-12-04T10:46:42","slug":"kadena-de-mano-2","status":"publish","type":"product","link":"https:\/\/www.abanico.de\/abanico\/shop\/dvd-pal-de\/inayan-eskrima-dvd-pal-de-de\/kadena-de-mano-2\/","title":{"rendered":"Kadena de Mano 2 &#8211; DVD &#8211; PAL &#8211; DE"},"content":{"rendered":"<p>In diesem Video werden bekannte Drills weitergef\u00fchrt (Abschlusstechniken) und neue Drills aus dem Bereich Messer-Messer, waffenlos-waffenlos sowie die 4. Hebelkette des Inayan Kadena de Mano demonstriert.<\/p>\n<p><strong>Mangisursuro Mike Inay<\/strong><br \/>\ntrainierte und unterrichtete die philippinische Kampfkunst Eskrima \u00fcber 30 Jahren lang und war einer der qualifiziertesten Meister auf dem Gebiet der philippinischen Kampfk\u00fcnste weltweit. Er lernte das Eskrima von den legend\u00e4ren Gro\u00dfmeistern Max Sarmiento und Angel Cabales und war \u00fcber 15 Jahre lang Privatsch\u00fcler der beiden Gro\u00dfmeister. Er verstarb am 27.9.2000 unerwartet an Herzversagen.<\/p>\n<div class=\"avia_textblock avia_textblock_style\" data-update_with=\"content\">\n<p>&nbsp;<\/p>\n<hr \/>\n<\/div>\n<div class=\"avia_textblock avia_textblock_style\" data-update_with=\"content\">\n<h3>Trailer<\/h3>\n<div style=\"width: 640px;\" class=\"wp-video\"><video class=\"wp-video-shortcode\" id=\"video-1641-1\" width=\"640\" height=\"360\" preload=\"metadata\" controls=\"controls\"><source type=\"video\/mp4\" src=\"https:\/\/www.abanico.de\/abanico\/wp-content\/files\/trailer\/D-KdM2-SD-Vorspann.mp4?_=1\" \/><a href=\"https:\/\/www.abanico.de\/abanico\/wp-content\/files\/trailer\/D-KdM2-SD-Vorspann.mp4\">https:\/\/www.abanico.de\/abanico\/wp-content\/files\/trailer\/D-KdM2-SD-Vorspann.mp4<\/a><\/video><\/div>\n<\/div>\n","protected":false},"excerpt":{"rendered":"<h2>Kadena de Mano 2 &#8211; DVD &#8211; PAL &#8211; DE<\/h2>\n<p><strong>Sprache: Deutsch &#8211; TV-System: PAL<\/strong><br \/>\nLaufzeit (Min.): 60<br \/>\n<strong>Produzent: ABANICO<\/strong><br \/>\nISBN: 3-89540-432-2<\/p>\n","protected":false},"featured_media":6181,"comment_status":"closed","ping_status":"closed","template":"","meta":[],"product_brand":[],"product_cat":[54,107],"product_tag":[1764,1364,1368,1766,1305,1311,1768],"class_list":{"0":"post-1641","1":"product","2":"type-product","3":"status-publish","4":"has-post-thumbnail","6":"product_cat-dvd-pal-de","7":"product_cat-inayan-eskrima-dvd-pal-de-de","8":"product_tag-4-hebelkette-de","9":"product_tag-deutsch-de","10":"product_tag-inayan-eskrima-de","11":"product_tag-messer-messer-de","12":"product_tag-mike-inay-de","13":"product_tag-pal-de","14":"product_tag-waffenlos-waffenlos-de","15":"product_shipping_class-45","17":"first","18":"instock","19":"taxable","20":"shipping-taxable","21":"purchasable","22":"product-type-simple"},"_links":{"self":[{"href":"https:\/\/www.abanico.de\/abanico\/wp-json\/wp\/v2\/product\/1641","targetHints":{"allow":["GET"]}}],"collection":[{"href":"https:\/\/www.abanico.de\/abanico\/wp-json\/wp\/v2\/product"}],"about":[{"href":"https:\/\/www.abanico.de\/abanico\/wp-json\/wp\/v2\/types\/product"}],"replies":[{"embeddable":true,"href":"https:\/\/www.abanico.de\/abanico\/wp-json\/wp\/v2\/comments?post=1641"}],"wp:featuredmedia":[{"embeddable":true,"href":"https:\/\/www.abanico.de\/abanico\/wp-json\/wp\/v2\/media\/6181"}],"wp:attachment":[{"href":"https:\/\/www.abanico.de\/abanico\/wp-json\/wp\/v2\/media?parent=1641"}],"wp:term":[{"taxonomy":"product_brand","embeddable":true,"href":"https:\/\/www.abanico.de\/abanico\/wp-json\/wp\/v2\/product_brand?post=1641"},{"taxonomy":"product_cat","embeddable":true,"href":"https:\/\/www.abanico.de\/abanico\/wp-json\/wp\/v2\/product_cat?post=1641"},{"taxonomy":"product_tag","embeddable":true,"href":"https:\/\/www.abanico.de\/abanico\/wp-json\/wp\/v2\/product_tag?post=1641"}],"curies":[{"name":"wp","href":"https:\/\/api.w.org\/{rel}","templated":true}]}}