{"id":1638,"date":"2018-03-05T15:54:18","date_gmt":"2018-03-05T14:54:18","guid":{"rendered":"http:\/\/localhost:8888\/projekt4\/produkt\/import-placeholder-for-3846\/"},"modified":"2018-11-26T09:52:02","modified_gmt":"2018-11-26T08:52:02","slug":"kadena-de-mano-1-deutsch-download","status":"publish","type":"product","link":"https:\/\/www.abanico.de\/abanico\/shop\/download-de\/inayan-eskrima-download-de\/kadena-de-mano-1-deutsch-download\/","title":{"rendered":"Kadena de Mano 1 &#8211; Download &#8211; DE"},"content":{"rendered":"<p>Das Inayan Kadena-de-Mano Eskrima ist ein philippinisches System, welches sich prim\u00e4r mit den Bereichen Messer-Messer, Messer-waffenlos und waffenlos-waffenlos besch\u00e4ftigt. Es werden unter anderem Bl\u00f6cke, Checks, Parier-Techniken, Ellbogenchecks, und Schlagtechniken ebenso eingesetzt wie verschiedene Arten der Hebelketten. Alle Techniken werden in vielen interessanten Drills trainiert.<\/p>\n<p>In diesem Video werden grundlegende Techniken und F\u00e4higkeiten im Bereich der Schlagtechniken, des Blockens und Parierens demonstriert. Es werden viele Drills aus den Bereichen Messer-Messer, Messer-waffenlos und waffenlos-waffenlos ebenso wie die 1. Hebelkette des Inayan Kadena-de-Mano demonstriert<\/p>\n<p><strong>Mangisursuro Mike Inay<\/strong><br \/>\ntrainierte und unterrichtete die philippinische Kampfkunst Eskrima \u00fcber 30 Jahren lang und war einer der qualifiziertesten Meister auf dem Gebiet der philippinischen Kampfk\u00fcnste weltweit. Er lernte das Eskrima von den legend\u00e4ren Gro\u00dfmeistern Max Sarmiento und Angel Cabales und war \u00fcber 15 Jahre lang Privatsch\u00fcler der beiden Gro\u00dfmeister. Er verstarb am 27.9.2000 unerwartet an Herzversagen.<\/p>\n<div class=\"avia_textblock avia_textblock_style\" data-update_with=\"content\">\n<p>&nbsp;<\/p>\n<hr \/>\n<\/div>\n<div class=\"avia_textblock avia_textblock_style\" data-update_with=\"content\">\n<h3>Trailer<\/h3>\n<div style=\"width: 640px;\" class=\"wp-video\"><video class=\"wp-video-shortcode\" id=\"video-1638-1\" width=\"640\" height=\"360\" preload=\"metadata\" controls=\"controls\"><source type=\"video\/mp4\" src=\"https:\/\/www.abanico.de\/abanico\/wp-content\/files\/trailer\/D-KdM-1-Vorspannt.mp4?_=1\" \/><a href=\"https:\/\/www.abanico.de\/abanico\/wp-content\/files\/trailer\/D-KdM-1-Vorspannt.mp4\">https:\/\/www.abanico.de\/abanico\/wp-content\/files\/trailer\/D-KdM-1-Vorspannt.mp4<\/a><\/video><\/div>\n<\/div>\n","protected":false},"excerpt":{"rendered":"<h2>Kadena de Mano 1 &#8211; Download &#8211; DE<\/h2>\n<p><strong>Sprache: Deutsch &#8211; download<\/strong><br \/>\nLaufzeit (Min.): 65<br \/>\n<strong>Produzent: ABANICO<\/strong><br \/>\nISBN: 3-89540-431-4<\/p>\n","protected":false},"featured_media":5016,"comment_status":"closed","ping_status":"closed","template":"","meta":[],"product_brand":[],"product_cat":[39,414],"product_tag":[1782,1772,1364,1440,1784,1368,1766,1786,1305,1788,1790,1442],"class_list":{"0":"post-1638","1":"product","2":"type-product","3":"status-publish","4":"has-post-thumbnail","6":"product_cat-download-de","7":"product_cat-inayan-eskrima-download-de","8":"product_tag-bloecke-de","9":"product_tag-checks-de","10":"product_tag-deutsch-de","11":"product_tag-download-de","12":"product_tag-ellbogenchecks-de","13":"product_tag-inayan-eskrima-de","14":"product_tag-messer-messer-de","15":"product_tag-messer-waffenlos-und-waffenlos-waffenlos-de","16":"product_tag-mike-inay-de","17":"product_tag-parier-techniken-de","18":"product_tag-schlagtechniken-de","19":"product_tag-video-de","20":"product_shipping_class-45","22":"first","23":"instock","24":"downloadable","25":"virtual","26":"sold-individually","27":"taxable","28":"purchasable","29":"product-type-simple"},"_links":{"self":[{"href":"https:\/\/www.abanico.de\/abanico\/wp-json\/wp\/v2\/product\/1638","targetHints":{"allow":["GET"]}}],"collection":[{"href":"https:\/\/www.abanico.de\/abanico\/wp-json\/wp\/v2\/product"}],"about":[{"href":"https:\/\/www.abanico.de\/abanico\/wp-json\/wp\/v2\/types\/product"}],"replies":[{"embeddable":true,"href":"https:\/\/www.abanico.de\/abanico\/wp-json\/wp\/v2\/comments?post=1638"}],"wp:featuredmedia":[{"embeddable":true,"href":"https:\/\/www.abanico.de\/abanico\/wp-json\/wp\/v2\/media\/5016"}],"wp:attachment":[{"href":"https:\/\/www.abanico.de\/abanico\/wp-json\/wp\/v2\/media?parent=1638"}],"wp:term":[{"taxonomy":"product_brand","embeddable":true,"href":"https:\/\/www.abanico.de\/abanico\/wp-json\/wp\/v2\/product_brand?post=1638"},{"taxonomy":"product_cat","embeddable":true,"href":"https:\/\/www.abanico.de\/abanico\/wp-json\/wp\/v2\/product_cat?post=1638"},{"taxonomy":"product_tag","embeddable":true,"href":"https:\/\/www.abanico.de\/abanico\/wp-json\/wp\/v2\/product_tag?post=1638"}],"curies":[{"name":"wp","href":"https:\/\/api.w.org\/{rel}","templated":true}]}}