{"id":1629,"date":"2018-03-05T15:54:12","date_gmt":"2018-03-05T14:54:12","guid":{"rendered":"http:\/\/localhost:8888\/projekt4\/produkt\/import-placeholder-for-3837\/"},"modified":"2018-12-04T11:47:02","modified_gmt":"2018-12-04T10:47:02","slug":"ju-jutsu-boden-2","status":"publish","type":"product","link":"https:\/\/www.abanico.de\/abanico\/shop\/dvd-pal-de\/ju-jutsu-dvd-pal-de-de\/ju-jutsu-boden-2\/","title":{"rendered":"Ju-Jutsu Boden 2 &#8211; DVD &#8211; PAL &#8211; DE"},"content":{"rendered":"<p>Hebeltechniken (Armstreckhebel, Armbeugehebel, Handhebel) Grundtechniken, Drill, Flow und Anwendung, W\u00fcrgetechniken mit und ohne Gi, Angriffe gegen Bank- oder Bauchlage, Verteidigungen aus der eigenen R\u00fcckenlage, \u00dcbungsk\u00e4mpfe.<\/p>\n<p><strong>Achim Hanke, Joe Thumfahrt, Michael Korn<\/strong><br \/>\n<strong>Achim Hanke<\/strong>, 8. Dan JJ ist einer der herausragendsten Ju-Jutsu-Lehrer des DJJV. Es ist f\u00fcr u.A. f\u00fcr seien ausgezeichneten Bodenarbeit bekannt<br \/>\n<strong>Joachim Thumfart<\/strong>, 7. Dan JJ, Diplomtrainer des DSB, staatlich gepr\u00fcfter Trainer f\u00fcr Pr\u00e4vention, Ju-Jutsu Lehrer\/ Trainer A.<br \/>\nEr ist 9-facher Deutscher Meister in allen 3 JJ-Wettkampf-Formen. Seine weiteren Erfolge sind: Vize &#8211; Europameister 1996 Brazilian Jiu-Jitsu -80kg, 3. Platz EM 1997 Ju-Jutsu Fighting -72kg, Weltmeister 1998 Ju-Jutsu Duo, Europa Cup Sieger 1998 Brazilian Jiu-Jitsu -78kg<br \/>\n<strong>Michael Korn<\/strong>, 4. Dan JJ ist Bundesjugendwart des DJJV<\/p>\n<div class=\"avia_textblock avia_textblock_style\" data-update_with=\"content\">\n<p>&nbsp;<\/p>\n<hr \/>\n<\/div>\n<div class=\"avia_textblock avia_textblock_style\" data-update_with=\"content\">\n<h3>Trailer<\/h3>\n<div style=\"width: 640px;\" class=\"wp-video\"><video class=\"wp-video-shortcode\" id=\"video-1629-1\" width=\"640\" height=\"360\" preload=\"metadata\" controls=\"controls\"><source type=\"video\/mp4\" src=\"https:\/\/www.abanico.de\/abanico\/wp-content\/files\/trailer\/D-JuJB2-SD-Vorspann.mp4?_=1\" \/><a href=\"https:\/\/www.abanico.de\/abanico\/wp-content\/files\/trailer\/D-JuJB2-SD-Vorspann.mp4\">https:\/\/www.abanico.de\/abanico\/wp-content\/files\/trailer\/D-JuJB2-SD-Vorspann.mp4<\/a><\/video><\/div>\n<\/div>\n","protected":false},"excerpt":{"rendered":"<h2>Ju-Jutsu Boden 2 &#8211; DVD &#8211; PAL &#8211; DE<\/h2>\n<p><strong>Sprache: Deutsch &#8211; TV-System: PAL<\/strong><br \/>\nLaufzeit (Min.): 82<br \/>\n<strong>Produzent: ABANICO<\/strong><br \/>\nISBN: 3-89540-434-9<\/p>\n","protected":false},"featured_media":5010,"comment_status":"open","ping_status":"closed","template":"","meta":[],"product_brand":[],"product_cat":[54,338],"product_tag":[1380,1875,1877,1879,1881,1364,1883,1816,1885,1652,1887,1889,1382,1859,1384,1311,1891,1893,1895],"class_list":{"0":"post-1629","1":"product","2":"type-product","3":"status-publish","4":"has-post-thumbnail","6":"product_cat-dvd-pal-de","7":"product_cat-ju-jutsu-dvd-pal-de-de","8":"product_tag-achim-hanke-de","9":"product_tag-angriffe-gegen-bank-oder-bauchlage-de","10":"product_tag-anwendung-de","11":"product_tag-armbeugehebel-de","12":"product_tag-armstreckhebel-de","13":"product_tag-deutsch-de","14":"product_tag-drill-de","15":"product_tag-dvd-en-de","16":"product_tag-flow-de","17":"product_tag-grundtechniken-de","18":"product_tag-handhebel-de","19":"product_tag-hebeltechniken-de","20":"product_tag-joe-thumfahrt-de","21":"product_tag-ju-jutsu-de","22":"product_tag-michael-korn-de","23":"product_tag-pal-de","24":"product_tag-uebungskaempfe-de","25":"product_tag-verteidigungen-aus-der-rueckenlage-de","26":"product_tag-wuergetechniken-de","27":"product_shipping_class-4689","29":"first","30":"instock","31":"taxable","32":"shipping-taxable","33":"purchasable","34":"product-type-simple"},"_links":{"self":[{"href":"https:\/\/www.abanico.de\/abanico\/wp-json\/wp\/v2\/product\/1629","targetHints":{"allow":["GET"]}}],"collection":[{"href":"https:\/\/www.abanico.de\/abanico\/wp-json\/wp\/v2\/product"}],"about":[{"href":"https:\/\/www.abanico.de\/abanico\/wp-json\/wp\/v2\/types\/product"}],"replies":[{"embeddable":true,"href":"https:\/\/www.abanico.de\/abanico\/wp-json\/wp\/v2\/comments?post=1629"}],"wp:featuredmedia":[{"embeddable":true,"href":"https:\/\/www.abanico.de\/abanico\/wp-json\/wp\/v2\/media\/5010"}],"wp:attachment":[{"href":"https:\/\/www.abanico.de\/abanico\/wp-json\/wp\/v2\/media?parent=1629"}],"wp:term":[{"taxonomy":"product_brand","embeddable":true,"href":"https:\/\/www.abanico.de\/abanico\/wp-json\/wp\/v2\/product_brand?post=1629"},{"taxonomy":"product_cat","embeddable":true,"href":"https:\/\/www.abanico.de\/abanico\/wp-json\/wp\/v2\/product_cat?post=1629"},{"taxonomy":"product_tag","embeddable":true,"href":"https:\/\/www.abanico.de\/abanico\/wp-json\/wp\/v2\/product_tag?post=1629"}],"curies":[{"name":"wp","href":"https:\/\/api.w.org\/{rel}","templated":true}]}}