{"id":1624,"date":"2018-03-05T15:54:09","date_gmt":"2018-03-05T14:54:09","guid":{"rendered":"http:\/\/localhost:8888\/projekt4\/produkt\/import-placeholder-for-3832\/"},"modified":"2021-10-23T12:05:58","modified_gmt":"2021-10-23T10:05:58","slug":"ju-jutsu-aktiv-vol-1","status":"publish","type":"product","link":"https:\/\/www.abanico.de\/abanico\/shop\/dvd-pal-de\/ju-jutsu-dvd-pal-de-de\/ju-jutsu-aktiv-vol-1\/","title":{"rendered":"Ju-Jutsu aktiv, Vol. 1 &#8211; DVD &#8211; PAL &#8211; DE"},"content":{"rendered":"<p>Diese Ju-Jutsu Lehrvideo Reihe umfasst viele wichtige Aspekte des modernen Ju-Jutsu und wurde mit Top-Lehrern des DJJV umgesetzt.<\/p>\n<p>Ju-Jutsu aktiv enth\u00e4lt:<\/p>\n<p>&#8211; Grundlagen<br \/>\n&#8211; Distanzen<br \/>\n&#8211; \u00dcbungsformen<br \/>\n&#8211; Grundlagen und sichere Eing\u00e4nge im Stand und im Bodenkampf<br \/>\n&#8211; \u00dcbungsformen f\u00fcr alle Distanzen in der Selbstverteidigung<\/p>\n<p>&nbsp;<\/p>\n<p><strong>Bernd Hillebrand, Joachim Thumfart, Oliver Wittmann<\/strong><br \/>\nBernd Hillebrand, 7 Dan, betreibt Ju-Jutsu seit 1970, Karate seit 1980. Er besitzt die Trainer-A Lizenz des DSB und die Ju-Jutsu Lehrerlizenz. Er ist Fachhochschullehrer der Polizei f\u00fcr Sport und Selbstverteidigung. Bernd Hillebrand ist der Technische Direktor des Deutschen Ju-Jutsu Verbandes e.V.. Joachim Thumfart, 7. Dan, betreibt Ju-Jutsu seit 1980, Judo seit 1985 und Karate seit 1990. Er besitzt die Trainer-C Lizenz des DSB und die Ju-Jutsu Lehrerlizenz und ist seit 1990 Mitglied der Deutschen Ju-Jutsu Nationalmannschaft.<br \/>\nJoachim Thumfahrt, 7. Dan JJ, Diplomtrainer des DSB staatlich gepr\u00fcfter Trainer f\u00fcr Pr\u00e4vention Ju-Jutsu Lehrer\/ Trainer A.<br \/>\nEr ist 9-facher Deutscher Meister in allen 3 JJ-Wettkampf-Formen. Seine weiteren Erfolge sind: Vize &#8211; Europameister 1996 Brazilian Jiu-Jitsu -80kg, 3. Platz EM 1997 Ju-Jutsu Fighting -72kg, Weltmeister 1998 Ju-Jutsu Duo, Europa Cup Sieger 1998 Brazilian Jiu-Jitsu -78kg<br \/>\nOliver Wittmann, 5. Dan, betreibt Ju-Jutsu seit 1985, Karate seit 1982, Lameco Eskrima seit 1992. Er besitzt die Trainer-C Lizenz des DSB und ist Fachlehrer der Polizei f\u00fcr Sport und Selbstverteidigung.<\/p>\n<div class=\"avia_textblock avia_textblock_style\" data-update_with=\"content\">\n<p>&nbsp;<\/p>\n<hr \/>\n<\/div>\n<div class=\"avia_textblock avia_textblock_style\" data-update_with=\"content\">\n<h3>Trailer<\/h3>\n<div style=\"width: 640px;\" class=\"wp-video\"><video class=\"wp-video-shortcode\" id=\"video-1624-1\" width=\"640\" height=\"360\" preload=\"metadata\" controls=\"controls\"><source type=\"video\/mp4\" src=\"https:\/\/www.abanico.de\/abanico\/wp-content\/files\/trailer\/D-JuJ1-SD-Vorspann.mp4?_=1\" \/><a href=\"https:\/\/www.abanico.de\/abanico\/wp-content\/files\/trailer\/D-JuJ1-SD-Vorspann.mp4\">https:\/\/www.abanico.de\/abanico\/wp-content\/files\/trailer\/D-JuJ1-SD-Vorspann.mp4<\/a><\/video><\/div>\n<\/div>\n","protected":false},"excerpt":{"rendered":"<h2>Ju-Jutsu aktiv, Vol. 1 &#8211; DVD &#8211; PAL &#8211; DE<\/h2>\n<p><strong>Sprache: Deutsch &#8211; TV-System: PAL<\/strong><br \/>\nLaufzeit (Min.): 60<br \/>\n<strong>Produzent: ABANICO<\/strong><br \/>\nISBN: 3-89540-409-8<\/p>\n","protected":false},"featured_media":5006,"comment_status":"open","ping_status":"closed","template":"","meta":[],"product_brand":[],"product_cat":[54,338],"product_tag":[339,41,343,58,300,344,340,341,342,59,345,346],"class_list":{"0":"post-1624","1":"product","2":"type-product","3":"status-publish","4":"has-post-thumbnail","6":"product_cat-dvd-pal-de","7":"product_cat-ju-jutsu-dvd-pal-de-de","8":"product_tag-bernd-hillebrand","9":"product_tag-deutsch","10":"product_tag-distanzen","11":"product_tag-dvd","12":"product_tag-grundlagen","13":"product_tag-grundlagen-und-sichere-eingaenge-im-stand-und-im-bodenkampf","14":"product_tag-joachim-thumfart","15":"product_tag-ju-jutsu","16":"product_tag-oliver-wittmann","17":"product_tag-pal","18":"product_tag-uebungsformen","19":"product_tag-uebungsformen-fuer-alle-distanzen-in-der-selbstverteidigung","20":"product_shipping_class-4689","22":"first","23":"instock","24":"taxable","25":"shipping-taxable","26":"purchasable","27":"product-type-simple"},"_links":{"self":[{"href":"https:\/\/www.abanico.de\/abanico\/wp-json\/wp\/v2\/product\/1624","targetHints":{"allow":["GET"]}}],"collection":[{"href":"https:\/\/www.abanico.de\/abanico\/wp-json\/wp\/v2\/product"}],"about":[{"href":"https:\/\/www.abanico.de\/abanico\/wp-json\/wp\/v2\/types\/product"}],"replies":[{"embeddable":true,"href":"https:\/\/www.abanico.de\/abanico\/wp-json\/wp\/v2\/comments?post=1624"}],"wp:featuredmedia":[{"embeddable":true,"href":"https:\/\/www.abanico.de\/abanico\/wp-json\/wp\/v2\/media\/5006"}],"wp:attachment":[{"href":"https:\/\/www.abanico.de\/abanico\/wp-json\/wp\/v2\/media?parent=1624"}],"wp:term":[{"taxonomy":"product_brand","embeddable":true,"href":"https:\/\/www.abanico.de\/abanico\/wp-json\/wp\/v2\/product_brand?post=1624"},{"taxonomy":"product_cat","embeddable":true,"href":"https:\/\/www.abanico.de\/abanico\/wp-json\/wp\/v2\/product_cat?post=1624"},{"taxonomy":"product_tag","embeddable":true,"href":"https:\/\/www.abanico.de\/abanico\/wp-json\/wp\/v2\/product_tag?post=1624"}],"curies":[{"name":"wp","href":"https:\/\/api.w.org\/{rel}","templated":true}]}}