{"id":1623,"date":"2018-03-05T15:54:08","date_gmt":"2018-03-05T14:54:08","guid":{"rendered":"http:\/\/localhost:8888\/projekt4\/produkt\/import-placeholder-for-3831\/"},"modified":"2018-12-04T11:47:45","modified_gmt":"2018-12-04T10:47:45","slug":"ju-jutsu-angebot","status":"publish","type":"product","link":"https:\/\/www.abanico.de\/abanico\/shop\/dvd-pal-de\/ju-jutsu-dvd-pal-de-de\/ju-jutsu-angebot\/","title":{"rendered":"Ju Jutsu Angebot &#8211; DVD &#8211; PAL &#8211; DE"},"content":{"rendered":"<p>Mit diesem Angebot erhalten Sie die 3 Ju Jutsu DVDs von und mit Bernd Hillebrand, Joachim Thumfart, Oliver Wittmann.<\/p>\n<p>Die detaillierte Beschreibung der Inhalte:<\/p>\n<h3>D-JuJ1<\/h3>\n<p>&#8211; Grundlagen<br \/>\n&#8211; Distanzen<br \/>\n&#8211; \u00dcbungsformen<br \/>\n&#8211; Grundlagen und sichere Eing\u00e4nge im Stand und im Bodenkampf<br \/>\n&#8211; \u00dcbungsformen f\u00fcr alle Distanzen in der Selbstverteidigung<\/p>\n<div style=\"width: 640px;\" class=\"wp-video\"><video class=\"wp-video-shortcode\" id=\"video-1623-1\" width=\"640\" height=\"360\" preload=\"metadata\" controls=\"controls\"><source type=\"video\/mp4\" src=\"https:\/\/www.abanico.de\/abanico\/wp-content\/files\/trailer\/D-JuJ1-SD-Vorspann.mp4?_=1\" \/><a href=\"https:\/\/www.abanico.de\/abanico\/wp-content\/files\/trailer\/D-JuJ1-SD-Vorspann.mp4\">https:\/\/www.abanico.de\/abanico\/wp-content\/files\/trailer\/D-JuJ1-SD-Vorspann.mp4<\/a><\/video><\/div>\n<hr \/>\n<h3>D-JuJ2<\/h3>\n<p>&#8211; Entwaffnungen<br \/>\n&#8211; Festlegetechniken<br \/>\n&#8211; Bodenkampf<br \/>\n&#8211; Sicherungstechniken<br \/>\n&#8211; Abwehr von bewaffneten Angreifern (Stock, Messer und Schu\u00dfwaffe)<br \/>\n&#8211; Entwaffnungstechniken, \u00dcbungs- und Trainingsformen<\/p>\n<div style=\"width: 640px;\" class=\"wp-video\"><video class=\"wp-video-shortcode\" id=\"video-1623-2\" width=\"640\" height=\"360\" preload=\"metadata\" controls=\"controls\"><source type=\"video\/mp4\" src=\"https:\/\/www.abanico.de\/abanico\/wp-content\/files\/trailer\/D-JuJ2-SD-Vorspann.mp4?_=2\" \/><a href=\"https:\/\/www.abanico.de\/abanico\/wp-content\/files\/trailer\/D-JuJ2-SD-Vorspann.mp4\">https:\/\/www.abanico.de\/abanico\/wp-content\/files\/trailer\/D-JuJ2-SD-Vorspann.mp4<\/a><\/video><\/div>\n<hr \/>\n<h3>D-JuJ3<\/h3>\n<p>&#8211; Abwehr mehrerer Angreifer<br \/>\n&#8211; spezielle SV Techniken<br \/>\n&#8211; Techniken au\u00dferhalb des Pr\u00fcfungsprogramms<br \/>\n&#8211; spezielle Bodentechniken<br \/>\n&#8211; Training mit Vollschutzanz\u00fcgen<br \/>\n&#8211; Koordinations- und Sensitivit\u00e4tstraining f\u00fcr die Selbstverteidigung<\/p>\n<div style=\"width: 640px;\" class=\"wp-video\"><video class=\"wp-video-shortcode\" id=\"video-1623-3\" width=\"640\" height=\"360\" preload=\"metadata\" controls=\"controls\"><source type=\"video\/mp4\" src=\"https:\/\/www.abanico.de\/abanico\/wp-content\/files\/trailer\/D-JuJ3-SD-Vorspann.mp4?_=3\" \/><a href=\"https:\/\/www.abanico.de\/abanico\/wp-content\/files\/trailer\/D-JuJ3-SD-Vorspann.mp4\">https:\/\/www.abanico.de\/abanico\/wp-content\/files\/trailer\/D-JuJ3-SD-Vorspann.mp4<\/a><\/video><\/div>\n<hr \/>\n<p><strong>Bernd Hillebrand, Joachim Thumfart, Oliver Wittmann<\/strong><br \/>\nBernd Hillebrand, 7 Dan, betreibt Ju-Jutsu seit 1970, Karate seit 1980. Er besitzt die Trainer-A Lizenz des DSB und die Ju-Jutsu Lehrerlizenz. Er ist Fachhochschullehrer der Polizei f\u00fcr Sport und Selbstverteidigung. Bernd Hillebrand ist der Technische Direktor des Deutschen Ju-Jutsu Verbandes e.V.. Joachim Thumfart, 7. Dan, betreibt Ju-Jutsu seit 1980, Judo seit 1985 und Karate seit 1990. Er besitzt die Trainer-C Lizenz des DSB und die Ju-Jutsu Lehrerlizenz und ist seit 1990 Mitglied der Deutschen Ju-Jutsu Nationalmannschaft.<br \/>\nJoachim Thumfahrt, 7. Dan JJ, Diplomtrainer des DSB staatlich gepr\u00fcfter Trainer f\u00fcr Pr\u00e4vention Ju-Jutsu Lehrer\/ Trainer A.<br \/>\nEr ist 9-facher Deutscher Meister in allen 3 JJ-Wettkampf-Formen. Seine weiteren Erfolge sind: Vize &#8211; Europameister 1996 Brazilian Jiu-Jitsu -80kg, 3. Platz EM 1997 Ju-Jutsu Fighting -72kg, Weltmeister 1998 Ju-Jutsu Duo, Europa Cup Sieger 1998 Brazilian Jiu-Jitsu -78kg<br \/>\nOliver Wittmann, 5. Dan, betreibt Ju-Jutsu seit 1985, Karate seit 1982, Lameco Eskrima seit 1992. Er besitzt die Trainer-C Lizenz des DSB und ist Fachlehrer der Polizei f\u00fcr Sport und Selbstverteidigung.<\/p>\n","protected":false},"excerpt":{"rendered":"<h2>Ju Jutsu Angebot &#8211; DVD &#8211; PAL &#8211; DE<\/h2>\n<p><strong>3 DVDs \u00fcber Ju Jutsu<\/strong><br \/>\n<strong>Sprache: deutsch &#8211; TV-System: PAL<\/strong><br \/>\nLaufzeit (Min.): 180<br \/>\n<strong>Produzent: ABANICO<\/strong><\/p>\n","protected":false},"featured_media":6364,"comment_status":"open","ping_status":"closed","template":"","meta":[],"product_brand":[],"product_cat":[54,338],"product_tag":[1961,1929,1364,1816,1933,1859,1935,1311],"class_list":{"0":"post-1623","1":"product","2":"type-product","3":"status-publish","4":"has-post-thumbnail","6":"product_cat-dvd-pal-de","7":"product_cat-ju-jutsu-dvd-pal-de-de","8":"product_tag-angebot-de","9":"product_tag-bernd-hillebrand-de","10":"product_tag-deutsch-de","11":"product_tag-dvd-en-de","12":"product_tag-joachim-thumfart-de","13":"product_tag-ju-jutsu-de","14":"product_tag-oliver-wittmann-de","15":"product_tag-pal-de","16":"product_shipping_class-4689","18":"first","19":"instock","20":"taxable","21":"shipping-taxable","22":"purchasable","23":"product-type-simple"},"_links":{"self":[{"href":"https:\/\/www.abanico.de\/abanico\/wp-json\/wp\/v2\/product\/1623","targetHints":{"allow":["GET"]}}],"collection":[{"href":"https:\/\/www.abanico.de\/abanico\/wp-json\/wp\/v2\/product"}],"about":[{"href":"https:\/\/www.abanico.de\/abanico\/wp-json\/wp\/v2\/types\/product"}],"replies":[{"embeddable":true,"href":"https:\/\/www.abanico.de\/abanico\/wp-json\/wp\/v2\/comments?post=1623"}],"wp:featuredmedia":[{"embeddable":true,"href":"https:\/\/www.abanico.de\/abanico\/wp-json\/wp\/v2\/media\/6364"}],"wp:attachment":[{"href":"https:\/\/www.abanico.de\/abanico\/wp-json\/wp\/v2\/media?parent=1623"}],"wp:term":[{"taxonomy":"product_brand","embeddable":true,"href":"https:\/\/www.abanico.de\/abanico\/wp-json\/wp\/v2\/product_brand?post=1623"},{"taxonomy":"product_cat","embeddable":true,"href":"https:\/\/www.abanico.de\/abanico\/wp-json\/wp\/v2\/product_cat?post=1623"},{"taxonomy":"product_tag","embeddable":true,"href":"https:\/\/www.abanico.de\/abanico\/wp-json\/wp\/v2\/product_tag?post=1623"}],"curies":[{"name":"wp","href":"https:\/\/api.w.org\/{rel}","templated":true}]}}