{"id":16085,"date":"2025-11-12T12:55:41","date_gmt":"2025-11-12T11:55:41","guid":{"rendered":"https:\/\/www.abanico.de\/abanico\/?post_type=product&#038;p=16085"},"modified":"2025-12-22T23:07:42","modified_gmt":"2025-12-22T22:07:42","slug":"waffenlose-verteidigung-download-de","status":"publish","type":"product","link":"https:\/\/www.abanico.de\/abanico\/shop\/download-de\/modern-arnis-download-de\/grossmeister-und-meister-des-modern-arnis\/waffenlose-verteidigung-download-de\/","title":{"rendered":"Waffenlose Verteidigung &#8211; Download &#8211; DE"},"content":{"rendered":"<p>Dieses Lehrgangs-Video behandelt das Thema waffenlose Verteidigung gegen Stockangriff.<\/p>\n<p>Dabei wird die Grundlegende Verteidigung des Modern\u00a0 Prinzips sowie Gegenangriffe, Trapps und Takedowns demonstriert und erkl\u00e4rt.\u00a0 Ein besonderer Schwerpunkt des Videos ist das Thema, wie man eine Person, die man zu Boden gehebelt hat, schnell und sicher in die Bauchlage drehen kann.<\/p>\n<p>Wie immer wird auf viele Details hingewiesen, die die Techniken einfacher, besser und effektiver machen.<\/p>\n<p>Sie werden viel Spa\u00df mit diesem Video haben!<\/p>\n<p>Das Video hat Kapitelmarker.<br \/>\nErkl\u00e4rung hier: <em><strong><a href=\"https:\/\/www.abanico.de\/abanico\/kapitel-in-download-videos\/\"><span style=\"color: #ff0000;\">Kapitelmarker<\/span><\/a><\/strong><\/em><\/p>\n<p>Hier der Inhalt des Videos:<\/p>\n<p>00:00\u00a0 Vorspann<br \/>\n00:30\u00a0 Willkommen<br \/>\n00:46\u00a0 Waffenlos gegen Stockangriff Nummer 1<br \/>\n00:52\u00a0 \u00a0 \u00a0&#8211; Das Modern Prinzip<br \/>\n02:09\u00a0 \u00a0 \u00a0 \u00a0 &#8211; Kreuzen der H\u00e4nde vermeiden &#8230;<br \/>\n03:10\u00a0 \u00a0 \u00a0 \u00a0 \u00a0&#8211; &#8230; und Folgetechniken<br \/>\n04:51\u00a0 \u00a0 \u00a0 \u00a0 &#8211; Trapping mit dem Butt<br \/>\n06:16\u00a0 \u00a0 \u00a0 \u00a0 &#8211; Stock und Hand kontrollieren<br \/>\n07:18\u00a0 \u00a0 \u00a0 \u00a0 &#8211; Wenn die linke Hand zur\u00fcckgezogen wird<br \/>\n08:27\u00a0 \u00a0 \u00a0 \u00a0 &#8211; Entwaffnen bzw. mit Kipphandhebel werfen<br \/>\n10:53\u00a0 Gegner auf den Bauch drehen<br \/>\n11:13\u00a0 \u00a0 \u00a0&#8211; Zum G\u00fcrtel gehen, diagonal ziehen<br \/>\n14:10\u00a0 \u00a0 \u00a0&#8211; Ellbogenkontrolle mit Hand oder Knie<br \/>\n15:52\u00a0 \u00a0 \u00a0&#8211; Drehen mit linker Ferse auf der Schulter<br \/>\n17:10\u00a0 \u00a0 \u00a0&#8211; Drehen mit rechter Ferse auf der Schulter<br \/>\n18:10\u00a0 \u00a0 \u00a0&#8211; Drehen durch Rotation der Hand<br \/>\n21:31\u00a0 \u00a0 \u00a0&#8211; Drehen durch Rotation der Hand + Druck am Ellbogen<br \/>\n22:49\u00a0 \u00a0 \u00a0&#8211; Wurf durch Flaschenzug &#8211; &#8222;Pulley&#8220;<br \/>\n23:44\u00a0 \u00a0 \u00a0&#8211; Karussell oder Kochtopf: Drehen durch Zug an der Hand<br \/>\n25:44\u00a0 &#8222;Werkzeuge&#8220; und Verabschiedung<br \/>\n26:28\u00a0 Abspann<br \/>\n26:56\u00a0 Ende<\/p>\n<p>Dies alles wird im dem Video detailliert erkl\u00e4rt und demonstriert.<\/p>\n<h4>Das Download-Video ist Teil der Serie:\u00a0 Lehrgangs Videos von und mit GM Datu Dieter Kn\u00fcttel und andern Meistern und Gro\u00dfmeistern.<br \/>\nNicht nur schnelle Demos, von denen es so viele auf Youtube zu sehen gibt, sondern Unterricht mit Erkl\u00e4rungen des &#8222;Was, Warum und Wie&#8220; mit vielen wichtigen Details, die bei reinen Demos verloren gehen.<\/h4>\n<p><strong>Videos, von denen man wirklich lernen kann.<\/strong><\/p>\n<h3>Trailer<\/h3>\n<hr \/>\n<div style=\"width: 640px;\" class=\"wp-video\"><video class=\"wp-video-shortcode\" id=\"video-16085-1\" width=\"640\" height=\"360\" preload=\"metadata\" controls=\"controls\"><source type=\"video\/mp4\" src=\"https:\/\/www.abanico.de\/abanico\/wp-content\/files\/trailer\/2025-11-Trailer-NB-Walo.mp4?_=1\" \/><a href=\"https:\/\/www.abanico.de\/abanico\/wp-content\/files\/trailer\/2025-11-Trailer-NB-Walo.mp4\">https:\/\/www.abanico.de\/abanico\/wp-content\/files\/trailer\/2025-11-Trailer-NB-Walo.mp4<\/a><\/video><\/div>\n<p>Musik:<br \/>\n<b>Rock Intro 3<\/b> von Audionautix ist unter der Lizenz &#8222;Creative Commons Attribution&#8220; (<span lang=\"zxx\"><u><a href=\"https:\/\/creativecommons.org\/licenses\/by\/4.0\/\" target=\"_blank\" rel=\"noopener noreferrer\">https:\/\/creativecommons.org\/licenses\/by\/4.0\/<\/a><\/u><\/span>) lizenziert.<br \/>\nK\u00fcnstler: <span lang=\"zxx\"><u><a href=\"http:\/\/audionautix.com\/\" target=\"_blank\" rel=\"noopener noreferrer\">http:\/\/audionautix.com\/<\/a><\/u><\/span><\/p>\n<hr \/>\n<h4><a href=\"https:\/\/www.abanico.de\/abanico\/dieter-knuettel-de\/\"><strong><span style=\"color: #ff0000;\"><em>Gro\u00dfmeister Datu Dieter Kn\u00fcttel<\/em><\/span><\/strong><\/a><\/h4>\n<h4>ist Diplom-Sportlehrer, Bundestrainer f\u00fcr Modern Arnis (seit 1985) und Modern Arnis Repr\u00e4sentant f\u00fcr Europa.<\/h4>\n<p>Er unterrichtet Selbstverteidigung seit Ende der 70er Jahre in ganz Deutschland aber auch weltweit.<\/p>\n<p>1996 wurde ihm der Titel Datu und der Grad Lakan Anim, 6. Dan Modern Arnis, von Gro\u00dfmeister Remy A. Presas (10. Dan) pers\u00f6nlich als 4. Arnis-Lehrer au\u00dferhalb der Philippinen und als erstem au\u00dferhalb der USA, verliehen<br \/>\nNachdem er den 7., 8. und 9. Dan auf den Philippinen verliehen bekommen hatte, wurde m 24.9.2016 in Dortmund \u00f6ffentlich bekanntgegeben, dass er von Gro\u00dfmeister Roberto Presas den 10. Dan Modern Arnis verliehen bekommen hatte.<\/p>\n<p>Dieter Kn\u00fcttel betreibt Kampfsport seit 1967 und philippinische Kampfk\u00fcnste seit 1978. Er unterrichtet Modern Arnis auf Lehrg\u00e4ngen \u00fcberall in Europa, Russland, Australien und in den USA.<\/p>\n<div class=\"avia_textblock avia_textblock_style\" data-update_with=\"content\">\n<hr \/>\n<\/div>\n<div class=\"avia_textblock avia_textblock_style\" data-update_with=\"content\"><\/div>\n","protected":false},"excerpt":{"rendered":"<h2>Waffenlose Verteidigung &#8211; Download &#8211; DE<\/h2>\n<p><strong>Sprache: deutsch &#8211; download<\/strong><br \/>\nLaufzeit (Min.): 27<br \/>\n<strong>Produzent: ABANICO<\/strong><\/p>\n","protected":false},"featured_media":16087,"comment_status":"open","ping_status":"closed","template":"","meta":[],"product_brand":[],"product_cat":[39,7329,7336,40,685],"product_tag":[9022,1370,1372,4940,9231,1426,1301,2217,1376,9846,9163,9042,1845,9229,10422,10420,2048],"class_list":{"0":"post-16085","1":"product","2":"type-product","3":"status-publish","4":"has-post-thumbnail","6":"product_cat-download-de","7":"product_cat-grossmeister-und-meister-des-modern-arnis","8":"product_cat-lehrgaenge-mit-gm-datu-dieter-knuettel","9":"product_cat-modern-arnis-download-de","10":"product_cat-seminar-videos-download-de","11":"product_tag-datu-dieter","12":"product_tag-dav-de","13":"product_tag-deutscher-arnis-verband-de","14":"product_tag-dieter-knuettel-en-de","15":"product_tag-download-video","16":"product_tag-entwaffnungen-de","17":"product_tag-eskrima-de","18":"product_tag-kali-de","19":"product_tag-modern-arnis-de","20":"product_tag-modern-prinzip","21":"product_tag-remy-presas","22":"product_tag-selbstschutz","23":"product_tag-selbstverteidigung-de","24":"product_tag-seminar-video","25":"product_tag-sicherung-am-boden","26":"product_tag-takedown","27":"product_tag-trapping-de","29":"first","30":"instock","31":"downloadable","32":"virtual","33":"sold-individually","34":"taxable","35":"purchasable","36":"product-type-simple"},"_links":{"self":[{"href":"https:\/\/www.abanico.de\/abanico\/wp-json\/wp\/v2\/product\/16085","targetHints":{"allow":["GET"]}}],"collection":[{"href":"https:\/\/www.abanico.de\/abanico\/wp-json\/wp\/v2\/product"}],"about":[{"href":"https:\/\/www.abanico.de\/abanico\/wp-json\/wp\/v2\/types\/product"}],"replies":[{"embeddable":true,"href":"https:\/\/www.abanico.de\/abanico\/wp-json\/wp\/v2\/comments?post=16085"}],"wp:featuredmedia":[{"embeddable":true,"href":"https:\/\/www.abanico.de\/abanico\/wp-json\/wp\/v2\/media\/16087"}],"wp:attachment":[{"href":"https:\/\/www.abanico.de\/abanico\/wp-json\/wp\/v2\/media?parent=16085"}],"wp:term":[{"taxonomy":"product_brand","embeddable":true,"href":"https:\/\/www.abanico.de\/abanico\/wp-json\/wp\/v2\/product_brand?post=16085"},{"taxonomy":"product_cat","embeddable":true,"href":"https:\/\/www.abanico.de\/abanico\/wp-json\/wp\/v2\/product_cat?post=16085"},{"taxonomy":"product_tag","embeddable":true,"href":"https:\/\/www.abanico.de\/abanico\/wp-json\/wp\/v2\/product_tag?post=16085"}],"curies":[{"name":"wp","href":"https:\/\/api.w.org\/{rel}","templated":true}]}}