{"id":1607,"date":"2018-03-05T15:51:57","date_gmt":"2018-03-05T14:51:57","guid":{"rendered":"http:\/\/localhost:8888\/projekt4\/produkt\/import-placeholder-for-3823\/"},"modified":"2018-12-03T22:14:09","modified_gmt":"2018-12-03T21:14:09","slug":"jkd-6-dvd-deutsch","status":"publish","type":"product","link":"https:\/\/www.abanico.de\/abanico\/shop\/dvd-pal-de\/jeet-kune-do-dvd-pal-de-de\/jkd-6-dvd-deutsch\/","title":{"rendered":"Jeet Kune Do und Kali 6 &#8211; DVD &#8211; PAL &#8211; DE"},"content":{"rendered":"<p>In diesem Video geht es um Alles, was mit Hebeln oder Werfen zu tun hat: einfache Hebelketten, Konter gegen Hebel, Eing\u00e4nge und Kontaktaufnehmen, hinter den Angreifer kommen, W\u00fcrfe und Gleichgewicht brechen (z.B. Fu\u00dftraps), Techniken aus der Boxdistanz und Dumog mit dem Stock. Alles wird auch in zusammenh\u00e4ngenden Drills demonstriert und erkl\u00e4rt.<\/p>\n<p><strong>Bob Breen,<\/strong><br \/>\nLondon, ist einer der qualifiziertesten Jeet Kune Do &#8211; und Kali Lehrer Europas (Full-Instructor JKD\/Kali bei Dan Inosanto)<\/p>\n<div class=\"avia_textblock avia_textblock_style\" data-update_with=\"content\">\n<p>&nbsp;<\/p>\n<hr \/>\n<\/div>\n<div class=\"avia_textblock avia_textblock_style\" data-update_with=\"content\">\n<h3>Trailer<\/h3>\n<div style=\"width: 640px;\" class=\"wp-video\"><video class=\"wp-video-shortcode\" id=\"video-1607-1\" width=\"640\" height=\"360\" preload=\"metadata\" controls=\"controls\"><source type=\"video\/mp4\" src=\"https:\/\/www.abanico.de\/abanico\/wp-content\/files\/trailer\/D-JKD-6-SD-Vorspann.mp4?_=1\" \/><a href=\"https:\/\/www.abanico.de\/abanico\/wp-content\/files\/trailer\/D-JKD-6-SD-Vorspann.mp4\">https:\/\/www.abanico.de\/abanico\/wp-content\/files\/trailer\/D-JKD-6-SD-Vorspann.mp4<\/a><\/video><\/div>\n<\/div>\n","protected":false},"excerpt":{"rendered":"<h2>Jeet Kune Do und Kali 6 &#8211; DVD &#8211; PAL &#8211; DE<\/h2>\n<p><strong>Hebel, Dumog, Grappling<\/strong><br \/>\n<strong>Sprache: Deutsch &#8211; TV-System: PAL<\/strong><br \/>\nLaufzeit (Min.): 50<br \/>\n<strong>Produzent: ABANICO<\/strong><br \/>\nISBN: 3-89540-443-8<\/p>\n","protected":false},"featured_media":6171,"comment_status":"open","ping_status":"closed","template":"","meta":[],"product_brand":[],"product_cat":[54,252],"product_tag":[1990,1816,1992,1994,1996,1998,2002,1311,2004,2006],"class_list":{"0":"post-1607","1":"product","2":"type-product","3":"status-publish","4":"has-post-thumbnail","6":"product_cat-dvd-pal-de","7":"product_cat-jeet-kune-do-dvd-pal-de-de","8":"product_tag-dumog-mit-dem-stock-de","9":"product_tag-dvd-en-de","10":"product_tag-einfache-hebelketten-de","11":"product_tag-eingaenge-und-kontaktaufnehmen-de","12":"product_tag-fusstraps-de","13":"product_tag-hinter-den-angreifer-kommen-de","14":"product_tag-konter-gegen-hebel-de","15":"product_tag-pal-de","16":"product_tag-techniken-aus-der-boxdistanz-de","17":"product_tag-wuerfe-und-gleichgewicht-brechen-de","18":"product_shipping_class-4689","20":"first","21":"instock","22":"taxable","23":"shipping-taxable","24":"purchasable","25":"product-type-simple"},"_links":{"self":[{"href":"https:\/\/www.abanico.de\/abanico\/wp-json\/wp\/v2\/product\/1607","targetHints":{"allow":["GET"]}}],"collection":[{"href":"https:\/\/www.abanico.de\/abanico\/wp-json\/wp\/v2\/product"}],"about":[{"href":"https:\/\/www.abanico.de\/abanico\/wp-json\/wp\/v2\/types\/product"}],"replies":[{"embeddable":true,"href":"https:\/\/www.abanico.de\/abanico\/wp-json\/wp\/v2\/comments?post=1607"}],"wp:featuredmedia":[{"embeddable":true,"href":"https:\/\/www.abanico.de\/abanico\/wp-json\/wp\/v2\/media\/6171"}],"wp:attachment":[{"href":"https:\/\/www.abanico.de\/abanico\/wp-json\/wp\/v2\/media?parent=1607"}],"wp:term":[{"taxonomy":"product_brand","embeddable":true,"href":"https:\/\/www.abanico.de\/abanico\/wp-json\/wp\/v2\/product_brand?post=1607"},{"taxonomy":"product_cat","embeddable":true,"href":"https:\/\/www.abanico.de\/abanico\/wp-json\/wp\/v2\/product_cat?post=1607"},{"taxonomy":"product_tag","embeddable":true,"href":"https:\/\/www.abanico.de\/abanico\/wp-json\/wp\/v2\/product_tag?post=1607"}],"curies":[{"name":"wp","href":"https:\/\/api.w.org\/{rel}","templated":true}]}}