{"id":1603,"date":"2018-03-05T15:51:55","date_gmt":"2018-03-05T14:51:55","guid":{"rendered":"http:\/\/localhost:8888\/projekt4\/produkt\/import-placeholder-for-3819\/"},"modified":"2018-12-03T22:14:09","modified_gmt":"2018-12-03T21:14:09","slug":"jkd-5-dvd-deutsch","status":"publish","type":"product","link":"https:\/\/www.abanico.de\/abanico\/shop\/dvd-pal-de\/jeet-kune-do-dvd-pal-de-de\/jkd-5-dvd-deutsch\/","title":{"rendered":"Jeet Kune Do und Kali 5 &#8211; DVD &#8211; PAL &#8211; DE"},"content":{"rendered":"<p>In dem 2. Video \u00fcber Trapping lernen Sie die fortgeschrittenen Trapping Techniken und Methoden aus Bruce Lee&#8217;s Jeet Kune Do und dem Kali. Weiterhin sehen Sie die Stand-Hebeltechniken aus dem philippinischen Dumog. In einem richtigen Kampf \u00fcberschneiden sich beide Bereiche st\u00e4ndig, so da\u00df die Kenntnisse dar\u00fcber extrem wichtig sind. Lernen Sie, wie Sie Kontakt in freiem Training so herstellen, da\u00df Trapping funktioniert, wann immer Sie es brauchen.<\/p>\n<p><strong>Bob Breen,<\/strong><br \/>\nLondon, ist einer der qualifiziertesten Jeet Kune Do &#8211; und Kali Lehrer Europas (Full-Instructor JKD\/Kali bei Dan Inosanto)<\/p>\n<div class=\"avia_textblock avia_textblock_style\" data-update_with=\"content\">\n<p>&nbsp;<\/p>\n<hr \/>\n<\/div>\n<div class=\"avia_textblock avia_textblock_style\" data-update_with=\"content\">\n<h3>Trailer<\/h3>\n<div style=\"width: 640px;\" class=\"wp-video\"><video class=\"wp-video-shortcode\" id=\"video-1603-1\" width=\"640\" height=\"360\" preload=\"metadata\" controls=\"controls\"><source type=\"video\/mp4\" src=\"https:\/\/www.abanico.de\/abanico\/wp-content\/files\/trailer\/D-JKD-5-SD-Vorspann.mp4?_=1\" \/><a href=\"https:\/\/www.abanico.de\/abanico\/wp-content\/files\/trailer\/D-JKD-5-SD-Vorspann.mp4\">https:\/\/www.abanico.de\/abanico\/wp-content\/files\/trailer\/D-JKD-5-SD-Vorspann.mp4<\/a><\/video><\/div>\n<\/div>\n","protected":false},"excerpt":{"rendered":"<h2>Jeet Kune Do und Kali 5 &#8211; DVD &#8211; PAL &#8211; DE<\/h2>\n<p><strong>Trapping und Hebel<\/strong><br \/>\n<strong>Sprache: Deutsch &#8211; TV-System: PAL<\/strong><br \/>\nLaufzeit (Min.): 61<br \/>\n<strong>Produzent: ABANICO<\/strong><br \/>\nISBN: 3-89540-442-X<\/p>\n","protected":false},"featured_media":6170,"comment_status":"open","ping_status":"closed","template":"","meta":[],"product_brand":[],"product_cat":[54,252],"product_tag":[2028,1364,2030,1816,2000,1311,2032],"class_list":{"0":"post-1603","1":"product","2":"type-product","3":"status-publish","4":"has-post-thumbnail","6":"product_cat-dvd-pal-de","7":"product_cat-jeet-kune-do-dvd-pal-de-de","8":"product_tag-bob-breen-de","9":"product_tag-deutsch-de","10":"product_tag-dumog-de","11":"product_tag-dvd-en-de","12":"product_tag-jeet-kune-do-de","13":"product_tag-pal-de","14":"product_tag-stand-hebeltechniken-de","15":"product_shipping_class-4689","17":"first","18":"instock","19":"taxable","20":"shipping-taxable","21":"purchasable","22":"product-type-simple"},"_links":{"self":[{"href":"https:\/\/www.abanico.de\/abanico\/wp-json\/wp\/v2\/product\/1603","targetHints":{"allow":["GET"]}}],"collection":[{"href":"https:\/\/www.abanico.de\/abanico\/wp-json\/wp\/v2\/product"}],"about":[{"href":"https:\/\/www.abanico.de\/abanico\/wp-json\/wp\/v2\/types\/product"}],"replies":[{"embeddable":true,"href":"https:\/\/www.abanico.de\/abanico\/wp-json\/wp\/v2\/comments?post=1603"}],"wp:featuredmedia":[{"embeddable":true,"href":"https:\/\/www.abanico.de\/abanico\/wp-json\/wp\/v2\/media\/6170"}],"wp:attachment":[{"href":"https:\/\/www.abanico.de\/abanico\/wp-json\/wp\/v2\/media?parent=1603"}],"wp:term":[{"taxonomy":"product_brand","embeddable":true,"href":"https:\/\/www.abanico.de\/abanico\/wp-json\/wp\/v2\/product_brand?post=1603"},{"taxonomy":"product_cat","embeddable":true,"href":"https:\/\/www.abanico.de\/abanico\/wp-json\/wp\/v2\/product_cat?post=1603"},{"taxonomy":"product_tag","embeddable":true,"href":"https:\/\/www.abanico.de\/abanico\/wp-json\/wp\/v2\/product_tag?post=1603"}],"curies":[{"name":"wp","href":"https:\/\/api.w.org\/{rel}","templated":true}]}}