{"id":16028,"date":"2025-10-22T14:27:21","date_gmt":"2025-10-22T12:27:21","guid":{"rendered":"https:\/\/www.abanico.de\/abanico\/?post_type=product&#038;p=16028"},"modified":"2025-10-22T14:32:59","modified_gmt":"2025-10-22T12:32:59","slug":"fundamentals-of-modern-arnis-dav-download-en-de","status":"publish","type":"product","link":"https:\/\/www.abanico.de\/abanico\/shop\/download-de\/seminar-videos-download-de\/lehrgaenge-mit-gm-datu-dieter-knuettel\/fundamentals-of-modern-arnis-dav-download-en-de\/","title":{"rendered":"Fundamentals of Modern Arnis &#8211; DAV &#8211; Download &#8211; EN-DE"},"content":{"rendered":"<p>Dies ist Teil 1 von 3 Videos, die GM Datu Dieter Kn\u00fcttel w\u00e4hrend seines Seminars im Juni 2025 in Vancouver, Kanada, aufgenommen hat.<\/p>\n<p>In diesem Video gibt GM Datu Dieter Kn\u00fcttel eine Einf\u00fchrung in die Grundlagen des Modern Arnis, wie es im Deutschen Arnis Verband (DAV) praktiziert wird. Die Konzepte, Prinzipien und Techniken des Schlagens, Wirbelns, Blockens, der Gegenangriffe und Aspekte der 1. Entwaffnungsserie werden ausf\u00fchrlich erkl\u00e4rt und demonstriert.<\/p>\n<p>Dieses Video ist ideal f\u00fcr alle, die sich f\u00fcr Modern Arnis interessieren und eine solide Grundlage darin erwerben m\u00f6chten.<\/p>\n<p>Es wurden viele Informationen behandelt. Die detaillierten Inhalte finden Sie in der folgenden Liste.<\/p>\n<p><span style=\"color: #ff0000;\"><strong>Das ganze Video ist auf englisch<\/strong><\/span><\/p>\n<h5>Das Video hat Kapitelmarker.<br \/>\nErkl\u00e4rung hier: <em><strong><a href=\"https:\/\/www.abanico.de\/abanico\/kapitel-in-download-videos\/\"><span style=\"color: #ff0000;\">Kapitelmarker<\/span><\/a><\/strong><\/em><\/h5>\n<p>Here the content of the video:<\/p>\n<p>00:00\u00a0 Intro<br \/>\n00:33\u00a0 Welcome<br \/>\n00:40\u00a0 Stick striking and twirling<br \/>\n00:51\u00a0 \u00a0 \u00a0&#8211; The correct grip<br \/>\n01:08\u00a0 \u00a0 \u00a0&#8211; The nature of the strikes<br \/>\n01:23\u00a0 \u00a0 \u00a0&#8211; Strikes #1 and #2<br \/>\n02:17\u00a0 \u00a0 \u00a0&#8211; Body mechanics while striking<br \/>\n02:42\u00a0 \u00a0 \u00a0&#8211; Downward figure 8 (forward)<br \/>\n04:44\u00a0 \u00a0 \u00a0 \u00a0 &#8211; More details about striking<br \/>\n05:54\u00a0 \u00a0 \u00a0&#8211; Sonquete &#8211; circular stabs<br \/>\n07:47\u00a0 \u00a0 \u00a0&#8211; Inside and outside doublada<br \/>\n08:26\u00a0 \u00a0 \u00a0 \u00a0 &#8211; Striking on a target<br \/>\n10:20\u00a0 \u00a0 \u00a0&#8211; Connecting the strikes<br \/>\n11:41\u00a0 \u00a0 \u00a0&#8211; Upward figure 8 (reverse)<br \/>\n13:26\u00a0 \u00a0 \u00a0&#8211; Twirling with a partner<br \/>\n15:29\u00a0 \u00a0 \u00a0&#8211; Twirling with the left hand<br \/>\n15:57\u00a0 Strikes &#8211; Blocks &#8211; Counterattacks<br \/>\n16:09\u00a0 \u00a0 \u00a0&#8211; How and where to strike<br \/>\n16:40\u00a0 \u00a0 \u00a0&#8211; The correct distance<br \/>\n21:34\u00a0 \u00a0 \u00a0&#8211; Blocking, grabbing and striking<br \/>\n24:44\u00a0 \u00a0 \u00a0 \u00a0 &#8211; Where to grab the stick<br \/>\n28:26\u00a0 \u00a0 \u00a0 \u00a0 &#8211; Direct striking<br \/>\n29:11\u00a0 Disarming 1st series<br \/>\n29:19\u00a0 \u00a0 \u00a0&#8211; Disarming strike #1<br \/>\n31:51\u00a0 \u00a0 \u00a0 \u00a0 &#8211; Where to move during the disarming<br \/>\n32:41\u00a0 \u00a0 \u00a0&#8211; The same disarming against different attacks<br \/>\n33:09\u00a0 \u00a0 \u00a0&#8211; Disarming strike #2<br \/>\n33:26\u00a0 \u00a0 \u00a0&#8211; Disarming strike #12<br \/>\n33:39\u00a0 \u00a0 \u00a0&#8211; Disarming stab #5<br \/>\n35:13\u00a0 \u00a0 \u00a0 \u00a0 &#8211; Grabbing &#8222;inside&#8220;<br \/>\n36:11\u00a0 \u00a0 \u00a0 \u00a0 &#8211; Bring the sticks close to the body<br \/>\n39:09\u00a0 \u00a0 \u00a0 \u00a0&#8211; Disarming empty handed and with different tools<br \/>\n41:55\u00a0 \u00a0 \u00a0 \u00a0 &#8211; The body mechanics stays the same<br \/>\n44:27\u00a0 Conclusion<br \/>\n45:24\u00a0 Info<br \/>\n45:54\u00a0 End<\/p>\n<h4><strong>Not only quick demos on Youtube. Lots of them there. But here you find detailled instruction with &#8222;What, why and how&#8220;. With many details, that get lost on pure demos<br \/>\nVideos from Abanico: You can really learn from them!<\/strong><\/h4>\n<div class=\"avia_textblock avia_textblock_style\" data-update_with=\"content\"><\/div>\n<h3>Trailer<\/h3>\n<hr \/>\n<div style=\"width: 640px;\" class=\"wp-video\"><video class=\"wp-video-shortcode\" id=\"video-16028-1\" width=\"640\" height=\"360\" preload=\"metadata\" controls=\"controls\"><source type=\"video\/mp4\" src=\"https:\/\/www.abanico.de\/abanico\/wp-content\/files\/trailer\/2025-Vancouver-1-Trailer.mp4?_=1\" \/><a href=\"https:\/\/www.abanico.de\/abanico\/wp-content\/files\/trailer\/2025-Vancouver-1-Trailer.mp4\">https:\/\/www.abanico.de\/abanico\/wp-content\/files\/trailer\/2025-Vancouver-1-Trailer.mp4<\/a><\/video><\/div>\n<p>Musik:<br \/>\n<b>Rock Intro 3<\/b> von Audionautix ist unter der Lizenz &#8222;Creative Commons Attribution&#8220; (<span lang=\"zxx\"><u><a href=\"https:\/\/creativecommons.org\/licenses\/by\/4.0\/\" target=\"_blank\" rel=\"noopener noreferrer\">https:\/\/creativecommons.org\/licenses\/by\/4.0\/<\/a><\/u><\/span>) lizenziert.<br \/>\nK\u00fcnstler: <span lang=\"zxx\"><u><a href=\"http:\/\/audionautix.com\/\" target=\"_blank\" rel=\"noopener noreferrer\">http:\/\/audionautix.com\/<\/a><\/u><\/span><\/p>\n<hr \/>\n<h5><a href=\"https:\/\/www.abanico.de\/abanico\/en\/dieter-knuettel-en\/\"><em><span style=\"color: #ff0000;\"><strong>Grandmaster <\/strong><\/span><\/em><strong><em><span style=\"color: #ff0000;\">Datu Dieter Kn\u00fcttel<\/span><\/em><\/strong><\/a><\/h5>\n<h5>Dieter Kn\u00fcttel, M.A. in sports science is Modern Arnis chief-instructor for der DAV of Germany and European Modern Arnis Representative (1996 -2001) of Professor Remy A. Presas.<br \/>\nHe 1received the title of DATU and the rank of Lakan Anim, 6th Dan Modern Arnis from Professor Remy Presas in 1996, as 4th of 6 persons and the only person outside of the USA who has received this title.<br \/>\nAfter receivinhg his 7th, 8th and 9th Dan in the Philippines,\u00a0 on Septemer 24th\u00a0 2016 it was publically announced in Dortmund, Germany, that he has awarded 10th Dan, Lakan Sampu by Grandmaster Roberto Presas, 10. Dan Modern Arnis.<\/h5>\n<h5>Dieter Knuettel is involved with the Filipino Martial Arts since 1978 and he has been teaching FMA\/Modern Arnis seminars since 1980 all over Europe, in Australia, in the USA, in Russia and even in the Philippines.<\/h5>\n<h5>He is one of the most experienced Modern Arnis Masters worldwide.<\/h5>\n<div class=\"avia_textblock avia_textblock_style\" data-update_with=\"content\">\n<hr \/>\n<\/div>\n<div class=\"avia_textblock avia_textblock_style\" data-update_with=\"content\"><\/div>\n","protected":false},"excerpt":{"rendered":"<h2>Fundamentals of Modern Arnis &#8211; DAV &#8211; Download &#8211; EN-DE<\/h2>\n<p><strong>Language english &#8211; download<br \/>\n<\/strong><\/p>\n<p>Running time (Min.): 46<br \/>\n<strong>Producer: ABANICO<\/strong><\/p>\n","protected":false},"featured_media":16001,"comment_status":"open","ping_status":"closed","template":"","meta":[],"product_brand":[],"product_cat":[39,7336,40,685],"product_tag":[8027,9040,10412,10414,9022,1374,10012,1440,9231,1301,1376,9163,1416,9229,10131,10416,10418],"class_list":{"0":"post-16028","1":"product","2":"type-product","3":"status-publish","4":"has-post-thumbnail","6":"product_cat-download-de","7":"product_cat-lehrgaenge-mit-gm-datu-dieter-knuettel","8":"product_cat-modern-arnis-download-de","9":"product_cat-seminar-videos-download-de","10":"product_tag-1st-series-en-de","11":"product_tag-arnis","12":"product_tag-blocking-en-de","13":"product_tag-counterattacking-de","14":"product_tag-datu-dieter","15":"product_tag-dieter-knuettel-de","16":"product_tag-disarming-de","17":"product_tag-download-de","18":"product_tag-download-video","19":"product_tag-eskrima-de","20":"product_tag-modern-arnis-de","21":"product_tag-remy-presas","22":"product_tag-self-defense-de","23":"product_tag-seminar-video","24":"product_tag-sticklocks-de","25":"product_tag-striking-en-de","26":"product_tag-twirling-de","28":"first","29":"instock","30":"downloadable","31":"virtual","32":"sold-individually","33":"taxable","34":"purchasable","35":"product-type-simple"},"_links":{"self":[{"href":"https:\/\/www.abanico.de\/abanico\/wp-json\/wp\/v2\/product\/16028","targetHints":{"allow":["GET"]}}],"collection":[{"href":"https:\/\/www.abanico.de\/abanico\/wp-json\/wp\/v2\/product"}],"about":[{"href":"https:\/\/www.abanico.de\/abanico\/wp-json\/wp\/v2\/types\/product"}],"replies":[{"embeddable":true,"href":"https:\/\/www.abanico.de\/abanico\/wp-json\/wp\/v2\/comments?post=16028"}],"wp:featuredmedia":[{"embeddable":true,"href":"https:\/\/www.abanico.de\/abanico\/wp-json\/wp\/v2\/media\/16001"}],"wp:attachment":[{"href":"https:\/\/www.abanico.de\/abanico\/wp-json\/wp\/v2\/media?parent=16028"}],"wp:term":[{"taxonomy":"product_brand","embeddable":true,"href":"https:\/\/www.abanico.de\/abanico\/wp-json\/wp\/v2\/product_brand?post=16028"},{"taxonomy":"product_cat","embeddable":true,"href":"https:\/\/www.abanico.de\/abanico\/wp-json\/wp\/v2\/product_cat?post=16028"},{"taxonomy":"product_tag","embeddable":true,"href":"https:\/\/www.abanico.de\/abanico\/wp-json\/wp\/v2\/product_tag?post=16028"}],"curies":[{"name":"wp","href":"https:\/\/api.w.org\/{rel}","templated":true}]}}