{"id":1569,"date":"2018-03-05T15:49:38","date_gmt":"2018-03-05T14:49:38","guid":{"rendered":"http:\/\/localhost:8888\/projekt4\/produkt\/import-placeholder-for-3800\/"},"modified":"2022-11-28T00:05:00","modified_gmt":"2022-11-27T23:05:00","slug":"jeet-kune-do-angebot-download-deutsch","status":"publish","type":"product","link":"https:\/\/www.abanico.de\/abanico\/shop\/download-de\/jeet-kune-do-download-de\/jeet-kune-do-angebot-download-deutsch\/","title":{"rendered":"Jeet Kune Do Angebot &#8211; Download &#8211; DE"},"content":{"rendered":"<p>Mit diesem Angebot erhalten Sie die 7 Jeet Kune Do DVDs von Bob Breen: Einf\u00fchrung und \u00dcberblick, Messerverteidigung, Boxen, Trapping, Trapping und Hebel f\u00fcr Fortgeschrittene, Hebel, Dumog und Grappling sowie Stock-Techniken.<\/p>\n<p>Hier die Beschreibungen des Inhalts der Videos:<\/p>\n<h3>D-JKD1<\/h3>\n<p>Dieses download Video f\u00fchrt Sie in die Kampfkunst von Bruce Lee ein. Die wichtigsten Prinzipien, energy drills (Hubud) mit und ohne Waffen, Anwendungen, Nahkampf-, Hebel-, Entwaffnungs-, W\u00fcrge, Wurf- und Nerventechniken sowie die Bedeutung des Jeet Kune Do Flows.<\/p>\n<h3>Trailer<\/h3>\n<div style=\"width: 640px;\" class=\"wp-video\"><video class=\"wp-video-shortcode\" id=\"video-1569-1\" width=\"640\" height=\"360\" preload=\"metadata\" controls=\"controls\"><source type=\"video\/mp4\" src=\"https:\/\/www.abanico.de\/abanico\/wp-content\/files\/trailer\/D-JKD-1-SD-Vorspann-deutsch.mp4?_=1\" \/><a href=\"https:\/\/www.abanico.de\/abanico\/wp-content\/files\/trailer\/D-JKD-1-SD-Vorspann-deutsch.mp4\">https:\/\/www.abanico.de\/abanico\/wp-content\/files\/trailer\/D-JKD-1-SD-Vorspann-deutsch.mp4<\/a><\/video><\/div>\n<p>&nbsp;<\/p>\n<h3>D-JKD2<\/h3>\n<p>Konzepte und Techniken aus dem Jeet Kune Do und Kali werden gegen Messerangriffe eingesetzt. Es zeigt JKD Flow-Drills, das richtige Positionieren, die Beinarbeit, Messerentwaffnungen, Hebel, W\u00fcrfe, Nervenpunkte und vieles mehr.<\/p>\n<h3>Trailer<\/h3>\n<div style=\"width: 640px;\" class=\"wp-video\"><video class=\"wp-video-shortcode\" id=\"video-1569-2\" width=\"640\" height=\"360\" preload=\"metadata\" controls=\"controls\"><source type=\"video\/mp4\" src=\"https:\/\/www.abanico.de\/abanico\/wp-content\/files\/trailer\/D-JKD-2-SD-Vorspann-deutsch.mp4?_=2\" \/><a href=\"https:\/\/www.abanico.de\/abanico\/wp-content\/files\/trailer\/D-JKD-2-SD-Vorspann-deutsch.mp4\">https:\/\/www.abanico.de\/abanico\/wp-content\/files\/trailer\/D-JKD-2-SD-Vorspann-deutsch.mp4<\/a><\/video><\/div>\n<p>&nbsp;<\/p>\n<h3>D-JKD3<\/h3>\n<p>Boxen ist ein wichtiger Bestandteil des Jeet Kune Do. Sie sehen die richtigen Techniken und Trainingsmethoden von den Grundlagen bis zum Vollkontakt Sparring. Grundlegende und fortgeschrittene Drills mit der Handpratze. Verbindungen vom Boxen zu anderen Bereichen des Jeet Kune Do.<\/p>\n<h3>Trailer<\/h3>\n<div style=\"width: 640px;\" class=\"wp-video\"><video class=\"wp-video-shortcode\" id=\"video-1569-3\" width=\"640\" height=\"360\" preload=\"metadata\" controls=\"controls\"><source type=\"video\/mp4\" src=\"https:\/\/www.abanico.de\/abanico\/wp-content\/files\/trailer\/D-JKD-3-SD-Vorspann.mp4?_=3\" \/><a href=\"https:\/\/www.abanico.de\/abanico\/wp-content\/files\/trailer\/D-JKD-3-SD-Vorspann.mp4\">https:\/\/www.abanico.de\/abanico\/wp-content\/files\/trailer\/D-JKD-3-SD-Vorspann.mp4<\/a><\/video><\/div>\n<p>&nbsp;<\/p>\n<h3>D-JKD4<\/h3>\n<p>Trapping ist einer der wichtigsten Bereiche des JKD. Sie sehen sowohl Bruce Lee&#8217;s original Jun Fan Trapping-System als auch die Verbindung mit dem h\u00f6chst effektiven Trapping aus dem philippinischen Kali. Sie lernen, wie Trapping aus der Tritt- und Box-Distanz eingesetzt werden kann. Sie sehen weiter einzigartige Flow-Drills und Trainingsmethoden, so da\u00df die Techniken auch f\u00fcr Sie funktionieren.<\/p>\n<h3>Trailer<\/h3>\n<div style=\"width: 640px;\" class=\"wp-video\"><video class=\"wp-video-shortcode\" id=\"video-1569-4\" width=\"640\" height=\"360\" preload=\"metadata\" controls=\"controls\"><source type=\"video\/mp4\" src=\"https:\/\/www.abanico.de\/abanico\/wp-content\/files\/trailer\/D-JKD-4-SD-Vorspann-deutsch.mp4?_=4\" \/><a href=\"https:\/\/www.abanico.de\/abanico\/wp-content\/files\/trailer\/D-JKD-4-SD-Vorspann-deutsch.mp4\">https:\/\/www.abanico.de\/abanico\/wp-content\/files\/trailer\/D-JKD-4-SD-Vorspann-deutsch.mp4<\/a><\/video><\/div>\n<p>&nbsp;<\/p>\n<h3>D-JKD5<\/h3>\n<p>In dem 2. Video \u00fcber Trapping lernen Sie die fortgeschrittenen Trapping Techniken und Methoden aus Bruce Lee&#8217;s Jeet Kune Do und dem Kali. Weiterhin sehen Sie die Stand-Hebeltechniken aus dem philippinischen Dumog. In einem richtigen Kampf \u00fcberschneiden sich beide Bereiche st\u00e4ndig, so da\u00df die Kenntnisse dar\u00fcber extrem wichtig sind. Lernen Sie, wie Sie Kontakt in freiem Training so herstellen, da\u00df Trapping funktioniert, wann immer Sie es brauchen.<\/p>\n<h3>Trailer<\/h3>\n<div style=\"width: 640px;\" class=\"wp-video\"><video class=\"wp-video-shortcode\" id=\"video-1569-5\" width=\"640\" height=\"360\" preload=\"metadata\" controls=\"controls\"><source type=\"video\/mp4\" src=\"https:\/\/www.abanico.de\/abanico\/wp-content\/files\/trailer\/D-JKD-6-SD-Vorspann.mp4?_=5\" \/><a href=\"https:\/\/www.abanico.de\/abanico\/wp-content\/files\/trailer\/D-JKD-6-SD-Vorspann.mp4\">https:\/\/www.abanico.de\/abanico\/wp-content\/files\/trailer\/D-JKD-6-SD-Vorspann.mp4<\/a><\/video><\/div>\n<p>&nbsp;<\/p>\n<h3>D-JKD6<\/h3>\n<p>In diesem Video geht es um Alles, was mit Hebeln oder Werfen zu tun hat: einfache Hebelketten, Konter gegen Hebel, Eing\u00e4nge und Kontaktaufnehmen, hinter den Angreifer kommen, W\u00fcrfe und Gleichgewicht brechen (z.B. Fu\u00dftraps), Techniken aus der Boxdistanz und Dumog mit dem Stock. Alles wird auch in zusammenh\u00e4ngenden Drills demonstriert und erkl\u00e4rt.<\/p>\n<h3>Trailer<\/h3>\n<div style=\"width: 640px;\" class=\"wp-video\"><video class=\"wp-video-shortcode\" id=\"video-1569-6\" width=\"640\" height=\"360\" preload=\"metadata\" controls=\"controls\"><source type=\"video\/mp4\" src=\"https:\/\/www.abanico.de\/abanico\/wp-content\/files\/trailer\/D-JKD-6-SD-Vorspann.mp4?_=6\" \/><a href=\"https:\/\/www.abanico.de\/abanico\/wp-content\/files\/trailer\/D-JKD-6-SD-Vorspann.mp4\">https:\/\/www.abanico.de\/abanico\/wp-content\/files\/trailer\/D-JKD-6-SD-Vorspann.mp4<\/a><\/video><\/div>\n<p>&nbsp;<\/p>\n<h3>D-JKD7<\/h3>\n<p>Die Stocktechniken des Kali sind fester Bestandteil des JKD. Sie sehen Stock-Grundtechniken, Schlagtechniken, Blocken und Parieren, Wirbel- und Schlag\u00fcbungen, viele Drills in der langen, mittleren und der Nah-Distanz, und Entwaffnungstechniken.<\/p>\n<h3>Trailer<\/h3>\n<div style=\"width: 640px;\" class=\"wp-video\"><video class=\"wp-video-shortcode\" id=\"video-1569-7\" width=\"640\" height=\"360\" preload=\"metadata\" controls=\"controls\"><source type=\"video\/mp4\" src=\"https:\/\/www.abanico.de\/abanico\/wp-content\/files\/trailer\/D-JKD-7-SD-Vorspann.mp4?_=7\" \/><a href=\"https:\/\/www.abanico.de\/abanico\/wp-content\/files\/trailer\/D-JKD-7-SD-Vorspann.mp4\">https:\/\/www.abanico.de\/abanico\/wp-content\/files\/trailer\/D-JKD-7-SD-Vorspann.mp4<\/a><\/video><\/div>\n<p>&nbsp;<\/p>\n<p><strong>Bob Breen<\/strong><br \/>\nLondon ist einer der qualifiziertesten Jeet Kune Do &#8211; und Kali Lehrer Europas (Full-Instructor JKD\/Kali bei Dan Inosanto)<\/p>\n","protected":false},"excerpt":{"rendered":"<h2>Jeet Kune Do Angebot &#8211; Download &#8211; DE<\/h2>\n<p><strong>7 Jeet Kune Do download Videos<\/strong><br \/>\n<strong>Sprache: deutsch &#8211; Download<\/strong><br \/>\nLaufzeit (Min.): 395<br \/>\n<strong>Produzent: ABANICO<\/strong><\/p>\n","protected":false},"featured_media":6177,"comment_status":"closed","ping_status":"closed","template":"","meta":[],"product_brand":[],"product_cat":[39,263],"product_tag":[71,253,254,41,43,255,256,257,264,258,259,59,260,261,77],"class_list":{"0":"post-1569","1":"product","2":"type-product","3":"status-publish","4":"has-post-thumbnail","6":"product_cat-download-de","7":"product_cat-jeet-kune-do-download-de","8":"product_tag-angebot","9":"product_tag-bob-breen","10":"product_tag-boxen","11":"product_tag-deutsch","12":"product_tag-download","13":"product_tag-dumog","14":"product_tag-grappling","15":"product_tag-hebel","16":"product_tag-hebel-fuer-fortgeschrittene","17":"product_tag-jeet-kune-do","18":"product_tag-messerverteidigung","19":"product_tag-pal","20":"product_tag-stock-techniken","21":"product_tag-trapping","22":"product_tag-video","23":"product_shipping_class-45","25":"first","26":"instock","27":"downloadable","28":"virtual","29":"sold-individually","30":"taxable","31":"purchasable","32":"product-type-simple"},"_links":{"self":[{"href":"https:\/\/www.abanico.de\/abanico\/wp-json\/wp\/v2\/product\/1569","targetHints":{"allow":["GET"]}}],"collection":[{"href":"https:\/\/www.abanico.de\/abanico\/wp-json\/wp\/v2\/product"}],"about":[{"href":"https:\/\/www.abanico.de\/abanico\/wp-json\/wp\/v2\/types\/product"}],"replies":[{"embeddable":true,"href":"https:\/\/www.abanico.de\/abanico\/wp-json\/wp\/v2\/comments?post=1569"}],"wp:featuredmedia":[{"embeddable":true,"href":"https:\/\/www.abanico.de\/abanico\/wp-json\/wp\/v2\/media\/6177"}],"wp:attachment":[{"href":"https:\/\/www.abanico.de\/abanico\/wp-json\/wp\/v2\/media?parent=1569"}],"wp:term":[{"taxonomy":"product_brand","embeddable":true,"href":"https:\/\/www.abanico.de\/abanico\/wp-json\/wp\/v2\/product_brand?post=1569"},{"taxonomy":"product_cat","embeddable":true,"href":"https:\/\/www.abanico.de\/abanico\/wp-json\/wp\/v2\/product_cat?post=1569"},{"taxonomy":"product_tag","embeddable":true,"href":"https:\/\/www.abanico.de\/abanico\/wp-json\/wp\/v2\/product_tag?post=1569"}],"curies":[{"name":"wp","href":"https:\/\/api.w.org\/{rel}","templated":true}]}}