{"id":1558,"date":"2018-03-05T15:49:33","date_gmt":"2018-03-05T14:49:33","guid":{"rendered":"http:\/\/localhost:8888\/projekt4\/produkt\/import-placeholder-for-3789\/"},"modified":"2018-12-04T11:48:41","modified_gmt":"2018-12-04T10:48:41","slug":"kali-sikaran","status":"publish","type":"product","link":"https:\/\/www.abanico.de\/abanico\/shop\/dvd-pal-de\/streetfighting-dvd-pal-de-de\/kali-sikaran\/","title":{"rendered":"Jeff Espinous: Kali \/ Sikaran &#8211; DVD &#8211; PAL &#8211; DE"},"content":{"rendered":"<p>Dieses Video behandelt das Kali\/Sikaran. Es ist der waffenlose Teil der philippinischen Kampfk\u00fcnste. Es werden offensive und defensive Techniken demonstriert, die Verteidigung gegen Jab-Cross, Wurfeing\u00e4nge in 6 verschiedene &#8222;Gaps&#8220; (Deckungsl\u00fccken), unterschiedliche W\u00fcrfe, Grappling, Hebel und Kontrolltechniken. Verteidigung gegen Tritte bilden mit der Zusammenfassung, in der die Techniken noch einmal mit hervorragenden Zeitlupen gezeigt werden. Diese DVD kann Ihre Einstellung zum Kampf ver\u00e4ndern.<\/p>\n<p><strong>Jeff Espinous <\/strong><br \/>\nist ein hochqualifizierter Kampfk\u00fcnstler, der \u00fcber 6 Jahre um die Welt gereist ist und mehrere Jahre in Japan, Thailand, USA und Indonesien gelebt hat, um dort verschiedene Kampfk\u00fcnste zu erlernen. Diese Erfahrung spiegelt sich in seinen realistischen Techniken wieder.<\/p>\n<div class=\"avia_textblock avia_textblock_style\" data-update_with=\"content\">\n<p>&nbsp;<\/p>\n<hr \/>\n<\/div>\n<div class=\"avia_textblock avia_textblock_style\" data-update_with=\"content\">\n<h3>Trailer<\/h3>\n<div style=\"width: 640px;\" class=\"wp-video\"><video class=\"wp-video-shortcode\" id=\"video-1558-1\" width=\"640\" height=\"360\" preload=\"metadata\" controls=\"controls\"><source type=\"video\/mp4\" src=\"https:\/\/www.abanico.de\/abanico\/wp-content\/files\/trailer\/D-Jeff1-SD-Vorspann.mp4?_=1\" \/><a href=\"https:\/\/www.abanico.de\/abanico\/wp-content\/files\/trailer\/D-Jeff1-SD-Vorspann.mp4\">https:\/\/www.abanico.de\/abanico\/wp-content\/files\/trailer\/D-Jeff1-SD-Vorspann.mp4<\/a><\/video><\/div>\n<\/div>\n","protected":false},"excerpt":{"rendered":"<h2>Jeff Espinous: Kali \/ Sikaran &#8211; DVD &#8211; PAL &#8211; DE<\/h2>\n<p><strong>Sprache: Deutsch &#8211; TV-System: PAL<\/strong><br \/>\nLaufzeit (Min.): 50<br \/>\n<strong>Produzent: ABANICO<\/strong><br \/>\nISBN: 3-89540-408-X<\/p>\n","protected":false},"featured_media":4995,"comment_status":"open","ping_status":"closed","template":"","meta":[],"product_brand":[],"product_cat":[54,172],"product_tag":[1816,1307,2215,2217,2219,1311,2221,2223],"class_list":{"0":"post-1558","1":"product","2":"type-product","3":"status-publish","4":"has-post-thumbnail","6":"product_cat-dvd-pal-de","7":"product_cat-streetfighting-dvd-pal-de-de","8":"product_tag-dvd-en-de","9":"product_tag-english-de","10":"product_tag-jeff-espinous-de","11":"product_tag-kali-de","12":"product_tag-kali-sikaran-de","13":"product_tag-pal-de","14":"product_tag-sikaran-de","15":"product_tag-streetfighting-de","16":"product_shipping_class-4689","18":"first","19":"instock","20":"taxable","21":"shipping-taxable","22":"purchasable","23":"product-type-simple"},"_links":{"self":[{"href":"https:\/\/www.abanico.de\/abanico\/wp-json\/wp\/v2\/product\/1558","targetHints":{"allow":["GET"]}}],"collection":[{"href":"https:\/\/www.abanico.de\/abanico\/wp-json\/wp\/v2\/product"}],"about":[{"href":"https:\/\/www.abanico.de\/abanico\/wp-json\/wp\/v2\/types\/product"}],"replies":[{"embeddable":true,"href":"https:\/\/www.abanico.de\/abanico\/wp-json\/wp\/v2\/comments?post=1558"}],"wp:featuredmedia":[{"embeddable":true,"href":"https:\/\/www.abanico.de\/abanico\/wp-json\/wp\/v2\/media\/4995"}],"wp:attachment":[{"href":"https:\/\/www.abanico.de\/abanico\/wp-json\/wp\/v2\/media?parent=1558"}],"wp:term":[{"taxonomy":"product_brand","embeddable":true,"href":"https:\/\/www.abanico.de\/abanico\/wp-json\/wp\/v2\/product_brand?post=1558"},{"taxonomy":"product_cat","embeddable":true,"href":"https:\/\/www.abanico.de\/abanico\/wp-json\/wp\/v2\/product_cat?post=1558"},{"taxonomy":"product_tag","embeddable":true,"href":"https:\/\/www.abanico.de\/abanico\/wp-json\/wp\/v2\/product_tag?post=1558"}],"curies":[{"name":"wp","href":"https:\/\/api.w.org\/{rel}","templated":true}]}}