{"id":1544,"date":"2018-03-05T15:49:26","date_gmt":"2018-03-05T14:49:26","guid":{"rendered":"http:\/\/localhost:8888\/projekt4\/produkt\/import-placeholder-for-3775\/"},"modified":"2020-01-12T15:58:59","modified_gmt":"2020-01-12T14:58:59","slug":"hebeltechniken-teil-1-dvd","status":"publish","type":"product","link":"https:\/\/www.abanico.de\/abanico\/shop\/dvd-pal-de\/modern-arnis-dvd-pal-de-de\/aktuelles-programm-de\/hebeltechniken-teil-1-dvd\/","title":{"rendered":"Hebeltechniken &#8211; Teil 1 &#8211; DVD &#8211; PAL &#8211; DE"},"content":{"rendered":"<p style=\"text-align: left;\">Hebeltechniken in der Selbstverteidigung einzusetzen ist sehr schwer. Man muss die Hebel genau kennen und pr\u00e4zise und konsequent anwenden k\u00f6nnen. Dieses Video hilft Ihnen, dieses Ziel leichter zu erreichen.<\/p>\n<p>In 70 Minuten lernen SIe das Wichtigste \u00fcber Hebeltechniken. Grundlegende Prinzipien und Hebelprinzipien werden erkl\u00e4rt, demonstriert und unterrichtet. In Teil 1 geht es dann um die Finger- und Handgelenk Hebel. Mit der genauen Demonstration, Erkl\u00e4rung wie sie wirken, Varianten, \u00dcbungsformen und Anwendungen.<\/p>\n<p>Ein Muss f\u00fcr jeden an Hebel interessierte Kampfsportler, Kampfk\u00fcnstler und Selbstverteidigungs-Experten.<\/p>\n<p>Teil 2 dreht sich dann um die Ellbogen und Schulterhebel sowie Hebelkette und Hebel in Drills.<\/p>\n<p>Hier der detaillierte Inhalt des Videos:<\/p>\n<p>Vorspann<br \/>\nEinleitung<\/p>\n<h3><strong>Grundlegende Prinzipien<\/strong><\/h3>\n<ul>\n<li>Die 99% Regel<\/li>\n<li>Der geschlossene Kreis<\/li>\n<li>Maximaler Hebelarm<\/li>\n<li>Widerlager und Gegendruck<\/li>\n<li>Der Sweetspot<\/li>\n<li>Die Masse richtig positionieren<\/li>\n<li>R\u00fccksicht nehmen<\/li>\n<li>Lockerung\/Ablenkung<\/li>\n<\/ul>\n<p><strong>Hebelprinzipien<\/strong><\/p>\n<ul>\n<li>Streckhebel<\/li>\n<li>Drehhebel<\/li>\n<li>Beugehebel<\/li>\n<li>Kipphebel<\/li>\n<li>Kombination von Prinzipien<\/li>\n<\/ul>\n<h3>Die Hebel<\/h3>\n<p><strong>Fingerhebel<\/strong><br \/>\n\u00dcbungsform<br \/>\nAnwendungen<br \/>\n<strong>Handgelenkhebel<\/strong><br \/>\n<strong>Kipphandhebel<\/strong><br \/>\n\u00dcbungsform<br \/>\nAnwendungen<br \/>\n<strong>Handgelenks Kompression<\/strong><br \/>\n<strong>Standing center lock<\/strong><br \/>\n\u00dcbungsform<br \/>\nVariationen und Anwendungen<br \/>\n<strong>Z-Hebel<\/strong><br \/>\n\u00dcbungsform<br \/>\nAnwendungen<br \/>\n<strong>Umgekehrter Z-Hebel<\/strong><br \/>\n\u00dcbungsform<br \/>\nAnwendungen<br \/>\n<strong>Invertierter Z-Hebe<\/strong>l<br \/>\n\u00dcbungsform<br \/>\nAnwendungen<br \/>\nAbspann<\/p>\n<div class=\"avia_textblock avia_textblock_style\" data-update_with=\"content\"><strong>Gro\u00dfmeister Datu Dieter Kn\u00fcttel<\/strong><br \/>\nist Diplom-Sportlehrer, Bundestrainer f\u00fcr Modern Arnis (seit 1985) und Modern Arnis Repr\u00e4sentant f\u00fcr Europa.1996 wurde ihm der Titel Datu und der Grad Lakan Anim, 6. Dan Modern Arnis, von Gro\u00dfmeister Remy A. Presas (10. Dan) pers\u00f6nlich als 4. Arnis-Lehrer au\u00dferhalb der Philippinen und als erstem au\u00dferhalb der USA, verliehen<br \/>\nNachdem er den 7., 8. und 9. Dan auf den Philippinen verliehen bekommen hatte, wurde m 24.9.2016 in Dortmund \u00f6ffentlich bekanntgegeben, dass er von Gro\u00dfmeister Roberto Presas den 10. Dan Modern Arnis verliehen bekommen hatte.Dieter Kn\u00fcttel betreibt Kampfsport seit 1967 und philippinische Kampfk\u00fcnste seit 1978. Er unterrichtet Modern Arnis auf Lehrg\u00e4ngen \u00fcberall in Europa, Russland, Australien und in den USA.<\/p>\n<hr \/>\n<\/div>\n<div class=\"avia_textblock avia_textblock_style\" data-update_with=\"content\">\n<h3>Trailer<\/h3>\n<div style=\"width: 640px;\" class=\"wp-video\"><video class=\"wp-video-shortcode\" id=\"video-1544-1\" width=\"640\" height=\"360\" preload=\"metadata\" controls=\"controls\"><source type=\"video\/mp4\" src=\"https:\/\/www.abanico.de\/abanico\/wp-content\/files\/trailer\/Hebel-1-Vorspann-deutsch.mp4?_=1\" \/><a href=\"https:\/\/www.abanico.de\/abanico\/wp-content\/files\/trailer\/Hebel-1-Vorspann-deutsch.mp4\">https:\/\/www.abanico.de\/abanico\/wp-content\/files\/trailer\/Hebel-1-Vorspann-deutsch.mp4<\/a><\/video><\/div>\n<p>&nbsp;<\/p>\n<\/div>\n<p>&nbsp;<\/p>\n","protected":false},"excerpt":{"rendered":"<h2>Hebeltechniken &#8211; Teil 1 &#8211; DVD &#8211; PAL &#8211; DE<\/h2>\n<p><strong>Hebetechniken &#8211; Teil 1 &#8211; DVD<\/strong><\/p>\n<p><strong>Grundlagen, Finger- und Handgelenk Hebel<\/strong><\/p>\n<p><strong>Sprache: Deutsch <\/strong><br \/>\nLaufzeit (Min.): DVD, 70 Minuten<br \/>\n<strong>Produzent: ABANICO<\/strong><\/p>\n","protected":false},"featured_media":5075,"comment_status":"open","ping_status":"closed","template":"","meta":[],"product_brand":[],"product_cat":[7377,54,55],"product_tag":[1364,1374,1816,2110,2112,2114,1889,1376,1311,2116],"class_list":{"0":"post-1544","1":"product","2":"type-product","3":"status-publish","4":"has-post-thumbnail","6":"product_cat-aktuelles-programm-de","7":"product_cat-dvd-pal-de","8":"product_cat-modern-arnis-dvd-pal-de-de","9":"product_tag-deutsch-de","10":"product_tag-dieter-knuettel-de","11":"product_tag-dvd-en-de","12":"product_tag-ellbogenhebel-de","13":"product_tag-hebelkette-de","14":"product_tag-hebeln-aus-einem-drill-de","15":"product_tag-hebeltechniken-de","16":"product_tag-modern-arnis-de","17":"product_tag-pal-de","18":"product_tag-schulterhebel-de","19":"product_shipping_class-4689","21":"first","22":"instock","23":"taxable","24":"shipping-taxable","25":"purchasable","26":"product-type-simple"},"_links":{"self":[{"href":"https:\/\/www.abanico.de\/abanico\/wp-json\/wp\/v2\/product\/1544","targetHints":{"allow":["GET"]}}],"collection":[{"href":"https:\/\/www.abanico.de\/abanico\/wp-json\/wp\/v2\/product"}],"about":[{"href":"https:\/\/www.abanico.de\/abanico\/wp-json\/wp\/v2\/types\/product"}],"replies":[{"embeddable":true,"href":"https:\/\/www.abanico.de\/abanico\/wp-json\/wp\/v2\/comments?post=1544"}],"wp:featuredmedia":[{"embeddable":true,"href":"https:\/\/www.abanico.de\/abanico\/wp-json\/wp\/v2\/media\/5075"}],"wp:attachment":[{"href":"https:\/\/www.abanico.de\/abanico\/wp-json\/wp\/v2\/media?parent=1544"}],"wp:term":[{"taxonomy":"product_brand","embeddable":true,"href":"https:\/\/www.abanico.de\/abanico\/wp-json\/wp\/v2\/product_brand?post=1544"},{"taxonomy":"product_cat","embeddable":true,"href":"https:\/\/www.abanico.de\/abanico\/wp-json\/wp\/v2\/product_cat?post=1544"},{"taxonomy":"product_tag","embeddable":true,"href":"https:\/\/www.abanico.de\/abanico\/wp-json\/wp\/v2\/product_tag?post=1544"}],"curies":[{"name":"wp","href":"https:\/\/api.w.org\/{rel}","templated":true}]}}