{"id":15379,"date":"2025-02-11T11:29:30","date_gmt":"2025-02-11T10:29:30","guid":{"rendered":"https:\/\/www.abanico.de\/abanico\/?post_type=product&#038;p=15379"},"modified":"2025-02-18T11:46:02","modified_gmt":"2025-02-18T10:46:02","slug":"entwaffnungsansaetze-plan-b-download-de","status":"publish","type":"product","link":"https:\/\/www.abanico.de\/abanico\/shop\/download-de\/modern-arnis-download-de\/grossmeister-und-meister-des-modern-arnis\/entwaffnungsansaetze-plan-b-download-de\/","title":{"rendered":"Entwaffnungsans\u00e4tze: Plan B &#8211; Teil 1 &#8211; Download &#8211; DE"},"content":{"rendered":"<p>Dieses Lehrgangs-Video behandelt Entwaffnungsans\u00e4tze Teil 1. Eine Entwaffnung funktioniert nicht.<br \/>\nAlso muss Plan B (C, D oder E) her, wie die Technik weitergef\u00fchrt wird. In Teil 1 wird anhand der 1. Serie werden auf die Angriffe 1 und 2 viele L\u00f6sungen und Konzepte gezeigt, wie die Technik zu einem erfolgreichen Ende gef\u00fchrt werden kann.<\/p>\n<p>Es werden viele Details gezeigt und Informationen gegeben die die korrekte Ausf\u00fchrung der Techniken erleichtern.<br \/>\nWie immer, wird auch auf Probleme und L\u00f6sungen eingegangen.<\/p>\n<p>Sie werden viel Spa\u00df mit diesem Video haben!<\/p>\n<p>Das Video hat Kapitelmarker.<br \/>\nErkl\u00e4rung hier: <em><strong><a href=\"https:\/\/www.abanico.de\/abanico\/kapitel-in-download-videos\/\"><span style=\"color: #ff0000;\">Kapitelmarker<\/span><\/a><\/strong><\/em><\/p>\n<p>Hier der Inhalt des Videos:<\/p>\n<p>00:00\u00a0 Vorspann<br \/>\n00:28\u00a0 Willkommen und Einleitung<br \/>\n00:47\u00a0 1. Serie &#8211; Angriff 1<br \/>\n01:06\u00a0\u00a0\u00a0\u00a0 &#8211; Version 1: kreuzen und trappen<br \/>\n02:21\u00a0\u00a0\u00a0\u00a0\u00a0\u00a0\u00a0 &#8211; Details zur Ausf\u00fchrung<br \/>\n04:25\u00a0 \u00a0\u00a0\u00a0\u00a0\u00a0 &#8211; Details zur 1. Serie auf Angriff 1<br \/>\n07:38 \u00a0\u00a0\u00a0\u00a0\u00a0\u00a0 &#8211; Wenn die linke Hand angreift<br \/>\n09:35 \u00a0\u00a0\u00a0\u00a0\u00a0\u00a0 &#8211; Die eigene linke Hand checkt von innen<br \/>\n12:53 \u00a0\u00a0\u00a0\u00a0\u00a0\u00a0 &#8211; Die eigene linke Hand checkt von au\u00dfen<br \/>\n16:22\u00a0\u00a0\u00a0\u00a0 &#8211; Version 2: Mit dem Stock angreifen<br \/>\n19:49 \u00a0\u00a0\u00a0\u00a0\u00a0\u00a0 &#8211; Details zur Ausf\u00fchrung<br \/>\n20:55\u00a0 1. Serie &#8211; Angriff 2<br \/>\n21:08\u00a0\u00a0\u00a0\u00a0 &#8211; Version 1: Mit dem Stock angreifen: Banda Sonquete<br \/>\n21:42 \u00a0\u00a0\u00a0\u00a0\u00a0\u00a0 &#8211; Sonquete Bedeutung und Ausf\u00fchrung<br \/>\n23:35 \u00a0\u00a0\u00a0\u00a0\u00a0\u00a0 &#8211; Sonquete &#8211; Sicherheitshinweise<br \/>\n24:26\u00a0\u00a0\u00a0\u00a0 &#8211; Version 2: Stich 11 und Banda y Banda&#8230;<br \/>\n26:52\u00a0\u00a0\u00a0\u00a0 &#8211; Version 3: Mit der freien Hand arbeiten&#8230;<br \/>\n28:46\u00a0 1. Serie &#8211; Angriff 1: Reverseblock<br \/>\n28:54\u00a0\u00a0\u00a0\u00a0 &#8211; Version 1: Butt &#8211; Entwaffnung<br \/>\n29:52 \u00a0\u00a0\u00a0\u00a0\u00a0\u00a0 &#8211; Details zur Ausf\u00fchrung<br \/>\n31:36 \u00a0 \u00a0 &#8211; Version 2 Hand Quetscher&#8230;<br \/>\n33:00 \u00a0\u00a0\u00a0\u00a0\u00a0\u00a0 &#8211; Details zur Ausf\u00fchrung<br \/>\n35:42\u00a0\u00a0\u00a0\u00a0 &#8211; Version 3: Entwaffnung mit Sonquete<br \/>\n36:53\u00a0 1. Serie &#8211; Angriff 2<br \/>\n36:59\u00a0\u00a0\u00a0\u00a0 &#8211; Anwendungen der Techniken von Angriff 1<br \/>\n37:32\u00a0\u00a0\u00a0\u00a0 &#8211; Version 1: Quetscher von unten&#8230;<br \/>\n39:02 \u00a0\u00a0\u00a0\u00a0\u00a0\u00a0 &#8211; Details zur Ausf\u00fchrung<br \/>\n40:51 \u00a0 \u00a0 &#8211; Version 2: Abanico mit Entwafffnung<br \/>\n41:51 \u00a0\u00a0\u00a0\u00a0\u00a0\u00a0 &#8211; Details zur Ausf\u00fchrung<br \/>\n43:11\u00a0 Verabschiedung<br \/>\n43.30\u00a0 Abspann<br \/>\n43.57\u00a0 Ende<\/p>\n<p>Dies alles wird im dem Video detailliert erkl\u00e4rt und demonstriert.<\/p>\n<h4>Das Download-Video ist Teil der Serie:\u00a0 Lehrgangs Videos von und mit GM Datu Dieter Kn\u00fcttel und andern Meistern und Gro\u00dfmeistern.<br \/>\nNicht nur schnelle Demos, von denen es so viele auf Youtube zu sehen gibt, sondern Unterricht mit Erkl\u00e4rungen des &#8222;Was, Warum und Wie&#8220; mit vielen wichtigen Details, die bei reinen Demos verloren gehen.<\/h4>\n<p><strong>Videos, von denen man wirklich lernen kann.<\/strong><\/p>\n<h3>Trailer<\/h3>\n<hr \/>\n<div style=\"width: 640px;\" class=\"wp-video\"><video class=\"wp-video-shortcode\" id=\"video-15379-1\" width=\"640\" height=\"360\" preload=\"metadata\" controls=\"controls\"><source type=\"video\/mp4\" src=\"https:\/\/www.abanico.de\/abanico\/wp-content\/files\/trailer\/2025-02-Filderstadt-Trailer-Enttwaffnungs-Ansaetze.m4v?_=1\" \/><a href=\"https:\/\/www.abanico.de\/abanico\/wp-content\/files\/trailer\/2025-02-Filderstadt-Trailer-Enttwaffnungs-Ansaetze.m4v\">https:\/\/www.abanico.de\/abanico\/wp-content\/files\/trailer\/2025-02-Filderstadt-Trailer-Enttwaffnungs-Ansaetze.m4v<\/a><\/video><\/div>\n<p>Musik:<br \/>\n<b>Rock Intro 3<\/b> von Audionautix ist unter der Lizenz &#8222;Creative Commons Attribution&#8220; (<span lang=\"zxx\"><u><a href=\"https:\/\/creativecommons.org\/licenses\/by\/4.0\/\" target=\"_blank\" rel=\"noopener noreferrer\">https:\/\/creativecommons.org\/licenses\/by\/4.0\/<\/a><\/u><\/span>) lizenziert.<br \/>\nK\u00fcnstler: <span lang=\"zxx\"><u><a href=\"http:\/\/audionautix.com\/\" target=\"_blank\" rel=\"noopener noreferrer\">http:\/\/audionautix.com\/<\/a><\/u><\/span><\/p>\n<hr \/>\n<h4><a href=\"https:\/\/www.abanico.de\/abanico\/dieter-knuettel-de\/\"><strong><span style=\"color: #ff0000;\"><em>Gro\u00dfmeister Datu Dieter Kn\u00fcttel<\/em><\/span><\/strong><\/a><\/h4>\n<h4>ist Diplom-Sportlehrer, Bundestrainer f\u00fcr Modern Arnis (seit 1985) und Modern Arnis Repr\u00e4sentant f\u00fcr Europa.<\/h4>\n<p>Er unterrichtet Selbstverteidigung seit Ende der 70er Jahre in ganz Deutschland aber auch weltweit.<\/p>\n<p>1996 wurde ihm der Titel Datu und der Grad Lakan Anim, 6. Dan Modern Arnis, von Gro\u00dfmeister Remy A. Presas (10. Dan) pers\u00f6nlich als 4. Arnis-Lehrer au\u00dferhalb der Philippinen und als erstem au\u00dferhalb der USA, verliehen<br \/>\nNachdem er den 7., 8. und 9. Dan auf den Philippinen verliehen bekommen hatte, wurde m 24.9.2016 in Dortmund \u00f6ffentlich bekanntgegeben, dass er von Gro\u00dfmeister Roberto Presas den 10. Dan Modern Arnis verliehen bekommen hatte.<\/p>\n<p>Dieter Kn\u00fcttel betreibt Kampfsport seit 1967 und philippinische Kampfk\u00fcnste seit 1978. Er unterrichtet Modern Arnis auf Lehrg\u00e4ngen \u00fcberall in Europa, Russland, Australien und in den USA.<\/p>\n<div class=\"avia_textblock avia_textblock_style\" data-update_with=\"content\">\n<hr \/>\n<\/div>\n<div class=\"avia_textblock avia_textblock_style\" data-update_with=\"content\"><\/div>\n","protected":false},"excerpt":{"rendered":"<h2><strong>Entwaffnungsans\u00e4tze: Plan B &#8211; Teil 1 &#8211; Download &#8211; DE<\/strong><\/h2>\n<p><strong>Sprache: deutsch &#8211; download<\/strong><br \/>\nLaufzeit (Min.): 48<br \/>\n<strong>Produzent: ABANICO<\/strong><\/p>\n","protected":false},"featured_media":15417,"comment_status":"open","ping_status":"closed","template":"","meta":[],"product_brand":[],"product_cat":[39,7329,7336,40,685],"product_tag":[913,9022,1370,1372,1374,9231,1426,1301,2062,2217,1376,10324,7618,9163,9042,1845,9229,1847,1708],"class_list":{"0":"post-15379","1":"product","2":"type-product","3":"status-publish","4":"has-post-thumbnail","6":"product_cat-download-de","7":"product_cat-grossmeister-und-meister-des-modern-arnis","8":"product_cat-lehrgaenge-mit-gm-datu-dieter-knuettel","9":"product_cat-modern-arnis-download-de","10":"product_cat-seminar-videos-download-de","11":"product_tag-anwendungen-de","12":"product_tag-datu-dieter","13":"product_tag-dav-de","14":"product_tag-deutscher-arnis-verband-de","15":"product_tag-dieter-knuettel-de","16":"product_tag-download-video","17":"product_tag-entwaffnungen-de","18":"product_tag-eskrima-de","19":"product_tag-hebel-de","20":"product_tag-kali-de","21":"product_tag-modern-arnis-de","22":"product_tag-plan-b","23":"product_tag-realistische-selbstverteidigung","24":"product_tag-remy-presas","25":"product_tag-selbstschutz","26":"product_tag-selbstverteidigung-de","27":"product_tag-seminar-video","28":"product_tag-sv-de","29":"product_tag-verteidigung-de","31":"first","32":"instock","33":"downloadable","34":"virtual","35":"sold-individually","36":"taxable","37":"purchasable","38":"product-type-simple"},"_links":{"self":[{"href":"https:\/\/www.abanico.de\/abanico\/wp-json\/wp\/v2\/product\/15379","targetHints":{"allow":["GET"]}}],"collection":[{"href":"https:\/\/www.abanico.de\/abanico\/wp-json\/wp\/v2\/product"}],"about":[{"href":"https:\/\/www.abanico.de\/abanico\/wp-json\/wp\/v2\/types\/product"}],"replies":[{"embeddable":true,"href":"https:\/\/www.abanico.de\/abanico\/wp-json\/wp\/v2\/comments?post=15379"}],"wp:featuredmedia":[{"embeddable":true,"href":"https:\/\/www.abanico.de\/abanico\/wp-json\/wp\/v2\/media\/15417"}],"wp:attachment":[{"href":"https:\/\/www.abanico.de\/abanico\/wp-json\/wp\/v2\/media?parent=15379"}],"wp:term":[{"taxonomy":"product_brand","embeddable":true,"href":"https:\/\/www.abanico.de\/abanico\/wp-json\/wp\/v2\/product_brand?post=15379"},{"taxonomy":"product_cat","embeddable":true,"href":"https:\/\/www.abanico.de\/abanico\/wp-json\/wp\/v2\/product_cat?post=15379"},{"taxonomy":"product_tag","embeddable":true,"href":"https:\/\/www.abanico.de\/abanico\/wp-json\/wp\/v2\/product_tag?post=15379"}],"curies":[{"name":"wp","href":"https:\/\/api.w.org\/{rel}","templated":true}]}}