{"id":15333,"date":"2025-01-27T18:07:48","date_gmt":"2025-01-27T17:07:48","guid":{"rendered":"https:\/\/www.abanico.de\/abanico\/?post_type=product&#038;p=15333"},"modified":"2025-01-28T10:07:07","modified_gmt":"2025-01-28T09:07:07","slug":"fortgeschrittene-hebeltechniken-download-de","status":"publish","type":"product","link":"https:\/\/www.abanico.de\/abanico\/shop\/download-de\/modern-arnis-download-de\/grossmeister-und-meister-des-modern-arnis\/fortgeschrittene-hebeltechniken-download-de\/","title":{"rendered":"Fortgeschrittene Hebeltechniken &#8211; Download &#8211; DE"},"content":{"rendered":"<p>Dieses Lehrgangs-Video behandelt fortgeschrittene Hebeltechniken, haupts\u00e4chlich im waffenlosen Bereich.<br \/>\nDie Hebel werden nach dem Streckhebel oder nach dem Z-Hebel ausgef\u00fcht.<\/p>\n<p>Es werden viele Details\u00a0 gezeigt und Informationen gegebendie die korrrekte Ausf\u00fchrung der Hebel erleichtern.<\/p>\n<p>Wie immer, wird auch auf Probleme und L\u00f6sungen eingegangen.<\/p>\n<p>Sie werden viel Spass mit diesem Video haben!<\/p>\n<p>Das Video hat Kapitelmarker.<br \/>\nErkl\u00e4rung hier: <em><strong><a href=\"https:\/\/www.abanico.de\/abanico\/kapitel-in-download-videos\/\"><span style=\"color: #ff0000;\">Kapitelmarker<\/span><\/a><\/strong><\/em><\/p>\n<p>Hier der Inhalt des Videos:<\/p>\n<p>00:00\u00a0 Vorspann<br \/>\n00:27\u00a0 Willkommen und Einleitung<br \/>\n00:46\u00a0 Armstreckhebel<br \/>\n01:16\u00a0\u00a0\u00a0\u00a0 &#8211; Details zur Ausf\u00fchrung<br \/>\n02:16\u00a0 Armdrehhebel &#8211; Schritt 90\u00b0<br \/>\n02:41\u00a0\u00a0\u00a0\u00a0 &#8211; Den Griff verst\u00e4rken<br \/>\n03:52 \u00a0 &#8211; Prinzip: Der geschlossene Kreis<br \/>\n05:42\u00a0\u00a0\u00a0\u00a0 &#8211; Griff\u00fcbung f\u00fcr den Armdrehhebel<br \/>\n06:21\u00a0\u00a0\u00a0\u00a0 &#8211; Die linke Hand sichern<br \/>\n07:21\u00a0\u00a0\u00a0\u00a0 &#8211; Der Zeitpunkt f\u00fcr den Druck<br \/>\n09:42\u00a0 Armdrehhebel &#8211; Schritt 180\u00b0<br \/>\n12:00\u00a0 Handgelenk Kompressionshebel<br \/>\n13:47\u00a0 Doppelte Armkontrolle &#8211; R\u00fccken<br \/>\n14:35\u00a0\u00a0\u00a0\u00a0 &#8211; Plan B, C &#8230;<br \/>\n15:56\u00a0\u00a0\u00a0\u00a0 &#8211; Details zur Ausf\u00fchrung<br \/>\n16:36\u00a0 Doppelte Armkontrolle &#8211; Hals<br \/>\n18:16\u00a0\u00a0\u00a0\u00a0 &#8211; Details zur Ausf\u00fchrung<br \/>\n19:22\u00a0 Umgekehrter Z-Hebel<br \/>\n23:43 \u00a0 \u00a0 &#8211; Details zur Ausf\u00fchrung<br \/>\n24:54\u00a0 Z-Hebel<br \/>\n25:23\u00a0\u00a0\u00a0\u00a0 &#8211; Details zur Ausf\u00fchrung<br \/>\n27:35\u00a0\u00a0\u00a0\u00a0 &#8211; Eing\u00e4nge und Anwendungen vom Z-Hebel<br \/>\n30:25\u00a0\u00a0\u00a0 &#8211; Details zum richtigen Griff<br \/>\n31:12\u00a0 Z-Hebel aus dem Armstreckhebel<br \/>\n34:41 \u00a0 \u00a0 &#8211; Hyper bewegliches Handgelenk<br \/>\n35:55\u00a0 Fingerhebel im Schulterbeugehebel<br \/>\n38:01\u00a0\u00a0\u00a0\u00a0 &#8211; Beschleunigung durch eine Drehung<br \/>\n40:06\u00a0 Hebel aus einem Drill<br \/>\n44:05\u00a0 Stock-Stock &#8211; links gegen rechts<br \/>\n44:15\u00a0\u00a0\u00a0\u00a0 &#8211; Armdrehhebel &#8211; Schritt 90\u00b0 und 180\u00b0<br \/>\n45:30\u00a0\u00a0\u00a0\u00a0 &#8211; Umgekehrter Z-Hebel<br \/>\n47:28\u00a0 Verabschiedung<br \/>\n47:49\u00a0 Abspann<br \/>\n48:17\u00a0 Ende<\/p>\n<p>Dies alles wird im dem Video detailliert erkl\u00e4rt und demonstriert.<\/p>\n<h4>Das Download-Video ist Teil der Serie:\u00a0 Lehrgangs Videos von und mit GM Datu Dieter Kn\u00fcttel und andern Meistern und Gro\u00dfmeistern.<br \/>\nNicht nur schnelle Demos, von denen es so viele auf Youtube zu sehen gibt, sondern Unterricht mit Erkl\u00e4rungen des &#8222;Was, Warum und Wie&#8220; mit vielen wichtigen Details, die bei reinen Demos verloren gehen.<\/h4>\n<p><strong>Videos, von denen man wirklich lernen kann.<\/strong><\/p>\n<h3>Trailer<\/h3>\n<hr \/>\n<div style=\"width: 640px;\" class=\"wp-video\"><video class=\"wp-video-shortcode\" id=\"video-15333-1\" width=\"640\" height=\"360\" preload=\"metadata\" controls=\"controls\"><source type=\"video\/mp4\" src=\"https:\/\/www.abanico.de\/abanico\/wp-content\/files\/trailer\/2025-01-Schlo\u00df-Holte-Trailer-Fortg-Hebel.m4v?_=1\" \/><a href=\"https:\/\/www.abanico.de\/abanico\/wp-content\/files\/trailer\/2025-01-Schlo\u00df-Holte-Trailer-Fortg-Hebel.m4v\">https:\/\/www.abanico.de\/abanico\/wp-content\/files\/trailer\/2025-01-Schlo\u00df-Holte-Trailer-Fortg-Hebel.m4v<\/a><\/video><\/div>\n<p>Musik:<br \/>\n<b>Rock Intro 3<\/b> von Audionautix ist unter der Lizenz &#8222;Creative Commons Attribution&#8220; (<span lang=\"zxx\"><u><a href=\"https:\/\/creativecommons.org\/licenses\/by\/4.0\/\" target=\"_blank\" rel=\"noopener noreferrer\">https:\/\/creativecommons.org\/licenses\/by\/4.0\/<\/a><\/u><\/span>) lizenziert.<br \/>\nK\u00fcnstler: <span lang=\"zxx\"><u><a href=\"http:\/\/audionautix.com\/\" target=\"_blank\" rel=\"noopener noreferrer\">http:\/\/audionautix.com\/<\/a><\/u><\/span><\/p>\n<hr \/>\n<h4><a href=\"https:\/\/www.abanico.de\/abanico\/dieter-knuettel-de\/\"><strong><span style=\"color: #ff0000;\"><em>Gro\u00dfmeister Datu Dieter Kn\u00fcttel<\/em><\/span><\/strong><\/a><\/h4>\n<h4>ist Diplom-Sportlehrer, Bundestrainer f\u00fcr Modern Arnis (seit 1985) und Modern Arnis Repr\u00e4sentant f\u00fcr Europa.<\/h4>\n<p>Er unterrichtet Selbstverteidigung seit Ende der 70er Jahre in ganz Deutschland aber auch weltweit.<\/p>\n<p>1996 wurde ihm der Titel Datu und der Grad Lakan Anim, 6. Dan Modern Arnis, von Gro\u00dfmeister Remy A. Presas (10. Dan) pers\u00f6nlich als 4. Arnis-Lehrer au\u00dferhalb der Philippinen und als erstem au\u00dferhalb der USA, verliehen<br \/>\nNachdem er den 7., 8. und 9. Dan auf den Philippinen verliehen bekommen hatte, wurde m 24.9.2016 in Dortmund \u00f6ffentlich bekanntgegeben, dass er von Gro\u00dfmeister Roberto Presas den 10. Dan Modern Arnis verliehen bekommen hatte.<\/p>\n<p>Dieter Kn\u00fcttel betreibt Kampfsport seit 1967 und philippinische Kampfk\u00fcnste seit 1978. Er unterrichtet Modern Arnis auf Lehrg\u00e4ngen \u00fcberall in Europa, Russland, Australien und in den USA.<\/p>\n<div class=\"avia_textblock avia_textblock_style\" data-update_with=\"content\">\n<hr \/>\n<\/div>\n<div class=\"avia_textblock avia_textblock_style\" data-update_with=\"content\"><\/div>\n","protected":false},"excerpt":{"rendered":"<h2><strong>Fortgeschrittene Hebeltechniken &#8211; Download &#8211; DE<\/strong><\/h2>\n<p><strong>Sprache: deutsch &#8211; download<\/strong><br \/>\nLaufzeit (Min.): 48<br \/>\n<strong>Produzent: ABANICO<\/strong><\/p>\n","protected":false},"featured_media":15338,"comment_status":"open","ping_status":"closed","template":"","meta":[],"product_brand":[],"product_cat":[39,7329,7336,40,685],"product_tag":[913,1881,9022,1370,1372,1374,9231,1301,2062,1889,2217,1376,7618,9163,9042,1845,9229,1847,1708,10322],"class_list":{"0":"post-15333","1":"product","2":"type-product","3":"status-publish","4":"has-post-thumbnail","6":"product_cat-download-de","7":"product_cat-grossmeister-und-meister-des-modern-arnis","8":"product_cat-lehrgaenge-mit-gm-datu-dieter-knuettel","9":"product_cat-modern-arnis-download-de","10":"product_cat-seminar-videos-download-de","11":"product_tag-anwendungen-de","12":"product_tag-armstreckhebel-de","13":"product_tag-datu-dieter","14":"product_tag-dav-de","15":"product_tag-deutscher-arnis-verband-de","16":"product_tag-dieter-knuettel-de","17":"product_tag-download-video","18":"product_tag-eskrima-de","19":"product_tag-hebel-de","20":"product_tag-hebeltechniken-de","21":"product_tag-kali-de","22":"product_tag-modern-arnis-de","23":"product_tag-realistische-selbstverteidigung","24":"product_tag-remy-presas","25":"product_tag-selbstschutz","26":"product_tag-selbstverteidigung-de","27":"product_tag-seminar-video","28":"product_tag-sv-de","29":"product_tag-verteidigung-de","30":"product_tag-z-hebel","32":"first","33":"instock","34":"downloadable","35":"virtual","36":"sold-individually","37":"taxable","38":"purchasable","39":"product-type-simple"},"_links":{"self":[{"href":"https:\/\/www.abanico.de\/abanico\/wp-json\/wp\/v2\/product\/15333","targetHints":{"allow":["GET"]}}],"collection":[{"href":"https:\/\/www.abanico.de\/abanico\/wp-json\/wp\/v2\/product"}],"about":[{"href":"https:\/\/www.abanico.de\/abanico\/wp-json\/wp\/v2\/types\/product"}],"replies":[{"embeddable":true,"href":"https:\/\/www.abanico.de\/abanico\/wp-json\/wp\/v2\/comments?post=15333"}],"wp:featuredmedia":[{"embeddable":true,"href":"https:\/\/www.abanico.de\/abanico\/wp-json\/wp\/v2\/media\/15338"}],"wp:attachment":[{"href":"https:\/\/www.abanico.de\/abanico\/wp-json\/wp\/v2\/media?parent=15333"}],"wp:term":[{"taxonomy":"product_brand","embeddable":true,"href":"https:\/\/www.abanico.de\/abanico\/wp-json\/wp\/v2\/product_brand?post=15333"},{"taxonomy":"product_cat","embeddable":true,"href":"https:\/\/www.abanico.de\/abanico\/wp-json\/wp\/v2\/product_cat?post=15333"},{"taxonomy":"product_tag","embeddable":true,"href":"https:\/\/www.abanico.de\/abanico\/wp-json\/wp\/v2\/product_tag?post=15333"}],"curies":[{"name":"wp","href":"https:\/\/api.w.org\/{rel}","templated":true}]}}