{"id":1508,"date":"2018-03-05T15:47:46","date_gmt":"2018-03-05T14:47:46","guid":{"rendered":"http:\/\/localhost:8888\/projekt4\/produkt\/import-placeholder-for-3753\/"},"modified":"2018-12-03T23:43:38","modified_gmt":"2018-12-03T22:43:38","slug":"klassische-stile-das-modern-arnis-dvd-deutsch","status":"publish","type":"product","link":"https:\/\/www.abanico.de\/abanico\/shop\/dvd-pal-de\/modern-arnis-dvd-pal-de-de\/grossmeister-und-meister-des-modern-arnis-de\/klassische-stile-das-modern-arnis-dvd-deutsch\/","title":{"rendered":"Klassische Stile des Modern Arnis &#8211; DVD &#8211; PAL &#8211; DE"},"content":{"rendered":"<p>Auf diesem Video f\u00fchrt Sie Gro\u00dfmeister Dulay in die klassischen Stile des Modern Arnis ein.<\/p>\n<p><strong>Vorspann <\/strong><br \/>\n<strong>Vorwort <\/strong><\/p>\n<p><strong>Palis-Palis <\/strong><br \/>\nAngriffe Bl\u00f6cke Gegenangriffe Entwaffnungen W\u00fcrfe Flussdrill<\/p>\n<p><strong>5 Angriffswinkel <\/strong><\/p>\n<p><strong>Abaniko <\/strong><br \/>\nBl\u00f6cke Gegenangriffe Entwaffnungen W\u00fcrger W\u00fcrfe Flussdrill<\/p>\n<p><strong>Sungkite <\/strong><br \/>\nBl\u00f6cke Gegenangriffe Entwaffnungen W\u00fcrger Flussdrill<\/p>\n<p><strong>Dikitan <\/strong><br \/>\nBl\u00f6cke Gegenangriffe Entwaffnungen Hebel Flussdrill<\/p>\n<p><strong>Krusada <\/strong><br \/>\nEspada y Daga Bl\u00f6cke Gegenangriffe Entwaffnungen Hebel Flussdrill Doppelstock Bl\u00f6cke Flussdrill<\/p>\n<p><strong>Gro\u00dfmeister Samuel &#8222;Bambit&#8220; Dulay<\/strong><br \/>\n8. Dan Modern Arnis begann mit seinem FMA Training 1968. Er lernte bei allen 3 Presas Br\u00fcdern sowie bei GM Christino Vasquez und GM Rene Tongson eowie vielen weiteren Lehrern. 1999 wurde Gro\u00dfmeister Dulay von Gro\u00dfmeister Remy A. Presas zum Cheftrainer f\u00fcr Modern Arnis auf den Philippinen ernannt. Bis heute unterrichtet GM Dulay auf den Philippinen und weltweit das Modern Arnis in all seinen Facetten.<\/p>\n<p>&nbsp;<\/p>\n<div class=\"avia_textblock avia_textblock_style\" data-update_with=\"content\">\n<hr \/>\n<\/div>\n<div class=\"avia_textblock avia_textblock_style\" data-update_with=\"content\">\n<h3>Trailer<\/h3>\n<div style=\"width: 640px;\" class=\"wp-video\"><video class=\"wp-video-shortcode\" id=\"video-1508-1\" width=\"640\" height=\"360\" preload=\"metadata\" controls=\"controls\"><source type=\"video\/mp4\" src=\"https:\/\/www.abanico.de\/abanico\/wp-content\/files\/trailer\/D-Dul-SD-Vorspann.mp4?_=1\" \/><a href=\"https:\/\/www.abanico.de\/abanico\/wp-content\/files\/trailer\/D-Dul-SD-Vorspann.mp4\">https:\/\/www.abanico.de\/abanico\/wp-content\/files\/trailer\/D-Dul-SD-Vorspann.mp4<\/a><\/video><\/div>\n<p>&nbsp;<\/p>\n<\/div>\n","protected":false},"excerpt":{"rendered":"<h2>Klassische Stile des Modern Arnis &#8211; DVD &#8211; PAL &#8211; DE<\/h2>\n<p><strong>Palis-Palis, Abaniko, Sungkite, Dikitan Kruzada<\/strong><br \/>\n<strong>Sprache: Deutsch &#8211; TV-System: PAL<\/strong><br \/>\nLaufzeit (Min.): 58<br \/>\n<strong>Produzent: ABANICO<\/strong><\/p>\n","protected":false},"featured_media":5152,"comment_status":"open","ping_status":"closed","template":"","meta":[],"product_brand":[],"product_cat":[54,7367,55],"product_tag":[826,827,1364,1374,828,1816,2158,2154,1376,1311,829,830],"class_list":{"0":"post-1508","1":"product","2":"type-product","3":"status-publish","4":"has-post-thumbnail","6":"product_cat-dvd-pal-de","7":"product_cat-grossmeister-und-meister-des-modern-arnis-de","8":"product_cat-modern-arnis-dvd-pal-de-de","9":"product_tag-abaniko-de","10":"product_tag-arnis-classical-de","11":"product_tag-deutsch-de","12":"product_tag-dieter-knuettel-de","13":"product_tag-dikitan-kruzada-de","14":"product_tag-dvd-en-de","15":"product_tag-klassische-stile-de","16":"product_tag-krusada","17":"product_tag-modern-arnis-de","18":"product_tag-pal-de","19":"product_tag-palis-palis-de","20":"product_tag-sungkite-de","21":"product_shipping_class-4689","23":"first","24":"instock","25":"taxable","26":"shipping-taxable","27":"purchasable","28":"product-type-simple"},"_links":{"self":[{"href":"https:\/\/www.abanico.de\/abanico\/wp-json\/wp\/v2\/product\/1508","targetHints":{"allow":["GET"]}}],"collection":[{"href":"https:\/\/www.abanico.de\/abanico\/wp-json\/wp\/v2\/product"}],"about":[{"href":"https:\/\/www.abanico.de\/abanico\/wp-json\/wp\/v2\/types\/product"}],"replies":[{"embeddable":true,"href":"https:\/\/www.abanico.de\/abanico\/wp-json\/wp\/v2\/comments?post=1508"}],"wp:featuredmedia":[{"embeddable":true,"href":"https:\/\/www.abanico.de\/abanico\/wp-json\/wp\/v2\/media\/5152"}],"wp:attachment":[{"href":"https:\/\/www.abanico.de\/abanico\/wp-json\/wp\/v2\/media?parent=1508"}],"wp:term":[{"taxonomy":"product_brand","embeddable":true,"href":"https:\/\/www.abanico.de\/abanico\/wp-json\/wp\/v2\/product_brand?post=1508"},{"taxonomy":"product_cat","embeddable":true,"href":"https:\/\/www.abanico.de\/abanico\/wp-json\/wp\/v2\/product_cat?post=1508"},{"taxonomy":"product_tag","embeddable":true,"href":"https:\/\/www.abanico.de\/abanico\/wp-json\/wp\/v2\/product_tag?post=1508"}],"curies":[{"name":"wp","href":"https:\/\/api.w.org\/{rel}","templated":true}]}}