{"id":1496,"date":"2018-03-05T15:47:40","date_gmt":"2018-03-05T14:47:40","guid":{"rendered":"http:\/\/localhost:8888\/projekt4\/produkt\/import-placeholder-for-3741\/"},"modified":"2020-01-23T11:06:58","modified_gmt":"2020-01-23T10:06:58","slug":"doce-pares-angebot","status":"publish","type":"product","link":"https:\/\/www.abanico.de\/abanico\/shop\/dvd-pal-de\/doce-pares-dvd-pal-de-de\/doce-pares-angebot\/","title":{"rendered":"Doce Pares Angebot &#8211; DVD &#8211; PAL &#8211; DE"},"content":{"rendered":"<p>Mit diesem Angebot erhalten Sie die 4 Doce Pares Videos: Doce Pares 1 &#8211; 3 sowie Vollkontakt Stockkampf.<\/p>\n<p>Die detaillierte Beschreibung der Inhalte<\/p>\n<p><strong>D-DP1<\/strong><\/p>\n<p>In diesem Video lernen Sie die Grundtechniken des Doce Pares Eskrima Systems. Sie sehen die Grundlagen wie z.B.<\/p>\n<ul>\n<li>die Verbeugung,<\/li>\n<li>den Griff,<\/li>\n<li>die Stellungen, sowie<\/li>\n<li>die Grundtechniken,<\/li>\n<li>die Schl\u00e4ge,<\/li>\n<li>12 Angriffspunkte,<\/li>\n<li>Wirbeltechniken,<\/li>\n<li>Bl\u00f6cke,<\/li>\n<li>Gegenangriffe,<\/li>\n<li>Form 1<\/li>\n<li>Form 2,<\/li>\n<li>Abcdario,<\/li>\n<li>Stockentwaffnungen,<\/li>\n<li>Entwaffnungen ohne Stock,<\/li>\n<li>sowie Drills mit und ohne Stock.<\/li>\n<\/ul>\n<div style=\"width: 640px;\" class=\"wp-video\"><video class=\"wp-video-shortcode\" id=\"video-1496-1\" width=\"640\" height=\"360\" preload=\"metadata\" controls=\"controls\"><source type=\"video\/mp4\" src=\"https:\/\/www.abanico.de\/abanico\/wp-content\/files\/trailer\/D-DP1-SD-Vorspann.mp4?_=1\" \/><a href=\"https:\/\/www.abanico.de\/abanico\/wp-content\/files\/trailer\/D-DP1-SD-Vorspann.mp4\">https:\/\/www.abanico.de\/abanico\/wp-content\/files\/trailer\/D-DP1-SD-Vorspann.mp4<\/a><\/video><\/div>\n<hr \/>\n<p>D-DP2<\/p>\n<p>In diesem Video lernen Sie das erste Level der fortgeschrittenen Techniken des Doce Pares Eskrima.<\/p>\n<ul>\n<li>Verschiedene Stock-Drills wie z.B. Pingki Pingki mit einem oder zwei St\u00f6cken,<\/li>\n<li>Koordinations\u00fcbungen,<\/li>\n<li>viele Drills als Vorbereitung auf das Sparring mit einem Stock,<\/li>\n<li>kontrolliertes Sparring mit einem Stock,<\/li>\n<li>Form 3<\/li>\n<li>Form 4,<\/li>\n<li>Doce Pares Tapi-Tapi mit und ohne Stock,<\/li>\n<li>waffenlose Techniken und<\/li>\n<li>kontrolliertes Sparring ohne Stock.<\/li>\n<\/ul>\n<div style=\"width: 640px;\" class=\"wp-video\"><video class=\"wp-video-shortcode\" id=\"video-1496-2\" width=\"640\" height=\"360\" preload=\"metadata\" controls=\"controls\"><source type=\"video\/mp4\" src=\"https:\/\/www.abanico.de\/abanico\/wp-content\/files\/trailer\/D-DP2-SD-Vorspann.mp4?_=2\" \/><a href=\"https:\/\/www.abanico.de\/abanico\/wp-content\/files\/trailer\/D-DP2-SD-Vorspann.mp4\">https:\/\/www.abanico.de\/abanico\/wp-content\/files\/trailer\/D-DP2-SD-Vorspann.mp4<\/a><\/video><\/div>\n<hr \/>\n<p>D_DP3<\/p>\n<p>In diesem Video lernen Sie das zweite Level der Fortgeschrittenen-Techniken des Doce Pares Eskrima. Sie lernen die<\/p>\n<ul>\n<li>Formen 5<\/li>\n<li>Form 6 (Doppelstockform),<\/li>\n<li>Messertechniken:<\/li>\n<li>Messer-Angriffssystem,<\/li>\n<li>waffenlose Drills,<\/li>\n<li>Espada y Daga,<\/li>\n<li>Totsada y Largada,<\/li>\n<li>Form 7 (Espada y Daga), und<\/li>\n<li>Espada y Daga Tapi-Tapi in Anwendung.<\/li>\n<\/ul>\n<div style=\"width: 640px;\" class=\"wp-video\"><video class=\"wp-video-shortcode\" id=\"video-1496-3\" width=\"640\" height=\"360\" preload=\"metadata\" controls=\"controls\"><source type=\"video\/mp4\" src=\"https:\/\/www.abanico.de\/abanico\/wp-content\/files\/trailer\/D-DP3-SD-Vorspann.mp4?_=3\" \/><a href=\"https:\/\/www.abanico.de\/abanico\/wp-content\/files\/trailer\/D-DP3-SD-Vorspann.mp4\">https:\/\/www.abanico.de\/abanico\/wp-content\/files\/trailer\/D-DP3-SD-Vorspann.mp4<\/a><\/video><\/div>\n<hr \/>\n<p>D-VK<\/p>\n<p>In diesem Video lernen Sie alles, was Sie \u00fcber Vollkontakt Stockkampf der World Eskrima-Kali-Arnis Federation, WEKAF, wissen m\u00fcssen. Sie sehen<\/p>\n<ul>\n<li>die f\u00fcr das Training ben\u00f6tigte Ausr\u00fcstung,<\/li>\n<li>die Wettkampfregeln,<\/li>\n<li>die Stellungen und<\/li>\n<li>die erlaubten sowie die verbotenen Techniken.<\/li>\n<li>Sie lernen die offensiven und<\/li>\n<li>die defensiven Techniken,<\/li>\n<li>Trainingsmethoden und -\u00dcbungen sowie<\/li>\n<li>das Wertungssystem.<\/li>\n<li>Zum Schlu\u00df sehen Sie 3 Runden eines Vollkontakt-Kampfes sowohl in normaler Geschwindigkeit als auch in Zeitlupe.<\/li>\n<\/ul>\n<div style=\"width: 640px;\" class=\"wp-video\"><video class=\"wp-video-shortcode\" id=\"video-1496-4\" width=\"640\" height=\"360\" preload=\"metadata\" controls=\"controls\"><source type=\"video\/mp4\" src=\"https:\/\/www.abanico.de\/abanico\/wp-content\/files\/trailer\/D-VK-SD-Vorspann.mp4?_=4\" \/><a href=\"https:\/\/www.abanico.de\/abanico\/wp-content\/files\/trailer\/D-VK-SD-Vorspann.mp4\">https:\/\/www.abanico.de\/abanico\/wp-content\/files\/trailer\/D-VK-SD-Vorspann.mp4<\/a><\/video><\/div>\n<p>&nbsp;<\/p>\n<p>&nbsp;<\/p>\n<p><strong>Daniel &#8222;Danny&#8220; Guba und Percival Pableo<\/strong><br \/>\nDanny Guba begann 1964 mit dem Kampfsport. Er lernte von den Gro\u00dfmeistern Cacoy Canete und Momoy Canete. Seit 1986 trainiert er unter Gro\u00dfmeister Dionisio Canete. Danny war 5mal philippinischer Meister und ist amtierender Weltmeister im Vollkontakt Eskrima. Er ist Senior Instructor des Doce Pares Systems und tr\u00e4gt inzwischen den 9. Dan Doce Pares.<br \/>\nPercival Pableo begann Anfang der 80er Jahre mit dem Kampfsport. Er wurde 1985 Weltmeister im Vollkontakt Eskrima. Auch er ist Senior Instructor und tr\u00e4gt inzwischen den 9. Dan Doce Pares<\/p>\n","protected":false},"excerpt":{"rendered":"<h2>Doce Pares Angebot &#8211; DVD &#8211; PAL &#8211; DE<\/h2>\n<p><strong>4 DVDs \u00fcber Doce Pares und Vollkontakt Stockkampf<\/strong><br \/>\n<strong>Sprache: deutsch &#8211; TV-System: PAL<\/strong><br \/>\nLaufzeit (Min.): 197<br \/>\n<strong>Produzent: ABANICO<\/strong><\/p>\n","protected":false},"featured_media":6157,"comment_status":"open","ping_status":"closed","template":"","meta":[],"product_brand":[],"product_cat":[120,54],"product_tag":[121,41,122,58,59,123],"class_list":{"0":"post-1496","1":"product","2":"type-product","3":"status-publish","4":"has-post-thumbnail","6":"product_cat-doce-pares-dvd-pal-de-de","7":"product_cat-dvd-pal-de","8":"product_tag-danny-guba","9":"product_tag-deutsch","10":"product_tag-doce-pares","11":"product_tag-dvd","12":"product_tag-pal","13":"product_tag-percival-pableo","14":"product_shipping_class-4689","16":"first","17":"instock","18":"taxable","19":"shipping-taxable","20":"purchasable","21":"product-type-simple"},"_links":{"self":[{"href":"https:\/\/www.abanico.de\/abanico\/wp-json\/wp\/v2\/product\/1496","targetHints":{"allow":["GET"]}}],"collection":[{"href":"https:\/\/www.abanico.de\/abanico\/wp-json\/wp\/v2\/product"}],"about":[{"href":"https:\/\/www.abanico.de\/abanico\/wp-json\/wp\/v2\/types\/product"}],"replies":[{"embeddable":true,"href":"https:\/\/www.abanico.de\/abanico\/wp-json\/wp\/v2\/comments?post=1496"}],"wp:featuredmedia":[{"embeddable":true,"href":"https:\/\/www.abanico.de\/abanico\/wp-json\/wp\/v2\/media\/6157"}],"wp:attachment":[{"href":"https:\/\/www.abanico.de\/abanico\/wp-json\/wp\/v2\/media?parent=1496"}],"wp:term":[{"taxonomy":"product_brand","embeddable":true,"href":"https:\/\/www.abanico.de\/abanico\/wp-json\/wp\/v2\/product_brand?post=1496"},{"taxonomy":"product_cat","embeddable":true,"href":"https:\/\/www.abanico.de\/abanico\/wp-json\/wp\/v2\/product_cat?post=1496"},{"taxonomy":"product_tag","embeddable":true,"href":"https:\/\/www.abanico.de\/abanico\/wp-json\/wp\/v2\/product_tag?post=1496"}],"curies":[{"name":"wp","href":"https:\/\/api.w.org\/{rel}","templated":true}]}}