{"id":1467,"date":"2018-03-05T15:41:31","date_gmt":"2018-03-05T14:41:31","guid":{"rendered":"http:\/\/localhost:8888\/projekt4\/produkt\/import-placeholder-for-3733\/"},"modified":"2019-02-28T19:46:59","modified_gmt":"2019-02-28T18:46:59","slug":"dav-meister-auf-den-philippinen-download-video","status":"publish","type":"product","link":"https:\/\/www.abanico.de\/abanico\/shop\/download-de\/modern-arnis-download-de\/grossmeister-und-meister-des-modern-arnis\/dav-meister-auf-den-philippinen-download-video\/","title":{"rendered":"DAV-Meister auf den Philippinen &#8211; Download &#8211; DE"},"content":{"rendered":"<p>Die 3 Modern Arnis Meister des DAV, Senior Master J\u00f8rgen Gydesen, Senior Master Hans Karrer und Gro\u00dfmeister Datu Dieter Kn\u00fcttel unterrichteten im Juli 2010 w\u00e4hrend des 5. FMA Festivals, Modern Arnis als Repr\u00e4sentanten des Deutschen Arnis Verbandes, e.V., DAV.<br \/>\nAuf der Gala des Festivals erhielten SM Gydesen und SM Karrer den 7. Dan Moden Arnis von den anwesenden Gro\u00dfmeistern verliehen.<\/p>\n<p>Sehen Sie auf diesem download Video den Unterricht plus extra f\u00fcr dieses Video gefilmte Lehrteile, in denen die 3 Meister einige ihrer Spezialtechniken demonstrieren.<\/p>\n<p>Das Video hat Kapitelmarker.<br \/>\nErkl\u00e4rung hier: <em><strong><a href=\"https:\/\/www.abanico.de\/abanico\/kapitel-in-download-videos\/\"><span style=\"color: #ff0000;\">Kapitelmarker<\/span><\/a><\/strong><\/em><\/p>\n<p>Hier der Inhalt:<\/p>\n<p>Vorspann<br \/>\nEinleitung<\/p>\n<p><strong>SM J\u00f8rgen Gydesen <\/strong><br \/>\nStockhebelketten auf Angriff 1<br \/>\nStockhebelketten auf Angriff 2<br \/>\nUnterricht: Stockhebelketten<\/p>\n<p><strong>SM Hans Karrer <\/strong><br \/>\nKaranza: Karanza 1, 2 und 3,<br \/>\nKaranza Schwert, Wirbel,Stock Doppelstock Karanza<br \/>\nUnterricht 1: Karanza 3: Abanico corto mit Anwendungen<br \/>\nUnterricht 2: Modern Drill: Stock &#8211; waffenlos<\/p>\n<p><strong>GM Datu Dieter Kn\u00fcttel <\/strong><br \/>\nMesserentwaffnungen:<br \/>\n12 Messerentwaffnungen in einem Flussdrill<br \/>\n12 Dolchentwaffnungen in einem Flussdrill<br \/>\nUnterricht 1: Tapi-Tapi: Entwaffnungen und Hebeltechniken<br \/>\nUnterricht 2: Dulo-Dulo (Palmstick), Einsatz von Kugelschreiber und anderen kurzen Gegenst\u00e4nden in der SV<\/p>\n<p><strong>\u00dcber die Autoren:<\/strong><br \/>\n<strong>Gro\u00dfmeister Datu Dieter Kn\u00fcttel<\/strong><br \/>\nist Diplom-Sportlehrer, Bundestrainer f\u00fcr Modern Arnis (seit 1985) und Modern Arnis Repr\u00e4sentant f\u00fcr Europa.<\/p>\n<p>1996 wurde ihm der Titel Datu und der Grad Lakan Anim, 6. Dan Modern Arnis, von Gro\u00dfmeister Remy A. Presas (10. Dan) pers\u00f6nlich als 4. Arnis-Lehrer au\u00dferhalb der Philippinen und als erstem au\u00dferhalb der USA, verliehen<br \/>\nNachdem er den 7., 8. und 9. Dan auf den Philippinen verliehen bekommen hatte, wurde m 24.9.2016 in Dortmund \u00f6ffentlich bekanntgegeben, dass er von Gro\u00dfmeister Roberto Presas den 10. Dan Modern Arnis verliehen bekommen hatte.<\/p>\n<p>Dieter Kn\u00fcttel betreibt Kampfsport seit 1967 und philippinische Kampfk\u00fcnste seit 1978. Er unterrichtet Modern Arnis auf Lehrg\u00e4ngen \u00fcberall in Europa, Russland, Australien und in den USA.<\/p>\n<p><strong>Senor Master Hans Karrer <\/strong><br \/>\nbegann 1979 mit dem Arnis Training unter Meister Jackson Cui Brocka, sp\u00e4ter unter GM Ernesto Presas und Professor Remy Presas.<br \/>\nEr machte die Pr\u00fcfung zum 5. Dan 1999 bei GM Remy Presas, 2005 den 6. Dan \u00fcber GM Rene Tongson von einer philippinischen Gro\u00dfmeistzer Kommission und 2010 den 7. Dan auf den Philippinen von der Kommission der Gro\u00dfmeister aus den H\u00e4nden von Senator Zubiri.<\/p>\n<p>Er ist Koordinator f\u00fcr Modern Arnis in S\u00fcddeutschland und betreut dort das Modern Arnis seit mitte der 80er Jahre.<br \/>\nEr ist Gr\u00fcnder und Inhaber der kampfkunstschule &#8222;Tatort&#8220; in Ulm.<\/p>\n<p><strong>Senor Master J\u00f8rgen Gydesen <\/strong><br \/>\nbegann 1983 mit dem Modern Arnis Training unter GM Dieter Kn\u00fcttel, trainierte aber auch unter GM Ernesto Presas und Professor Remy Presas.<br \/>\nEr lebte damals in D\u00e4nemark gilt als der Gr\u00fcnder des Modern Arnis in D\u00e4nemark und Skandinavien, wo er Modern Arnis verbreitete.<br \/>\nAuch Johan Skalberg und Thorbj\u00f6rn Hartelius z\u00e4hlen zu seinen Sch\u00fclern.<\/p>\n<p>&nbsp;<\/p>\n<div class=\"avia_textblock avia_textblock_style\" data-update_with=\"content\">\n<hr \/>\n<\/div>\n<div class=\"avia_textblock avia_textblock_style\" data-update_with=\"content\">\n<h3>Trailer<\/h3>\n<div style=\"width: 640px;\" class=\"wp-video\"><video class=\"wp-video-shortcode\" id=\"video-1467-1\" width=\"640\" height=\"360\" preload=\"metadata\" controls=\"controls\"><source type=\"video\/mp4\" src=\"https:\/\/www.abanico.de\/abanico\/wp-content\/files\/trailer\/D-DAV-M-HD-deutsch-APP-Trailer.mp4?_=1\" \/><a href=\"https:\/\/www.abanico.de\/abanico\/wp-content\/files\/trailer\/D-DAV-M-HD-deutsch-APP-Trailer.mp4\">https:\/\/www.abanico.de\/abanico\/wp-content\/files\/trailer\/D-DAV-M-HD-deutsch-APP-Trailer.mp4<\/a><\/video><\/div>\n<p>&nbsp;<\/p>\n<\/div>\n","protected":false},"excerpt":{"rendered":"<h2>DAV-Meister auf den Philippinen &#8211; Download &#8211; DE<\/h2>\n<p><strong>DAV-Meister <\/strong>&#8211; <strong>download<br \/>\nSprache: Deutsch<\/strong><br \/>\nLaufzeit (Min.): HD, 90 Minuten<br \/>\n<strong>Produzent: ABANICO<\/strong><\/p>\n","protected":false},"featured_media":5081,"comment_status":"closed","ping_status":"closed","template":"","meta":[],"product_brand":[],"product_cat":[39,7329,40],"product_tag":[2171,1374,1440,2173,2175,2177,1442],"class_list":{"0":"post-1467","1":"product","2":"type-product","3":"status-publish","4":"has-post-thumbnail","6":"product_cat-download-de","7":"product_cat-grossmeister-und-meister-des-modern-arnis","8":"product_cat-modern-arnis-download-de","9":"product_tag-dav-meister-auf-den-philippinen-de","10":"product_tag-dieter-knuettel-de","11":"product_tag-download-de","12":"product_tag-hans-karrer-de","13":"product_tag-jorgen-gydesen-de","14":"product_tag-philippinische-grossmeister-de","15":"product_tag-video-de","16":"product_shipping_class-45","18":"first","19":"instock","20":"downloadable","21":"virtual","22":"sold-individually","23":"taxable","24":"purchasable","25":"product-type-simple"},"_links":{"self":[{"href":"https:\/\/www.abanico.de\/abanico\/wp-json\/wp\/v2\/product\/1467","targetHints":{"allow":["GET"]}}],"collection":[{"href":"https:\/\/www.abanico.de\/abanico\/wp-json\/wp\/v2\/product"}],"about":[{"href":"https:\/\/www.abanico.de\/abanico\/wp-json\/wp\/v2\/types\/product"}],"replies":[{"embeddable":true,"href":"https:\/\/www.abanico.de\/abanico\/wp-json\/wp\/v2\/comments?post=1467"}],"wp:featuredmedia":[{"embeddable":true,"href":"https:\/\/www.abanico.de\/abanico\/wp-json\/wp\/v2\/media\/5081"}],"wp:attachment":[{"href":"https:\/\/www.abanico.de\/abanico\/wp-json\/wp\/v2\/media?parent=1467"}],"wp:term":[{"taxonomy":"product_brand","embeddable":true,"href":"https:\/\/www.abanico.de\/abanico\/wp-json\/wp\/v2\/product_brand?post=1467"},{"taxonomy":"product_cat","embeddable":true,"href":"https:\/\/www.abanico.de\/abanico\/wp-json\/wp\/v2\/product_cat?post=1467"},{"taxonomy":"product_tag","embeddable":true,"href":"https:\/\/www.abanico.de\/abanico\/wp-json\/wp\/v2\/product_tag?post=1467"}],"curies":[{"name":"wp","href":"https:\/\/api.w.org\/{rel}","templated":true}]}}