{"id":14653,"date":"2024-05-28T18:18:24","date_gmt":"2024-05-28T16:18:24","guid":{"rendered":"https:\/\/www.abanico.de\/abanico\/?post_type=product&#038;p=14653"},"modified":"2024-05-28T23:24:26","modified_gmt":"2024-05-28T21:24:26","slug":"gunting-im-modern-drill-download-de","status":"publish","type":"product","link":"https:\/\/www.abanico.de\/abanico\/shop\/download-de\/modern-arnis-download-de\/grossmeister-und-meister-des-modern-arnis\/gunting-im-modern-drill-download-de\/","title":{"rendered":"Gunting im Modern Drill &#8211; Download &#8211; DE"},"content":{"rendered":"<p>Dieses Download-Lehrgangs-Video behandelt das Gunting im Modern Drill.<br \/>\nDas Gunting und der Modern Drill sind beide im DAV-Pr\u00fcfungsprogramm enthalten.<br \/>\nDie Kombination von beiden wird aber selten gelehrt.<br \/>\nIn diesem Video werden die Grundlagen des Modern Drills sowie was Gunting ist demonstriert.<br \/>\nAnschlie\u00dfend kommt es zur Anwendung und, nachdem das Gunting eingesetzt wurde, zu einer Vielzahlt von m\u00f6glichen Folgetechniken.<br \/>\nAuch allgemeine Themen zur Selbstverteidigung wie Raum und Zeit, Situatives Handeln und Ebenenwechsel werden angesprochen und erkl\u00e4rt.<\/p>\n<p>Sie werden viel Spass mit diesem Video haben!<\/p>\n<p>Das Video hat Kapitelmarker.<br \/>\nErkl\u00e4rung hier: <em><strong><a href=\"https:\/\/www.abanico.de\/abanico\/kapitel-in-download-videos\/\"><span style=\"color: #ff0000;\">Kapitelmarker<\/span><\/a><\/strong><\/em><\/p>\n<p>Hier der Inhalt des Videos:<\/p>\n<p>00:00 Vorspann<br \/>\n00:28 Willkommen und Einleitung<br \/>\n00:48 Der Modern Drill<br \/>\n00:51 &#8211; Was ist der Modern Drill<br \/>\n01:09 &#8211; Techniken im Modern Drill<br \/>\n01:51 &#8211; Der Sinn des Modern Drills<br \/>\n02:07 &#8211; Details zur Ausf\u00fchrung<br \/>\n03:34 &#8211; Keine Backfist nach Angriff 1<br \/>\n03:55 &#8211; Den Gegenangriff nicht stoppen<br \/>\n04:25 &#8211; Der Ablauf des Modern Drills<br \/>\n04:54 &#8211; K\u00f6rpermechanik &#8211; die H\u00fcfte<br \/>\n06:04 &#8211; Den 2. Angriff ableiten<br \/>\n07:09 &#8211; Modern Drill rechts und links<br \/>\n07:42 &#8211; Wechsel von rechts auf links<br \/>\n09:40 Gunting<br \/>\n09:57 &#8211; Die Faust angreifen<br \/>\n11:26 &#8211; Den Handr\u00fccken angreifen<br \/>\n11:59 &#8211; Das Handgelenk angreifen<br \/>\n12:42 &#8211; Weitere Punkte die angegriffen werden<br \/>\n14:18 &#8211; Die gezeigten Punkte angreifen<br \/>\n14:29 Anatomie: Ursprung und Ansatz<br \/>\n16:08 Gunting im Modern Drill<br \/>\n17:00 &#8211; Faust mit dem Ellbogen angreifen &#8211; Folgetechniken<br \/>\n19:30 &#8211; Mit dem linken Ellbogen den Trap kontrollieren<br \/>\n20:59 &#8211; Den Handr\u00fccken angreifen &#8211; Folgetechniken<br \/>\n23:42 &#8211; V-Schritt mit links zur richtigen Positionierung<br \/>\n26:05 &#8211; Den Bizeps angreifen &#8211; Folgetechniken<br \/>\n29:30 Situatives Handeln<br \/>\n30:55 &#8211; Die Linie f\u00fcr den Angriff mit links schlie\u00dfen<br \/>\n33:01 &#8211; Den Trizeps angreifen &#8211; Folgetechniken<br \/>\n34:41 &#8211; Den Ellbogen f\u00fcr den Streckhebel richtig positionieren<br \/>\n38:21 &#8211; Der richtige Kniesto\u00df &#8211; die kurze Knietechnik<br \/>\n41:26 &#8211; Die Unterst\u00fctzungsfl\u00e4che und das Gleichgewicht<br \/>\n42:54 &#8211; Den Bizeps mit dem Ellbogen angreifen &#8211; Folgetechniken<br \/>\n45:54 Wie wichtig Zeit und Raum sind<br \/>\n47:56 Deutlich zeigen: ihr seid in der Defensive<br \/>\n49:28 &#8211; Den Oberschenkel angreifen &#8211; Folgetechniken<br \/>\n51:12 &#8211; Im richtigen Winkel treffen<br \/>\n51:49 &#8211; Den Bizeps mit eine Backfist angreifen &#8211; Folgetechniken<br \/>\n56:17 Ebenenwechsel<br \/>\n57:19 Verabschiedung<br \/>\n57:47 Abspann<br \/>\n58:14 Ende<\/p>\n<p>Dies alles wird im dem Video detailliert erkl\u00e4rt und demonstriert.<\/p>\n<h4>Das Download-Video ist Teil der Serie:\u00a0 Lehrgangs Videos von und mit GM Datu Dieter Kn\u00fcttel und andern Meistern und Gro\u00dfmeistern.<br \/>\nNicht nur schnelle Demos, von denen es so viele auf Youtube zu sehen gibt, sondern Unterricht mit Erkl\u00e4rungen des &#8222;Was, Warum und Wie&#8220; mit vielen wichtigen Details, die bei reinen Demos verloren gehen.<\/h4>\n<p><strong>Videos, von denen man wirklich lernen kann.<\/strong><\/p>\n<h3>Trailer<\/h3>\n<hr \/>\n<div style=\"width: 640px;\" class=\"wp-video\"><video class=\"wp-video-shortcode\" id=\"video-14653-1\" width=\"640\" height=\"360\" preload=\"metadata\" controls=\"controls\"><source type=\"video\/mp4\" src=\"https:\/\/www.abanico.de\/abanico\/wp-content\/files\/trailer\/2024-05-Darmstadt-Trailer-Gunting-Im-Modern-Drill.m4v?_=1\" \/><a href=\"https:\/\/www.abanico.de\/abanico\/wp-content\/files\/trailer\/2024-05-Darmstadt-Trailer-Gunting-Im-Modern-Drill.m4v\">https:\/\/www.abanico.de\/abanico\/wp-content\/files\/trailer\/2024-05-Darmstadt-Trailer-Gunting-Im-Modern-Drill.m4v<\/a><\/video><\/div>\n<p>Musik:<br \/>\n<b>Rock Intro 3<\/b> von Audionautix ist unter der Lizenz &#8222;Creative Commons Attribution&#8220; (<span lang=\"zxx\"><u><a href=\"https:\/\/creativecommons.org\/licenses\/by\/4.0\/\" target=\"_blank\" rel=\"noopener noreferrer\">https:\/\/creativecommons.org\/licenses\/by\/4.0\/<\/a><\/u><\/span>) lizenziert.<br \/>\nK\u00fcnstler: <span lang=\"zxx\"><u><a href=\"http:\/\/audionautix.com\/\" target=\"_blank\" rel=\"noopener noreferrer\">http:\/\/audionautix.com\/<\/a><\/u><\/span><\/p>\n<hr \/>\n<h4><a href=\"https:\/\/www.abanico.de\/abanico\/dieter-knuettel-de\/\"><strong><span style=\"color: #ff0000;\"><em>Gro\u00dfmeister Datu Dieter Kn\u00fcttel<\/em><\/span><\/strong><\/a><\/h4>\n<h4>ist Diplom-Sportlehrer, Bundestrainer f\u00fcr Modern Arnis (seit 1985) und Modern Arnis Repr\u00e4sentant f\u00fcr Europa.<\/h4>\n<p>Er unterrichtet Selbstverteidigung seit Ende der 70er Jahre in ganz Deutschland aber auch weltweit.<\/p>\n<p>1996 wurde ihm der Titel Datu und der Grad Lakan Anim, 6. Dan Modern Arnis, von Gro\u00dfmeister Remy A. Presas (10. Dan) pers\u00f6nlich als 4. Arnis-Lehrer au\u00dferhalb der Philippinen und als erstem au\u00dferhalb der USA, verliehen<br \/>\nNachdem er den 7., 8. und 9. Dan auf den Philippinen verliehen bekommen hatte, wurde m 24.9.2016 in Dortmund \u00f6ffentlich bekanntgegeben, dass er von Gro\u00dfmeister Roberto Presas den 10. Dan Modern Arnis verliehen bekommen hatte.<\/p>\n<p>Dieter Kn\u00fcttel betreibt Kampfsport seit 1967 und philippinische Kampfk\u00fcnste seit 1978. Er unterrichtet Modern Arnis auf Lehrg\u00e4ngen \u00fcberall in Europa, Russland, Australien und in den USA.<\/p>\n<div class=\"avia_textblock avia_textblock_style\" data-update_with=\"content\">\n<hr \/>\n<\/div>\n<div class=\"avia_textblock avia_textblock_style\" data-update_with=\"content\"><\/div>\n","protected":false},"excerpt":{"rendered":"<h2><strong>Gunting im Modern Drill &#8211; Download &#8211; DE<\/strong><\/h2>\n<p><strong>Sprache: deutsch &#8211; download<\/strong><br \/>\nLaufzeit (Min.): 58<br \/>\n<strong>Produzent: ABANICO<\/strong><\/p>\n","protected":false},"featured_media":14654,"comment_status":"open","ping_status":"closed","template":"","meta":[],"product_brand":[],"product_cat":[39,7329,7336,40,685],"product_tag":[913,10189,9022,1370,1372,1374,9231,1301,9639,2062,1889,2217,1376,10169,9163,9042,1845,9229,1847,1708,1710],"class_list":{"0":"post-14653","1":"product","2":"type-product","3":"status-publish","4":"has-post-thumbnail","6":"product_cat-download-de","7":"product_cat-grossmeister-und-meister-des-modern-arnis","8":"product_cat-lehrgaenge-mit-gm-datu-dieter-knuettel","9":"product_cat-modern-arnis-download-de","10":"product_cat-seminar-videos-download-de","11":"product_tag-anwendungen-de","12":"product_tag-anwendungen-im-drill","13":"product_tag-datu-dieter","14":"product_tag-dav-de","15":"product_tag-deutscher-arnis-verband-de","16":"product_tag-dieter-knuettel-de","17":"product_tag-download-video","18":"product_tag-eskrima-de","19":"product_tag-gunting","20":"product_tag-hebel-de","21":"product_tag-hebeltechniken-de","22":"product_tag-kali-de","23":"product_tag-modern-arnis-de","24":"product_tag-modern-drill-de","25":"product_tag-remy-presas","26":"product_tag-selbstschutz","27":"product_tag-selbstverteidigung-de","28":"product_tag-seminar-video","29":"product_tag-sv-de","30":"product_tag-verteidigung-de","31":"product_tag-wuerfe-de","33":"first","34":"instock","35":"downloadable","36":"virtual","37":"sold-individually","38":"taxable","39":"purchasable","40":"product-type-simple"},"_links":{"self":[{"href":"https:\/\/www.abanico.de\/abanico\/wp-json\/wp\/v2\/product\/14653","targetHints":{"allow":["GET"]}}],"collection":[{"href":"https:\/\/www.abanico.de\/abanico\/wp-json\/wp\/v2\/product"}],"about":[{"href":"https:\/\/www.abanico.de\/abanico\/wp-json\/wp\/v2\/types\/product"}],"replies":[{"embeddable":true,"href":"https:\/\/www.abanico.de\/abanico\/wp-json\/wp\/v2\/comments?post=14653"}],"wp:featuredmedia":[{"embeddable":true,"href":"https:\/\/www.abanico.de\/abanico\/wp-json\/wp\/v2\/media\/14654"}],"wp:attachment":[{"href":"https:\/\/www.abanico.de\/abanico\/wp-json\/wp\/v2\/media?parent=14653"}],"wp:term":[{"taxonomy":"product_brand","embeddable":true,"href":"https:\/\/www.abanico.de\/abanico\/wp-json\/wp\/v2\/product_brand?post=14653"},{"taxonomy":"product_cat","embeddable":true,"href":"https:\/\/www.abanico.de\/abanico\/wp-json\/wp\/v2\/product_cat?post=14653"},{"taxonomy":"product_tag","embeddable":true,"href":"https:\/\/www.abanico.de\/abanico\/wp-json\/wp\/v2\/product_tag?post=14653"}],"curies":[{"name":"wp","href":"https:\/\/api.w.org\/{rel}","templated":true}]}}