{"id":1454,"date":"2018-03-05T15:41:25","date_gmt":"2018-03-05T14:41:25","guid":{"rendered":"http:\/\/localhost:8888\/projekt4\/produkt\/import-placeholder-for-3720\/"},"modified":"2018-12-04T00:00:17","modified_gmt":"2018-12-03T23:00:17","slug":"arnis-cruzada-dvd-deutsch","status":"publish","type":"product","link":"https:\/\/www.abanico.de\/abanico\/shop\/dvd-pal-de\/modern-arnis-dvd-pal-de-de\/grossmeister-und-meister-des-modern-arnis-de\/arnis-cruzada-dvd-deutsch\/","title":{"rendered":"Arnis Cruzada &#8211; DVD &#8211; PAL &#8211; DE"},"content":{"rendered":"<p>Arnis Cruzada ist der Stil von Gro\u00dfmeister Jeremias Jerry Dela Cruz. Dieser Stil legt gro\u00dfen Wert auf Wirbeltechniken mit einem oder zwei St\u00f6cken, es wird aber auch viel im Bereich Entwaffnungen und Selbstverteidigung gegen Stock und bewaffnete Angreifer trainiert.<\/p>\n<p>Vorspann<br \/>\nWirbeltechniken :<\/p>\n<ul>\n<li>Doppelstock\n<ul>\n<li>Einzelstock<\/li>\n<\/ul>\n<\/li>\n<li>Stock-Stock:\n<ul>\n<li>Entwaffnungen<\/li>\n<\/ul>\n<\/li>\n<li>Waffenlos gegen Stock:\n<ul>\n<li>Kontrolltechniken<\/li>\n<li>Verteidigung gegen Messer<\/li>\n<li>Dulo-Dulo Gegen Messerangriff<\/li>\n<li>Tapi-Tapi (Decadena) waffenlos<\/li>\n<li>Gespr\u00e4ch mit Demos: Modern Arnis auf den Philippinen in den 60er und 70er Jahren<\/li>\n<\/ul>\n<\/li>\n<\/ul>\n<p><strong>Gro\u00dfmeister Jerry Dela Cruz<\/strong><br \/>\n8. Dan Modern Arnis ist einer der \u00e4ltesten noch aktiv unterrichtenden Sch\u00fcler von Gro\u00dfmeister Remy Presas. Er unterrichtet heute seinen Stil Arnis Cruzada<\/p>\n<p>&nbsp;<\/p>\n<div class=\"avia_textblock avia_textblock_style\" data-update_with=\"content\">\n<hr \/>\n<\/div>\n<div class=\"avia_textblock avia_textblock_style\" data-update_with=\"content\">\n<h3>Trailer<\/h3>\n<div style=\"width: 640px;\" class=\"wp-video\"><video class=\"wp-video-shortcode\" id=\"video-1454-1\" width=\"640\" height=\"360\" preload=\"metadata\" controls=\"controls\"><source type=\"video\/mp4\" src=\"https:\/\/www.abanico.de\/abanico\/wp-content\/files\/trailer\/D-Cruz-SD-Vorspann.mp4?_=1\" \/><a href=\"https:\/\/www.abanico.de\/abanico\/wp-content\/files\/trailer\/D-Cruz-SD-Vorspann.mp4\">https:\/\/www.abanico.de\/abanico\/wp-content\/files\/trailer\/D-Cruz-SD-Vorspann.mp4<\/a><\/video><\/div>\n<p>&nbsp;<\/p>\n<\/div>\n","protected":false},"excerpt":{"rendered":"<h2>Arnis Cruzada &#8211; DVD &#8211; PAL &#8211; DE<\/h2>\n<p><strong>Basierend auf Modern Arnis<\/strong><br \/>\n<strong>Sprache: deutsch &#8211; TV-System: PAL<\/strong><br \/>\nLaufzeit (Min.): 63<br \/>\n<strong>Produzent: ABANICO<\/strong><br \/>\nISBN: 3-89540-465-9<\/p>\n<p>&nbsp;<\/p>\n","protected":false},"featured_media":5223,"comment_status":"open","ping_status":"closed","template":"","meta":[],"product_brand":[],"product_cat":[54,7367,55,84],"product_tag":[2252,2254,1364,1816,1311,2177],"class_list":{"0":"post-1454","1":"product","2":"type-product","3":"status-publish","4":"has-post-thumbnail","6":"product_cat-dvd-pal-de","7":"product_cat-grossmeister-und-meister-des-modern-arnis-de","8":"product_cat-modern-arnis-dvd-pal-de-de","9":"product_cat-philippinische-grossmeister-dvd-pal-de-de","10":"product_tag-arnis-cruzada-de","11":"product_tag-cruzada-de","12":"product_tag-deutsch-de","13":"product_tag-dvd-en-de","14":"product_tag-pal-de","15":"product_tag-philippinische-grossmeister-de","16":"product_shipping_class-4689","18":"first","19":"instock","20":"taxable","21":"shipping-taxable","22":"purchasable","23":"product-type-simple"},"_links":{"self":[{"href":"https:\/\/www.abanico.de\/abanico\/wp-json\/wp\/v2\/product\/1454","targetHints":{"allow":["GET"]}}],"collection":[{"href":"https:\/\/www.abanico.de\/abanico\/wp-json\/wp\/v2\/product"}],"about":[{"href":"https:\/\/www.abanico.de\/abanico\/wp-json\/wp\/v2\/types\/product"}],"replies":[{"embeddable":true,"href":"https:\/\/www.abanico.de\/abanico\/wp-json\/wp\/v2\/comments?post=1454"}],"wp:featuredmedia":[{"embeddable":true,"href":"https:\/\/www.abanico.de\/abanico\/wp-json\/wp\/v2\/media\/5223"}],"wp:attachment":[{"href":"https:\/\/www.abanico.de\/abanico\/wp-json\/wp\/v2\/media?parent=1454"}],"wp:term":[{"taxonomy":"product_brand","embeddable":true,"href":"https:\/\/www.abanico.de\/abanico\/wp-json\/wp\/v2\/product_brand?post=1454"},{"taxonomy":"product_cat","embeddable":true,"href":"https:\/\/www.abanico.de\/abanico\/wp-json\/wp\/v2\/product_cat?post=1454"},{"taxonomy":"product_tag","embeddable":true,"href":"https:\/\/www.abanico.de\/abanico\/wp-json\/wp\/v2\/product_tag?post=1454"}],"curies":[{"name":"wp","href":"https:\/\/api.w.org\/{rel}","templated":true}]}}