{"id":1446,"date":"2018-03-05T15:41:21","date_gmt":"2018-03-05T14:41:21","guid":{"rendered":"http:\/\/localhost:8888\/projekt4\/produkt\/import-placeholder-for-3712\/"},"modified":"2021-11-29T00:00:10","modified_gmt":"2021-11-28T23:00:10","slug":"best-of-the-west-alle-6-videos-download","status":"publish","type":"product","link":"https:\/\/www.abanico.de\/abanico\/shop\/download-de\/modern-arnis-download-de\/best-of-the-west-seminar\/best-of-the-west-alle-6-videos-download\/","title":{"rendered":"Best of the West &#8211; Alle 6 Videos &#8211; Download &#8211; DE"},"content":{"rendered":"<p>Das \u201cBest of the West\u201d Camp mit 5 f\u00fchrenden Modern Arnis Meistern des Westens war mit \u00fcber 200 Teilnehmern\/innen eines der gr\u00f6\u00dften Modern Arnis Ereignisse weltweit.<br \/>\nMott B. Zawilinski, GM D. Anderson, GM Datu D. Kn\u00fcttel, MoTT C. Gauss und GM Datu T. Hartman haben auf diesem phantastischen Event, ausgerichtet vom DAV und D. Kn\u00fcttel, unterrichtet.<\/p>\n<p>Hier sehen sie alle Unterrichtseinheiten der Meister:<\/p>\n<p><strong>GM Dan Anderson<\/strong>:<br \/>\n1.\u00a0 MA80 waffenlos, Teil 1: Offensive taktische Formen (Bl\u00f6cke und Checks)<br \/>\n2.\u00a0 MA80 waffenlos, Teil 2: Das Trapping Set<br \/>\n3.\u00a0 Fintierte Schl\u00e4ge: K\u00f6dern und ver\u00e4ndern<\/p>\n<div style=\"width: 640px;\" class=\"wp-video\"><video class=\"wp-video-shortcode\" id=\"video-1446-1\" width=\"640\" height=\"360\" preload=\"metadata\" controls=\"controls\"><source type=\"video\/mp4\" src=\"https:\/\/www.abanico.de\/abanico\/wp-content\/files\/trailer\/BotW-Dan-Anderson-Vorspann-YOUTUBE-HD-16-9.mp4?_=1\" \/><a href=\"https:\/\/www.abanico.de\/abanico\/wp-content\/files\/trailer\/BotW-Dan-Anderson-Vorspann-YOUTUBE-HD-16-9.mp4\">https:\/\/www.abanico.de\/abanico\/wp-content\/files\/trailer\/BotW-Dan-Anderson-Vorspann-YOUTUBE-HD-16-9.mp4<\/a><\/video><\/div>\n<hr \/>\n<p><strong>MoTT Chuck Gauss<\/strong>:<br \/>\n1.Tapi-Tapi posing<br \/>\n2. Tapi-Tapi zusammen mit Datu Dieter Kn\u00fcttel<br \/>\n3. 2 gegen 1<br \/>\n4. Fingerhebel<br \/>\n5. Tapi-Tapi mit Palis-Palis<br \/>\n6. Palis Palis<br \/>\n7. Waffenlos mit Takedown<\/p>\n<div style=\"width: 640px;\" class=\"wp-video\"><video class=\"wp-video-shortcode\" id=\"video-1446-2\" width=\"640\" height=\"360\" preload=\"metadata\" controls=\"controls\"><source type=\"video\/mp4\" src=\"https:\/\/www.abanico.de\/abanico\/wp-content\/files\/trailer\/BotW-Chuck-Gauss-Vorspann-YOUTUBE-HD-16-9.mp4?_=2\" \/><a href=\"https:\/\/www.abanico.de\/abanico\/wp-content\/files\/trailer\/BotW-Chuck-Gauss-Vorspann-YOUTUBE-HD-16-9.mp4\">https:\/\/www.abanico.de\/abanico\/wp-content\/files\/trailer\/BotW-Chuck-Gauss-Vorspann-YOUTUBE-HD-16-9.mp4<\/a><\/video><\/div>\n<hr \/>\n<p><strong>GM Datu Tim Hartman<\/strong><br \/>\n1. Box-Kombinationen und einen Messer Drill<br \/>\n2. Trapping und Gunting<br \/>\n3. Doppelmesser Drill mit Anwendung<br \/>\n4. Espada y Daga Drill<br \/>\n5. Messer-Messer Drill<\/p>\n<div style=\"width: 640px;\" class=\"wp-video\"><video class=\"wp-video-shortcode\" id=\"video-1446-3\" width=\"640\" height=\"360\" preload=\"metadata\" controls=\"controls\"><source type=\"video\/mp4\" src=\"https:\/\/www.abanico.de\/abanico\/wp-content\/files\/trailer\/BotW-Tim-Hartman-Vorspann-YOUTUBE-HD-16-9.mp4?_=3\" \/><a href=\"https:\/\/www.abanico.de\/abanico\/wp-content\/files\/trailer\/BotW-Tim-Hartman-Vorspann-YOUTUBE-HD-16-9.mp4\">https:\/\/www.abanico.de\/abanico\/wp-content\/files\/trailer\/BotW-Tim-Hartman-Vorspann-YOUTUBE-HD-16-9.mp4<\/a><\/video><\/div>\n<hr \/>\n<p><strong>GM Datu Dieter Kn\u00fcttel<\/strong>:<br \/>\n1. 3 Prinzipien der Messerentwaffnungen,<br \/>\n2. Tapi-Tapi zusammen mit MoTT Chuck Gauss,<br \/>\n3.Selbstverteidigung ohne Kraft,<br \/>\n4. Waffenlos: Schnelle Entwaffnungen, mit Folgetechniken<\/p>\n<div style=\"width: 640px;\" class=\"wp-video\"><video class=\"wp-video-shortcode\" id=\"video-1446-4\" width=\"640\" height=\"360\" preload=\"metadata\" controls=\"controls\"><source type=\"video\/mp4\" src=\"https:\/\/www.abanico.de\/abanico\/wp-content\/files\/trailer\/BotW-Dieter-Knuettel-Vorspann-YOUTUBE-HD-16-9.mp4?_=4\" \/><a href=\"https:\/\/www.abanico.de\/abanico\/wp-content\/files\/trailer\/BotW-Dieter-Knuettel-Vorspann-YOUTUBE-HD-16-9.mp4\">https:\/\/www.abanico.de\/abanico\/wp-content\/files\/trailer\/BotW-Dieter-Knuettel-Vorspann-YOUTUBE-HD-16-9.mp4<\/a><\/video><\/div>\n<p>&nbsp;<\/p>\n<p><strong>MoTT Brian Zawilinski <\/strong>folgende Themen:<br \/>\n1:\u00a0 Waffenlos: \u201cH\u00f6re mit deine H\u00e4nden\u201d<br \/>\n2:\u00a0 Modern Arnis auf den Punkt gebracht: SV f\u00fcr die Stra\u00dfe<br \/>\n3:\u00a0 Die klassischen Stile mit ihren Anwendungen.<br \/>\n4:\u00a0 Trapping 1 &#8211; 5: \u201cPresas Trapping\u201d<\/p>\n<div style=\"width: 640px;\" class=\"wp-video\"><video class=\"wp-video-shortcode\" id=\"video-1446-5\" width=\"640\" height=\"360\" preload=\"metadata\" controls=\"controls\"><source type=\"video\/mp4\" src=\"https:\/\/www.abanico.de\/abanico\/wp-content\/files\/trailer\/BotW-Brian-Zawilinski-Vorspann-YOUTUBE-HD-16-9.mp4?_=5\" \/><a href=\"https:\/\/www.abanico.de\/abanico\/wp-content\/files\/trailer\/BotW-Brian-Zawilinski-Vorspann-YOUTUBE-HD-16-9.mp4\">https:\/\/www.abanico.de\/abanico\/wp-content\/files\/trailer\/BotW-Brian-Zawilinski-Vorspann-YOUTUBE-HD-16-9.mp4<\/a><\/video><\/div>\n<hr \/>\n<p><strong>Demo der Meister:<\/strong><\/p>\n<p>Auf diesem Video geben die 5 Meister Interviews, erkl\u00e4ren und demonstrieren Aspekte ihres Modern Arnis.<br \/>\nDanach folgt ein Tapi-Tapi Unterricht, bei dem alle 5 jeweils eine Technik unterrichten.<br \/>\nAnschlie\u00dfend der Abschluss des Camps<\/p>\n<p>Ein Video auf der Sie die Vielseitigkeit des Modern Arnis sehen k\u00f6nnen<\/p>\n<div style=\"width: 640px;\" class=\"wp-video\"><video class=\"wp-video-shortcode\" id=\"video-1446-6\" width=\"640\" height=\"360\" preload=\"metadata\" controls=\"controls\"><source type=\"video\/mp4\" src=\"https:\/\/www.abanico.de\/abanico\/wp-content\/files\/trailer\/BotW-Demos-Vorspann-YOUTUBE-HD-16-9.mp4?_=6\" \/><a href=\"https:\/\/www.abanico.de\/abanico\/wp-content\/files\/trailer\/BotW-Demos-Vorspann-YOUTUBE-HD-16-9.mp4\">https:\/\/www.abanico.de\/abanico\/wp-content\/files\/trailer\/BotW-Demos-Vorspann-YOUTUBE-HD-16-9.mp4<\/a><\/video><\/div>\n<hr \/>\n<p>&nbsp;<\/p>\n<p>Die Licht- und besonders die Ton-Situation war sehr schwierig. 2 (manchmal sehr laute) Gruppen trainierten in der gleichen Halle. Manchmal wird die Stimme des Lehrers sehr d\u00fcnn sein oder sich \u201cblechern\u201d anh\u00f6ren. Um die Nebenger\u00e4usche zu minimieren, mussten etliche Frequenzen unterdr\u00fcckt werden um den Lehrer zu verstehen.<\/p>\n<div class=\"avia_textblock avia_textblock_style\" data-update_with=\"content\">\n<p>Demos<\/p>\n<\/div>\n","protected":false},"excerpt":{"rendered":"<h2>Best of the West &#8211; Alle 6 Videos &#8211; Download &#8211; DE<\/h2>\n<p><strong>Sprache: English<\/strong><br \/>\nLaufzeit (Min.): 562<br \/>\n<strong>Produzent: ABANICO<\/strong><\/p>\n","protected":false},"featured_media":6268,"comment_status":"closed","ping_status":"closed","template":"","meta":[],"product_brand":[],"product_cat":[7327,39,7329,7336,7338,40,9305,9311,685],"product_tag":[56,82,65,66,41,42,43,52,69,77],"class_list":{"0":"post-1446","1":"product","2":"type-product","3":"status-publish","4":"has-post-thumbnail","6":"product_cat-best-of-the-west-seminar","7":"product_cat-download-de","8":"product_cat-grossmeister-und-meister-des-modern-arnis","9":"product_cat-lehrgaenge-mit-gm-datu-dieter-knuettel","10":"product_cat-lehrgaenge-mit-weiteren-grossmeistern-und-meistern","11":"product_cat-modern-arnis-download-de","12":"product_cat-rabttaktion","13":"product_cat-rabattiertedownloadvideos","14":"product_cat-seminar-videos-download-de","15":"product_tag-alle-meister","16":"product_tag-alle-videos","17":"product_tag-brian-zawalinski","18":"product_tag-chuck-gauss","19":"product_tag-deutsch","20":"product_tag-dieter-knuettel","21":"product_tag-download","22":"product_tag-modern-arnis","23":"product_tag-tim-hartman","24":"product_tag-video","25":"product_shipping_class-45","27":"first","28":"instock","29":"downloadable","30":"virtual","31":"sold-individually","32":"taxable","33":"purchasable","34":"product-type-simple"},"_links":{"self":[{"href":"https:\/\/www.abanico.de\/abanico\/wp-json\/wp\/v2\/product\/1446","targetHints":{"allow":["GET"]}}],"collection":[{"href":"https:\/\/www.abanico.de\/abanico\/wp-json\/wp\/v2\/product"}],"about":[{"href":"https:\/\/www.abanico.de\/abanico\/wp-json\/wp\/v2\/types\/product"}],"replies":[{"embeddable":true,"href":"https:\/\/www.abanico.de\/abanico\/wp-json\/wp\/v2\/comments?post=1446"}],"wp:featuredmedia":[{"embeddable":true,"href":"https:\/\/www.abanico.de\/abanico\/wp-json\/wp\/v2\/media\/6268"}],"wp:attachment":[{"href":"https:\/\/www.abanico.de\/abanico\/wp-json\/wp\/v2\/media?parent=1446"}],"wp:term":[{"taxonomy":"product_brand","embeddable":true,"href":"https:\/\/www.abanico.de\/abanico\/wp-json\/wp\/v2\/product_brand?post=1446"},{"taxonomy":"product_cat","embeddable":true,"href":"https:\/\/www.abanico.de\/abanico\/wp-json\/wp\/v2\/product_cat?post=1446"},{"taxonomy":"product_tag","embeddable":true,"href":"https:\/\/www.abanico.de\/abanico\/wp-json\/wp\/v2\/product_tag?post=1446"}],"curies":[{"name":"wp","href":"https:\/\/api.w.org\/{rel}","templated":true}]}}