{"id":14235,"date":"2024-01-25T16:29:33","date_gmt":"2024-01-25T15:29:33","guid":{"rendered":"https:\/\/www.abanico.de\/abanico\/?post_type=product&#038;p=14235"},"modified":"2024-02-05T18:08:51","modified_gmt":"2024-02-05T17:08:51","slug":"abanico-drill-sinawali-und-anwendungen-download-de","status":"publish","type":"product","link":"https:\/\/www.abanico.de\/abanico\/shop\/download-de\/modern-arnis-download-de\/grossmeister-und-meister-des-modern-arnis\/abanico-drill-sinawali-und-anwendungen-download-de\/","title":{"rendered":"Abanico: Drill, Sinawali und Anwendungen &#8211; Download &#8211; DE"},"content":{"rendered":"<p>In diesem Download-Lehrgangs-Video dreht sich alles um Abanicos.<\/p>\n<p>Wie man sie \u00fcbt, eintrainiert und anwenden kann<\/p>\n<p>Es werden 3 Kapitel behandelt:<\/p>\n<p>1: Abanico Drill<br \/>\n2: Abanicos im Single- und Doppel Sinawali<br \/>\n3: Abanico Anwendungen im Largo, Medio und Corto<\/p>\n<p>Viele verschiedene \u00dcbungen und Techniken<\/p>\n<p>Sie werden viel Spass mit diesem Video haben!<\/p>\n<p>Das Video hat Kapitelmarker.<br \/>\nErkl\u00e4rung hier: <em><strong><a href=\"https:\/\/www.abanico.de\/abanico\/kapitel-in-download-videos\/\"><span style=\"color: #ff0000;\">Kapitelmarker<\/span><\/a><\/strong><\/em><\/p>\n<p>Hier der Inhalt des Videos:<\/p>\n<p>00:00:00\u00a0 Vorspann<br \/>\n00:00:28\u00a0 Willkommen und Einleitung.<br \/>\n00:00:42\u00a0 Was sind Abanicos?<br \/>\n00:01:30\u00a0 Kapitel 1: Abanico Drill<br \/>\n00:01:35\u00a0\u00a0\u00a0\u00a0 &#8211; Horizotal + vertikal<br \/>\n00:04:16\u00a0\u00a0\u00a0\u00a0 &#8211; Diagonal 1 und 2<br \/>\n00:05:29\u00a0\u00a0\u00a0\u00a0 &#8211; Ziele der Abanicos<br \/>\n00:05:57\u00a0 Kapitel 2: Abanicos im Sinawali<br \/>\n00:06:02\u00a0\u00a0\u00a0\u00a0 &#8211; Single Sinawali &#8211; Die richtige Ausf\u00fchrung<br \/>\n00:09:19\u00a0\u00a0\u00a0\u00a0\u00a0\u00a0\u00a0 &#8211; Handr\u00fccken-Abanico im Single Sinawali<br \/>\n00:13:25\u00a0\u00a0\u00a0\u00a0\u00a0\u00a0\u00a0\u00a0\u00a0\u00a0 &#8211; Beide gleichzeitig<br \/>\n00:15:30\u00a0\u00a0\u00a0\u00a0\u00a0\u00a0\u00a0\u00a0\u00a0\u00a0 &#8211; Spiegeln im Single Sinawali<br \/>\n00:16:16\u00a0\u00a0\u00a0\u00a0\u00a0\u00a0\u00a0 &#8211; Daumen-Abanico im Single Sinawali<br \/>\n00:18:57\u00a0\u00a0\u00a0\u00a0\u00a0\u00a0\u00a0 &#8211; Wechsel von Standard zum Spiegeln<br \/>\n00:20:48\u00a0\u00a0\u00a0\u00a0\u00a0\u00a0\u00a0 &#8211; Vom Standard Single zum Daumen-Abanico<br \/>\n00:22:03\u00a0\u00a0\u00a0\u00a0 &#8211; Abanico im Doppel Sinawali<br \/>\n00:22:05\u00a0\u00a0\u00a0\u00a0\u00a0\u00a0\u00a0 &#8211; Handr\u00fccken Abanico im Doppel Sinawali<br \/>\n00:27:06\u00a0\u00a0\u00a0\u00a0\u00a0\u00a0\u00a0 &#8211; Daumen-Abanico im Doppel Sinawali beim Spiegeln<br \/>\n00:27:43\u00a0\u00a0\u00a0\u00a0\u00a0\u00a0\u00a0\u00a0\u00a0\u00a0 &#8211; Spiegeln im Doppel Sinawali<br \/>\n00:28:58\u00a0\u00a0\u00a0\u00a0\u00a0\u00a0\u00a0 &#8211; Doppel-Abanico im Doppel Sinawali beim Spiegeln<br \/>\n00:32:03\u00a0\u00a0\u00a0\u00a0\u00a0\u00a0\u00a0 &#8211; Abanicos im Doppel Sinawali kombinieren<br \/>\n00:33:34\u00a0\u00a0\u00a0\u00a0\u00a0\u00a0\u00a0 &#8211; Beide kombinieren Abanicos im Doppel Sinawali<br \/>\n00:34:53\u00a0\u00a0\u00a0\u00a0\u00a0\u00a0\u00a0 &#8211; Abanicos im Single Sinawali kombinieren<br \/>\n00:35:29\u00a0 Kapitel 3: Abanicos in der Anwendung<br \/>\n00:35:44\u00a0\u00a0\u00a0\u00a0 &#8211; Largo gegen Angriffe 1 und 2<br \/>\n00:37:38\u00a0\u00a0\u00a0\u00a0 &#8211; Medio gegen Angriffe 1, 2 und 5<br \/>\n00:40:14\u00a0\u00a0\u00a0\u00a0 &#8211; Corto<br \/>\n00:40:20\u00a0\u00a0\u00a0\u00a0\u00a0\u00a0\u00a0 &#8211; Gegen Angriff 1 &#8211; Technik 1<br \/>\n00:43:12\u00a0\u00a0\u00a0\u00a0\u00a0\u00a0\u00a0\u00a0\u00a0\u00a0 &#8211; Technik 1 bei unterschiedlicher Gr\u00f6\u00dfe<br \/>\n00:44:41\u00a0\u00a0\u00a0\u00a0\u00a0\u00a0\u00a0 &#8211; Gegen Angriff 1 &#8211; Technik 2<br \/>\n00:46:43\u00a0\u00a0\u00a0\u00a0\u00a0\u00a0\u00a0\u00a0\u00a0\u00a0 &#8211; Technik 2 &#8211; Details zur Entwaffnung<br \/>\n00:49:01\u00a0\u00a0\u00a0\u00a0\u00a0\u00a0\u00a0\u00a0\u00a0\u00a0 &#8211; Technik 2 &#8211; Gegenangriffs-Techniken<br \/>\n00:50:49\u00a0\u00a0\u00a0\u00a0\u00a0\u00a0\u00a0 &#8211; Gegen Angriff 1 &#8211; Technik 3<br \/>\n00:52:10\u00a0\u00a0\u00a0\u00a0\u00a0\u00a0\u00a0\u00a0\u00a0\u00a0 &#8211; Technik 3 &#8211; Details zum Streckhebel<br \/>\n00:56:18\u00a0\u00a0\u00a0\u00a0\u00a0\u00a0\u00a0 &#8211; Gegen Angriff 2 &#8211; Technik 1<br \/>\n00:57:34\u00a0\u00a0\u00a0\u00a0\u00a0\u00a0\u00a0 &#8211; Gegen Angriff 2 &#8211; Technik 2<br \/>\n00:58:30 \u00a0 \u00a0 \u00a0\u00a0 &#8211; Gegen Angriff 2 &#8211; Technik 3<br \/>\n01:00:48\u00a0 Zusammenfassung<br \/>\n01:01:29\u00a0 Abspann<br \/>\n01:01:57\u00a0 Ende<\/p>\n<p>Dies alles wird im dem Video detailliert erkl\u00e4rt und demonstriert.<\/p>\n<h4>Das Download-Video ist Teil der Serie:\u00a0 Lehrgangs Videos von und mit GM Datu Dieter Kn\u00fcttel und andern Meistern und Gro\u00dfmeistern.<br \/>\nNicht nur schnelle Demos, von denen es so viele auf Youtube zu sehen gibt, sondern Unterricht mit Erkl\u00e4rungen des &#8222;Was, Warum und Wie&#8220; mit vielen wichtigen Details, die bei reinen Demos verloren gehen.<\/h4>\n<p><strong>Videos, von denen man wirklich lernen kann.<\/strong><\/p>\n<h3>Trailer<\/h3>\n<hr \/>\n<div style=\"width: 640px;\" class=\"wp-video\"><video class=\"wp-video-shortcode\" id=\"video-14235-1\" width=\"640\" height=\"360\" preload=\"metadata\" controls=\"controls\"><source type=\"video\/mp4\" src=\"https:\/\/www.abanico.de\/abanico\/wp-content\/files\/trailer\/2024-01-Hannover-Trailer-Abanico.mp4?_=1\" \/><a href=\"https:\/\/www.abanico.de\/abanico\/wp-content\/files\/trailer\/2024-01-Hannover-Trailer-Abanico.mp4\">https:\/\/www.abanico.de\/abanico\/wp-content\/files\/trailer\/2024-01-Hannover-Trailer-Abanico.mp4<\/a><\/video><\/div>\n<p>Musik:<br \/>\n<b>Rock Intro 3<\/b> von Audionautix ist unter der Lizenz &#8222;Creative Commons Attribution&#8220; (<span lang=\"zxx\"><u><a href=\"https:\/\/creativecommons.org\/licenses\/by\/4.0\/\" target=\"_blank\" rel=\"noopener noreferrer\">https:\/\/creativecommons.org\/licenses\/by\/4.0\/<\/a><\/u><\/span>) lizenziert.<br \/>\nK\u00fcnstler: <span lang=\"zxx\"><u><a href=\"http:\/\/audionautix.com\/\" target=\"_blank\" rel=\"noopener noreferrer\">http:\/\/audionautix.com\/<\/a><\/u><\/span><\/p>\n<hr \/>\n<h4><a href=\"https:\/\/www.abanico.de\/abanico\/dieter-knuettel-de\/\"><strong><span style=\"color: #ff0000;\"><em>Gro\u00dfmeister Datu Dieter Kn\u00fcttel<\/em><\/span><\/strong><\/a><\/h4>\n<h4>ist Diplom-Sportlehrer, Bundestrainer f\u00fcr Modern Arnis (seit 1985) und Modern Arnis Repr\u00e4sentant f\u00fcr Europa.<\/h4>\n<p>Er unterrichtet Selbstverteidigung seit Ende der 70er Jahre in ganz Deutschland aber auch weltweit.<\/p>\n<p>1996 wurde ihm der Titel Datu und der Grad Lakan Anim, 6. Dan Modern Arnis, von Gro\u00dfmeister Remy A. Presas (10. Dan) pers\u00f6nlich als 4. Arnis-Lehrer au\u00dferhalb der Philippinen und als erstem au\u00dferhalb der USA, verliehen<br \/>\nNachdem er den 7., 8. und 9. Dan auf den Philippinen verliehen bekommen hatte, wurde m 24.9.2016 in Dortmund \u00f6ffentlich bekanntgegeben, dass er von Gro\u00dfmeister Roberto Presas den 10. Dan Modern Arnis verliehen bekommen hatte.<\/p>\n<p>Dieter Kn\u00fcttel betreibt Kampfsport seit 1967 und philippinische Kampfk\u00fcnste seit 1978. Er unterrichtet Modern Arnis auf Lehrg\u00e4ngen \u00fcberall in Europa, Russland, Australien und in den USA.<\/p>\n<div class=\"avia_textblock avia_textblock_style\" data-update_with=\"content\">\n<hr \/>\n<\/div>\n<div class=\"avia_textblock avia_textblock_style\" data-update_with=\"content\"><\/div>\n","protected":false},"excerpt":{"rendered":"<h2><strong>Abanico: Drill, Sinawali und Anwendungen &#8211; Download &#8211; DE<\/strong><\/h2>\n<p><strong>Sprache: deutsch &#8211; download<\/strong><br \/>\nLaufzeit (Min.): 62<br \/>\n<strong>Produzent: ABANICO<\/strong><\/p>\n","protected":false},"featured_media":14236,"comment_status":"open","ping_status":"closed","template":"","meta":[],"product_brand":[],"product_cat":[39,7329,7336,40,685],"product_tag":[4962,10149,10153,913,9022,1370,1372,1374,9231,1301,1889,2217,1376,7618,9163,9042,1845,9229,1847,1708,10054],"class_list":{"0":"post-14235","1":"product","2":"type-product","3":"status-publish","4":"has-post-thumbnail","6":"product_cat-download-de","7":"product_cat-grossmeister-und-meister-des-modern-arnis","8":"product_cat-lehrgaenge-mit-gm-datu-dieter-knuettel","9":"product_cat-modern-arnis-download-de","10":"product_cat-seminar-videos-download-de","11":"product_tag-abanico","12":"product_tag-abanico-im-sinawali","13":"product_tag-abanico-in-drills","14":"product_tag-anwendungen-de","15":"product_tag-datu-dieter","16":"product_tag-dav-de","17":"product_tag-deutscher-arnis-verband-de","18":"product_tag-dieter-knuettel-de","19":"product_tag-download-video","20":"product_tag-eskrima-de","21":"product_tag-hebeltechniken-de","22":"product_tag-kali-de","23":"product_tag-modern-arnis-de","24":"product_tag-realistische-selbstverteidigung","25":"product_tag-remy-presas","26":"product_tag-selbstschutz","27":"product_tag-selbstverteidigung-de","28":"product_tag-seminar-video","29":"product_tag-sv-de","30":"product_tag-verteidigung-de","31":"product_tag-waffenlose-sv","33":"first","34":"instock","35":"downloadable","36":"virtual","37":"sold-individually","38":"taxable","39":"purchasable","40":"product-type-simple"},"_links":{"self":[{"href":"https:\/\/www.abanico.de\/abanico\/wp-json\/wp\/v2\/product\/14235","targetHints":{"allow":["GET"]}}],"collection":[{"href":"https:\/\/www.abanico.de\/abanico\/wp-json\/wp\/v2\/product"}],"about":[{"href":"https:\/\/www.abanico.de\/abanico\/wp-json\/wp\/v2\/types\/product"}],"replies":[{"embeddable":true,"href":"https:\/\/www.abanico.de\/abanico\/wp-json\/wp\/v2\/comments?post=14235"}],"wp:featuredmedia":[{"embeddable":true,"href":"https:\/\/www.abanico.de\/abanico\/wp-json\/wp\/v2\/media\/14236"}],"wp:attachment":[{"href":"https:\/\/www.abanico.de\/abanico\/wp-json\/wp\/v2\/media?parent=14235"}],"wp:term":[{"taxonomy":"product_brand","embeddable":true,"href":"https:\/\/www.abanico.de\/abanico\/wp-json\/wp\/v2\/product_brand?post=14235"},{"taxonomy":"product_cat","embeddable":true,"href":"https:\/\/www.abanico.de\/abanico\/wp-json\/wp\/v2\/product_cat?post=14235"},{"taxonomy":"product_tag","embeddable":true,"href":"https:\/\/www.abanico.de\/abanico\/wp-json\/wp\/v2\/product_tag?post=14235"}],"curies":[{"name":"wp","href":"https:\/\/api.w.org\/{rel}","templated":true}]}}