{"id":14147,"date":"2024-01-11T15:16:46","date_gmt":"2024-01-11T14:16:46","guid":{"rendered":"https:\/\/www.abanico.de\/abanico\/?post_type=product&#038;p=14147"},"modified":"2024-01-11T15:30:29","modified_gmt":"2024-01-11T14:30:29","slug":"modern-arnis-world-legacy-camp-2023-download-en-de","status":"publish","type":"product","link":"https:\/\/www.abanico.de\/abanico\/shop\/download-de\/seminar-videos-download-de\/lehrgaenge-mit-gm-datu-dieter-knuettel\/modern-arnis-world-legacy-camp-2023-download-en-de\/","title":{"rendered":"Modern Arnis World Legacy Camp 2023 &#8211; Download &#8211; EN (DE)"},"content":{"rendered":"<p>Ende September 2023 hatte ich die Ehre, drei Trainingseinheiten w\u00e4hrend des Modern Arnis World Legacy Camps zu unterrichten, das von GM Brian Zawilinski organisiert wurde.<\/p>\n<p>8 der besten Modern Arnis-Lehrer der Welt trafen sich zu einem dreit\u00e4gigen Camp in Cromwell, CT, USA, um ihre Leidenschaft, Modern Arnis, zu teilen und ihren Lehrer, GM Remy Presas, den Gr\u00fcnder von Modern Arnis, zu ehren.<\/p>\n<p>Die Instruktoren waren, in keiner bestimmten Reihenfolge: GM Dan Anderson, GM Bruce Chiu, GM Bram Frank, Shinjii Janet Aalfs, MoTT Roland Rivera, GM Brian Zawilinski, Tuhon Ray Dionaldo und GM Datu Dieter Kn\u00fcttel.<\/p>\n<p>Es war das gr\u00f6\u00dfte Modern Arnis Camp in den USA seit dem Tod von GM Remy Presas im Jahr 2001 und die Stimmung w\u00e4hrend des Camps war unglaublich!<\/p>\n<p>Dieses Download-Video zeigt die kompletten 3 Lektionen von GM Datu Dieter Kn\u00fcttel<\/p>\n<p><span style=\"color: #ff0000;\">Das ganze Video ist in <strong>ENGLISCH<\/strong> gehalten<\/span><\/p>\n<p>Lesson 1: Disarming in Sinawali<br \/>\nLesson 2: Tapi-Tapi<br \/>\nLesson 3: Empty hand techniques<\/p>\n<p>A lot of information was covered and you find the details of the content in the list below.<\/p>\n<p>Enjoy the video and the spirit of the Modern Arnis World Legacy Camp 2023!<\/p>\n<h5><span style=\"color: #ff0000;\">The video has chapter markers.<\/span><br \/>\n<span style=\"color: #ff0000;\">If you watch the video with the VLC player, go to playback and then chapter and you can choose the chapters like a menu of a DVD.<\/span><\/h5>\n<p>Here the content of the video:<\/p>\n<p>00:00:00\u00a0 Intro<br \/>\n00:00:28\u00a0 Introduction through GM Brian Zawilinski<br \/>\n00:03:12\u00a0 Lesson 1: Disarming in Sinawali<br \/>\n00:03:24\u00a0\u00a0\u00a0\u00a0 &#8211; The secret of Modern Arnis<br \/>\n00:04:24\u00a0\u00a0\u00a0\u00a0\u00a0\u00a0\u00a0 &#8211; Grabbing the stick<br \/>\n00:05:41\u00a0\u00a0\u00a0\u00a0\u00a0\u00a0\u00a0 &#8211; Delivering a strike<br \/>\n00:06:34 \u00a0 \u00a0 \u00a0\u00a0 &#8211; How to grab the stick<br \/>\n00:09:32\u00a0\u00a0\u00a0\u00a0\u00a0\u00a0\u00a0\u00a0\u00a0\u00a0 &#8211; Details on blocking and striking<br \/>\n00:11:13\u00a0\u00a0\u00a0\u00a0 &#8211; Single Sinawali 2 vs. 1 stick<br \/>\n00:11:45\u00a0\u00a0\u00a0\u00a0\u00a0\u00a0\u00a0 &#8211; Grabbing a stick in Single Sinawali<br \/>\n00:13:09\u00a0\u00a0\u00a0\u00a0\u00a0\u00a0\u00a0 &#8211; Disregarding the other hand<br \/>\n00:14:05 \u00a0 \u00a0 \u00a0\u00a0 &#8211; Disarming both sticks &#8211; 1<br \/>\n00:17:12\u00a0\u00a0\u00a0\u00a0\u00a0\u00a0\u00a0 &#8211; Disarming both sticks &#8211; 2<br \/>\n00:17:35\u00a0\u00a0\u00a0\u00a0\u00a0\u00a0\u00a0\u00a0\u00a0\u00a0 &#8211; Aiming for the target in Single Sinawali<br \/>\n00:21:40\u00a0\u00a0\u00a0\u00a0\u00a0\u00a0\u00a0 &#8211; Disarming both sticks &#8211; 3<br \/>\n00:23:05\u00a0\u00a0\u00a0\u00a0\u00a0\u00a0\u00a0 &#8211; Disarming both sticks &#8211; 4<br \/>\n00:25:29\u00a0 Lesson 2: Tapi-Tapi<br \/>\n00:25:36\u00a0 Introduction to the topic<br \/>\n00:26:11\u00a0\u00a0\u00a0\u00a0 &#8211; The 3 distances<br \/>\n00:27:06\u00a0\u00a0\u00a0\u00a0 &#8211; The basic flow<br \/>\n00:27:58\u00a0\u00a0\u00a0\u00a0\u00a0\u00a0\u00a0 &#8211; Triggering a protection reflex<br \/>\n00:30:38\u00a0\u00a0\u00a0\u00a0\u00a0\u00a0\u00a0 &#8211; Entering corto distance<br \/>\n00:33:35\u00a0\u00a0\u00a0\u00a0\u00a0\u00a0\u00a0 &#8211; Adding the left hand and hand changes<br \/>\n00:35:28\u00a0\u00a0\u00a0\u00a0\u00a0\u00a0\u00a0 &#8211; Hand changes in all 3 distances<br \/>\n00:38:34\u00a0 How the brain works when learning movements<br \/>\n00:42:53\u00a0\u00a0\u00a0\u00a0\u00a0\u00a0\u00a0 &#8211; Setting up a trap with stab 7<br \/>\n00:44:55\u00a0\u00a0\u00a0\u00a0\u00a0\u00a0\u00a0 &#8211; Applying a straight armbar<br \/>\n00:45:54\u00a0\u00a0\u00a0\u00a0\u00a0\u00a0\u00a0\u00a0\u00a0\u00a0 &#8211; Details how to execute the armbar<br \/>\n00:49:17\u00a0\u00a0\u00a0\u00a0\u00a0\u00a0\u00a0 &#8211; How to bait properly<br \/>\n00:51:15\u00a0\u00a0\u00a0\u00a0\u00a0\u00a0\u00a0 &#8211; Putting it all together<br \/>\n00:52:30\u00a0\u00a0\u00a0\u00a0\u00a0\u00a0\u00a0 &#8211; Armpit lock &#8211; moving to the outside<br \/>\n00:53:07\u00a0\u00a0\u00a0\u00a0\u00a0\u00a0\u00a0\u00a0\u00a0\u00a0 &#8211; How to attack the nose<br \/>\n00:54:43\u00a0\u00a0\u00a0\u00a0\u00a0\u00a0\u00a0 &#8211; Summary of the Tapi-Tapi<br \/>\n00:55:40\u00a0 Lesson 3: Empty hand techniques<br \/>\n00:55:47\u00a0 Introduction to the topic<br \/>\n00:56:43\u00a0\u00a0\u00a0\u00a0 &#8211; Brush grab strike (Modern principle)<br \/>\n00:58:55\u00a0\u00a0\u00a0\u00a0\u00a0\u00a0\u00a0 &#8211; Do not cross the hands<br \/>\n01:01:22\u00a0\u00a0\u00a0\u00a0\u00a0\u00a0\u00a0 &#8211; How to strike with the lead hand<br \/>\n01:03:06\u00a0\u00a0\u00a0\u00a0\u00a0\u00a0\u00a0 &#8211; Attacking a nerve point at the neck<br \/>\n01:04:51\u00a0\u00a0\u00a0\u00a0\u00a0\u00a0\u00a0 &#8211; Using: getting away from the pain<br \/>\n01:06:01\u00a0\u00a0\u00a0\u00a0\u00a0\u00a0\u00a0 &#8211; Applying fingerlocks<br \/>\n01:08:19\u00a0\u00a0\u00a0\u00a0\u00a0\u00a0\u00a0\u00a0\u00a0\u00a0 &#8211; How to enhance the fingerlocks &#8211; 1<br \/>\n01:10:03\u00a0\u00a0\u00a0\u00a0\u00a0\u00a0\u00a0\u00a0\u00a0\u00a0 &#8211; How to enhance the fingerlocks &#8211; 2<br \/>\n01:11:57\u00a0\u00a0\u00a0\u00a0\u00a0\u00a0\u00a0\u00a0\u00a0\u00a0 &#8211; How to execute a fingerlock<br \/>\n01:13:34\u00a0\u00a0\u00a0\u00a0 &#8211; Brush grab strike on the outside<br \/>\n01:14:52\u00a0\u00a0\u00a0\u00a0\u00a0\u00a0\u00a0 &#8211; Straight armbar<br \/>\n01:15:49\u00a0\u00a0\u00a0\u00a0\u00a0\u00a0\u00a0\u00a0\u00a0\u00a0 &#8211; Locking with mass<br \/>\n01:17:31\u00a0\u00a0\u00a0\u00a0\u00a0\u00a0\u00a0 &#8211; Shoulderlock with backward throw<br \/>\n01:17:46 \u00a0 \u00a0 \u00a0 \u00a0 \u00a0 &#8211; What not to do<br \/>\n01:18:10\u00a0\u00a0\u00a0\u00a0\u00a0\u00a0\u00a0\u00a0\u00a0\u00a0 &#8211; One way to execute it correctly<br \/>\n01:19:33\u00a0\u00a0\u00a0\u00a0\u00a0\u00a0\u00a0 &#8211; &#8222;Reverse&#8220; centerlock<br \/>\n01:20:12\u00a0\u00a0\u00a0\u00a0\u00a0\u00a0\u00a0\u00a0\u00a0\u00a0 &#8211; How to execute the &#8222;reverse&#8220; centerlock<br \/>\n01:22:28\u00a0\u00a0\u00a0\u00a0 &#8211; Summary of my empty hand class<br \/>\n01:24:10\u00a0 Info<br \/>\n01:24:39\u00a0 End<\/p>\n<h4><strong>Not only quick demos on Youtube. Lots of them there. But here you find detailled instruction with &#8222;What, why and how&#8220;. With many details, that get lost on pure demos<br \/>\nVideos from Abanico: You can really learn from them!<\/strong><\/h4>\n<div class=\"avia_textblock avia_textblock_style\" data-update_with=\"content\"><\/div>\n<h3>Trailer<\/h3>\n<hr \/>\n<div style=\"width: 640px;\" class=\"wp-video\"><video class=\"wp-video-shortcode\" id=\"video-14147-1\" width=\"640\" height=\"360\" preload=\"metadata\" controls=\"controls\"><source type=\"video\/mp4\" src=\"https:\/\/www.abanico.de\/abanico\/wp-content\/files\/trailer\/2023-Trailer-Legacy-Camp-USA.mp4?_=1\" \/><a href=\"https:\/\/www.abanico.de\/abanico\/wp-content\/files\/trailer\/2023-Trailer-Legacy-Camp-USA.mp4\">https:\/\/www.abanico.de\/abanico\/wp-content\/files\/trailer\/2023-Trailer-Legacy-Camp-USA.mp4<\/a><\/video><\/div>\n<p>Musik:<br \/>\n<b>Rock Intro 3<\/b> von Audionautix ist unter der Lizenz &#8222;Creative Commons Attribution&#8220; (<span lang=\"zxx\"><u><a href=\"https:\/\/creativecommons.org\/licenses\/by\/4.0\/\" target=\"_blank\" rel=\"noopener noreferrer\">https:\/\/creativecommons.org\/licenses\/by\/4.0\/<\/a><\/u><\/span>) lizenziert.<br \/>\nK\u00fcnstler: <span lang=\"zxx\"><u><a href=\"http:\/\/audionautix.com\/\" target=\"_blank\" rel=\"noopener noreferrer\">http:\/\/audionautix.com\/<\/a><\/u><\/span><\/p>\n<hr \/>\n<h5><a href=\"https:\/\/www.abanico.de\/abanico\/en\/dieter-knuettel-en\/\"><em><span style=\"color: #ff0000;\"><strong>Grandmaster <\/strong><\/span><\/em><strong><em><span style=\"color: #ff0000;\">Datu Dieter Kn\u00fcttel<\/span><\/em><\/strong><\/a><\/h5>\n<h5>Dieter Kn\u00fcttel, M.A. in sports science is Modern Arnis chief-instructor for der DAV of Germany and European Modern Arnis Representative (1996 -2001) of Professor Remy A. Presas.<br \/>\nHe 1received the title of DATU and the rank of Lakan Anim, 6th Dan Modern Arnis from Professor Remy Presas in 1996, as 4th of 6 persons and the only person outside of the USA who has received this title.<br \/>\nAfter receivinhg his 7th, 8th and 9th Dan in the Philippines,\u00a0 on Septemer 24th\u00a0 2016 it was publically announced in Dortmund, Germany, that he has awarded 10th Dan, Lakan Sampu by Grandmaster Roberto Presas, 10. Dan Modern Arnis.<\/h5>\n<h5>Dieter Knuettel is involved with the Filipino Martial Arts since 1978 and he has been teaching FMA\/Modern Arnis seminars since 1980 all over Europe, in Australia, in the USA, in Russia and even in the Philippines.<\/h5>\n<h5>He is one of the most experienced Modern Arnis Masters worldwide.<\/h5>\n<div class=\"avia_textblock avia_textblock_style\" data-update_with=\"content\">\n<hr \/>\n<\/div>\n<div class=\"avia_textblock avia_textblock_style\" data-update_with=\"content\"><\/div>\n","protected":false},"excerpt":{"rendered":"<h2><strong>Modern Arnis World Legacy Camp 2023 &#8211; Download &#8211; EN &#8211; DE<br \/>\n<\/strong><\/h2>\n<p><strong>Sprache english &#8211; download<\/strong><\/p>\n<p>Running time (Min.): 84<br \/>\n<strong>Producer: ABANICO<\/strong><\/p>\n","protected":false},"featured_media":14134,"comment_status":"open","ping_status":"closed","template":"","meta":[],"product_brand":[],"product_cat":[39,7336,40,685],"product_tag":[10123,10125,9040,10111,9022,42,10127,43,9231,10113,10070,637,52,605,10115,9163,10129,248,9229,650,10131,596],"class_list":{"0":"post-14147","1":"product","2":"type-product","3":"status-publish","4":"has-post-thumbnail","6":"product_cat-download-de","7":"product_cat-lehrgaenge-mit-gm-datu-dieter-knuettel","8":"product_cat-modern-arnis-download-de","9":"product_cat-seminar-videos-download-de","10":"product_tag-2-vs-1-de","11":"product_tag-armbar-de","12":"product_tag-arnis","13":"product_tag-brush-grab-strike-de","14":"product_tag-datu-dieter","15":"product_tag-dieter-knuettel","16":"product_tag-disartming-de","17":"product_tag-download","18":"product_tag-download-video","19":"product_tag-empty-hand-drill-de","20":"product_tag-empty-hands","21":"product_tag-eskrima","22":"product_tag-modern-arnis","23":"product_tag-modern-drill","24":"product_tag-modern-principle-de","25":"product_tag-remy-presas","26":"product_tag-reverse-centerlock-de","27":"product_tag-self-defense","28":"product_tag-seminar-video","29":"product_tag-sinawali","30":"product_tag-sticklocks-de","31":"product_tag-tapi-tapi","33":"first","34":"instock","35":"downloadable","36":"virtual","37":"sold-individually","38":"taxable","39":"purchasable","40":"product-type-simple"},"_links":{"self":[{"href":"https:\/\/www.abanico.de\/abanico\/wp-json\/wp\/v2\/product\/14147","targetHints":{"allow":["GET"]}}],"collection":[{"href":"https:\/\/www.abanico.de\/abanico\/wp-json\/wp\/v2\/product"}],"about":[{"href":"https:\/\/www.abanico.de\/abanico\/wp-json\/wp\/v2\/types\/product"}],"replies":[{"embeddable":true,"href":"https:\/\/www.abanico.de\/abanico\/wp-json\/wp\/v2\/comments?post=14147"}],"wp:featuredmedia":[{"embeddable":true,"href":"https:\/\/www.abanico.de\/abanico\/wp-json\/wp\/v2\/media\/14134"}],"wp:attachment":[{"href":"https:\/\/www.abanico.de\/abanico\/wp-json\/wp\/v2\/media?parent=14147"}],"wp:term":[{"taxonomy":"product_brand","embeddable":true,"href":"https:\/\/www.abanico.de\/abanico\/wp-json\/wp\/v2\/product_brand?post=14147"},{"taxonomy":"product_cat","embeddable":true,"href":"https:\/\/www.abanico.de\/abanico\/wp-json\/wp\/v2\/product_cat?post=14147"},{"taxonomy":"product_tag","embeddable":true,"href":"https:\/\/www.abanico.de\/abanico\/wp-json\/wp\/v2\/product_tag?post=14147"}],"curies":[{"name":"wp","href":"https:\/\/api.w.org\/{rel}","templated":true}]}}