{"id":1409,"date":"2018-03-05T15:25:55","date_gmt":"2018-03-05T14:25:55","guid":{"rendered":"http:\/\/localhost:8888\/projekt4\/produkt\/import-placeholder-for-3705\/"},"modified":"2018-12-03T15:14:27","modified_gmt":"2018-12-03T14:14:27","slug":"artur-allerborn-angebot","status":"publish","type":"product","link":"https:\/\/www.abanico.de\/abanico\/shop\/dvd-pal-de\/kick-boxen-dvd-pal-de-de\/artur-allerborn-angebot\/","title":{"rendered":"Artur Allerborn Angebot &#8211; 5 DVDs &#8211; PAL &#8211; DE"},"content":{"rendered":"<p>Mit diesem Angebot erhalten Sie die 5 Artur Allerborn DVDs:<\/p>\n<p>Die detaillierte Beschreibung der Inhalte:<\/p>\n<h3>Dehnung f\u00fcr Kampfsportler<\/h3>\n<p>Werden Sie gelenkig! Lernen Sie alles, was Sie \u00fcber die richtige Dehnung wissen m\u00fcssen. Ballistisch-statisch-PNF &#8211; nie geh\u00f6rt? Hier lernen Sie es. Die richtigen Trainingsprinzipien und ca 70 \u00dcbungen, die auch Sie gelenkig machen, finden Sie auf dieser DVD<\/p>\n<div style=\"width: 640px;\" class=\"wp-video\"><video class=\"wp-video-shortcode\" id=\"video-1409-1\" width=\"640\" height=\"360\" preload=\"metadata\" controls=\"controls\"><source type=\"video\/mp4\" src=\"https:\/\/www.abanico.de\/abanico\/wp-content\/files\/trailer\/D-D-SD-Vorspann-deutsch.mp4?_=1\" \/><a href=\"https:\/\/www.abanico.de\/abanico\/wp-content\/files\/trailer\/D-D-SD-Vorspann-deutsch.mp4\">https:\/\/www.abanico.de\/abanico\/wp-content\/files\/trailer\/D-D-SD-Vorspann-deutsch.mp4<\/a><\/video><\/div>\n<hr \/>\n<h3>KB1: Handtechniken des Vollkontakt Kick-Boxens<\/h3>\n<p>Die Handtechniken des Vollkontakt Kick-Boxens Alle Handtechniken komplett mit Angriffen im Stand und in der Bewegung, Verteidigung, Fehlerkorrektur, Anwendungen sowie &#8222;Video-K\u00e4mpfe&#8220; gegen Artur Allerborn.<\/p>\n<div style=\"width: 640px;\" class=\"wp-video\"><video class=\"wp-video-shortcode\" id=\"video-1409-2\" width=\"640\" height=\"360\" preload=\"metadata\" controls=\"controls\"><source type=\"video\/mp4\" src=\"https:\/\/www.abanico.de\/abanico\/wp-content\/files\/trailer\/D-KB1-SD-Vorspann-deutsch.mp4?_=2\" \/><a href=\"https:\/\/www.abanico.de\/abanico\/wp-content\/files\/trailer\/D-KB1-SD-Vorspann-deutsch.mp4\">https:\/\/www.abanico.de\/abanico\/wp-content\/files\/trailer\/D-KB1-SD-Vorspann-deutsch.mp4<\/a><\/video><\/div>\n<hr \/>\n<h3>KB2: Beintechniken des Vollkontakt Kick-Boxens<\/h3>\n<p>Die Beintechniken des Vollkontakt Kick-Boxens. Komplett mit korrekter Ausf\u00fchrung, Anwendungen, Verteidigungen und Fehlerkorrektur.<\/p>\n<div style=\"width: 640px;\" class=\"wp-video\"><video class=\"wp-video-shortcode\" id=\"video-1409-3\" width=\"640\" height=\"360\" preload=\"metadata\" controls=\"controls\"><source type=\"video\/mp4\" src=\"https:\/\/www.abanico.de\/abanico\/wp-content\/files\/trailer\/D-KB2-SD-Vorspann-deutsch.mp4?_=3\" \/><a href=\"https:\/\/www.abanico.de\/abanico\/wp-content\/files\/trailer\/D-KB2-SD-Vorspann-deutsch.mp4\">https:\/\/www.abanico.de\/abanico\/wp-content\/files\/trailer\/D-KB2-SD-Vorspann-deutsch.mp4<\/a><\/video><\/div>\n<h3>Pratzentraining 1<\/h3>\n<p>In dieser Produktion lernen Sie die Grundlagen des Pratzentrainings.<br \/>\nDie einzelnen Pratzen werden mit deren Vor- und Nachteilen vorgestellt und anschlie\u00dfend das richtige Halten der verschiedenen Pratzen mit Fehlerkorrektur demonstriert.<br \/>\nNach der Erkl\u00e4rung der richtigen Beinarbeit und den verschiedenen Distanzen, werden dann die Box- und anschlie\u00dfend die Ellbogen Techniken an den verschiedenen Pratzen erkl\u00e4rt und demonstriert.<\/p>\n<p>Den Abschluss der ersten Teiles bilden die Grundlegenden Box-Kombinationen<\/p>\n<div style=\"width: 640px;\" class=\"wp-video\"><video class=\"wp-video-shortcode\" id=\"video-1409-4\" width=\"640\" height=\"360\" preload=\"metadata\" controls=\"controls\"><source type=\"video\/mp4\" src=\"https:\/\/www.abanico.de\/abanico\/wp-content\/files\/trailer\/Pratze-1-SD-Vorspann.mp4?_=4\" \/><a href=\"https:\/\/www.abanico.de\/abanico\/wp-content\/files\/trailer\/Pratze-1-SD-Vorspann.mp4\">https:\/\/www.abanico.de\/abanico\/wp-content\/files\/trailer\/Pratze-1-SD-Vorspann.mp4<\/a><\/video><\/div>\n<hr \/>\n<h3>Pratzentraining 2<\/h3>\n<p>Komplettieren Sie Ihr Pratzentraing!<br \/>\nAuf dieser DVD lernen Sie, bestimmte Zeichen im Pratzentraining einzusetzen, um beim Training spezielle Reaktionen &#8222;fordern&#8220; zu k\u00f6nnen. Es werden weiterhin alle Kick-Techniken und die Knie-Techniken an den verschiedenen Pratzen demonstriert.<br \/>\nAbschlie\u00dfend werden noch die folgenden Themen behandetl:<br \/>\n&#8211; Abschlie\u00dfen eine Kick-Box Kombination<br \/>\n&#8211; Grundlegene Kick-Box Kombinationen<br \/>\n&#8211; Grundlegende Konter-Kombinationen &#8211; auch mit St\u00f6raktionen.<\/p>\n<div style=\"width: 640px;\" class=\"wp-video\"><video class=\"wp-video-shortcode\" id=\"video-1409-5\" width=\"640\" height=\"360\" preload=\"metadata\" controls=\"controls\"><source type=\"video\/mp4\" src=\"https:\/\/www.abanico.de\/abanico\/wp-content\/files\/trailer\/Pratze-2-SD-Vorspann.mp4?_=5\" \/><a href=\"https:\/\/www.abanico.de\/abanico\/wp-content\/files\/trailer\/Pratze-2-SD-Vorspann.mp4\">https:\/\/www.abanico.de\/abanico\/wp-content\/files\/trailer\/Pratze-2-SD-Vorspann.mp4<\/a><\/video><\/div>\n<hr \/>\n<p><strong>Artur Allerborn<\/strong><br \/>\nDiplom-Sportleher und Diplom-Trainer Boxen, ist ehemaliger Deutscher Kick-Box Meister und 6. Dan Kick-Boxen. Er ist ein hochqualifizierter Kick-Box- und Boxtrainer, der zwischenzeitlich zum Trainerstab der Deutschen Amateur Box-Nationalmannschaft geh\u00f6rte. Seine DVDs \u00fcber Pratzentraining, Dehnung und Kick-Boxen werden Sie begeistern.<\/p>\n","protected":false},"excerpt":{"rendered":"<h2>Artur Allerborn Angebot &#8211; 5 DVDs &#8211; PAL &#8211; DE<\/h2>\n<p><strong>5 DVDs von Artur Allerborn: Dehnung f\u00fcr Kampfsportler, Handtechniken des Vollkontakt Kick-Boxens, Beintechniken des Vollkontakt Kick-Boxens, Pratzentraining 1 und 2<\/strong><br \/>\n<strong>Sprache: deutsch &#8211; TV-System: PAL<\/strong><br \/>\nLaufzeit (Min.): 367<br \/>\n<strong>Produzent: ABANICO<\/strong><\/p>\n","protected":false},"featured_media":6378,"comment_status":"open","ping_status":"closed","template":"","meta":[],"product_brand":[],"product_cat":[54,70],"product_tag":[1961,1804,2419,1816,1808],"class_list":{"0":"post-1409","1":"product","2":"type-product","3":"status-publish","4":"has-post-thumbnail","6":"product_cat-dvd-pal-de","7":"product_cat-kick-boxen-dvd-pal-de-de","8":"product_tag-angebot-de","9":"product_tag-artur-allerborn-de","10":"product_tag-diplomsportlehrer-de","11":"product_tag-dvd-en-de","12":"product_tag-kick-boxen-de","13":"product_shipping_class-4689","15":"first","16":"instock","17":"taxable","18":"shipping-taxable","19":"purchasable","20":"product-type-simple"},"_links":{"self":[{"href":"https:\/\/www.abanico.de\/abanico\/wp-json\/wp\/v2\/product\/1409","targetHints":{"allow":["GET"]}}],"collection":[{"href":"https:\/\/www.abanico.de\/abanico\/wp-json\/wp\/v2\/product"}],"about":[{"href":"https:\/\/www.abanico.de\/abanico\/wp-json\/wp\/v2\/types\/product"}],"replies":[{"embeddable":true,"href":"https:\/\/www.abanico.de\/abanico\/wp-json\/wp\/v2\/comments?post=1409"}],"wp:featuredmedia":[{"embeddable":true,"href":"https:\/\/www.abanico.de\/abanico\/wp-json\/wp\/v2\/media\/6378"}],"wp:attachment":[{"href":"https:\/\/www.abanico.de\/abanico\/wp-json\/wp\/v2\/media?parent=1409"}],"wp:term":[{"taxonomy":"product_brand","embeddable":true,"href":"https:\/\/www.abanico.de\/abanico\/wp-json\/wp\/v2\/product_brand?post=1409"},{"taxonomy":"product_cat","embeddable":true,"href":"https:\/\/www.abanico.de\/abanico\/wp-json\/wp\/v2\/product_cat?post=1409"},{"taxonomy":"product_tag","embeddable":true,"href":"https:\/\/www.abanico.de\/abanico\/wp-json\/wp\/v2\/product_tag?post=1409"}],"curies":[{"name":"wp","href":"https:\/\/api.w.org\/{rel}","templated":true}]}}