{"id":13876,"date":"2023-08-27T13:18:17","date_gmt":"2023-08-27T11:18:17","guid":{"rendered":"https:\/\/www.abanico.de\/abanico\/?post_type=product&#038;p=13876"},"modified":"2025-10-25T15:52:50","modified_gmt":"2025-10-25T13:52:50","slug":"horn-kerambit-leopard-design-handgritzt-aus-bueffelhorn-ausruestung","status":"publish","type":"product","link":"https:\/\/www.abanico.de\/abanico\/shop\/ausruestung\/messer\/horn-kerambit-leopard-design-handgritzt-aus-bueffelhorn-ausruestung\/","title":{"rendered":"Horn-Kerambit Leopard-Design handgritzt aus B\u00fcffelhorn &#8211; Ausr\u00fcstung"},"content":{"rendered":"<p>Dies ist ein Kerambit aus B\u00fcffelhorn mit einem per Hand eingegeritzten Leoparden-Design.<\/p>\n<p>Sehr sch\u00f6ne und seltene Handarbeit! Das genaue Design kann je nach Licht variieren.<\/p>\n<p>Direkt aus den Philippinen.<br \/>\nDie Kr\u00fcmmung kann je nach Palmstick unterschiedlich stark sein.<\/p>\n<div class=\"avia_textblock avia_textblock_style\" data-update_with=\"content\">\n<hr \/>\n<\/div>\n","protected":false},"excerpt":{"rendered":"<h2>Horn-Kerambit Leopard-Design handgritzt aus B\u00fcffelhorn &#8211; Ausr\u00fcstung<\/h2>\n","protected":false},"featured_media":13874,"comment_status":"open","ping_status":"closed","template":"","meta":[],"product_brand":[],"product_cat":[688,701],"product_tag":[1287,10082,10088,10092,1297,1337],"class_list":{"0":"post-13876","1":"product","2":"type-product","3":"status-publish","4":"has-post-thumbnail","6":"product_cat-ausruestung","7":"product_cat-messer","8":"product_tag-ausruestung-de","9":"product_tag-bueffelhorn","10":"product_tag-horn-kerambit","11":"product_tag-leopard-design","12":"product_tag-trainingsausruestung-de","13":"product_tag-trainingsmesser-de","14":"product_shipping_class-4689","16":"first","17":"outofstock","18":"taxable","19":"shipping-taxable","20":"purchasable","21":"product-type-simple"},"_links":{"self":[{"href":"https:\/\/www.abanico.de\/abanico\/wp-json\/wp\/v2\/product\/13876","targetHints":{"allow":["GET"]}}],"collection":[{"href":"https:\/\/www.abanico.de\/abanico\/wp-json\/wp\/v2\/product"}],"about":[{"href":"https:\/\/www.abanico.de\/abanico\/wp-json\/wp\/v2\/types\/product"}],"replies":[{"embeddable":true,"href":"https:\/\/www.abanico.de\/abanico\/wp-json\/wp\/v2\/comments?post=13876"}],"wp:featuredmedia":[{"embeddable":true,"href":"https:\/\/www.abanico.de\/abanico\/wp-json\/wp\/v2\/media\/13874"}],"wp:attachment":[{"href":"https:\/\/www.abanico.de\/abanico\/wp-json\/wp\/v2\/media?parent=13876"}],"wp:term":[{"taxonomy":"product_brand","embeddable":true,"href":"https:\/\/www.abanico.de\/abanico\/wp-json\/wp\/v2\/product_brand?post=13876"},{"taxonomy":"product_cat","embeddable":true,"href":"https:\/\/www.abanico.de\/abanico\/wp-json\/wp\/v2\/product_cat?post=13876"},{"taxonomy":"product_tag","embeddable":true,"href":"https:\/\/www.abanico.de\/abanico\/wp-json\/wp\/v2\/product_tag?post=13876"}],"curies":[{"name":"wp","href":"https:\/\/api.w.org\/{rel}","templated":true}]}}