{"id":13866,"date":"2023-08-27T12:34:19","date_gmt":"2023-08-27T10:34:19","guid":{"rendered":"https:\/\/www.abanico.de\/abanico\/?post_type=product&#038;p=13866"},"modified":"2025-11-04T10:58:47","modified_gmt":"2025-11-04T09:58:47","slug":"palmstick-adler-handgeritzt-aus-bueffelhorn-ausruestung","status":"publish","type":"product","link":"https:\/\/www.abanico.de\/abanico\/shop\/ausruestung\/palmstick\/palmstick-adler-handgeritzt-aus-bueffelhorn-ausruestung\/","title":{"rendered":"Palmstick Adler &#8211; handgeritzt aus B\u00fcffelhorn &#8211; Ausr\u00fcstung"},"content":{"rendered":"<p>Dies ist ein Palmstick aus B\u00fcffelhorn mit einem per Hand eingegeritzten Adler.<\/p>\n<p>Sehr sch\u00f6ne und seltene Handarbeit!<\/p>\n<p>Direkt aus den Philippinen.<br \/>\nDie Kr\u00fcmmung kann je nach Palmstick unterschiedlich stark sein.<\/p>\n<p>Zum Training mit Vorsicht geeignet.<br \/>\nTechniken mit dem Palmstick finden Sie auf dem download Video: &#8222;<a href=\"https:\/\/www.abanico.de\/abanico\/shop\/download-de\/modern-arnis-download-de\/sv-mit-dem-palmstick-download-deutsch-2\/\">Selbstverteidigung mit dem Palmstick<\/a>&#8222;<\/p>\n","protected":false},"excerpt":{"rendered":"<h2>Palmstick Adler- handgeritzt aus B\u00fcffelhorn &#8211; Ausr\u00fcstung<\/h2>\n","protected":false},"featured_media":13871,"comment_status":"open","ping_status":"closed","template":"","meta":[],"product_brand":[],"product_cat":[688,704],"product_tag":[10090,10082,10084,10080,1331,1333],"class_list":{"0":"post-13866","1":"product","2":"type-product","3":"status-publish","4":"has-post-thumbnail","6":"product_cat-ausruestung","7":"product_cat-palmstick","8":"product_tag-adler-design","9":"product_tag-bueffelhorn","10":"product_tag-handgeritzt","11":"product_tag-horn-dulo","12":"product_tag-palmsticks-de","13":"product_tag-trainings-ausruestung-de","14":"product_shipping_class-4689","16":"first","17":"outofstock","18":"taxable","19":"shipping-taxable","20":"purchasable","21":"product-type-simple"},"_links":{"self":[{"href":"https:\/\/www.abanico.de\/abanico\/wp-json\/wp\/v2\/product\/13866","targetHints":{"allow":["GET"]}}],"collection":[{"href":"https:\/\/www.abanico.de\/abanico\/wp-json\/wp\/v2\/product"}],"about":[{"href":"https:\/\/www.abanico.de\/abanico\/wp-json\/wp\/v2\/types\/product"}],"replies":[{"embeddable":true,"href":"https:\/\/www.abanico.de\/abanico\/wp-json\/wp\/v2\/comments?post=13866"}],"wp:featuredmedia":[{"embeddable":true,"href":"https:\/\/www.abanico.de\/abanico\/wp-json\/wp\/v2\/media\/13871"}],"wp:attachment":[{"href":"https:\/\/www.abanico.de\/abanico\/wp-json\/wp\/v2\/media?parent=13866"}],"wp:term":[{"taxonomy":"product_brand","embeddable":true,"href":"https:\/\/www.abanico.de\/abanico\/wp-json\/wp\/v2\/product_brand?post=13866"},{"taxonomy":"product_cat","embeddable":true,"href":"https:\/\/www.abanico.de\/abanico\/wp-json\/wp\/v2\/product_cat?post=13866"},{"taxonomy":"product_tag","embeddable":true,"href":"https:\/\/www.abanico.de\/abanico\/wp-json\/wp\/v2\/product_tag?post=13866"}],"curies":[{"name":"wp","href":"https:\/\/api.w.org\/{rel}","templated":true}]}}