{"id":13698,"date":"2023-06-19T14:31:20","date_gmt":"2023-06-19T12:31:20","guid":{"rendered":"https:\/\/www.abanico.de\/abanico\/?post_type=product&#038;p=13698"},"modified":"2025-01-23T18:48:39","modified_gmt":"2025-01-23T17:48:39","slug":"tapi-tapi-grundlagen-und-techniken-download-de","status":"publish","type":"product","link":"https:\/\/www.abanico.de\/abanico\/shop\/download-de\/modern-arnis-download-de\/grossmeister-und-meister-des-modern-arnis\/tapi-tapi-grundlagen-und-techniken-download-de\/","title":{"rendered":"Tapi-Tapi-Grundlagen und Techniken &#8211; Download &#8211; DE"},"content":{"rendered":"<p>In diesem Lehrgangs-Video werden die Grundlagen des Tapi-Tapi demonstriert und erl\u00e4utert.<\/p>\n<p>Die 3 Distanzen mit der entsprechenden Dynamik, 1er und 2er Stopper mit der Kontrolle, von wo der Gef\u00fchrte wieder angeift sowie der Reverseblock &#8211; Abanico auf 1 und 2 mit rechts und links.<\/p>\n<p>Viele Details und Kleinigkeiten, die h\u00e4ufig \u00fcbersehen werden.<\/p>\n<p>Viel Spass damit!<\/p>\n<p>Das Video hat Kapitelmarker.<br \/>\nErkl\u00e4rung hier: <em><strong><a href=\"https:\/\/www.abanico.de\/abanico\/kapitel-in-download-videos\/\"><span style=\"color: #ff0000;\">Kapitelmarker<\/span><\/a><\/strong><\/em><\/p>\n<p>Hier der Inhalt des Videos:<\/p>\n<p>00:00 Vorspann<br \/>\n00:28\u00a0 Willkommen und Einleitung in das Thema<br \/>\n00:55\u00a0 Die 3 Distanzen des Tapi-Tapi<br \/>\n01:20 \u00a0 \u00a0 &#8211; Largo: Single Sinawali mit Handwechsel<br \/>\n01:34\u00a0\u00a0\u00a0\u00a0 &#8211; Details Sinawali<br \/>\n02:06 \u00a0 \u00a0 &#8211; \u00dcbergang Largo-Medio<br \/>\n03:37 \u00a0 \u00a0 &#8211; Medio: 1 &#8211; 12 mit 2 Regeln<br \/>\n05:05\u00a0 \u00a0\u00a0 &#8211; \u00dcbergang Medio-Largo<br \/>\n05:36 \u00a0\u00a0\u00a0 &#8211; Details Medio<br \/>\n06:18\u00a0 \u00a0\u00a0 &#8211; Details Stichtechniken<br \/>\n09:55\u00a0 \u00a0\u00a0 &#8211; Die Dynamik in den 3 Distanzen<br \/>\n11:44 \u00a0 \u00a0 &#8211; Handwechsel in allen 3 Distanzen<br \/>\n12:54\u00a0 Der 1er Stopper<br \/>\n13:46\u00a0 \u00a0\u00a0 &#8211; Wie die Hand befreit wird<br \/>\n14:17 \u00a0\u00a0\u00a0 &#8211; Nicht zu fr\u00fch blocken<br \/>\n15:59\u00a0 \u00a0\u00a0 &#8211; Learning by &#8222;doing&#8220;<br \/>\n16:30 \u00a0 \u00a0 &#8211; Nach dem 1er Stopper: Schlag 1 oder Schlag 2?<br \/>\n17:17\u00a0 \u00a0\u00a0 &#8211; Den Gef\u00fchrten programmieren bzw. steuern, ob er mit 1 oder 2 angreift<br \/>\n20:56\u00a0 \u00a0\u00a0 &#8211; 1er Stopper im Corto<br \/>\n23:16\u00a0 Der 2er Stopper<br \/>\n24:40\u00a0 \u00a0\u00a0 &#8211; 2er Stopper im Corto<br \/>\n26:28\u00a0 \u00a0\u00a0 &#8211; 1er Stopper aus Block 2 &#8211; 2er Stopper aus Block 1<br \/>\n27:12\u00a0 Reverse Block Abanico<br \/>\n27:24 \u00a0\u00a0\u00a0 &#8211; Mit rechts: nach Block von Angriff 1<br \/>\n29:41 \u00a0\u00a0\u00a0 &#8211; Mit rechts: nach Block von Angriff 2<br \/>\n33:35\u00a0 \u00a0\u00a0 &#8211; Mit links: nach Block von Angriff 2<br \/>\n34:10 \u00a0 \u00a0 &#8211; Mit links: nach Block von Angriff 1<br \/>\n35:03 Verabschiedung<br \/>\n35:17\u00a0 Abspann<br \/>\n35:45\u00a0 Ende<\/p>\n<p>Dies alles wird im dem Video detailliert erkl\u00e4rt und demonstriert.<\/p>\n<h4>Das Download-Video ist Teil der Serie:\u00a0 Lehrgangs Videos von und mit GM Datu Dieter Kn\u00fcttel und andern Meistern und Gro\u00dfmeistern.<br \/>\nNicht nur schnelle Demos, von denen es so viele auf Youtube zu sehen gibt, sondern Unterricht mit Erkl\u00e4rungen des &#8222;Was, Warum und Wie&#8220; mit vielen wichtigen Details, die bei reinen Demos verloren gehen.<\/h4>\n<p><strong>Videos, von denen man wirklich lernen kann.<\/strong><\/p>\n<h3>Trailer<\/h3>\n<hr \/>\n<div style=\"width: 640px;\" class=\"wp-video\"><video class=\"wp-video-shortcode\" id=\"video-13698-1\" width=\"640\" height=\"360\" preload=\"metadata\" controls=\"controls\"><source type=\"video\/mp4\" src=\"https:\/\/www.abanico.de\/abanico\/wp-content\/files\/trailer\/2023-06-Do-Tapi-Tapi-Trailer.mp4?_=1\" \/><a href=\"https:\/\/www.abanico.de\/abanico\/wp-content\/files\/trailer\/2023-06-Do-Tapi-Tapi-Trailer.mp4\">https:\/\/www.abanico.de\/abanico\/wp-content\/files\/trailer\/2023-06-Do-Tapi-Tapi-Trailer.mp4<\/a><\/video><\/div>\n<p>Musik:<br \/>\n<b>Rock Intro 3<\/b> von Audionautix ist unter der Lizenz &#8222;Creative Commons Attribution&#8220; (<span lang=\"zxx\"><u><a href=\"https:\/\/creativecommons.org\/licenses\/by\/4.0\/\" target=\"_blank\" rel=\"noopener noreferrer\">https:\/\/creativecommons.org\/licenses\/by\/4.0\/<\/a><\/u><\/span>) lizenziert.<br \/>\nK\u00fcnstler: <span lang=\"zxx\"><u><a href=\"http:\/\/audionautix.com\/\" target=\"_blank\" rel=\"noopener noreferrer\">http:\/\/audionautix.com\/<\/a><\/u><\/span><\/p>\n<hr \/>\n<h4><a href=\"https:\/\/www.abanico.de\/abanico\/dieter-knuettel-de\/\"><strong><span style=\"color: #ff0000;\"><em>Gro\u00dfmeister Datu Dieter Kn\u00fcttel<\/em><\/span><\/strong><\/a><\/h4>\n<h4>ist Diplom-Sportlehrer, Bundestrainer f\u00fcr Modern Arnis (seit 1985) und Modern Arnis Repr\u00e4sentant f\u00fcr Europa.<\/h4>\n<p>Er unterrichtet Selbstverteidigung seit Ende der 70er Jahre in ganz Deutschland aber auch weltweit.<\/p>\n<p>1996 wurde ihm der Titel Datu und der Grad Lakan Anim, 6. Dan Modern Arnis, von Gro\u00dfmeister Remy A. Presas (10. Dan) pers\u00f6nlich als 4. Arnis-Lehrer au\u00dferhalb der Philippinen und als erstem au\u00dferhalb der USA, verliehen<br \/>\nNachdem er den 7., 8. und 9. Dan auf den Philippinen verliehen bekommen hatte, wurde m 24.9.2016 in Dortmund \u00f6ffentlich bekanntgegeben, dass er von Gro\u00dfmeister Roberto Presas den 10. Dan Modern Arnis verliehen bekommen hatte.<\/p>\n<p>Dieter Kn\u00fcttel betreibt Kampfsport seit 1967 und philippinische Kampfk\u00fcnste seit 1978. Er unterrichtet Modern Arnis auf Lehrg\u00e4ngen \u00fcberall in Europa, Russland, Australien und in den USA.<\/p>\n<div class=\"avia_textblock avia_textblock_style\" data-update_with=\"content\">\n<hr \/>\n<\/div>\n<div class=\"avia_textblock avia_textblock_style\" data-update_with=\"content\"><\/div>\n","protected":false},"excerpt":{"rendered":"<h2><strong>Tapi-Tapi-Grundlagen und Techniken &#8211; Download &#8211; DE<\/strong><\/h2>\n<p><strong>Sprache: deutsch &#8211; download<\/strong><br \/>\nLaufzeit (Min.): 35<br \/>\n<strong>Produzent: ABANICO<\/strong><\/p>\n","protected":false},"featured_media":13699,"comment_status":"open","ping_status":"closed","template":"","meta":[],"product_brand":[],"product_cat":[39,7329,7336,40,685],"product_tag":[10078,10074,9040,9022,1370,1372,1374,9231,1883,9583,1301,2217,1321,4691,10056,1376,7618,9163,10076,9042,1845,9229,1847,2329,1708,10058,10054],"class_list":{"0":"post-13698","1":"product","2":"type-product","3":"status-publish","4":"has-post-thumbnail","6":"product_cat-download-de","7":"product_cat-grossmeister-und-meister-des-modern-arnis","8":"product_cat-lehrgaenge-mit-gm-datu-dieter-knuettel","9":"product_cat-modern-arnis-download-de","10":"product_cat-seminar-videos-download-de","11":"product_tag-1er-stopper","12":"product_tag-2er-stopper","13":"product_tag-arnis","14":"product_tag-datu-dieter","15":"product_tag-dav-de","16":"product_tag-deutscher-arnis-verband-de","17":"product_tag-dieter-knuettel-de","18":"product_tag-download-video","19":"product_tag-drill-de","20":"product_tag-einser-stopper","21":"product_tag-eskrima-de","22":"product_tag-kali-de","23":"product_tag-karate-de","24":"product_tag-messer-sv","25":"product_tag-moden-drill","26":"product_tag-modern-arnis-de","27":"product_tag-realistische-selbstverteidigung","28":"product_tag-remy-presas","29":"product_tag-reverseblock-abanico","30":"product_tag-selbstschutz","31":"product_tag-selbstverteidigung-de","32":"product_tag-seminar-video","33":"product_tag-sv-de","34":"product_tag-tapi-tapi-de","35":"product_tag-verteidigung-de","36":"product_tag-waffenlos-gegen-messer","37":"product_tag-waffenlose-sv","39":"first","40":"instock","41":"downloadable","42":"virtual","43":"sold-individually","44":"taxable","45":"purchasable","46":"product-type-simple"},"_links":{"self":[{"href":"https:\/\/www.abanico.de\/abanico\/wp-json\/wp\/v2\/product\/13698","targetHints":{"allow":["GET"]}}],"collection":[{"href":"https:\/\/www.abanico.de\/abanico\/wp-json\/wp\/v2\/product"}],"about":[{"href":"https:\/\/www.abanico.de\/abanico\/wp-json\/wp\/v2\/types\/product"}],"replies":[{"embeddable":true,"href":"https:\/\/www.abanico.de\/abanico\/wp-json\/wp\/v2\/comments?post=13698"}],"wp:featuredmedia":[{"embeddable":true,"href":"https:\/\/www.abanico.de\/abanico\/wp-json\/wp\/v2\/media\/13699"}],"wp:attachment":[{"href":"https:\/\/www.abanico.de\/abanico\/wp-json\/wp\/v2\/media?parent=13698"}],"wp:term":[{"taxonomy":"product_brand","embeddable":true,"href":"https:\/\/www.abanico.de\/abanico\/wp-json\/wp\/v2\/product_brand?post=13698"},{"taxonomy":"product_cat","embeddable":true,"href":"https:\/\/www.abanico.de\/abanico\/wp-json\/wp\/v2\/product_cat?post=13698"},{"taxonomy":"product_tag","embeddable":true,"href":"https:\/\/www.abanico.de\/abanico\/wp-json\/wp\/v2\/product_tag?post=13698"}],"curies":[{"name":"wp","href":"https:\/\/api.w.org\/{rel}","templated":true}]}}