{"id":13564,"date":"2023-05-12T16:17:43","date_gmt":"2023-05-12T14:17:43","guid":{"rendered":"https:\/\/www.abanico.de\/abanico\/?post_type=product&#038;p=13564"},"modified":"2023-05-12T18:11:08","modified_gmt":"2023-05-12T16:11:08","slug":"das-modern-prinzip-download-de","status":"publish","type":"product","link":"https:\/\/www.abanico.de\/abanico\/shop\/download-de\/modern-arnis-download-de\/grossmeister-und-meister-des-modern-arnis\/das-modern-prinzip-download-de\/","title":{"rendered":"Das Modern-Prinzip &#8211; Download &#8211; DE"},"content":{"rendered":"<p>Das Modern-Prinzip ist eines der wichtigsten Prinzipien des waffenlosen Modern Arnis.<\/p>\n<p>Auf diesem Lehrgangsvideo wird das Modern Prinzip demonstriert und im Detail erkl\u00e4rt. Die Herleitung von der Stock-Technik, der Eingang, die verschiedenen Folgetechniken und das \u00dcben im Modern-Drill. F\u00fcr alle, die das\u00a0 Modern Prinzip verstehen m\u00f6chten ist dieses Download-Video eine gro\u00dfe Hilfe<\/p>\n<p>Viel Spass damit!<\/p>\n<p>Das Video hat Kapitelmarker.<br \/>\nErkl\u00e4rung hier: <em><strong><a href=\"https:\/\/www.abanico.de\/abanico\/kapitel-in-download-videos\/\"><span style=\"color: #ff0000;\">Kapitelmarker<\/span><\/a><\/strong><\/em><\/p>\n<p>Hier der Inhalt des Videos:<\/p>\n<p>00:00\u00a0 Vorspann<br \/>\n00:28\u00a0 Willkommen und Einleitung in das Thema<br \/>\n00:39\u00a0 Die Modern Technik mit Stock: Gegenangriffs-Techniken<br \/>\n00:49\u00a0\u00a0\u00a0\u00a0 &#8211; Die Position beim Block<br \/>\n01:09\u00a0\u00a0\u00a0\u00a0 &#8211; K\u00f6rpermechanik: Der H\u00fcfteinsatz bei den Gegenangriffs-Techniken<br \/>\n01:26 \u00a0 \u00a0 &#8211; Analogie der Mechanik zum Boxen<br \/>\n01:45\u00a0\u00a0\u00a0\u00a0 &#8211; Schlagen, nicht schneiden<br \/>\n02:56 \u00a0 \u00a0 &#8211; Mit H\u00fcfte und Handgelenk schlagen : Kraft fokussieren<br \/>\n03:12\u00a0\u00a0\u00a0\u00a0 &#8211; Unterschied Stock &#8211; Schwert<br \/>\n04:21\u00a0\u00a0\u00a0\u00a0 &#8211; Richtung des Krafteinsatzes<br \/>\n04:51\u00a0\u00a0\u00a0\u00a0 &#8211; Schlagen in unterschiedlichen Distanzen<br \/>\n05:57\u00a0\u00a0\u00a0\u00a0\u00a0\u00a0\u00a0 &#8211; \u00dcbungsform zum schlagen in unterschiedlichen Distanzen<br \/>\n06:38\u00a0 Das Modern Prinzip: waffenlose Umsetzung<br \/>\n06:59\u00a0\u00a0\u00a0\u00a0 &#8211; Unbedingt vermeiden: Kreuzen der H\u00e4nde<br \/>\n07:23\u00a0\u00a0\u00a0\u00a0 &#8211; Richtig: nicht kreuzen<br \/>\n08:53\u00a0\u00a0\u00a0\u00a0 &#8211; Die rechte Hand federt ab<br \/>\n09:24\u00a0\u00a0\u00a0\u00a0 &#8211; Rhythmus: 1-2-3 bzw. 1-2<br \/>\n09:45\u00a0\u00a0\u00a0\u00a0\u00a0\u00a0\u00a0 &#8211; Akustische \u00dcbungsform zum Rhythmus<br \/>\n10:28\u00a0\u00a0\u00a0\u00a0 &#8211; Warum direkt, ohne zur\u00fcckziehen, geschlagen wird<br \/>\n11:52\u00a0\u00a0\u00a0\u00a0\u00a0\u00a0\u00a0 &#8211; Schneller Kontakt im Gesicht<br \/>\n12:51\u00a0\u00a0\u00a0\u00a0\u00a0\u00a0\u00a0 &#8211; Mit dem Unterarm treffen<br \/>\n14:12\u00a0\u00a0\u00a0\u00a0 &#8211; Folgetechniken<br \/>\n15:29\u00a0\u00a0\u00a0\u00a0\u00a0\u00a0\u00a0 &#8211; Folgetechniken mit Knie und Streckhebel<br \/>\n17:36\u00a0\u00a0\u00a0 \u00a0 \u00a0\u00a0\u00a0\u00a0 &#8211; Wie der Streckhebel angesetzt und ausgef\u00fchrt wird<br \/>\n20:08\u00a0\u00a0\u00a0\u00a0\u00a0\u00a0\u00a0 &#8211; Folgetechnik mit Fingerhebel<br \/>\n20:39\u00a0\u00a0\u00a0\u00a0\u00a0\u00a0\u00a0\u00a0\u00a0\u00a0 &#8211; Ausf\u00fchrung Fingerhebel<br \/>\n26:04\u00a0\u00a0\u00a0\u00a0\u00a0\u00a0\u00a0 &#8211; Folgetechnik mit Armzug und Wurf \u00fcber die Nase<br \/>\n26:43\u00a0\u00a0\u00a0\u00a0\u00a0\u00a0\u00a0\u00a0\u00a0\u00a0 &#8211; Wirkung des Drucks auf die Nase<br \/>\n27:01\u00a0\u00a0\u00a0\u00a0\u00a0\u00a0\u00a0\u00a0\u00a0\u00a0 &#8211; Die Unterst\u00fctzungsfl\u00e4che und die Bedeutung f\u00fcr den Wurf<br \/>\n28:48\u00a0 Was ist wichtig in der Selbstverteidigung?<br \/>\n29:55\u00a0\u00a0\u00a0\u00a0\u00a0\u00a0\u00a0\u00a0\u00a0\u00a0 &#8211; Wohin geht der Druck auf die Nase?<br \/>\n30:43\u00a0\u00a0\u00a0\u00a0\u00a0\u00a0\u00a0 &#8211; Folgetechnik mit Kontrolle beider Arme<br \/>\n32:01\u00a0\u00a0\u00a0\u00a0\u00a0\u00a0\u00a0 &#8211; Folgetechnik mit Hanging Lock<br \/>\n33:37\u00a0\u00a0\u00a0\u00a0\u00a0\u00a0\u00a0 &#8211; Folgetechnik nach Druck mit Streckhebel und Fu\u00dftrapp<br \/>\n35:20\u00a0\u00a0\u00a0\u00a0\u00a0\u00a0\u00a0 &#8211; Folgetechnik mit umgekehrtem Z-Hebel<br \/>\n37:52\u00a0 Der Modern Drill: Das Modern Prinzip im waffenlose Drill<br \/>\n38:09\u00a0\u00a0\u00a0\u00a0 &#8211; Die korrekte Ausf\u00fchrung f\u00fcr beide Seiten<br \/>\n40:33\u00a0\u00a0\u00a0\u00a0 &#8211; Modern Drill solo in die Kamera<br \/>\n41:00\u00a0\u00a0\u00a0\u00a0 &#8211; Hinweise zur korrekten Ausf\u00fchrung<br \/>\n42:57\u00a0 Verabschiedung<br \/>\n43:15\u00a0 Abspann<br \/>\n43:43\u00a0 Ende<\/p>\n<p>Dies alles wird im dem Video detailliert erkl\u00e4rt und demonstriert.<\/p>\n<h4>Das Download-Video ist Teil der Serie:\u00a0 Lehrgangs Videos von und mit GM Datu Dieter Kn\u00fcttel und andern Meistern und Gro\u00dfmeistern.<br \/>\nNicht nur schnelle Demos, von denen es so viele auf Youtube zu sehen gibt, sondern Unterricht mit Erkl\u00e4rungen des &#8222;Was, Warum und Wie&#8220; mit vielen wichtigen Details, die bei reinen Demos verloren gehen.<\/h4>\n<p><strong>Videos, von denen man wirklich lernen kann.<\/strong><\/p>\n<h3>Trailer<\/h3>\n<hr \/>\n<div style=\"width: 640px;\" class=\"wp-video\"><video class=\"wp-video-shortcode\" id=\"video-13564-1\" width=\"640\" height=\"360\" preload=\"metadata\" controls=\"controls\"><source type=\"video\/mp4\" src=\"https:\/\/www.abanico.de\/abanico\/wp-content\/files\/trailer\/2023-Modern-Prinzip-Trailer-AK-SH.mp4?_=1\" \/><a href=\"https:\/\/www.abanico.de\/abanico\/wp-content\/files\/trailer\/2023-Modern-Prinzip-Trailer-AK-SH.mp4\">https:\/\/www.abanico.de\/abanico\/wp-content\/files\/trailer\/2023-Modern-Prinzip-Trailer-AK-SH.mp4<\/a><\/video><\/div>\n<p>Musik:<br \/>\n<b>Rock Intro 3<\/b> von Audionautix ist unter der Lizenz &#8222;Creative Commons Attribution&#8220; (<span lang=\"zxx\"><u><a href=\"https:\/\/creativecommons.org\/licenses\/by\/4.0\/\" target=\"_blank\" rel=\"noopener noreferrer\">https:\/\/creativecommons.org\/licenses\/by\/4.0\/<\/a><\/u><\/span>) lizenziert.<br \/>\nK\u00fcnstler: <span lang=\"zxx\"><u><a href=\"http:\/\/audionautix.com\/\" target=\"_blank\" rel=\"noopener noreferrer\">http:\/\/audionautix.com\/<\/a><\/u><\/span><\/p>\n<hr \/>\n<h4><a href=\"https:\/\/www.abanico.de\/abanico\/dieter-knuettel-de\/\"><strong><span style=\"color: #ff0000;\"><em>Gro\u00dfmeister Datu Dieter Kn\u00fcttel<\/em><\/span><\/strong><\/a><\/h4>\n<h4>ist Diplom-Sportlehrer, Bundestrainer f\u00fcr Modern Arnis (seit 1985) und Modern Arnis Repr\u00e4sentant f\u00fcr Europa.<\/h4>\n<p>Er unterrichtet Selbstverteidigung seit Ende der 70er Jahre in ganz Deutschland aber auch weltweit.<\/p>\n<p>1996 wurde ihm der Titel Datu und der Grad Lakan Anim, 6. Dan Modern Arnis, von Gro\u00dfmeister Remy A. Presas (10. Dan) pers\u00f6nlich als 4. Arnis-Lehrer au\u00dferhalb der Philippinen und als erstem au\u00dferhalb der USA, verliehen<br \/>\nNachdem er den 7., 8. und 9. Dan auf den Philippinen verliehen bekommen hatte, wurde m 24.9.2016 in Dortmund \u00f6ffentlich bekanntgegeben, dass er von Gro\u00dfmeister Roberto Presas den 10. Dan Modern Arnis verliehen bekommen hatte.<\/p>\n<p>Dieter Kn\u00fcttel betreibt Kampfsport seit 1967 und philippinische Kampfk\u00fcnste seit 1978. Er unterrichtet Modern Arnis auf Lehrg\u00e4ngen \u00fcberall in Europa, Russland, Australien und in den USA.<\/p>\n<div class=\"avia_textblock avia_textblock_style\" data-update_with=\"content\">\n<hr \/>\n<\/div>\n<div class=\"avia_textblock avia_textblock_style\" data-update_with=\"content\"><\/div>\n","protected":false},"excerpt":{"rendered":"<h2><strong>Das Modern-Prinzip &#8211; Download &#8211; DE<\/strong><\/h2>\n<p><strong>Sprache: deutsch &#8211; download<\/strong><br \/>\nLaufzeit (Min.): 43<br \/>\n<strong>Produzent: ABANICO<\/strong><\/p>\n","protected":false},"featured_media":13568,"comment_status":"open","ping_status":"closed","template":"","meta":[],"product_brand":[],"product_cat":[39,7329,7336,40,685],"product_tag":[9040,9022,535,536,42,9231,637,174,499,10056,52,9846,7618,9163,9042,165,9229,166,447,10054],"class_list":{"0":"post-13564","1":"product","2":"type-product","3":"status-publish","4":"has-post-thumbnail","6":"product_cat-download-de","7":"product_cat-grossmeister-und-meister-des-modern-arnis","8":"product_cat-lehrgaenge-mit-gm-datu-dieter-knuettel","9":"product_cat-modern-arnis-download-de","10":"product_cat-seminar-videos-download-de","11":"product_tag-arnis","12":"product_tag-datu-dieter","13":"product_tag-dav","14":"product_tag-deutscher-arnis-verband","15":"product_tag-dieter-knuettel","16":"product_tag-download-video","17":"product_tag-eskrima","18":"product_tag-kali","19":"product_tag-karate","20":"product_tag-moden-drill","21":"product_tag-modern-arnis","22":"product_tag-modern-prinzip","23":"product_tag-realistische-selbstverteidigung","24":"product_tag-remy-presas","25":"product_tag-selbstschutz","26":"product_tag-selbstverteidigung","27":"product_tag-seminar-video","28":"product_tag-sv","29":"product_tag-verteidigung","30":"product_tag-waffenlose-sv","32":"first","33":"instock","34":"downloadable","35":"virtual","36":"sold-individually","37":"taxable","38":"purchasable","39":"product-type-simple"},"_links":{"self":[{"href":"https:\/\/www.abanico.de\/abanico\/wp-json\/wp\/v2\/product\/13564","targetHints":{"allow":["GET"]}}],"collection":[{"href":"https:\/\/www.abanico.de\/abanico\/wp-json\/wp\/v2\/product"}],"about":[{"href":"https:\/\/www.abanico.de\/abanico\/wp-json\/wp\/v2\/types\/product"}],"replies":[{"embeddable":true,"href":"https:\/\/www.abanico.de\/abanico\/wp-json\/wp\/v2\/comments?post=13564"}],"wp:featuredmedia":[{"embeddable":true,"href":"https:\/\/www.abanico.de\/abanico\/wp-json\/wp\/v2\/media\/13568"}],"wp:attachment":[{"href":"https:\/\/www.abanico.de\/abanico\/wp-json\/wp\/v2\/media?parent=13564"}],"wp:term":[{"taxonomy":"product_brand","embeddable":true,"href":"https:\/\/www.abanico.de\/abanico\/wp-json\/wp\/v2\/product_brand?post=13564"},{"taxonomy":"product_cat","embeddable":true,"href":"https:\/\/www.abanico.de\/abanico\/wp-json\/wp\/v2\/product_cat?post=13564"},{"taxonomy":"product_tag","embeddable":true,"href":"https:\/\/www.abanico.de\/abanico\/wp-json\/wp\/v2\/product_tag?post=13564"}],"curies":[{"name":"wp","href":"https:\/\/api.w.org\/{rel}","templated":true}]}}