{"id":13069,"date":"2022-11-24T18:40:17","date_gmt":"2022-11-24T17:40:17","guid":{"rendered":"https:\/\/www.abanico.de\/abanico\/?post_type=product&#038;p=13069"},"modified":"2026-03-23T00:00:03","modified_gmt":"2026-03-22T23:00:03","slug":"klasisches-kata-bunkai-fortgeschrittene-kata-angebot-download-de","status":"publish","type":"product","link":"https:\/\/www.abanico.de\/abanico\/shop\/download-de\/karate-download-de\/klasisches-kata-bunkai-fortgeschrittene-kata-angebot-download-de\/","title":{"rendered":"Klassisches Kata Bunkai: Fortgeschrittene Kata &#8211; Angebot &#8211; download &#8211; DE"},"content":{"rendered":"<p>Mit diesem Angebot erhalten Sie die 4 download-Videos des Budos Studien Kreises \u00fcber folgende Kata:<\/p>\n<ul>\n<li>Tekki\/Naihanchi 1-3<\/li>\n<li>Bassai\/Passai<\/li>\n<li>Hangetsu\/Seisan<\/li>\n<li>Gankaku\/Chinto<\/li>\n<\/ul>\n<p>mit den jeweiligen Hintergr\u00fcnden, Geschichte und unterschiedlichen Bunkai Anwendungen.<\/p>\n<hr \/>\n<h2>D-KKB6: Tekki und Naihanshi 1-3<\/h2>\n<p>Dieses Video zeigt die 3 Tekki-Varianten des Shotokan Kempo Karate aus dem BSK mit Werner Lind, Peter Sch\u00f6mbs, Ursel Arnold, Christian Lind und Markus Neudert.<\/p>\n<p>Sehen Sie weiter fortgeschrittene Methoden des Tuitejutsu (Gelenkmanipulationen) und Kyushojutsu (Vitalpunktstimulationen) des komplexen Bunkai der Tekki aus dem Budo Studien Kreis.<\/p>\n<p>Weiter sehen Sie die 3 Okinawa Naihanchi Varianten des Kobayashi Shorin Ryu Shidokan. Diesen okinawanischen Stil vertritt in Deutschland Sensei Joachim Laupp, ein direkter Sch\u00fcler des okinawanischen Grossmeisters Miyahira Katsuya (10. Dan Hanshi).<\/p>\n<p>Um die fortgeschrittenen Bunkai-Methoden dieser Kata verstehen zu k\u00f6nnen, sollten die vorausgangenen Heian-Videos von Werner Lind eingehend studiert werden.<\/p>\n<h3>Trailer<\/h3>\n<div style=\"width: 640px;\" class=\"wp-video\"><video class=\"wp-video-shortcode\" id=\"video-13069-1\" width=\"640\" height=\"360\" preload=\"metadata\" controls=\"controls\"><source type=\"video\/mp4\" src=\"https:\/\/www.abanico.de\/abanico\/wp-content\/files\/trailer\/D-KKB6-SD-Vorspann.mp4?_=1\" \/><a href=\"https:\/\/www.abanico.de\/abanico\/wp-content\/files\/trailer\/D-KKB6-SD-Vorspann.mp4\">https:\/\/www.abanico.de\/abanico\/wp-content\/files\/trailer\/D-KKB6-SD-Vorspann.mp4<\/a><\/video><\/div>\n<hr \/>\n<h2>D-KKB7: Bassai\/Passai<\/h2>\n<p>Dieses Video stellt mehrere Versionen der Bassai gegen\u00fcber: Matsumura no Passai, Oyadomari no Passai, Itosu no Passai, Shotokan Bassai dai, Shotokan Bassai sho.<\/p>\n<p>Das einfache und fortgeschrittene Bunkai ist auf die Shotokan Bassai dai aufgebaut.<\/p>\n<p>Das komplexe Bunkai entwickelt die Kampfmethode dieser Kata aus den alten Varianten, zeigt Unterschiede, Ver\u00e4nderungen durch die Zeit und Variationen. W<\/p>\n<p>er die Bunkai-Prinzipien aus den vorausgegangenen Lehrvideos verstanden hat, kann in das komplexe Bunkai der Bassai-Versionen leicht eindringen.<\/p>\n<h3>Trailer<\/h3>\n<div style=\"width: 640px;\" class=\"wp-video\"><video class=\"wp-video-shortcode\" id=\"video-13069-2\" width=\"640\" height=\"360\" preload=\"metadata\" controls=\"controls\"><source type=\"video\/mp4\" src=\"https:\/\/www.abanico.de\/abanico\/wp-content\/files\/trailer\/D-KKB7-SD-Vorspann.mp4?_=2\" \/><a href=\"https:\/\/www.abanico.de\/abanico\/wp-content\/files\/trailer\/D-KKB7-SD-Vorspann.mp4\">https:\/\/www.abanico.de\/abanico\/wp-content\/files\/trailer\/D-KKB7-SD-Vorspann.mp4<\/a><\/video><\/div>\n<hr \/>\n<h2>D-KKB8: Hangetsu\/Seisan<\/h2>\n<p>Die Hangetsu\/Seisan ist eine jener Kata, die im modernen Karate am meisten missverstanden werden. Dabei spielt sie eine Schl\u00fcsselrolle in der Entwicklung des okinawanischen Karate &#8211; sie bildet die Standards zu bestimmten Kampfstilen und hat fast alle okinawanischen Karate-Methoden durch ihren starken Kampfgeist beeinflusst. Auf Okinawa wird sie immer noch Seisan genannt.<\/p>\n<p>Wegen ihrer fortgeschrittenen Methoden des K\u00e4mpfens im Bereich der Vitalpunktstimulationen und vor allem auch wegen ihrer exzellenten, aber schwierigen Regulierung der Vitalpunkt-Energie in ihren Abl\u00e4ufen wird sie in den modernen Stilen als Kata zur Ausbildung des K\u00f6rpers betrachtet, was ihrem eigentlichen Sinn nicht gerecht wird.<\/p>\n<p>BSK-Sensei Peter Sch\u00f6mbs studiert seit vielen Jahren die Geschichte, die Herkunft, den Inhalt und das Bunkai dieser ausgezeichneten Kata und wird auf diesem Videos die tieferen Sinngehalte dieser alten chinesischen Form pr\u00e4sentieren.<\/p>\n<p>Die Kata wird von der Aragaki no Seisan und Miyagi no Seisan in verschiedenen Konzepten hin zur japanischen Hangetsu entwickelt. Verschiedene Methoden der Atmung, der Vitalkraft-Regeneration und der gegnerischen Stimulierung der Punkte werden ausf\u00fchrlich erl\u00e4utert.<\/p>\n<p>Die Bunkai-Versionen dieser Kata erlauben einen tiefen Einblick in die Omote- und Okuden-Struktur dieser Form. Seisan Formen auf diesem Video: Hangetsu (japanische Seisan) Shorin Seisan Miyagi no Seisan Kisaki no Seisan Uechi no Seisan Aragaki no Seisan<\/p>\n<h3>Trailer<\/h3>\n<div style=\"width: 640px;\" class=\"wp-video\"><video class=\"wp-video-shortcode\" id=\"video-13069-3\" width=\"640\" height=\"360\" preload=\"metadata\" controls=\"controls\"><source type=\"video\/mp4\" src=\"https:\/\/www.abanico.de\/abanico\/wp-content\/files\/trailer\/D-KKB8+-SD-Vorspann.mp4?_=3\" \/><a href=\"https:\/\/www.abanico.de\/abanico\/wp-content\/files\/trailer\/D-KKB8+-SD-Vorspann.mp4\">https:\/\/www.abanico.de\/abanico\/wp-content\/files\/trailer\/D-KKB8+-SD-Vorspann.mp4<\/a><\/video><\/div>\n<hr \/>\n<h2>D-KKB9: Gankaku\/Chinto<\/h2>\n<p>Die Kata Gankaku ist eine Ableitung aus der okinawanischen Chinto, die auf Okinawa haupts\u00e4chlich in drei Versionen \u00fcberliefert wurde:<\/p>\n<p>Tomari no chinto, Matsumora no chinto (Kiyatake no chinto) und Matsumura no chinto (Itosu no chinto).<\/p>\n<p>Die drei Versionen sind sehr unterschiedlich und haben kaum \u00c4hnlichkeiten miteinander. Auf ihrer Basis wurden noch viele weitere Versionen gegr\u00fcndet, von denen wir auf diesem Video einige darstellen.<\/p>\n<p>Bis zur\u00fcck nach China werden diese komplexen Methoden des Kranichstils (Baihequan) recherchiert und in all ihren Facetten nachvollzogen.<\/p>\n<p>Kihon-Bunkai, fortgeschrittenes Bunkai, Oyo-Bunkai und komplexes Bunkai werden in allen Einzelheiten auf diesem Video gezeigt.<\/p>\n<h3>Trailer<\/h3>\n<div style=\"width: 640px;\" class=\"wp-video\"><video class=\"wp-video-shortcode\" id=\"video-13069-4\" width=\"640\" height=\"360\" preload=\"metadata\" controls=\"controls\"><source type=\"video\/mp4\" src=\"https:\/\/www.abanico.de\/abanico\/wp-content\/files\/trailer\/D-KKB9-SD-Vorspann.mp4?_=4\" \/><a href=\"https:\/\/www.abanico.de\/abanico\/wp-content\/files\/trailer\/D-KKB9-SD-Vorspann.mp4\">https:\/\/www.abanico.de\/abanico\/wp-content\/files\/trailer\/D-KKB9-SD-Vorspann.mp4<\/a><\/video><\/div>\n<hr \/>\n<p><strong>Werner Lind<\/strong><br \/>\nist einer der f\u00fchrenden Karate-Meister f\u00fcr klassisches Karate in Deutschland. Er demonstriert hier mit seinem Team der BSK Lehrer die wahre Bedeutung der Katas: Bunkai in Perfektion. Diese DVDs repr\u00e4sentieren das komplette Bunkai-System von einfachem \u00fcber fortgeschrittenes bis zu komplexem Bunkai der bezeichneten klassischen Kata. Neben klaren Erkl\u00e4rungen zu Kihon- und Jiyu- \u00dcbungsformen werden jeweils s\u00e4mtliche Anwendungsmethoden der Atemi waza (Schlagtechniken), Tuite waza (Greiftechniken), Kansetsu waza (Hebeltechniken), Renzoku waza (Routinetechniken), Kakie waza (Klebende H\u00e4nde) und Kyushojutsu (Vitalpunkttechniken) des klassischen Karate in diesen Videos demonstriert.<\/p>\n","protected":false},"excerpt":{"rendered":"<h2>Klasisches Kata Bunkai: Fortgeschrittene Kata Angebot<\/h2>\n<p><strong>4 download-Videos \u00fcber die folgenden Kata: Tekki\/Naihanchi 1-3, Bassa\/Passai, Hangetsu\/Seisan und Gankaku\/Chinto<\/strong><br \/>\n<strong>Sprache: deutsch &#8211; download<\/strong><br \/>\nLaufzeit (Min.): 323<\/p>\n","protected":false},"featured_media":13116,"comment_status":"open","ping_status":"closed","template":"","meta":[],"product_brand":[],"product_cat":[39,525],"product_tag":[9988,9986,1364,1540,9984,9982,1321,1538,9980,1311,9990,9992,9978,1486],"class_list":{"0":"post-13069","1":"product","2":"type-product","3":"status-publish","4":"has-post-thumbnail","6":"product_cat-download-de","7":"product_cat-karate-download-de","8":"product_tag-bassai","9":"product_tag-chinte","10":"product_tag-deutsch-de","11":"product_tag-fortgeschrittene-kata-de","12":"product_tag-gankkaku","13":"product_tag-hangetsu","14":"product_tag-karate-de","15":"product_tag-klasisches-kata-bunkai-de","16":"product_tag-naihanchi","17":"product_tag-pal-de","18":"product_tag-passai","19":"product_tag-seisan","20":"product_tag-tekki","21":"product_tag-werner-lind-de","22":"product_shipping_class-4689","24":"first","25":"instock","26":"downloadable","27":"virtual","28":"taxable","29":"purchasable","30":"product-type-simple"},"_links":{"self":[{"href":"https:\/\/www.abanico.de\/abanico\/wp-json\/wp\/v2\/product\/13069","targetHints":{"allow":["GET"]}}],"collection":[{"href":"https:\/\/www.abanico.de\/abanico\/wp-json\/wp\/v2\/product"}],"about":[{"href":"https:\/\/www.abanico.de\/abanico\/wp-json\/wp\/v2\/types\/product"}],"replies":[{"embeddable":true,"href":"https:\/\/www.abanico.de\/abanico\/wp-json\/wp\/v2\/comments?post=13069"}],"wp:featuredmedia":[{"embeddable":true,"href":"https:\/\/www.abanico.de\/abanico\/wp-json\/wp\/v2\/media\/13116"}],"wp:attachment":[{"href":"https:\/\/www.abanico.de\/abanico\/wp-json\/wp\/v2\/media?parent=13069"}],"wp:term":[{"taxonomy":"product_brand","embeddable":true,"href":"https:\/\/www.abanico.de\/abanico\/wp-json\/wp\/v2\/product_brand?post=13069"},{"taxonomy":"product_cat","embeddable":true,"href":"https:\/\/www.abanico.de\/abanico\/wp-json\/wp\/v2\/product_cat?post=13069"},{"taxonomy":"product_tag","embeddable":true,"href":"https:\/\/www.abanico.de\/abanico\/wp-json\/wp\/v2\/product_tag?post=13069"}],"curies":[{"name":"wp","href":"https:\/\/api.w.org\/{rel}","templated":true}]}}