{"id":12993,"date":"2022-11-18T09:17:50","date_gmt":"2022-11-18T08:17:50","guid":{"rendered":"https:\/\/www.abanico.de\/abanico\/?post_type=product&#038;p=12993"},"modified":"2022-11-24T14:58:45","modified_gmt":"2022-11-24T13:58:45","slug":"dav-europa-seminar-teil-2-download-de","status":"publish","type":"product","link":"https:\/\/www.abanico.de\/abanico\/shop\/download-de\/modern-arnis-download-de\/grossmeister-und-meister-des-modern-arnis\/dav-europa-seminar-teil-2-download-de\/","title":{"rendered":"DAV-Europa-Seminar &#8211; Teil 2 &#8211; Download &#8211; DE"},"content":{"rendered":"<p>Dies ist das zweite Video \u00fcber das DAV-Europa-Seminar, das im September 2022 in Dortmund stattfand.<br \/>\nEs zeigt das Sonntag-Training f\u00fcr die Farbgurte.<br \/>\nDer DAV hat die Repr\u00e4sentanten aus 4 L\u00e4ndern eingeladen, um ihr K\u00f6nnen mit den Teilnhemer\/innen zu teilen.<\/p>\n<p>Knapp 80 Teilnehmer\/innen aus Frankreich, Ungarn, Tschechien und Deutschland trafen sich, um miteinander Modern Arnis zu trainieren.<\/p>\n<div dir=\"auto\">Die Trainer waren:<\/div>\n<div dir=\"auto\">Senior Guro Tom\u00e1\u0161 Severa, 3. Dan aus Tschechien<\/div>\n<div dir=\"auto\">Senior Guro Zolt\u00e1n Turek, 5. Dan\u00a0 aus Ungarn<\/div>\n<div dir=\"auto\">Senior Guro Laurent Hit, 5. Dan aus Frankreich<\/div>\n<div dir=\"auto\">GM Datu Dieter Kn\u00fcttel, 10. Dan aus Dortmund.<\/div>\n<p>Es wurden hervorragende Trainignseinheiten unterrichtet, mit interessanten Konzepte und teilweise neuen Ans\u00e4tze und Ideen f\u00fcr die Teilnehmer\/innen!<\/p>\n<p>Viel Spass mit dem Video!<\/p>\n<p>Das Video hat Kapitelmarker.<br \/>\nErkl\u00e4rung hier: <em><strong><a href=\"https:\/\/www.abanico.de\/abanico\/kapitel-in-download-videos\/\"><span style=\"color: #ff0000;\">Kapitelmarker<\/span><\/a><\/strong><\/em><\/p>\n<p>Hier der Inhalt des Videos:<\/p>\n<p>00:00:00\u00a0 Vorspann<br \/>\n<strong>00:00:29\u00a0 Senior Guro Tom\u00e1\u0161 Severa<\/strong><br \/>\n00:00:37\u00a0\u00a0\u00a0\u00a0 Sinawali Muster und Strukturen im waffenlosen Kampf<br \/>\n00:00:56\u00a0\u00a0\u00a0\u00a0\u00a0\u00a0\u00a0 &#8211; Capca<br \/>\n00:01:20 \u00a0\u00a0\u00a0\u00a0\u00a0\u00a0 &#8211; Singel Sinawali &#8211; nur oben<br \/>\n00:01:50 \u00a0\u00a0\u00a0\u00a0\u00a0\u00a0 &#8211; Verbindung der Sinawalis<br \/>\n00:02:53 \u00a0\u00a0\u00a0\u00a0\u00a0\u00a0 &#8211; Verbindung der Sinawalis als Fitness-\u00dcbungen<br \/>\n00:05:50 \u00a0\u00a0\u00a0\u00a0\u00a0\u00a0 &#8211; Capca waffenlos<br \/>\n00:07:24 \u00a0\u00a0\u00a0\u00a0\u00a0\u00a0 &#8211; Auf Ziele schlagen mit Capca<br \/>\n00:08:10 \u00a0\u00a0\u00a0\u00a0\u00a0\u00a0 &#8211; Auf Ziele schlagen mit Singel Sinawali<br \/>\n00:09:11 \u00a0\u00a0\u00a0\u00a0\u00a0\u00a0 &#8211; Auf Ziele schlagen mit Doppel Sinawali<br \/>\n00:11:05 \u00a0\u00a0\u00a0\u00a0\u00a0\u00a0 &#8211; Auf Ziele schlagen mit Doppel-Doppel Sinawali &#8211; Innenverdopplung<br \/>\n00:12:59 \u00a0\u00a0\u00a0\u00a0\u00a0\u00a0 &#8211; Auf Ziele schlagen mit Doppel-Doppel Sinawali &#8211; Aussenverdopplung<br \/>\n00:13:39 \u00a0\u00a0\u00a0\u00a0\u00a0\u00a0 &#8211; Auf Ziele schlagen mit Doppel-Doppel Sinawali &#8211; Oben-Untenverdopplung<br \/>\n00:14:16 \u00a0\u00a0\u00a0\u00a0\u00a0\u00a0 &#8211; Freie Kombination mit allen Schl\u00e4gen<br \/>\n00:16:01 \u00a0\u00a0\u00a0\u00a0\u00a0\u00a0 &#8211; Tipps f\u00fcr das waffenlose Training<br \/>\n00:17:49 \u00a0\u00a0\u00a0\u00a0\u00a0\u00a0 &#8211; Blocken mit Capca und Sinawali Techniken<br \/>\n00:19:44 \u00a0\u00a0\u00a0\u00a0\u00a0\u00a0 &#8211; Sich auf Angriffe vorbereiten<br \/>\n00:22:24 \u00a0\u00a0\u00a0\u00a0\u00a0\u00a0 &#8211; Verteidigung mit Singel Sinawali &#8211; nur oben<br \/>\n00:23:31 \u00a0\u00a0\u00a0\u00a0\u00a0\u00a0 &#8211; Freies blocken mit Gegenangriffen<br \/>\n00:24:51 \u00a0\u00a0\u00a0\u00a0\u00a0\u00a0 &#8211; Zusammenfassung des Unterrichts<br \/>\n00:25:31 \u00a0\u00a0\u00a0\u00a0\u00a0\u00a0 &#8211; Freies anwenden der Techniken<br \/>\n00:27:03 \u00a0\u00a0\u00a0\u00a0\u00a0\u00a0 &#8211; Tipps f\u00fcr das Training und beenden des Unterrichts<br \/>\n<strong>00:28:30\u00a0 Senior Guro Zolt\u00e1n Turek<\/strong><br \/>\n00:28:35\u00a0\u00a0\u00a0\u00a0 Doppelstocktechniken im Modern Drill<br \/>\n00:29:19 \u00a0\u00a0\u00a0\u00a0\u00a0\u00a0 &#8211; Die 1. Doppelstock Serie mit einer Kombination<br \/>\n00:30:33 \u00a0\u00a0\u00a0\u00a0\u00a0\u00a0 &#8211; Die 1. Doppelstock Serie im Modern Drill<br \/>\n00:32:20 \u00a0\u00a0\u00a0\u00a0\u00a0\u00a0 &#8211; Beide wenden die Technik im Modern Drill an<br \/>\n00:32:35 \u00a0\u00a0\u00a0\u00a0\u00a0\u00a0 &#8211; Die 2. Kombination der 1. Doppelstockserie im Modern Drill<br \/>\n00:35:52 \u00a0\u00a0\u00a0\u00a0\u00a0\u00a0 &#8211; Die 2. Doppelstock Serie mit einer Kombination<br \/>\n00:36:59 \u00a0\u00a0\u00a0\u00a0\u00a0\u00a0\u00a0\u00a0\u00a0 &#8211; Die gleiche Technik mit der 1. Doppelstockserie<br \/>\n00:38:22 \u00a0\u00a0\u00a0\u00a0\u00a0\u00a0\u00a0\u00a0\u00a0 &#8211; Diese Technik im Modern Drill<br \/>\n00:39:49 \u00a0\u00a0\u00a0\u00a0\u00a0\u00a0 &#8211; Die 4. Doppelstock Serie mit einer Kombination<br \/>\n00:41:35 \u00a0\u00a0\u00a0\u00a0\u00a0\u00a0 &#8211; Die 4. Doppelstock Serie im Modern Drill<br \/>\n00:42:34 \u00a0\u00a0\u00a0\u00a0\u00a0\u00a0 &#8211; Abschlusstechniken<br \/>\n00:44:54 \u00a0\u00a0\u00a0\u00a0\u00a0\u00a0 &#8211; Zusammenfassung des Trainings<br \/>\n<strong>00:46:00\u00a0 Senior Guro Laurent Hit<\/strong><br \/>\n00:46:08\u00a0\u00a0\u00a0\u00a0 Modern Drill: Stock-waffenlos Corto<br \/>\n00:47:12 \u00a0\u00a0\u00a0\u00a0\u00a0\u00a0 &#8211; Variation mit dem Butt\/Punyo<br \/>\n00:48:04 \u00a0\u00a0\u00a0\u00a0\u00a0\u00a0 &#8211; Ein zus\u00e4tzlicher mit dem Butt\/Punyo<br \/>\n00:49:34 \u00a0\u00a0\u00a0\u00a0\u00a0\u00a0 &#8211; Kreuzfesselgriff mit Kontrolle<br \/>\n00:50:52 \u00a0\u00a0\u00a0\u00a0\u00a0\u00a0 &#8211; Abschluss mit Armstreckhebel<br \/>\n00:51:45 \u00a0\u00a0\u00a0\u00a0\u00a0\u00a0 &#8211; Abschluss mit einem Armstreckhebel mit dem Stock<br \/>\n00:52:58 \u00a0\u00a0\u00a0\u00a0\u00a0\u00a0 &#8211; Anwendug der Techniken im Modern Drill<br \/>\n<strong>00:53:39\u00a0 GM Datu Dieter Kn\u00fcttel<\/strong><br \/>\n00:53:43\u00a0\u00a0\u00a0\u00a0 Spezielle Hebeltechniken waffenlos<br \/>\n00:54:14 \u00a0\u00a0\u00a0\u00a0\u00a0\u00a0 &#8211; Z-Hebel: Normale (DAV) Ausf\u00fchrung<br \/>\n00:56:09 \u00a0\u00a0\u00a0\u00a0\u00a0\u00a0\u00a0\u00a0\u00a0 &#8211; Traditionelle Version<br \/>\n00:56:51 \u00a0\u00a0\u00a0\u00a0\u00a0\u00a0\u00a0\u00a0\u00a0 &#8211; Verst\u00e4rkte DAV-Version aus der Anwendung<br \/>\n01:00:08 \u00a0\u00a0\u00a0\u00a0\u00a0\u00a0\u00a0\u00a0\u00a0\u00a0\u00a0\u00a0 &#8211; Tipps zur besseren Ausf\u00fchrung<br \/>\n01:02:51 \u00a0\u00a0\u00a0\u00a0\u00a0\u00a0 &#8211; Umgekehrter Handhebel: &#8222;normale&#8220; Ausf\u00fchrung<br \/>\n01:03:12 \u00a0\u00a0\u00a0\u00a0\u00a0\u00a0\u00a0 &#8211; Verbesserte Version \/ Enhanced version<br \/>\n01:05:23 \u00a0\u00a0\u00a0\u00a0\u00a0\u00a0 &#8211; Umgekehrter Z-Hebel: Die Ausf\u00fchrung<br \/>\n01:06:19 \u00a0\u00a0\u00a0\u00a0\u00a0\u00a0\u00a0\u00a0\u00a0 &#8211; Die Anwendung<br \/>\n01:07:50 \u00a0\u00a0\u00a0\u00a0\u00a0\u00a0\u00a0\u00a0\u00a0 &#8211; Der Sweetspot<br \/>\n01:09:39 \u00a0\u00a0\u00a0\u00a0\u00a0\u00a0\u00a0\u00a0\u00a0 &#8211; Der Eingang<br \/>\n01:10:06 \u00a0\u00a0\u00a0\u00a0\u00a0\u00a0\u00a0\u00a0\u00a0 &#8211; Abschlie\u00dfende Worte zu Hebeltechniken<br \/>\n01:11:31\u00a0 Abspann<br \/>\n01:12:00\u00a0 Ende<\/p>\n<p>Dies alles wird im dem Video detailliert erkl\u00e4rt und demonstriert.<\/p>\n<h4>Das Download-Video ist Teil der neuen Serie:\u00a0 Lehrgangs Videos von und mit GM Datu Dieter Kn\u00fcttel und andern Meistern und Gro\u00dfmeistern.<br \/>\nNicht nur schnelle Demos, von denen es so viele auf Youtube zu sehen gibt, sondern Unterricht mit Erkl\u00e4rungen des &#8222;Was, Warum und Wie&#8220; mit vielen wichtigen Details, die bei reinen Demos verloren gehen.<\/h4>\n<p><strong>Videos, von denen man wirklich lernen kann.<\/strong><\/p>\n<h3>Trailer<\/h3>\n<hr \/>\n<div style=\"width: 640px;\" class=\"wp-video\"><video class=\"wp-video-shortcode\" id=\"video-12993-1\" width=\"640\" height=\"360\" preload=\"metadata\" controls=\"controls\"><source type=\"video\/mp4\" src=\"https:\/\/www.abanico.de\/abanico\/wp-content\/files\/trailer\/Europa-Seminar-Teil-2-de-Trailer.mp4?_=1\" \/><a href=\"https:\/\/www.abanico.de\/abanico\/wp-content\/files\/trailer\/Europa-Seminar-Teil-2-de-Trailer.mp4\">https:\/\/www.abanico.de\/abanico\/wp-content\/files\/trailer\/Europa-Seminar-Teil-2-de-Trailer.mp4<\/a><\/video><\/div>\n<p>Musik:<br \/>\n<b>Rock Intro 3<\/b> von Audionautix ist unter der Lizenz &#8222;Creative Commons Attribution&#8220; (<span lang=\"zxx\"><u><a href=\"https:\/\/creativecommons.org\/licenses\/by\/4.0\/\" target=\"_blank\" rel=\"noopener noreferrer\">https:\/\/creativecommons.org\/licenses\/by\/4.0\/<\/a><\/u><\/span>) lizenziert.<br \/>\nK\u00fcnstler: <span lang=\"zxx\"><u><a href=\"http:\/\/audionautix.com\/\" target=\"_blank\" rel=\"noopener noreferrer\">http:\/\/audionautix.com\/<\/a><\/u><\/span><\/p>\n<hr \/>\n<h4><a href=\"https:\/\/www.abanico.de\/abanico\/dieter-knuettel-de\/\"><strong><span style=\"color: #ff0000;\"><em>Gro\u00dfmeister Datu Dieter Kn\u00fcttel<\/em><\/span><\/strong><\/a><\/h4>\n<h4>ist Diplom-Sportlehrer, Bundestrainer f\u00fcr Modern Arnis (seit 1985) und Modern Arnis Repr\u00e4sentant f\u00fcr Europa.<\/h4>\n<p>Er unterrichtet Selbstverteidigung seit Ende der 70er Jahre in ganz Deutschland aber auch weltweit.<\/p>\n<p>1996 wurde ihm der Titel Datu und der Grad Lakan Anim, 6. Dan Modern Arnis, von Gro\u00dfmeister Remy A. Presas (10. Dan) pers\u00f6nlich als 4. Arnis-Lehrer au\u00dferhalb der Philippinen und als erstem au\u00dferhalb der USA, verliehen<br \/>\nNachdem er den 7., 8. und 9. Dan auf den Philippinen verliehen bekommen hatte, wurde m 24.9.2016 in Dortmund \u00f6ffentlich bekanntgegeben, dass er von Gro\u00dfmeister Roberto Presas den 10. Dan Modern Arnis verliehen bekommen hatte.<\/p>\n<p>Dieter Kn\u00fcttel betreibt Kampfsport seit 1967 und philippinische Kampfk\u00fcnste seit 1978. Er unterrichtet Modern Arnis auf Lehrg\u00e4ngen \u00fcberall in Europa, Russland, Australien und in den USA.<\/p>\n<div class=\"avia_textblock avia_textblock_style\" data-update_with=\"content\">\n<hr \/>\n<\/div>\n<div class=\"avia_textblock avia_textblock_style\" data-update_with=\"content\"><\/div>\n","protected":false},"excerpt":{"rendered":"<h2><strong>DAV-Europa-Seminar &#8211; Teil 2 &#8211; Download &#8211; DE<\/strong><\/h2>\n<p><strong>Sprache: deutsch und englisch &#8211; download<\/strong><br \/>\nLaufzeit (Min.): 112<br \/>\n<strong>Produzent: ABANICO<\/strong><\/p>\n","protected":false},"featured_media":12997,"comment_status":"open","ping_status":"closed","template":"","meta":[],"product_brand":[],"product_cat":[39,7329,7336,7338,40,685],"product_tag":[9076,9040,9022,535,536,42,9231,5636,637,9065,9619,9900,9902,152,174,499,9700,9948,52,605,9936,7618,9163,9042,165,9229,650,166,9946,261,447,9950,9958,9944],"class_list":{"0":"post-12993","1":"product","2":"type-product","3":"status-publish","4":"has-post-thumbnail","6":"product_cat-download-de","7":"product_cat-grossmeister-und-meister-des-modern-arnis","8":"product_cat-lehrgaenge-mit-gm-datu-dieter-knuettel","9":"product_cat-lehrgaenge-mit-weiteren-grossmeistern-und-meistern","10":"product_cat-modern-arnis-download-de","11":"product_cat-seminar-videos-download-de","12":"product_tag-angriffe-anbwehren","13":"product_tag-arnis","14":"product_tag-datu-dieter","15":"product_tag-dav","16":"product_tag-deutscher-arnis-verband","17":"product_tag-dieter-knuettel","18":"product_tag-download-video","19":"product_tag-eingang-in-hebeltechniken","20":"product_tag-eskrima","21":"product_tag-flexible-gegenstaende","22":"product_tag-flow-drill","23":"product_tag-guertel","24":"product_tag-handtuch","25":"product_tag-hebeltechniken","26":"product_tag-kali","27":"product_tag-karate","28":"product_tag-kontrolle","29":"product_tag-laurent-hit","30":"product_tag-modern-arnis","31":"product_tag-modern-drill","32":"product_tag-presas-trapping","33":"product_tag-realistische-selbstverteidigung","34":"product_tag-remy-presas","35":"product_tag-selbstschutz","36":"product_tag-selbstverteidigung","37":"product_tag-seminar-video","38":"product_tag-sinawali","39":"product_tag-sv","40":"product_tag-tomas-severa","41":"product_tag-trapping","42":"product_tag-verteidigung","43":"product_tag-waffenloser-flow-drill","44":"product_tag-waffenloser-kampf","45":"product_tag-zoltan-turek","47":"first","48":"instock","49":"downloadable","50":"virtual","51":"sold-individually","52":"taxable","53":"purchasable","54":"product-type-simple"},"_links":{"self":[{"href":"https:\/\/www.abanico.de\/abanico\/wp-json\/wp\/v2\/product\/12993","targetHints":{"allow":["GET"]}}],"collection":[{"href":"https:\/\/www.abanico.de\/abanico\/wp-json\/wp\/v2\/product"}],"about":[{"href":"https:\/\/www.abanico.de\/abanico\/wp-json\/wp\/v2\/types\/product"}],"replies":[{"embeddable":true,"href":"https:\/\/www.abanico.de\/abanico\/wp-json\/wp\/v2\/comments?post=12993"}],"wp:featuredmedia":[{"embeddable":true,"href":"https:\/\/www.abanico.de\/abanico\/wp-json\/wp\/v2\/media\/12997"}],"wp:attachment":[{"href":"https:\/\/www.abanico.de\/abanico\/wp-json\/wp\/v2\/media?parent=12993"}],"wp:term":[{"taxonomy":"product_brand","embeddable":true,"href":"https:\/\/www.abanico.de\/abanico\/wp-json\/wp\/v2\/product_brand?post=12993"},{"taxonomy":"product_cat","embeddable":true,"href":"https:\/\/www.abanico.de\/abanico\/wp-json\/wp\/v2\/product_cat?post=12993"},{"taxonomy":"product_tag","embeddable":true,"href":"https:\/\/www.abanico.de\/abanico\/wp-json\/wp\/v2\/product_tag?post=12993"}],"curies":[{"name":"wp","href":"https:\/\/api.w.org\/{rel}","templated":true}]}}