{"id":12963,"date":"2022-11-16T08:24:01","date_gmt":"2022-11-16T07:24:01","guid":{"rendered":"https:\/\/www.abanico.de\/abanico\/?post_type=product&#038;p=12963"},"modified":"2022-11-18T10:12:23","modified_gmt":"2022-11-18T09:12:23","slug":"dav-europa-seminar-teil-1-download-de","status":"publish","type":"product","link":"https:\/\/www.abanico.de\/abanico\/shop\/download-de\/modern-arnis-download-de\/grossmeister-und-meister-des-modern-arnis\/dav-europa-seminar-teil-1-download-de\/","title":{"rendered":"DAV-Europa-Seminar &#8211; Teil 1 &#8211; Download &#8211; DE"},"content":{"rendered":"<p>Dies ist das erste Video \u00fcber das DAV-Europa-Seminar, das im September 2022 in Dortmund stattfand.<br \/>\nEs zeigt das komplette Training vom ersten Tag.<br \/>\nDer DAV hat die Repr\u00e4sentanten aus 4 L\u00e4ndern eingeladen, um ihr K\u00f6nnen mit den Teilnhemer\/innen zu teilen.<\/p>\n<p>Knapp 80 Teilnehmer\/innen aus Frankreich, Ungarn, Tschechien und Deutschland trafen sich, um miteinander Modern Arnis zu trainieren.<\/p>\n<div dir=\"auto\">Die Trainer waren:<\/div>\n<div dir=\"auto\">Senior Guro Tom\u00e1\u0161 Severa, 3. Dan aus Tschechien<\/div>\n<div dir=\"auto\">Senior Guro Zolt\u00e1n Turek, 5. Dan\u00a0 aus Ungarn<\/div>\n<div dir=\"auto\">Senior Guro Laurent Hit, 5. Dan aus Frankreich<\/div>\n<div dir=\"auto\">GM Datu Dieter Kn\u00fcttel, 10. Dan aus Dortmund.<\/div>\n<p>Es wurden hervorragende Trainignseinheiten unterrichtet, mit interessanten Konzepte und teilweise neuen Ans\u00e4tze und Ideen f\u00fcr die Teilnehmer\/innen!<\/p>\n<p>Viel Spass mit dem Video!<\/p>\n<p>Das Video hat Kapitelmarker.<br \/>\nErkl\u00e4rung hier: <em><strong><a href=\"https:\/\/www.abanico.de\/abanico\/kapitel-in-download-videos\/\"><span style=\"color: #ff0000;\">Kapitelmarker<\/span><\/a><\/strong><\/em><\/p>\n<p>Hier der Inhalt des Videos:<\/p>\n<p>00:00\u00a0 Vorspann<br \/>\n<strong>00:29\u00a0 1. Training: Alle zusammen<\/strong><br \/>\n00:32\u00a0 \u00a0\u00a0 Kombination 1<br \/>\n00:37\u00a0 \u00a0 \u00a0 \u00a0 &#8211; GM Datu Dieter Kn\u00fcttel<br \/>\n01:04\u00a0 \u00a0 \u00a0 \u00a0 &#8211; Senior Guro Laurent Hit<br \/>\n01:28 \u00a0 \u00a0 \u00a0\u00a0 &#8211; Senior Guro Zolt\u00e1n Turek<br \/>\n02:01\u00a0 \u00a0 \u00a0 \u00a0 &#8211; Senior Guro Tom\u00e1\u0161 Severa<br \/>\n03:47\u00a0\u00a0\u00a0\u00a0 Kombination 2<br \/>\n03:50\u00a0 \u00a0 \u00a0 \u00a0 &#8211; Senior Guro Laurent Hit<br \/>\n04:17 \u00a0 \u00a0 \u00a0\u00a0 &#8211; Senior Guro Zolt\u00e1n Turek<br \/>\n05:33 \u00a0 \u00a0 \u00a0 \u00a0 &#8211; Senior Guro Tom\u00e1\u0161 Severa<br \/>\n06:43\u00a0 \u00a0 \u00a0 \u00a0 &#8211; GM Datu Dieter Kn\u00fcttel<br \/>\n08:41\u00a0\u00a0\u00a0\u00a0 Kombination 3<br \/>\n08:46 \u00a0 \u00a0 \u00a0\u00a0 &#8211; Senior Guro Zolt\u00e1n Turek<br \/>\n09:36 \u00a0 \u00a0 \u00a0\u00a0 &#8211; Senior Guro Tom\u00e1\u0161 Severa<br \/>\n10:52 \u00a0 \u00a0 \u00a0\u00a0\u00a0 &#8211; Senior Guro Laurent Hit<br \/>\n<strong>11:55\u00a0 2. Training: SG Zolt\u00e1n Turek<\/strong><br \/>\n12:00\u00a0\u00a0\u00a0\u00a0 Presas Trapping mit Handwechsel<br \/>\n13:12\u00a0\u00a0\u00a0\u00a0\u00a0\u00a0\u00a0 &#8211; Handwechsel unten<br \/>\n14:38 \u00a0\u00a0\u00a0\u00a0\u00a0\u00a0 &#8211; Handwechsel unten mit Ellbogen-Streckhebel<br \/>\n16:45 \u00a0\u00a0\u00a0\u00a0\u00a0\u00a0 &#8211; Handwechsel unten mit Kipphandhebel<br \/>\n18:28 \u00a0\u00a0\u00a0\u00a0\u00a0\u00a0 &#8211; Handwechsel unten mit Wurftechniken<br \/>\n20:15 \u00a0\u00a0\u00a0\u00a0\u00a0\u00a0 &#8211; Handwechsel unten mit W\u00fcrgetechniken<br \/>\n22:47 \u00a0\u00a0\u00a0\u00a0\u00a0\u00a0 &#8211; Handwechsel unten mit W\u00fcrgetechniken -2<br \/>\n24:59 \u00a0\u00a0\u00a0\u00a0\u00a0\u00a0 &#8211; Handwechsel unten mit Doppelarmhebel und W\u00fcrger<br \/>\n27:40\u00a0\u00a0\u00a0\u00a0 SG Zolt\u00e1n Turek: Fazit<br \/>\n<strong>28:35\u00a0 3. Training: Senior Guro Tom\u00e1\u0161 Severa<\/strong><br \/>\n28:39\u00a0\u00a0\u00a0\u00a0 Waffenloser Flow Drill<br \/>\n29:15 \u00a0\u00a0\u00a0\u00a0\u00a0\u00a0 &#8211; Modern Prinzip auf 1 und 2<br \/>\n30:40 \u00a0\u00a0\u00a0\u00a0\u00a0\u00a0 &#8211; Modern Prinzip auf 2: Doppel Gunting<br \/>\n31:31 \u00a0\u00a0\u00a0\u00a0\u00a0\u00a0 &#8211; Modern Prinzip auf 2: Handwechsel Gunting hin-her<br \/>\n32:38 \u00a0\u00a0\u00a0\u00a0\u00a0\u00a0\u00a0\u00a0\u00a0 &#8211; 2 Wege, den Ellbogen anzugreifen<br \/>\n33:48 \u00a0\u00a0\u00a0\u00a0\u00a0\u00a0 &#8211; Modern Prinzip: Anwendungen der bisherigen Techniken<br \/>\n36:13 \u00a0\u00a0\u00a0\u00a0\u00a0\u00a0 &#8211; Modern Prinzip: Verteidigung Angriff links: Gunting, Handwechsel hin-her<br \/>\n37:16 \u00a0\u00a0\u00a0\u00a0\u00a0\u00a0 &#8211; Taktische K\u00f6rpermanipulation<br \/>\n38:40 \u00a0\u00a0\u00a0\u00a0\u00a0\u00a0 &#8211; Modern Prinzip auf 2: Verteidigung auf den 2. Angriff<br \/>\n40:34 \u00a0\u00a0\u00a0\u00a0\u00a0\u00a0 &#8211; Verschiedene Eing\u00e4nge f\u00fcr den Flow Drill<br \/>\n42:03 \u00a0\u00a0\u00a0\u00a0\u00a0\u00a0 &#8211; Anwendung verschiedenster Techniken im Drill<br \/>\n<strong>45:42\u00a0 4. Training: Senior Guro Laurent Hit<\/strong><br \/>\n45:47\u00a0\u00a0\u00a0\u00a0 Doppel Sinawali mit Abanicos und doppel Techniken<br \/>\n45:57 \u00a0\u00a0\u00a0\u00a0\u00a0\u00a0 &#8211; Doppel Sinawali<br \/>\n46:07 \u00a0\u00a0\u00a0\u00a0\u00a0\u00a0 &#8211; Schlag 1: Abanico &#8211; Doppelschlag &#8211; Abanico<br \/>\n47:13 \u00a0\u00a0\u00a0\u00a0\u00a0\u00a0 &#8211; Schlag 4: Abanico &#8211; Doppelschlag &#8211; Abanico<br \/>\n47:56 \u00a0\u00a0\u00a0\u00a0\u00a0\u00a0 &#8211; Schlag 2: Abanico &#8211; Doppelschlag &#8211; Abanico<br \/>\n49:05 \u00a0\u00a0\u00a0\u00a0\u00a0\u00a0 &#8211; Schlag 5: Abanico &#8211; Doppelschlag &#8211; Abanico<br \/>\n50:07 \u00a0\u00a0\u00a0\u00a0\u00a0\u00a0 &#8211; Schlag 3: Abanico &#8211; Doppelschlag &#8211; Abanico<br \/>\n51:05 \u00a0\u00a0\u00a0\u00a0\u00a0\u00a0 &#8211; Schlag 6: Abanico &#8211; Doppelschlag &#8211; Abanico<br \/>\n52:17 \u00a0\u00a0\u00a0\u00a0\u00a0\u00a0 &#8211; Alle Techniken zusammen<br \/>\n53:03\u00a0 Abschie\u00dfende Worte<br \/>\n53:40\u00a0 Abspann<br \/>\n54:09\u00a0 Ende<\/p>\n<p>Dies alles wird im dem Video detailliert erkl\u00e4rt und demonstriert.<\/p>\n<h4>Das Download-Video ist Teil der neuen Serie:\u00a0 Lehrgangs Videos von und mit GM Datu Dieter Kn\u00fcttel und andern Meistern und Gro\u00dfmeistern.<br \/>\nNicht nur schnelle Demos, von denen es so viele auf Youtube zu sehen gibt, sondern Unterricht mit Erkl\u00e4rungen des &#8222;Was, Warum und Wie&#8220; mit vielen wichtigen Details, die bei reinen Demos verloren gehen.<\/h4>\n<p><strong>Videos, von denen man wirklich lernen kann.<\/strong><\/p>\n<h3>Trailer<\/h3>\n<hr \/>\n<div style=\"width: 640px;\" class=\"wp-video\"><video class=\"wp-video-shortcode\" id=\"video-12963-1\" width=\"640\" height=\"360\" preload=\"metadata\" controls=\"controls\"><source type=\"video\/mp4\" src=\"https:\/\/www.abanico.de\/abanico\/wp-content\/files\/trailer\/Europa-Seminar-Teil-1-de-Trailer.mp4?_=1\" \/><a href=\"https:\/\/www.abanico.de\/abanico\/wp-content\/files\/trailer\/Europa-Seminar-Teil-1-de-Trailer.mp4\">https:\/\/www.abanico.de\/abanico\/wp-content\/files\/trailer\/Europa-Seminar-Teil-1-de-Trailer.mp4<\/a><\/video><\/div>\n<p>Musik:<br \/>\n<b>Rock Intro 3<\/b> von Audionautix ist unter der Lizenz &#8222;Creative Commons Attribution&#8220; (<span lang=\"zxx\"><u><a href=\"https:\/\/creativecommons.org\/licenses\/by\/4.0\/\" target=\"_blank\" rel=\"noopener noreferrer\">https:\/\/creativecommons.org\/licenses\/by\/4.0\/<\/a><\/u><\/span>) lizenziert.<br \/>\nK\u00fcnstler: <span lang=\"zxx\"><u><a href=\"http:\/\/audionautix.com\/\" target=\"_blank\" rel=\"noopener noreferrer\">http:\/\/audionautix.com\/<\/a><\/u><\/span><\/p>\n<hr \/>\n<h4><a href=\"https:\/\/www.abanico.de\/abanico\/dieter-knuettel-de\/\"><strong><span style=\"color: #ff0000;\"><em>Gro\u00dfmeister Datu Dieter Kn\u00fcttel<\/em><\/span><\/strong><\/a><\/h4>\n<h4>ist Diplom-Sportlehrer, Bundestrainer f\u00fcr Modern Arnis (seit 1985) und Modern Arnis Repr\u00e4sentant f\u00fcr Europa.<\/h4>\n<p>Er unterrichtet Selbstverteidigung seit Ende der 70er Jahre in ganz Deutschland aber auch weltweit.<\/p>\n<p>1996 wurde ihm der Titel Datu und der Grad Lakan Anim, 6. Dan Modern Arnis, von Gro\u00dfmeister Remy A. Presas (10. Dan) pers\u00f6nlich als 4. Arnis-Lehrer au\u00dferhalb der Philippinen und als erstem au\u00dferhalb der USA, verliehen<br \/>\nNachdem er den 7., 8. und 9. Dan auf den Philippinen verliehen bekommen hatte, wurde m 24.9.2016 in Dortmund \u00f6ffentlich bekanntgegeben, dass er von Gro\u00dfmeister Roberto Presas den 10. Dan Modern Arnis verliehen bekommen hatte.<\/p>\n<p>Dieter Kn\u00fcttel betreibt Kampfsport seit 1967 und philippinische Kampfk\u00fcnste seit 1978. Er unterrichtet Modern Arnis auf Lehrg\u00e4ngen \u00fcberall in Europa, Russland, Australien und in den USA.<\/p>\n<div class=\"avia_textblock avia_textblock_style\" data-update_with=\"content\">\n<hr \/>\n<\/div>\n<div class=\"avia_textblock avia_textblock_style\" data-update_with=\"content\"><\/div>\n","protected":false},"excerpt":{"rendered":"<h2><strong>DAV-Europa-Seminar &#8211; Teil 1 &#8211; Download &#8211; DE<\/strong><\/h2>\n<p><strong>Sprache: deutsch und englisch &#8211; download<\/strong><br \/>\nLaufzeit (Min.): 54<br \/>\n<strong>Produzent: ABANICO<\/strong><\/p>\n","protected":false},"featured_media":12964,"comment_status":"open","ping_status":"closed","template":"","meta":[],"product_brand":[],"product_cat":[39,7329,7336,7338,40,685],"product_tag":[9076,9040,9022,535,536,42,9231,637,9065,9619,9900,9902,174,499,9700,9948,52,9936,7618,9163,9042,165,9229,650,166,9946,261,447,9950,9944],"class_list":{"0":"post-12963","1":"product","2":"type-product","3":"status-publish","4":"has-post-thumbnail","6":"product_cat-download-de","7":"product_cat-grossmeister-und-meister-des-modern-arnis","8":"product_cat-lehrgaenge-mit-gm-datu-dieter-knuettel","9":"product_cat-lehrgaenge-mit-weiteren-grossmeistern-und-meistern","10":"product_cat-modern-arnis-download-de","11":"product_cat-seminar-videos-download-de","12":"product_tag-angriffe-anbwehren","13":"product_tag-arnis","14":"product_tag-datu-dieter","15":"product_tag-dav","16":"product_tag-deutscher-arnis-verband","17":"product_tag-dieter-knuettel","18":"product_tag-download-video","19":"product_tag-eskrima","20":"product_tag-flexible-gegenstaende","21":"product_tag-flow-drill","22":"product_tag-guertel","23":"product_tag-handtuch","24":"product_tag-kali","25":"product_tag-karate","26":"product_tag-kontrolle","27":"product_tag-laurent-hit","28":"product_tag-modern-arnis","29":"product_tag-presas-trapping","30":"product_tag-realistische-selbstverteidigung","31":"product_tag-remy-presas","32":"product_tag-selbstschutz","33":"product_tag-selbstverteidigung","34":"product_tag-seminar-video","35":"product_tag-sinawali","36":"product_tag-sv","37":"product_tag-tomas-severa","38":"product_tag-trapping","39":"product_tag-verteidigung","40":"product_tag-waffenloser-flow-drill","41":"product_tag-zoltan-turek","43":"first","44":"instock","45":"downloadable","46":"virtual","47":"sold-individually","48":"taxable","49":"purchasable","50":"product-type-simple"},"_links":{"self":[{"href":"https:\/\/www.abanico.de\/abanico\/wp-json\/wp\/v2\/product\/12963","targetHints":{"allow":["GET"]}}],"collection":[{"href":"https:\/\/www.abanico.de\/abanico\/wp-json\/wp\/v2\/product"}],"about":[{"href":"https:\/\/www.abanico.de\/abanico\/wp-json\/wp\/v2\/types\/product"}],"replies":[{"embeddable":true,"href":"https:\/\/www.abanico.de\/abanico\/wp-json\/wp\/v2\/comments?post=12963"}],"wp:featuredmedia":[{"embeddable":true,"href":"https:\/\/www.abanico.de\/abanico\/wp-json\/wp\/v2\/media\/12964"}],"wp:attachment":[{"href":"https:\/\/www.abanico.de\/abanico\/wp-json\/wp\/v2\/media?parent=12963"}],"wp:term":[{"taxonomy":"product_brand","embeddable":true,"href":"https:\/\/www.abanico.de\/abanico\/wp-json\/wp\/v2\/product_brand?post=12963"},{"taxonomy":"product_cat","embeddable":true,"href":"https:\/\/www.abanico.de\/abanico\/wp-json\/wp\/v2\/product_cat?post=12963"},{"taxonomy":"product_tag","embeddable":true,"href":"https:\/\/www.abanico.de\/abanico\/wp-json\/wp\/v2\/product_tag?post=12963"}],"curies":[{"name":"wp","href":"https:\/\/api.w.org\/{rel}","templated":true}]}}