{"id":12823,"date":"2022-10-05T14:36:27","date_gmt":"2022-10-05T12:36:27","guid":{"rendered":"https:\/\/www.abanico.de\/abanico\/?post_type=product&#038;p=12823"},"modified":"2022-10-05T17:38:46","modified_gmt":"2022-10-05T15:38:46","slug":"double-impact-seminar-berlin-teil-3-download-de","status":"publish","type":"product","link":"https:\/\/www.abanico.de\/abanico\/shop\/download-de\/modern-arnis-download-de\/grossmeister-und-meister-des-modern-arnis\/double-impact-seminar-berlin-teil-3-download-de\/","title":{"rendered":"Double-Impact-Seminar-Berlin &#8211; Teil 3 &#8211; Download &#8211; DE"},"content":{"rendered":"<p>Am 17.\/18.9.2022 fand in der Olympischen Ringerhalle in Berlin der Double Impact Lehrgang mit GM Bobby Taboada (Taboada Balintawak) und GM Datu Dieter Kn\u00fcttel (Modern Arnis) statt.<\/p>\n<p>Es war ein au\u00dfergew\u00f6hnlicher Lehrgang, mit ca. 130 Teilnehmer\/innen aus Polen, der Tschechien, Italien, Frankreich, den Niederlanden und aus Deutschand.<\/p>\n<p>Dies ist Teil 3 von 3 Videos, mit denen der ganze Unterricht der beiden Gro\u00dfmeister dokumentiert wird.<\/p>\n<p>F\u00fcr alle, die dabei waren und sich das Gezeigte nocheinmal in Erinnerung rufen m\u00f6chten und nat\u00fcrlich auch f\u00fcr alle, die nicht dabei sein konnen und so einen Eindruck des Lehrgang und der dort gezeigten Techniken und Konzepte bekommen k\u00f6nnen.<\/p>\n<p>Dieser Lehrgang war kein Vergleich der Stile sondern ein miteinander unter Freunden!<\/p>\n<p>Viel Spass mit dem Video!<\/p>\n<p>Das Video hat Kapitelmarker.<br \/>\nErkl\u00e4rung hier: <em><strong><a href=\"https:\/\/www.abanico.de\/abanico\/kapitel-in-download-videos\/\"><span style=\"color: #ff0000;\">Kapitelmarker<\/span><\/a><\/strong><\/em><\/p>\n<p>Hier der Inhalt des Videos:<\/p>\n<p>00:00:00\u00a0 Vorspann<br \/>\n00:00:29\u00a0 GM Datu Dieter Kn\u00fcttel: Modern Arnis<br \/>\n00:00:33\u00a0\u00a0\u00a0\u00a0 Stocktrapping und Hebel<br \/>\n00:01:11\u00a0\u00a0\u00a0\u00a0\u00a0\u00a0\u00a0 &#8211; In eine Drill gehen<br \/>\n00:01:20 \u00a0\u00a0\u00a0\u00a0\u00a0 &#8211; Den Stock fassen<br \/>\n00:02:01 \u00a0\u00a0\u00a0\u00a0\u00a0 &#8211; Reaktionen kreieren<br \/>\n00:02:19 \u00a0\u00a0\u00a0\u00a0\u00a0 &#8211; Stock (Presas) Trapping auf Angriff 2 (offene Position)<br \/>\n00:04:39 \u00a0 \u00a0\u00a0\u00a0\u00a0\u00a0\u00a0\u00a0 &#8211; Er kann loslassen &#8211; ist aber egal<br \/>\n00:05:58 \u00a0\u00a0\u00a0\u00a0\u00a0\u00a0\u00a0\u00a0\u00a0 &#8211; L\u00f6sen, schlagen und hebeln<br \/>\n00:07:38 \u00a0\u00a0\u00a0\u00a0\u00a0\u00a0\u00a0\u00a0\u00a0\u00a0\u00a0\u00a0 &#8211; Details zum trappen und schlagen<br \/>\n00:08:50 \u00a0\u00a0\u00a0\u00a0\u00a0 \u00a0 \u00a0 \u00a0\u00a0 &#8211; Details zum Hebel und zum Takedown<br \/>\n00:12:47 \u00a0\u00a0\u00a0\u00a0\u00a0\u00a0\u00a0\u00a0\u00a0\u00a0\u00a0\u00a0 &#8211; Nicht jeder reagiert gleich empfinglich auf Hebel<br \/>\n00:14:26 \u00a0\u00a0\u00a0\u00a0\u00a0 \u00a0 \u00a0 \u00a0 \u00a0 \u00a0 &#8211; Warum das f\u00fcr das SV Training hilfreich sein kann<br \/>\n00:16:40 \u00a0\u00a0\u00a0\u00a0\u00a0\u00a0\u00a0\u00a0\u00a0\u00a0\u00a0\u00a0 &#8211; Mobility throw und &#8222;Wagenheber&#8220; nach dem Streckhebel<br \/>\n00:17:37 \u00a0\u00a0\u00a0\u00a0\u00a0\u00a0\u00a0\u00a0\u00a0\u00a0\u00a0\u00a0\u00a0 &#8211; Welche Reaktion folgt auf Schmerz?<br \/>\n00:18:47 \u00a0\u00a0\u00a0\u00a0\u00a0\u00a0\u00a0\u00a0\u00a0\u00a0\u00a0\u00a0\u00a0 \u00a0\u00a0 &#8211; Drehen und festlegen auf dem Boden<br \/>\n00:20:12 \u00a0\u00a0\u00a0\u00a0\u00a0\u00a0\u00a0\u00a0\u00a0 &#8211; Die gleiche Technik auf Angriff 1<br \/>\n00:20:36 \u00a0\u00a0 \u00a0 &#8211; Stock (Presas) Trapping auf Angriff 2 (geschlossene Position)<br \/>\n00:23:32\u00a0 \u00a0\u00a0\u00a0\u00a0\u00a0\u00a0 &#8211; 3 Bewegungen, die den Hebel h\u00e4rter machen<br \/>\n00:24:56 \u00a0\u00a0\u00a0\u00a0\u00a0\u00a0\u00a0 &#8211; Folgetechnik: Entwaffnung<br \/>\n00:26:02 \u00a0\u00a0\u00a0\u00a0\u00a0\u00a0\u00a0\u00a0\u00a0 &#8211; Ein Detail f\u00fcr die Entwaffnung<br \/>\n00:27:16 \u00a0\u00a0\u00a0\u00a0\u00a0\u00a0\u00a0 &#8211; Fingerhebel, Stich, Armhebel und Abschluss<br \/>\n00:29:01\u00a0\u00a0\u00a0\u00a0 Zusammenfassung der Stunde<br \/>\n00:30:17\u00a0\u00a0\u00a0\u00a0 Was tun, wenn etwas nicht funktioniert<br \/>\n00:31:22\u00a0\u00a0\u00a0\u00a0 Abschliessende Worte zum Seminar<br \/>\n00:32:45\u00a0 GM Bobby Taboada: Balintawak<br \/>\n00:32:49\u00a0\u00a0\u00a0\u00a0 Struktur des Taboada Balintawak<br \/>\n00:33:09 \u00a0 \u00a0 \u00a0\u00a0 &#8211; Block &#8211; Gegenangriff mit Kontrolle<br \/>\n00:33:49 \u00a0\u00a0\u00a0\u00a0\u00a0\u00a0 &#8211; Das Muster brechen<br \/>\n00:34:30\u00a0\u00a0\u00a0\u00a0 Grouping<br \/>\n00:34:37 \u00a0\u00a0\u00a0\u00a0\u00a0\u00a0 &#8211; Gruppe 1: Fassen und l\u00f6sen<br \/>\n00:35:27 \u00a0\u00a0\u00a0\u00a0\u00a0\u00a0 &#8211; Gruppe 2: Heben und l\u00f6sen, mit dem Kopf ausweichen<br \/>\n00:36:38 \u00a0\u00a0\u00a0\u00a0\u00a0\u00a0 &#8211; Gruppe 3: Vorbereitung auf K\u00f6rperbeweglichkeit<br \/>\n00:41:04 \u00a0\u00a0\u00a0\u00a0\u00a0\u00a0 &#8211; Gruppe 4: Vorbereitung auf Geschwindigkeit und Reflexe<br \/>\n00:45:09 \u00a0\u00a0\u00a0\u00a0\u00a0\u00a0 &#8211; Gruppe 5: Verteidigung gegen Faustangriffe im Stockkampf<br \/>\n00:49:06\u00a0\u00a0\u00a0\u00a0 Konter auf die Gruppen<br \/>\n00:49:35 \u00a0\u00a0\u00a0\u00a0\u00a0\u00a0 &#8211; Konter auf Gruppe 1<br \/>\n00:50:29 \u00a0\u00a0\u00a0\u00a0\u00a0\u00a0 &#8211; Konter auf Gruppe 2<br \/>\n00:50:57 \u00a0\u00a0\u00a0\u00a0\u00a0\u00a0 &#8211; Konter auf Gruppe 3<br \/>\n00:51:52 \u00a0\u00a0\u00a0\u00a0\u00a0\u00a0 &#8211; Konter auf Gruppe 4<br \/>\n00:52:14 \u00a0\u00a0\u00a0\u00a0\u00a0\u00a0 &#8211; Konter auf Gruppe 5<br \/>\n00:54:02\u00a0\u00a0\u00a0\u00a0 Power Schl\u00e4ge<br \/>\n00:55:05 \u00a0\u00a0 Butt Angriffe, Konter, gerissene Butts und Tutsada<br \/>\n00:56:50 \u00a0\u00a0 Entwaffnungen<br \/>\n00:57:52 \u00a0\u00a0 Halb-Fortgeschrittene Techniken 1 &#8211; 12<br \/>\n01:00:14 \u00a0\u00a0 Wie man Level 7, FQI, Full Qualified Instructor, erreicht<br \/>\n01:02:26 \u00a0\u00a0 Verschiedene Schl\u00e4ge im Taboada Balintawak<br \/>\n01:09:25 \u00a0\u00a0 Schl\u00e4ge, die man nicht blocken kann<br \/>\n01:17:56 \u00a0\u00a0 GM Bobby Taboada erz\u00e4hlt aus seinem leben und wie er geworden ist, wie er ist<br \/>\n01:28:27\u00a0 Adressen<br \/>\n01:28:40\u00a0 Abspann<br \/>\n01:29:08\u00a0 Ende<\/p>\n<p>Dies alles wird im dem Video detailliert erkl\u00e4rt und demonstriert.<\/p>\n<h4>Das Download-Video ist Teil der neuen Serie:\u00a0 Lehrgangs Videos von und mit GM Datu Dieter Kn\u00fcttel und andern Meistern und Gro\u00dfmeistern.<br \/>\nNicht nur schnelle Demos, von denen es so viele auf Youtube zu sehen gibt, sondern Unterricht mit Erkl\u00e4rungen des &#8222;Was, Warum und Wie&#8220; mit vielen wichtigen Details, die bei reinen Demos verloren gehen.<\/h4>\n<h4><strong>Videos, von denen man wirklich lernen kann.<\/strong><\/h4>\n<h3>Trailer<\/h3>\n<hr \/>\n<div style=\"width: 640px;\" class=\"wp-video\"><video class=\"wp-video-shortcode\" id=\"video-12823-1\" width=\"640\" height=\"360\" preload=\"metadata\" controls=\"controls\"><source type=\"video\/mp4\" src=\"https:\/\/www.abanico.de\/abanico\/wp-content\/files\/trailer\/Double-Impact-3-de-Trailer.mp4?_=1\" \/><a href=\"https:\/\/www.abanico.de\/abanico\/wp-content\/files\/trailer\/Double-Impact-3-de-Trailer.mp4\">https:\/\/www.abanico.de\/abanico\/wp-content\/files\/trailer\/Double-Impact-3-de-Trailer.mp4<\/a><\/video><\/div>\n<p>Musik:<br \/>\n<b>Rock Intro 3<\/b> von Audionautix ist unter der Lizenz &#8222;Creative Commons Attribution&#8220; (<span lang=\"zxx\"><u><a href=\"https:\/\/creativecommons.org\/licenses\/by\/4.0\/\" target=\"_blank\" rel=\"noopener noreferrer\">https:\/\/creativecommons.org\/licenses\/by\/4.0\/<\/a><\/u><\/span>) lizenziert.<br \/>\nK\u00fcnstler: <span lang=\"zxx\"><u><a href=\"http:\/\/audionautix.com\/\" target=\"_blank\" rel=\"noopener noreferrer\">http:\/\/audionautix.com\/<\/a><\/u><\/span><\/p>\n<hr \/>\n<h4>Gro\u00dfmeister Bobby Taboada<\/h4>\n<p>ist der f\u00fchrende Balintawakl Gro\u00dfmeeister der Welt und einer der f\u00fchnrenden FMA Gro\u00dfmeister \u00fcberhaupt. Sein Taboada Balintawak hat eine einzigartige Unterrichtsweise und wird weltweit trainiert.<\/p>\n<h4><a href=\"https:\/\/www.abanico.de\/abanico\/dieter-knuettel-de\/\"><strong><span style=\"color: #ff0000;\"><em>Gro\u00dfmeister Datu Dieter Kn\u00fcttel<\/em><\/span><\/strong><\/a><\/h4>\n<h4>ist Diplom-Sportlehrer, Bundestrainer f\u00fcr Modern Arnis (seit 1985) und Modern Arnis Repr\u00e4sentant f\u00fcr Europa.<\/h4>\n<p>Er unterrichtet Selbstverteidigung seit Ende der 70er Jahre in ganz Deutschland aber auch weltweit.<\/p>\n<p>1996 wurde ihm der Titel Datu und der Grad Lakan Anim, 6. Dan Modern Arnis, von Gro\u00dfmeister Remy A. Presas (10. Dan) pers\u00f6nlich als 4. Arnis-Lehrer au\u00dferhalb der Philippinen und als erstem au\u00dferhalb der USA, verliehen<br \/>\nNachdem er den 7., 8. und 9. Dan auf den Philippinen verliehen bekommen hatte, wurde m 24.9.2016 in Dortmund \u00f6ffentlich bekanntgegeben, dass er von Gro\u00dfmeister Roberto Presas den 10. Dan Modern Arnis verliehen bekommen hatte.<\/p>\n<p>Dieter Kn\u00fcttel betreibt Kampfsport seit 1967 und philippinische Kampfk\u00fcnste seit 1978. Er unterrichtet Modern Arnis auf Lehrg\u00e4ngen \u00fcberall in Europa, Russland, Australien und in den USA.<\/p>\n<div class=\"avia_textblock avia_textblock_style\" data-update_with=\"content\">\n<hr \/>\n<\/div>\n<div class=\"avia_textblock avia_textblock_style\" data-update_with=\"content\">55<\/div>\n","protected":false},"excerpt":{"rendered":"<h2><strong>Double-Impact-Seminar-Berlin &#8211; Teil 3 &#8211; Download &#8211; DE<\/strong><\/h2>\n<p><strong>Sprache: deutsch und englisch &#8211; download<\/strong><br \/>\nLaufzeit (Min.):89<br \/>\n<strong>Produzent: ABANICO<\/strong><\/p>\n","protected":false},"featured_media":12816,"comment_status":"open","ping_status":"closed","template":"","meta":[],"product_brand":[],"product_cat":[39,7329,7336,7338,40,685],"product_tag":[9076,9040,9165,9926,9932,9022,535,536,42,9231,637,150,9928,9934,9900,9902,174,499,9700,52,9936,7618,9163,9042,165,9229,166,9243,447],"class_list":{"0":"post-12823","1":"product","2":"type-product","3":"status-publish","4":"has-post-thumbnail","6":"product_cat-download-de","7":"product_cat-grossmeister-und-meister-des-modern-arnis","8":"product_cat-lehrgaenge-mit-gm-datu-dieter-knuettel","9":"product_cat-lehrgaenge-mit-weiteren-grossmeistern-und-meistern","10":"product_cat-modern-arnis-download-de","11":"product_cat-seminar-videos-download-de","12":"product_tag-angriffe-anbwehren","13":"product_tag-arnis","14":"product_tag-balintawak-de","15":"product_tag-bobby-taboada-de","16":"product_tag-cuentada","17":"product_tag-datu-dieter","18":"product_tag-dav","19":"product_tag-deutscher-arnis-verband","20":"product_tag-dieter-knuettel","21":"product_tag-download-video","22":"product_tag-eskrima","23":"product_tag-fingerhebel","24":"product_tag-gm-bobby-de","25":"product_tag-grouping","26":"product_tag-guertel","27":"product_tag-handtuch","28":"product_tag-kali","29":"product_tag-karate","30":"product_tag-kontrolle","31":"product_tag-modern-arnis","32":"product_tag-presas-trapping","33":"product_tag-realistische-selbstverteidigung","34":"product_tag-remy-presas","35":"product_tag-selbstschutz","36":"product_tag-selbstverteidigung","37":"product_tag-seminar-video","38":"product_tag-sv","39":"product_tag-taboada-de","40":"product_tag-verteidigung","42":"first","43":"instock","44":"downloadable","45":"virtual","46":"sold-individually","47":"taxable","48":"purchasable","49":"product-type-simple"},"_links":{"self":[{"href":"https:\/\/www.abanico.de\/abanico\/wp-json\/wp\/v2\/product\/12823","targetHints":{"allow":["GET"]}}],"collection":[{"href":"https:\/\/www.abanico.de\/abanico\/wp-json\/wp\/v2\/product"}],"about":[{"href":"https:\/\/www.abanico.de\/abanico\/wp-json\/wp\/v2\/types\/product"}],"replies":[{"embeddable":true,"href":"https:\/\/www.abanico.de\/abanico\/wp-json\/wp\/v2\/comments?post=12823"}],"wp:featuredmedia":[{"embeddable":true,"href":"https:\/\/www.abanico.de\/abanico\/wp-json\/wp\/v2\/media\/12816"}],"wp:attachment":[{"href":"https:\/\/www.abanico.de\/abanico\/wp-json\/wp\/v2\/media?parent=12823"}],"wp:term":[{"taxonomy":"product_brand","embeddable":true,"href":"https:\/\/www.abanico.de\/abanico\/wp-json\/wp\/v2\/product_brand?post=12823"},{"taxonomy":"product_cat","embeddable":true,"href":"https:\/\/www.abanico.de\/abanico\/wp-json\/wp\/v2\/product_cat?post=12823"},{"taxonomy":"product_tag","embeddable":true,"href":"https:\/\/www.abanico.de\/abanico\/wp-json\/wp\/v2\/product_tag?post=12823"}],"curies":[{"name":"wp","href":"https:\/\/api.w.org\/{rel}","templated":true}]}}