{"id":12640,"date":"2022-08-29T13:56:51","date_gmt":"2022-08-29T11:56:51","guid":{"rendered":"https:\/\/www.abanico.de\/abanico\/?post_type=product&#038;p=12640"},"modified":"2025-01-23T18:57:15","modified_gmt":"2025-01-23T17:57:15","slug":"flexible-gegenstaende-teil-2-download-de","status":"publish","type":"product","link":"https:\/\/www.abanico.de\/abanico\/shop\/download-de\/modern-arnis-download-de\/grossmeister-und-meister-des-modern-arnis\/flexible-gegenstaende-teil-2-download-de\/","title":{"rendered":"Flexible Gegenst\u00e4nde &#8211; Teil 2 &#8211; Download &#8211; DE"},"content":{"rendered":"<p>In diesem zweiten download Video demonstriert GM Datu Dieter Kn\u00fcttel den Ensatz von flexiben Gegenst\u00e4nden in der Selbstverteidigung. Dies k\u00f6nnte z. B. ein G\u00fcrtel, ein Handtuch oder ein Pulli sein.<\/p>\n<p>Gezeigt werden sowohl die ersten beiden Serien, die noch im aktuellen Pr\u00fcfungsprogramm des DAV gezeigt werden m\u00fcssen, als auch die Serien 3 &#8211; 5, die inzwischen nur noch sehr selten unterrichtet werden.<br \/>\nBis auf die 3. Serie unterscheidet sich der Inhalt komplett von dem Video &#8222;<em><strong><span style=\"color: #ff0000;\"><a style=\"color: #ff0000;\" href=\"https:\/\/www.abanico.de\/abanico\/shop\/download-de\/seminar-videos-download-de\/lehrgaenge-mit-gm-datu-dieter-knuettel\/flexible-gegenstaende-download-de\/\">Flexible Gegenst\u00e4nde &#8211; Teil 1<\/a><\/span><\/strong><\/em>&#8222;, was auch bei ABANICO erh\u00e4ltlich ist<\/p>\n<p>Es wird wie immer viel Wert auf die Details und Kleinigkeiten gelegt, die eine Technik funktional machen.<\/p>\n<p>Viel Spass mit dem Video!<\/p>\n<p>Das Video hat Kapitelmarker.<br \/>\nErkl\u00e4rung hier: <em><strong><a href=\"https:\/\/www.abanico.de\/abanico\/kapitel-in-download-videos\/\"><span style=\"color: #ff0000;\">Kapitelmarker<\/span><\/a><\/strong><\/em><\/p>\n<p>Hier der Inhalt des Videos:<\/p>\n<p>00:00\u00a0 Vorspann<br \/>\n00:28\u00a0 Willkommen und Einleitung in das Thema<br \/>\n01:13\u00a0\u00a0\u00a0\u00a0 &#8211; Fassen des flexiblen Gegenstandes<br \/>\n01:28\u00a0\u00a0\u00a0\u00a0\u00a0\u00a0\u00a0 &#8211; Fehler beim Griff<br \/>\n01:50\u00a0\u00a0\u00a0\u00a0 &#8211; Gegenangriff mit dem flexiblen Gegenstand<br \/>\n02:31\u00a0\u00a0\u00a0\u00a0 &#8211; Stock-Angriffe<br \/>\n02:47\u00a0\u00a0\u00a0\u00a0 &#8211; Blocken mit dem flexiblen Gegenstand<br \/>\n03:36\u00a0 Die 1. Serie<br \/>\n03:41\u00a0\u00a0\u00a0\u00a0 &#8211; Angriff 1<br \/>\n05:04\u00a0\u00a0\u00a0\u00a0\u00a0\u00a0\u00a0 &#8211; Detailkorrektur 1. Serie, Angriff 1<br \/>\n07:16\u00a0\u00a0\u00a0\u00a0 &#8211; Angriff 2<br \/>\n08:39\u00a0\u00a0\u00a0\u00a0\u00a0\u00a0\u00a0 &#8211; Die richtige Distanz<br \/>\n09:49\u00a0 Die 2. Serie<br \/>\n09:57\u00a0\u00a0\u00a0\u00a0 &#8211; Analogie + Unterschiede: 1. Serie Angriff 2 zu 2. Serie Angriff 1<br \/>\n11:40\u00a0\u00a0\u00a0\u00a0 &#8211; Angriff 2<br \/>\n12:36\u00a0\u00a0\u00a0\u00a0 &#8211; Variation auf Angriff 2<br \/>\n13:30 \u00a0 \u00a0 &#8211; Angriff 2 Detailkorrektur 2. Serie<br \/>\n15:40 \u00a0 \u00a0 &#8211; Eine andere Endbewegung<br \/>\n17:05\u00a0 Die 3. Serie<br \/>\n17:22\u00a0\u00a0\u00a0\u00a0 &#8211; Angriff 2<br \/>\n17:49\u00a0\u00a0\u00a0\u00a0\u00a0\u00a0\u00a0 &#8211; Fehler beim Block<br \/>\n18:50\u00a0\u00a0\u00a0\u00a0\u00a0\u00a0\u00a0 &#8211; Bei Problemen: die 2. Serie<br \/>\n19:28\u00a0\u00a0\u00a0\u00a0 &#8211; Angriff 1<br \/>\n21:02\u00a0\u00a0\u00a0\u00a0\u00a0\u00a0\u00a0 &#8211; Bei Problemen: die 2. Serie<br \/>\n21:38\u00a0 Die 4. Serie<br \/>\n21:44\u00a0\u00a0\u00a0\u00a0 &#8211; Angriff 1<br \/>\n24:18\u00a0\u00a0\u00a0\u00a0 &#8211; Angriff 2<br \/>\n26:13\u00a0 Die 5. Serie<br \/>\n26:21\u00a0\u00a0\u00a0\u00a0 &#8211; Angriff 1<br \/>\n28:40\u00a0\u00a0\u00a0\u00a0 &#8211; Angriff 2<br \/>\n29:59\u00a0 Flexibler Gegenstand gegen waffenlosen Angriff<br \/>\n30:04\u00a0\u00a0\u00a0\u00a0 &#8211; Distanz gewinnen nach &#8222;Anmache&#8220;<br \/>\n30:28\u00a0\u00a0\u00a0\u00a0 &#8211; Gegen Jab-Cross Technik 1<br \/>\n33:18\u00a0\u00a0\u00a0\u00a0 &#8211; Gegen Jab-Cross Technik 2<br \/>\n34:57\u00a0 Verabschiedung<br \/>\n35:15\u00a0 Abspann<br \/>\n35:43\u00a0 Ende<\/p>\n<p>Dies alles wird im dem Video detailliert erkl\u00e4rt und demonstriert.<\/p>\n<h4>Das Download-Video ist Teil der neuen Serie:\u00a0 Lehrgangs Videos von und mit GM Datu Dieter Kn\u00fcttel, 10. Dan Modern Arnis.<br \/>\nNicht nur schnelle Demos, von denen es so viele auf Youtube zu sehen gibt, sondern Unterricht mit Erkl\u00e4rungen des &#8222;Was, Warum und Wie&#8220; mit vielen wichtigen Details, die bei reinen Demos verloren gehen.<\/h4>\n<p><strong>Videos, von denen man wirklich lernen kann.<\/strong><\/p>\n<h3>Trailer<\/h3>\n<hr \/>\n<div style=\"width: 640px;\" class=\"wp-video\"><video class=\"wp-video-shortcode\" id=\"video-12640-1\" width=\"640\" height=\"360\" preload=\"metadata\" controls=\"controls\"><source type=\"video\/mp4\" src=\"https:\/\/www.abanico.de\/abanico\/wp-content\/files\/trailer\/Flexible-Gegenstaende-2-Trailer.mp4?_=1\" \/><a href=\"https:\/\/www.abanico.de\/abanico\/wp-content\/files\/trailer\/Flexible-Gegenstaende-2-Trailer.mp4\">https:\/\/www.abanico.de\/abanico\/wp-content\/files\/trailer\/Flexible-Gegenstaende-2-Trailer.mp4<\/a><\/video><\/div>\n<p>Musik:<br \/>\n<b>Rock Intro 3<\/b> von Audionautix ist unter der Lizenz &#8222;Creative Commons Attribution&#8220; (<span lang=\"zxx\"><u><a href=\"https:\/\/creativecommons.org\/licenses\/by\/4.0\/\" target=\"_blank\" rel=\"noopener noreferrer\">https:\/\/creativecommons.org\/licenses\/by\/4.0\/<\/a><\/u><\/span>) lizenziert.<br \/>\nK\u00fcnstler: <span lang=\"zxx\"><u><a href=\"http:\/\/audionautix.com\/\" target=\"_blank\" rel=\"noopener noreferrer\">http:\/\/audionautix.com\/<\/a><\/u><\/span><\/p>\n<hr \/>\n<h4><a href=\"https:\/\/www.abanico.de\/abanico\/dieter-knuettel-de\/\"><strong><span style=\"color: #ff0000;\"><em>Gro\u00dfmeister Datu Dieter Kn\u00fcttel<\/em><\/span><\/strong><\/a><br \/>\nist Diplom-Sportlehrer, Bundestrainer f\u00fcr Modern Arnis (seit 1985) und Modern Arnis Repr\u00e4sentant f\u00fcr Europa.<\/h4>\n<p>Er unterrichtet Selbstverteidigung seit Ende der 70er Jahre in ganz Deutschland aber auch weltweit.<\/p>\n<p>1996 wurde ihm der Titel Datu und der Grad Lakan Anim, 6. Dan Modern Arnis, von Gro\u00dfmeister Remy A. Presas (10. Dan) pers\u00f6nlich als 4. Arnis-Lehrer au\u00dferhalb der Philippinen und als erstem au\u00dferhalb der USA, verliehen<br \/>\nNachdem er den 7., 8. und 9. Dan auf den Philippinen verliehen bekommen hatte, wurde m 24.9.2016 in Dortmund \u00f6ffentlich bekanntgegeben, dass er von Gro\u00dfmeister Roberto Presas den 10. Dan Modern Arnis verliehen bekommen hatte.<\/p>\n<p>Dieter Kn\u00fcttel betreibt Kampfsport seit 1967 und philippinische Kampfk\u00fcnste seit 1978. Er unterrichtet Modern Arnis auf Lehrg\u00e4ngen \u00fcberall in Europa, Russland, Australien und in den USA.<\/p>\n<div class=\"avia_textblock avia_textblock_style\" data-update_with=\"content\">\n<hr \/>\n<\/div>\n<div class=\"avia_textblock avia_textblock_style\" data-update_with=\"content\"><\/div>\n","protected":false},"excerpt":{"rendered":"<h2><strong>Flexible Gegenst\u00e4nde &#8211; Teil 2 &#8211; Download &#8211; DE<\/strong><\/h2>\n<p><strong>Sprache: deutsch &#8211; download<\/strong><br \/>\nLaufzeit (Min.): 35<br \/>\n<strong>Produzent: ABANICO<\/strong><\/p>\n","protected":false},"featured_media":12814,"comment_status":"open","ping_status":"closed","template":"","meta":[],"product_brand":[],"product_cat":[39,7329,7336,40,685],"product_tag":[9076,9040,9022,1370,1372,1374,9231,1301,9065,9900,9902,2217,1321,9700,1376,7618,9163,9042,1845,9229,1847,1708],"class_list":{"0":"post-12640","1":"product","2":"type-product","3":"status-publish","4":"has-post-thumbnail","6":"product_cat-download-de","7":"product_cat-grossmeister-und-meister-des-modern-arnis","8":"product_cat-lehrgaenge-mit-gm-datu-dieter-knuettel","9":"product_cat-modern-arnis-download-de","10":"product_cat-seminar-videos-download-de","11":"product_tag-angriffe-anbwehren","12":"product_tag-arnis","13":"product_tag-datu-dieter","14":"product_tag-dav-de","15":"product_tag-deutscher-arnis-verband-de","16":"product_tag-dieter-knuettel-de","17":"product_tag-download-video","18":"product_tag-eskrima-de","19":"product_tag-flexible-gegenstaende","20":"product_tag-guertel","21":"product_tag-handtuch","22":"product_tag-kali-de","23":"product_tag-karate-de","24":"product_tag-kontrolle","25":"product_tag-modern-arnis-de","26":"product_tag-realistische-selbstverteidigung","27":"product_tag-remy-presas","28":"product_tag-selbstschutz","29":"product_tag-selbstverteidigung-de","30":"product_tag-seminar-video","31":"product_tag-sv-de","32":"product_tag-verteidigung-de","34":"first","35":"instock","36":"downloadable","37":"virtual","38":"sold-individually","39":"taxable","40":"purchasable","41":"product-type-simple"},"_links":{"self":[{"href":"https:\/\/www.abanico.de\/abanico\/wp-json\/wp\/v2\/product\/12640","targetHints":{"allow":["GET"]}}],"collection":[{"href":"https:\/\/www.abanico.de\/abanico\/wp-json\/wp\/v2\/product"}],"about":[{"href":"https:\/\/www.abanico.de\/abanico\/wp-json\/wp\/v2\/types\/product"}],"replies":[{"embeddable":true,"href":"https:\/\/www.abanico.de\/abanico\/wp-json\/wp\/v2\/comments?post=12640"}],"wp:featuredmedia":[{"embeddable":true,"href":"https:\/\/www.abanico.de\/abanico\/wp-json\/wp\/v2\/media\/12814"}],"wp:attachment":[{"href":"https:\/\/www.abanico.de\/abanico\/wp-json\/wp\/v2\/media?parent=12640"}],"wp:term":[{"taxonomy":"product_brand","embeddable":true,"href":"https:\/\/www.abanico.de\/abanico\/wp-json\/wp\/v2\/product_brand?post=12640"},{"taxonomy":"product_cat","embeddable":true,"href":"https:\/\/www.abanico.de\/abanico\/wp-json\/wp\/v2\/product_cat?post=12640"},{"taxonomy":"product_tag","embeddable":true,"href":"https:\/\/www.abanico.de\/abanico\/wp-json\/wp\/v2\/product_tag?post=12640"}],"curies":[{"name":"wp","href":"https:\/\/api.w.org\/{rel}","templated":true}]}}