{"id":1177,"date":"2018-07-09T14:43:48","date_gmt":"2018-07-09T12:43:48","guid":{"rendered":"https:\/\/www.abanico.de\/abanico\/?post_type=product&#038;p=1177"},"modified":"2018-12-04T11:50:59","modified_gmt":"2018-12-04T10:50:59","slug":"taekwon-do-2-2","status":"publish","type":"product","link":"https:\/\/www.abanico.de\/abanico\/shop\/dvd-pal-de\/taekwon-do-dvd-pal-de-de\/taekwon-do-2-2\/","title":{"rendered":"Taekwon Do 2 &#8211; DVD &#8211; PAL &#8211; DE"},"content":{"rendered":"<p>Systematisches Darstellen der zahlreichen Fu\u00dftechniken des Taekwon-Do. Wirkungsweisen und Trefferfl\u00e4chen. Verteidigung gegen Fu\u00dftechniken mit anschlie\u00dfenden Kontern und Fehlerkorrektur.<br \/>\n<strong>Horst Brandt<\/strong><br \/>\n4. Dan Taekwon-Do, ITF, ist Diplom-Sportlehrer und staatlich gepr\u00fcfter Gymnastiklehrer. Er leitet ein erfolgreiches Taekwon-Do- und Tanz-Studio s\u00fcdlich von K\u00f6ln.<\/p>\n<p>&nbsp;<\/p>\n<div class=\"avia_textblock avia_textblock_style\" data-update_with=\"content\">\n<hr \/>\n<\/div>\n<div class=\"avia_textblock avia_textblock_style\" data-update_with=\"content\">\n<h3>Trailer<\/h3>\n<div style=\"width: 640px;\" class=\"wp-video\"><video class=\"wp-video-shortcode\" id=\"video-1177-1\" width=\"640\" height=\"360\" preload=\"metadata\" controls=\"controls\"><source type=\"video\/mp4\" src=\"https:\/\/www.abanico.de\/abanico\/wp-content\/files\/trailer\/D-TKD1-SD-Vorspann-deutsch.mp4?_=1\" \/><a href=\"https:\/\/www.abanico.de\/abanico\/wp-content\/files\/trailer\/D-TKD1-SD-Vorspann-deutsch.mp4\">https:\/\/www.abanico.de\/abanico\/wp-content\/files\/trailer\/D-TKD1-SD-Vorspann-deutsch.mp4<\/a><\/video><\/div>\n<\/div>\n","protected":false},"excerpt":{"rendered":"<h2>Taekwon Do 2<\/h2>\n<p><strong>Fu\u00dftechniken<\/strong><br \/>\n<strong>Sprache: Deutsch &#8211; TV-System: PAL<\/strong><br \/>\nLaufzeit (Min.): 60<br \/>\n<strong>Produzent: ABANICO<\/strong><br \/>\nISBN: 3-89540-484-5<\/p>\n","protected":false},"featured_media":5267,"comment_status":"open","ping_status":"closed","template":"","meta":[],"product_brand":[],"product_cat":[54,665],"product_tag":[1364,1816,1819,1311,1825],"class_list":{"0":"post-1177","1":"product","2":"type-product","3":"status-publish","4":"has-post-thumbnail","6":"product_cat-dvd-pal-de","7":"product_cat-taekwon-do-dvd-pal-de-de","8":"product_tag-deutsch-de","9":"product_tag-dvd-en-de","10":"product_tag-horst-brandt-en-de","11":"product_tag-pal-de","12":"product_tag-taekwon-do-de","13":"product_shipping_class-4689","15":"first","16":"instock","17":"taxable","18":"shipping-taxable","19":"purchasable","20":"product-type-simple"},"_links":{"self":[{"href":"https:\/\/www.abanico.de\/abanico\/wp-json\/wp\/v2\/product\/1177","targetHints":{"allow":["GET"]}}],"collection":[{"href":"https:\/\/www.abanico.de\/abanico\/wp-json\/wp\/v2\/product"}],"about":[{"href":"https:\/\/www.abanico.de\/abanico\/wp-json\/wp\/v2\/types\/product"}],"replies":[{"embeddable":true,"href":"https:\/\/www.abanico.de\/abanico\/wp-json\/wp\/v2\/comments?post=1177"}],"wp:featuredmedia":[{"embeddable":true,"href":"https:\/\/www.abanico.de\/abanico\/wp-json\/wp\/v2\/media\/5267"}],"wp:attachment":[{"href":"https:\/\/www.abanico.de\/abanico\/wp-json\/wp\/v2\/media?parent=1177"}],"wp:term":[{"taxonomy":"product_brand","embeddable":true,"href":"https:\/\/www.abanico.de\/abanico\/wp-json\/wp\/v2\/product_brand?post=1177"},{"taxonomy":"product_cat","embeddable":true,"href":"https:\/\/www.abanico.de\/abanico\/wp-json\/wp\/v2\/product_cat?post=1177"},{"taxonomy":"product_tag","embeddable":true,"href":"https:\/\/www.abanico.de\/abanico\/wp-json\/wp\/v2\/product_tag?post=1177"}],"curies":[{"name":"wp","href":"https:\/\/api.w.org\/{rel}","templated":true}]}}