{"id":11525,"date":"2021-10-27T11:01:50","date_gmt":"2021-10-27T09:01:50","guid":{"rendered":"https:\/\/www.abanico.de\/abanico\/?post_type=product&#038;p=11525"},"modified":"2021-11-19T14:35:49","modified_gmt":"2021-11-19T13:35:49","slug":"modern-arnis-die-kampfkunst-von-remy-presas-deutsch-buecher-magazine","status":"publish","type":"product","link":"https:\/\/www.abanico.de\/abanico\/shop\/buecher\/modernarnisbuecher\/modern-arnis-die-kampfkunst-von-remy-presas-deutsch-buecher-magazine\/","title":{"rendered":"Modern Arnis &#8211; Die Kampfkunst von Remy Presas &#8211; deutsch &#8211; B\u00fccher | Magazine"},"content":{"rendered":"<p>Geschichte und Entwicklung<br \/>\nEine amerikanische Sichtweise<br \/>\nvon GM Dan Anderson, 10. Dan Modern Arnis in deutscher Sprache<\/p>\n<p>Mit der Entwicklung in Deutschland und Europa von GM Datu Dieter Kn\u00fcttel 10. Dan Modern Arnis<\/p>\n<h3><span style=\"color: #ff0000;\">Das Buch ist auf Lager und sofort lieferbar!<\/span><\/h3>\n<p>Das Leben von Remy Presas in seinen eigenen Worten, wie er Modern Arnis in den Vereinigten Staaten propagierte, die Entwicklung von Modern Arnis, nachdem er in die Staaten kam, sein Tod und die Fortsetzung von MA danach.<br \/>\nDie Behauptung, dass MA eine philippinisch-amerikanische Kampfkunst ist und der Unterschied zwischen der urspr\u00fcnglichen Absicht der FMA und wie sie heute gelehrt wird&#8230;<\/p>\n<p>Das Inhaltsverzeichnis des Buches:<\/p>\n<p>Seite &#8211; Kapitel<br \/>\n001 &#8211; Die fr\u00fchen Jahre: Die Philippinen<br \/>\n009 &#8211; Einschub: Leben w\u00e4hrend der Besatzung im Zweiten Weltkrieg<br \/>\n011 &#8211; Abenteuer<br \/>\n020 &#8211; Wieder Zuhause<br \/>\n035 &#8211; Manila<br \/>\n045 &#8211; Hintergrund: Ferdinand Marcos<br \/>\n053 &#8211; Hintergrund: General Fabian Ver und die NARAPHIL<br \/>\n064 &#8211; Amerika: 1975 \u2013 1979<br \/>\n067 &#8211; Einschub: Pioniere 1975 \u2013 1979<br \/>\n080 &#8211; Was in der Zwischenzeit zuhause geschah<br \/>\n088 &#8211; Amerika: 1980 \u2013 2001<br \/>\n095 &#8211; Remy Presas \u2013 Das letzte Kapitel<br \/>\n106 &#8211; Die Jahre des Internetkriegs<br \/>\n119 &#8211; Die Verbindung zum Heimatland<br \/>\n134 &#8211; Ein zerbrechlicher Frieden<br \/>\n147 &#8211; \u201eUrspr\u00fcngliche Zielsetzung\u201c \u2013 FMA auf den Philippinen im Vergleich mit FMA in den Vereinigten Staaten<br \/>\n157 &#8211; Die Geburt des Modern Arnis als \u201ephilippinisch-amerikanische\u201c- Kampfkunst<br \/>\n160 &#8211; Lakan Sampu \u2013 10. Dan Schwarzgurt<br \/>\n173 &#8211; Technische Innovationen und Fortschritte in den USA im Laufe der Jahre<br \/>\n179 &#8211; Was ist Modern Arnis?<br \/>\n197 &#8211; Schlussfolgerung<br \/>\n198 &#8211; Schlusswort<\/p>\n<p>207 &#8211; Anhang 1: Das MA80-System Arnis\/Eskrima<br \/>\n215 &#8211; Anhang 2: Die Frage der Nachfolge<br \/>\n231 &#8211; Anhang 3: Das Testament von Remy Presas<br \/>\n236 &#8211; Anhang 4: Interview mit Rosemary Presas<br \/>\n242 &#8211; Anhang 5: Das philippinische Duell \u2013 seine Geschichte und Praxis<br \/>\n246 &#8211; Anhang 6: Titel im Modern Arnis &#8230; und was sie bedeuten<br \/>\n255 &#8211; Anhang 7: Die Entwicklung des Modern Arnis in Deutschland und Europa aus Sicht des DAV<br \/>\n299 &#8211; \u00dcber den Autor<\/p>\n<p>&nbsp;<\/p>\n<h4>\u00dcber den Autor:<\/h4>\n<p>Dan Anderson ist seit Jahrzehnten eine wichtige Person in der Welt der amerikanischen Kampfk\u00fcnste. Er begann 1966 mit dem Karatetraining und wurde sp\u00e4ter regionaler, nationaler und internationaler Karatemeister. Anderson ist Autor des ersten bahnbrechenden Werks \u00fcber den Karatekampf:<\/p>\n<p>American Freestyle Karate \u2013 A Guide To Sparring<\/p>\n<p>und wird als einer der f\u00fchrenden K\u00f6pfe in der Entwicklung des amerikanischen Karate gefeiert.<br \/>\n1979 lernte er Prof. Remy A. Presas kennen, der ihn auf eine weitere Reise mitnahm, diesmal in die Welt der philippinischen Kampfk\u00fcnste.<br \/>\nVon 1980 bis zu dessen Tod im Jahr 2001 trainierte er mit Presas und erlangte den 6. Dan Schwarzgurt. Anderson ist ein Gr\u00fcndungsmitglied der Worldwide Family of Modern Arnis.<br \/>\nW\u00e4hrend seiner Karriere hat Anderson 26 B\u00fccher geschrieben und ca. 100 Kampfkunstvideos produziert und ist damit einer der produktivsten<br \/>\nAutoren von Materialien \u00fcber die Kampfk\u00fcnste in den Vereinigten Staaten.<\/p>\n<p>In seinem halben Jahrhundert Kampfsportkarriere hat er nun drei 10. Dan-Grade, zwei in Karate (Allen Steen und J. Pat Burleson) und einen<br \/>\nin Modern Arnis (Roberto Presas \u2013 Presas Legacy). Er ist der Gr\u00fcnder von zwei verschiedenen Kampfkunst-Systemen: American Freestyle Karate und das MA80 System Arnis\/Eskrima.<br \/>\nEr hat die Modern Arnis Archival Series zusammengestellt \u2013 eine Sammlung von B\u00fcchern und Videos, die die Kampfkunst des Modern Arnis und ihre vielen Facetten detailliert darstellen. Siehe seine Buch-\u00a0und Video-Website <a href=\"http:\/\/www.superdanonlinelibrary.com\">www.superdanonlinelibrary.com<\/a><br \/>\nDan Anderson unterrichtet weiterhin in seiner Schule, Anderson Martial Arts, in Gresham, Oregon.<\/p>\n<p>&nbsp;<\/p>\n","protected":false},"excerpt":{"rendered":"<h2>Modern Arnis &#8211; Die Kampfkunst von Remy Presas<\/h2>\n<p><strong>von GM Dan Anderson<\/strong><\/p>\n<p><strong>Sprache: Deutsch, 280 + Seiten<\/strong><\/p>\n","protected":false},"featured_media":11539,"comment_status":"open","ping_status":"closed","template":"","meta":[],"product_brand":[],"product_cat":[48,9674],"product_tag":[9040,720,68,5894,9022,535,536,9750,637,144,9676,9748,99,174,52,9746,9163,9014],"class_list":{"0":"post-11525","1":"product","2":"type-product","3":"status-publish","4":"has-post-thumbnail","6":"product_cat-buecher","7":"product_cat-modernarnisbuecher","8":"product_tag-arnis","9":"product_tag-buecher","10":"product_tag-dan-anderson","11":"product_tag-datu","12":"product_tag-datu-dieter","13":"product_tag-dav","14":"product_tag-deutscher-arnis-verband","15":"product_tag-escrima-de","16":"product_tag-eskrima","17":"product_tag-fma","18":"product_tag-geschichte-des-modern-arnis","19":"product_tag-gm","20":"product_tag-grossmeister","21":"product_tag-kali","22":"product_tag-modern-arnis","23":"product_tag-professor-presas","24":"product_tag-remy-presas","25":"product_tag-super-dan","26":"product_shipping_class-4689","28":"first","29":"instock","30":"taxable","31":"shipping-taxable","32":"purchasable","33":"product-type-simple"},"_links":{"self":[{"href":"https:\/\/www.abanico.de\/abanico\/wp-json\/wp\/v2\/product\/11525","targetHints":{"allow":["GET"]}}],"collection":[{"href":"https:\/\/www.abanico.de\/abanico\/wp-json\/wp\/v2\/product"}],"about":[{"href":"https:\/\/www.abanico.de\/abanico\/wp-json\/wp\/v2\/types\/product"}],"replies":[{"embeddable":true,"href":"https:\/\/www.abanico.de\/abanico\/wp-json\/wp\/v2\/comments?post=11525"}],"wp:featuredmedia":[{"embeddable":true,"href":"https:\/\/www.abanico.de\/abanico\/wp-json\/wp\/v2\/media\/11539"}],"wp:attachment":[{"href":"https:\/\/www.abanico.de\/abanico\/wp-json\/wp\/v2\/media?parent=11525"}],"wp:term":[{"taxonomy":"product_brand","embeddable":true,"href":"https:\/\/www.abanico.de\/abanico\/wp-json\/wp\/v2\/product_brand?post=11525"},{"taxonomy":"product_cat","embeddable":true,"href":"https:\/\/www.abanico.de\/abanico\/wp-json\/wp\/v2\/product_cat?post=11525"},{"taxonomy":"product_tag","embeddable":true,"href":"https:\/\/www.abanico.de\/abanico\/wp-json\/wp\/v2\/product_tag?post=11525"}],"curies":[{"name":"wp","href":"https:\/\/api.w.org\/{rel}","templated":true}]}}