{"id":1150,"date":"2018-07-03T14:44:07","date_gmt":"2018-07-03T12:44:07","guid":{"rendered":"https:\/\/www.abanico.de\/abanico\/?post_type=product&#038;p=1150"},"modified":"2025-01-23T19:06:50","modified_gmt":"2025-01-23T18:06:50","slug":"selbstverteidigung-mit-dem-handy-lg-video","status":"publish","type":"product","link":"https:\/\/www.abanico.de\/abanico\/shop\/download-de\/modern-arnis-download-de\/grossmeister-und-meister-des-modern-arnis\/selbstverteidigung-mit-dem-handy-lg-video\/","title":{"rendered":"Selbstverteidigung mit dem Handy &#8211; Download &#8211; DE"},"content":{"rendered":"<p><strong>Mit diesem Video lernen Sie, wie man sich mit seinem Handy effektiv verteidigen kann.<\/strong><\/p>\n<p>Es ist ein Mitschnitt vom dem Modern Arnis LG in Ulm vom November 2017.<\/p>\n<p>Wenn Sie sich auf der Stra\u00dfe umschauen, was haben die meisten Personen in der Hand? Genau, ihr Handy. Und wenn es schon einmal in der Hand ist, sollte man auch wissen, wie man sich damit im Notfall verhalten sollte und wie man sich im Extremfall auch damit sehr effektiv wehren kann.<\/p>\n<p>Das alles und viel mehr k\u00f6nnen Sie hier lernen.<\/p>\n<p>Ausschnitte aus dem Inhalt<\/p>\n<ul>\n<li>Wie sollte man ein Handy halten.<\/li>\n<li>Was sollte man tu?<\/li>\n<li>Was sollte man nicht tun?<\/li>\n<li>Wie funktioniert es in der SV am besten<\/li>\n<li>Wo sollte ich angreifen?<\/li>\n<li>Welche Wirkung kann ich erzielen?<\/li>\n<li>Wie kann ich die Wirkungen verst\u00e4rken?<\/li>\n<li>Wie kann ich effektiv aber trotzdem schonend mit meinem\/meiner Partner\/in trainieren?<\/li>\n<li>Was kann ich mit dem Handy machen, ohne mich physisch damit zu wehren?<\/li>\n<li>Was kann ich pr\u00e4ventiv machen, damit ich erst gar nicht in Gefahr komme?<\/li>\n<\/ul>\n<p>Dies sind alles Fragen, auf die Sie in dem Video Antworten bekommen.<\/p>\n<p>Das Wissen aus diesem Video kann Ihnen oder Ihren Liebsten helfen, aus gef\u00e4hrlichen oder potentiell gef\u00e4hrlichen Situationen herauszukommen<\/p>\n<p>Video Detail und Hintergrundwissen wird deuitlich erkl\u00e4rt und demonstriert.<\/p>\n<p>Ein MUSS f\u00fcr jeden, der ernsthaft Selbstverteidigung mit Alltagsgegenst\u00e4nden trainieren will.<\/p>\n<p><strong>Gro\u00dfmeister und Datu Dieter Kn\u00fcttel<\/strong><br \/>\nist Diplom-Sportlehrer, Bundestrainer f\u00fcr Modern Arnis (seit 1985) und Modern Arnis Repr\u00e4sentant f\u00fcr Europa.<\/p>\n<p>Er unterrichtet Selbstverteidigung seit Ende der 70er Jahre in ganz Deutschland aber auch weltweit.<\/p>\n<p>1996 wurde ihm der Titel Datu und der Grad Lakan Anim, 6. Dan Modern Arnis, von Gro\u00dfmeister Remy A. Presas (10. Dan) pers\u00f6nlich als 4. Arnis-Lehrer au\u00dferhalb der Philippinen und als erstem au\u00dferhalb der USA, verliehen<br \/>\nNachdem er den 7., 8. und 9. Dan auf den Philippinen verliehen bekommen hatte, wurde m 24.9.2016 in Dortmund \u00f6ffentlich bekanntgegeben, dass er von Gro\u00dfmeister Roberto Presas den 10. Dan Modern Arnis verliehen bekommen hatte.<\/p>\n<p>Dieter Kn\u00fcttel betreibt Kampfsport seit 1967 und philippinische Kampfk\u00fcnste seit 1978. Er unterrichtet Modern Arnis auf Lehrg\u00e4ngen \u00fcberall in Europa, Russland, Australien und in den USA.<\/p>\n<div class=\"avia_textblock avia_textblock_style\" data-update_with=\"content\">\n<p>&nbsp;<\/p>\n<hr \/>\n<\/div>\n<div class=\"avia_textblock avia_textblock_style\" data-update_with=\"content\">\n<h3>Trailer<\/h3>\n<div style=\"width: 640px;\" class=\"wp-video\"><video class=\"wp-video-shortcode\" id=\"video-1150-1\" width=\"640\" height=\"360\" preload=\"metadata\" controls=\"controls\"><source type=\"video\/mp4\" src=\"https:\/\/www.abanico.de\/abanico\/wp-content\/files\/trailer\/LG-Handy-SV-Trailer.mp4?_=1\" \/><a href=\"https:\/\/www.abanico.de\/abanico\/wp-content\/files\/trailer\/LG-Handy-SV-Trailer.mp4\">https:\/\/www.abanico.de\/abanico\/wp-content\/files\/trailer\/LG-Handy-SV-Trailer.mp4<\/a><\/video><\/div>\n<p>&nbsp;<\/p>\n<\/div>\n","protected":false},"excerpt":{"rendered":"<h2><strong>Selbstverteidigung mit dem Handy &#8211; Download &#8211; DE<\/strong><\/h2>\n<p><strong>Sprache: deutsch &#8211; download<\/strong><br \/>\nLaufzeit (Min.): 59<br \/>\n<strong>Produzent: ABANICO<\/strong><\/p>\n","protected":false},"featured_media":6778,"comment_status":"open","ping_status":"closed","template":"","meta":[],"product_brand":[],"product_cat":[39,7329,7336,40,2150,685],"product_tag":[1364,1374,1440,1841,1843,1845,1847,1442],"class_list":{"0":"post-1150","1":"product","2":"type-product","3":"status-publish","4":"has-post-thumbnail","6":"product_cat-download-de","7":"product_cat-grossmeister-und-meister-des-modern-arnis","8":"product_cat-lehrgaenge-mit-gm-datu-dieter-knuettel","9":"product_cat-modern-arnis-download-de","10":"product_cat-selbstverteidigung-de","11":"product_cat-seminar-videos-download-de","12":"product_tag-deutsch-de","13":"product_tag-dieter-knuettel-de","14":"product_tag-download-de","15":"product_tag-handy-de","16":"product_tag-lehrgaenge-de","17":"product_tag-selbstverteidigung-de","18":"product_tag-sv-de","19":"product_tag-video-de","21":"first","22":"instock","23":"downloadable","24":"virtual","25":"sold-individually","26":"taxable","27":"purchasable","28":"product-type-simple"},"_links":{"self":[{"href":"https:\/\/www.abanico.de\/abanico\/wp-json\/wp\/v2\/product\/1150","targetHints":{"allow":["GET"]}}],"collection":[{"href":"https:\/\/www.abanico.de\/abanico\/wp-json\/wp\/v2\/product"}],"about":[{"href":"https:\/\/www.abanico.de\/abanico\/wp-json\/wp\/v2\/types\/product"}],"replies":[{"embeddable":true,"href":"https:\/\/www.abanico.de\/abanico\/wp-json\/wp\/v2\/comments?post=1150"}],"wp:featuredmedia":[{"embeddable":true,"href":"https:\/\/www.abanico.de\/abanico\/wp-json\/wp\/v2\/media\/6778"}],"wp:attachment":[{"href":"https:\/\/www.abanico.de\/abanico\/wp-json\/wp\/v2\/media?parent=1150"}],"wp:term":[{"taxonomy":"product_brand","embeddable":true,"href":"https:\/\/www.abanico.de\/abanico\/wp-json\/wp\/v2\/product_brand?post=1150"},{"taxonomy":"product_cat","embeddable":true,"href":"https:\/\/www.abanico.de\/abanico\/wp-json\/wp\/v2\/product_cat?post=1150"},{"taxonomy":"product_tag","embeddable":true,"href":"https:\/\/www.abanico.de\/abanico\/wp-json\/wp\/v2\/product_tag?post=1150"}],"curies":[{"name":"wp","href":"https:\/\/api.w.org\/{rel}","templated":true}]}}