{"id":1123,"date":"2018-07-03T11:53:15","date_gmt":"2018-07-03T09:53:15","guid":{"rendered":"https:\/\/www.abanico.de\/abanico\/?post_type=product&#038;p=1123"},"modified":"2025-11-28T09:01:33","modified_gmt":"2025-11-28T08:01:33","slug":"palmstick-spitz-b","status":"publish","type":"product","link":"https:\/\/www.abanico.de\/abanico\/shop\/ausruestung\/palmstick\/palmstick-spitz-b\/","title":{"rendered":"Palmstick aus B\u00fcffelhorn &#8211; Ausr\u00fcstung"},"content":{"rendered":"<p>Palmstick aus B\u00fcffelhorn. Direkt aus den Philippinen.<br \/>\nDie Kr\u00fcmmung kann je nach Palmstick unterschiedlich stark sein.<\/p>\n<p>Zum Training mit Vorsicht geeignet.<br \/>\nTechniken mit dem Palmstick finden Sie auf dem download Video: &#8222;<a href=\"https:\/\/www.abanico.de\/abanico\/shop\/download-de\/modern-arnis-download-de\/sv-mit-dem-palmstick-download-deutsch-2\/\">Selbstverteidigung mit dem Palmstick<\/a>&#8222;<\/p>\n","protected":false},"excerpt":{"rendered":"<h2>Palmstick aus B\u00fcffelhorn &#8211; Ausr\u00fcstung<\/h2>\n","protected":false},"featured_media":6427,"comment_status":"open","ping_status":"closed","template":"","meta":[],"product_brand":[],"product_cat":[688,704],"product_tag":[1331,1333],"class_list":{"0":"post-1123","1":"product","2":"type-product","3":"status-publish","4":"has-post-thumbnail","6":"product_cat-ausruestung","7":"product_cat-palmstick","8":"product_tag-palmsticks-de","9":"product_tag-trainings-ausruestung-de","10":"product_shipping_class-4689","12":"first","13":"instock","14":"taxable","15":"shipping-taxable","16":"purchasable","17":"product-type-simple"},"_links":{"self":[{"href":"https:\/\/www.abanico.de\/abanico\/wp-json\/wp\/v2\/product\/1123","targetHints":{"allow":["GET"]}}],"collection":[{"href":"https:\/\/www.abanico.de\/abanico\/wp-json\/wp\/v2\/product"}],"about":[{"href":"https:\/\/www.abanico.de\/abanico\/wp-json\/wp\/v2\/types\/product"}],"replies":[{"embeddable":true,"href":"https:\/\/www.abanico.de\/abanico\/wp-json\/wp\/v2\/comments?post=1123"}],"wp:featuredmedia":[{"embeddable":true,"href":"https:\/\/www.abanico.de\/abanico\/wp-json\/wp\/v2\/media\/6427"}],"wp:attachment":[{"href":"https:\/\/www.abanico.de\/abanico\/wp-json\/wp\/v2\/media?parent=1123"}],"wp:term":[{"taxonomy":"product_brand","embeddable":true,"href":"https:\/\/www.abanico.de\/abanico\/wp-json\/wp\/v2\/product_brand?post=1123"},{"taxonomy":"product_cat","embeddable":true,"href":"https:\/\/www.abanico.de\/abanico\/wp-json\/wp\/v2\/product_cat?post=1123"},{"taxonomy":"product_tag","embeddable":true,"href":"https:\/\/www.abanico.de\/abanico\/wp-json\/wp\/v2\/product_tag?post=1123"}],"curies":[{"name":"wp","href":"https:\/\/api.w.org\/{rel}","templated":true}]}}