{"id":1112,"date":"2018-07-02T14:58:36","date_gmt":"2018-07-02T12:58:36","guid":{"rendered":"https:\/\/www.abanico.de\/abanico\/?post_type=product&#038;p=1112"},"modified":"2025-01-23T19:07:04","modified_gmt":"2025-01-23T18:07:04","slug":"lehrgang-filderstadt-tapi-tapi","status":"publish","type":"product","link":"https:\/\/www.abanico.de\/abanico\/shop\/download-de\/modern-arnis-download-de\/grossmeister-und-meister-des-modern-arnis\/lehrgang-filderstadt-tapi-tapi\/","title":{"rendered":"Lehrgang Filderstadt Tapi-Tapi &#8211; Download &#8211; DE"},"content":{"rendered":"<p>Dies ist das Seminar Video des Lehrgangs in Finderstadt im Januar 2017.<\/p>\n<p>Thema dieses Lehrgangs war die \u00dcberbr\u00fcckung von der langen in die mittlere Distanz im Tapi-Tapi.<\/p>\n<p>Dabei ging es um die Standarts, aber dann haupts\u00e4chlich um fintieren, Reaktionen erzeugen, ausnutzen um in Hebel, Traps, Entwaffnungen oder Takedowns zu kommen.<\/p>\n<p>Weiterhin unterrichtete GM Dieter Kn\u00fcttel was man machen kann, wenn man &#8222;stecken bleibt&#8220;, wenn es also nicht so klappt wir geplant. Was k\u00f6nnte Plan B,C oder D sein.<\/p>\n<p>Wichtig Erkl\u00e4rungen, warum welche Bewegung wann wichtig ist, sowie kleine Details in der Ausf\u00fchrung runden den Lehrgang ab.<\/p>\n<p>Ein Thema sicher nicht nur f\u00fcr Anf\u00e4nger und Mittelstufe im Tapi, sondern durchaus auch f\u00fcr Dan-Tr\u00e4ger sehr interessant.<\/p>\n<p><strong>Was ist Tapi-Tapi? <\/strong><br \/>\nDas TAPI-TAPI ist der zentrale Drill im Modern Arnis. Es ist eine faszinierendes Juwel der philippinischen Kampfk\u00fcnste. In ihm werden die Techniken des Modern Arnis in einem kontinuierlichen Fluss trainiert. Schnelligkeit und Reaktionsf\u00e4higkeit werden ebenso trainiert wie Koordination, Timing und Reflexe. Es ist schnell, effektiv und aufregend. Das Wichtigste ist aber, wie Professor Presas immer sagte: &#8222;Go with the flow&#8220;, &#8222;Bleib im Fluss der Techniken&#8220;.<\/p>\n<p><strong>Gro\u00dfmeister und Datu Dieter Kn\u00fcttel<\/strong><br \/>\nist Diplom-Sportlehrer, Bundestrainer f\u00fcr Modern Arnis (seit 1985) und Modern Arnis Repr\u00e4sentant f\u00fcr Europa.<br \/>\n1996 wurde ihm der Titel Datu und der Grad Lakan Anim, 6. Dan Modern Arnis, von Gro\u00dfmeister Remy A. Presas (10. Dan) pers\u00f6nlich als 4. Arnis-Lehrer au\u00dferhalb der Philippinen und als erstem au\u00dferhalb der USA, verliehen<br \/>\nNachdem er den 7., 8. und 9. Dan auf den Philippinen verliehen bekmmen hatte, wurde m 24.9.2016 in Dortmund \u00f6ffentlich bekanntgegeben, dass er von Gro\u00dfmeister Roberto Presas den 10. Dan Modern Arnis verliehen bkommen hatte.<\/p>\n<p>Dieter Kn\u00fcttel betreibt Kamfsport seit 1967 und philippinische Kampfk\u00fcnste seit 1978. Er unterrichtet Modern Arnis auf Lehrg\u00e4ngen \u00fcberall in Europa, Russland, Australien und in den USA.<\/p>\n<div class=\"avia_textblock avia_textblock_style\" data-update_with=\"content\">\n<p>&nbsp;<\/p>\n<hr \/>\n<\/div>\n<div class=\"avia_textblock avia_textblock_style\" data-update_with=\"content\">\n<h3>Trailer<\/h3>\n<div style=\"width: 640px;\" class=\"wp-video\"><video class=\"wp-video-shortcode\" id=\"video-1112-1\" width=\"640\" height=\"360\" preload=\"metadata\" controls=\"controls\"><source type=\"video\/mp4\" src=\"https:\/\/www.abanico.de\/abanico\/wp-content\/files\/trailer\/2017-01-Trailer-Filderstadt.mp4?_=1\" \/><a href=\"https:\/\/www.abanico.de\/abanico\/wp-content\/files\/trailer\/2017-01-Trailer-Filderstadt.mp4\">https:\/\/www.abanico.de\/abanico\/wp-content\/files\/trailer\/2017-01-Trailer-Filderstadt.mp4<\/a><\/video><\/div>\n<p>&nbsp;<\/p>\n<\/div>\n","protected":false},"excerpt":{"rendered":"<h2>Lehrgang Filderstadt Tapi-Tapi &#8211; Download &#8211; DE<\/h2>\n<p><strong>Lehrgang Filderstadt Modern Arnis Tapi-Tapi<br \/>\nSprache: deutsch &#8211; download<\/strong><br \/>\nLaufzeit (Min.): 23<br \/>\n<strong>Produzent: ABANICO<\/strong><\/p>\n","protected":false},"featured_media":6968,"comment_status":"open","ping_status":"closed","template":"","meta":[],"product_brand":[],"product_cat":[39,7329,7336,40,685],"product_tag":[1374,2237,1440,4871,4869,1376,2329],"class_list":{"0":"post-1112","1":"product","2":"type-product","3":"status-publish","4":"has-post-thumbnail","6":"product_cat-download-de","7":"product_cat-grossmeister-und-meister-des-modern-arnis","8":"product_cat-lehrgaenge-mit-gm-datu-dieter-knuettel","9":"product_cat-modern-arnis-download-de","10":"product_cat-seminar-videos-download-de","11":"product_tag-dieter-knuettel-de","12":"product_tag-dieter-knuettel-lehrgaenge-de","13":"product_tag-download-de","14":"product_tag-lange-distanz","15":"product_tag-mittlere-distanz","16":"product_tag-modern-arnis-de","17":"product_tag-tapi-tapi-de","19":"first","20":"instock","21":"downloadable","22":"virtual","23":"sold-individually","24":"taxable","25":"purchasable","26":"product-type-simple"},"_links":{"self":[{"href":"https:\/\/www.abanico.de\/abanico\/wp-json\/wp\/v2\/product\/1112","targetHints":{"allow":["GET"]}}],"collection":[{"href":"https:\/\/www.abanico.de\/abanico\/wp-json\/wp\/v2\/product"}],"about":[{"href":"https:\/\/www.abanico.de\/abanico\/wp-json\/wp\/v2\/types\/product"}],"replies":[{"embeddable":true,"href":"https:\/\/www.abanico.de\/abanico\/wp-json\/wp\/v2\/comments?post=1112"}],"wp:featuredmedia":[{"embeddable":true,"href":"https:\/\/www.abanico.de\/abanico\/wp-json\/wp\/v2\/media\/6968"}],"wp:attachment":[{"href":"https:\/\/www.abanico.de\/abanico\/wp-json\/wp\/v2\/media?parent=1112"}],"wp:term":[{"taxonomy":"product_brand","embeddable":true,"href":"https:\/\/www.abanico.de\/abanico\/wp-json\/wp\/v2\/product_brand?post=1112"},{"taxonomy":"product_cat","embeddable":true,"href":"https:\/\/www.abanico.de\/abanico\/wp-json\/wp\/v2\/product_cat?post=1112"},{"taxonomy":"product_tag","embeddable":true,"href":"https:\/\/www.abanico.de\/abanico\/wp-json\/wp\/v2\/product_tag?post=1112"}],"curies":[{"name":"wp","href":"https:\/\/api.w.org\/{rel}","templated":true}]}}