{"id":1110,"date":"2018-07-02T14:30:31","date_gmt":"2018-07-02T12:30:31","guid":{"rendered":"https:\/\/www.abanico.de\/abanico\/?post_type=product&#038;p=1110"},"modified":"2023-03-06T18:36:50","modified_gmt":"2023-03-06T17:36:50","slug":"dunkler-geschnitzter-und-geflaemmter-arnis-stock","status":"publish","type":"product","link":"https:\/\/www.abanico.de\/abanico\/shop\/ausruestung\/stoecke\/dunkler-geschnitzter-und-geflaemmter-arnis-stock\/","title":{"rendered":"Dunkler geschnitzter und gefl\u00e4mmter Arnis Stock &#8211; Ausr\u00fcstung"},"content":{"rendered":"<p>Sehr sch\u00f6ner dunkler, fast schwarzer Rattan Stock, ca 70 cm lang und etwa 2,2 cm im Durchmesser.<br \/>\nGeschnitzt und feuergeh\u00e4rtet, abgerundete Enden.<\/p>\n<p>Ideal f\u00fcr Arnis Kali und Eskrima Training.<br \/>\nKommt direkt aus den Philippinen.<\/p>\n<div class=\"avia_textblock avia_textblock_style\" data-update_with=\"content\">\n<hr \/>\n<\/div>\n<div class=\"avia_textblock avia_textblock_style\" data-update_with=\"content\">\n<h3>Wie Arnis St\u00f6cke gemacht werden:<\/h3>\n<div style=\"width: 640px;\" class=\"wp-video\"><video class=\"wp-video-shortcode\" id=\"video-1110-1\" width=\"640\" height=\"360\" preload=\"metadata\" controls=\"controls\"><source type=\"video\/mp4\" src=\"https:\/\/www.abanico.de\/abanico\/wp-content\/files\/trailer\/Making%20of%20an%20Arnis%20stick.mp4?_=1\" \/><a href=\"https:\/\/www.abanico.de\/abanico\/wp-content\/files\/trailer\/Making%20of%20an%20Arnis%20stick.mp4\">https:\/\/www.abanico.de\/abanico\/wp-content\/files\/trailer\/Making%20of%20an%20Arnis%20stick.mp4<\/a><\/video><\/div>\n<\/div>\n","protected":false},"excerpt":{"rendered":"<h2>Dunkler geschnitzter und gefl\u00e4mmter Arnis Stock &#8211; Ausr\u00fcstung<\/h2>\n<p><strong>Dunkler Stock f\u00fcr Arnis Kali Eskrima Training<\/strong><\/p>\n","protected":false},"featured_media":6143,"comment_status":"open","ping_status":"closed","template":"","meta":[],"product_brand":[],"product_cat":[688,709],"product_tag":[1287,2397,1297],"class_list":{"0":"post-1110","1":"product","2":"type-product","3":"status-publish","4":"has-post-thumbnail","6":"product_cat-ausruestung","7":"product_cat-stoecke","8":"product_tag-ausruestung-de","9":"product_tag-stoecke-de","10":"product_tag-trainingsausruestung-de","11":"product_shipping_class-8880","13":"first","14":"outofstock","15":"taxable","16":"shipping-taxable","17":"purchasable","18":"product-type-simple"},"_links":{"self":[{"href":"https:\/\/www.abanico.de\/abanico\/wp-json\/wp\/v2\/product\/1110","targetHints":{"allow":["GET"]}}],"collection":[{"href":"https:\/\/www.abanico.de\/abanico\/wp-json\/wp\/v2\/product"}],"about":[{"href":"https:\/\/www.abanico.de\/abanico\/wp-json\/wp\/v2\/types\/product"}],"replies":[{"embeddable":true,"href":"https:\/\/www.abanico.de\/abanico\/wp-json\/wp\/v2\/comments?post=1110"}],"wp:featuredmedia":[{"embeddable":true,"href":"https:\/\/www.abanico.de\/abanico\/wp-json\/wp\/v2\/media\/6143"}],"wp:attachment":[{"href":"https:\/\/www.abanico.de\/abanico\/wp-json\/wp\/v2\/media?parent=1110"}],"wp:term":[{"taxonomy":"product_brand","embeddable":true,"href":"https:\/\/www.abanico.de\/abanico\/wp-json\/wp\/v2\/product_brand?post=1110"},{"taxonomy":"product_cat","embeddable":true,"href":"https:\/\/www.abanico.de\/abanico\/wp-json\/wp\/v2\/product_cat?post=1110"},{"taxonomy":"product_tag","embeddable":true,"href":"https:\/\/www.abanico.de\/abanico\/wp-json\/wp\/v2\/product_tag?post=1110"}],"curies":[{"name":"wp","href":"https:\/\/api.w.org\/{rel}","templated":true}]}}