{"id":1107,"date":"2018-07-02T14:15:22","date_gmt":"2018-07-02T12:15:22","guid":{"rendered":"https:\/\/www.abanico.de\/abanico\/?post_type=product&#038;p=1107"},"modified":"2025-05-28T11:46:48","modified_gmt":"2025-05-28T09:46:48","slug":"abschliessbare-stocktasche-waffentasche-115-cm","status":"publish","type":"product","link":"https:\/\/www.abanico.de\/abanico\/shop\/ausruestung\/taschen\/abschliessbare-stocktasche-waffentasche-115-cm\/","title":{"rendered":"Abschlie\u00dfbare Stocktasche \/ Waffentasche 115 cm &#8211; Ausr\u00fcstung"},"content":{"rendered":"<p>Entspricht dem neuen deutschen Waffengesetz f\u00fcr den Transport f\u00fcr Waffen!<br \/>\nMit dieser Tasche sind Sie auf der sicheren Seite, wenn Sie auf dem Weg zum Training kontrolliert werden!<br \/>\nAlle Waffen und Trainingsger\u00e4te sind in dieser abschlie\u00dfbaren Waffentasche sicher verstaut.<br \/>\nWird mit einem Schloss ausgeliefert!<\/p>\n<p>Eine Tasche, in die alle Trainingswaffen passen.<br \/>\nAus strapazierf\u00e4higem Nylon\/Cordura (1300 Gramm) kann sie, wenn sie mit den Trainingswaffen gef\u00fcllt ist, einfach aufgerollt werden.<br \/>\nMit Hilfe von 3 Gurten mit Schnellverschl\u00fcssen l\u00e4sst sich die Tasche komfortabel \u00f6ffnen und schlie\u00dfen.<br \/>\nDiese Waffentasche ist ge\u00f6ffnet 115 cm lang und 60 cm breit (geschlossen und leer 115 x 20 cm).<\/p>\n<p>Sie besteht aus den folgenden Taschen mit deren Ma\u00dfen:<br \/>\n1 riesige Innentasche \u00fcber die gesamte L\u00e4nge und Breite (105 x 58 cm)<br \/>\n2 Stocktaschen f\u00fcr 8 \u2013 10 St\u00f6cke oder mehrere Bolos, Hanbos, Bokken oder Schwerter (100 x 13 cm)<br \/>\nEine dieser Taschen ist auf der ganzen L\u00e4nge auch seitlich zu \u00f6ffnen, da die Tasche dort mit einem Klettverschuss versehen ist.<\/p>\n<p><span style=\"color: #000000;\">1 Kurzstock\/Langmesser Tasche (60 x 6 cm)<\/span><br \/>\n2 Messertaschen (33 x 7 cm)<br \/>\n1 kleine Tasche z.B. f\u00fcr Dulos, Kerambits, Kugelschreiber etc. (17 x 13 cm)<br \/>\n1 g\u00f6\u00dfere Tasche f\u00fcr weitere Messer, Schreibunterlagen oder Verbandszeug etc. (23 x 13 cm)<\/p>\n<p>Am Schulterriemen ist eine Lasche zum Aufh\u00e4ngen befestigt und es ist ein weiterer Gurt aufgen\u00e4ht, an dem man Schl\u00fcssel, Karabiner oder andere Gegenst\u00e4nde befestigen kann.<\/p>\n<p>Zu dieser Tasche geh\u00f6ren keine der dargestellten Waffen.<\/p>\n<div class=\"avia_textblock avia_textblock_style\" data-update_with=\"content\">\n<hr \/>\n<\/div>\n<div class=\"avia_textblock avia_textblock_style\" data-update_with=\"content\">\n<h3>Bepacken der Tasche 115 cm.<\/h3>\n<div style=\"width: 640px;\" class=\"wp-video\"><video class=\"wp-video-shortcode\" id=\"video-1107-1\" width=\"640\" height=\"360\" preload=\"metadata\" controls=\"controls\"><source type=\"video\/mp4\" src=\"https:\/\/www.abanico.de\/abanico\/wp-content\/files\/trailer\/Stocktasche-115.mp4?_=1\" \/><a href=\"https:\/\/www.abanico.de\/abanico\/wp-content\/files\/trailer\/Stocktasche-115.mp4\">https:\/\/www.abanico.de\/abanico\/wp-content\/files\/trailer\/Stocktasche-115.mp4<\/a><\/video><\/div>\n<\/div>\n<p>&nbsp;<\/p>\n","protected":false},"excerpt":{"rendered":"<h2>Abschlie\u00dfbare Stocktasche \/ Waffentasche 115 cm &#8211; Ausr\u00fcstung<\/h2>\n<p><strong>Endlich eine vern\u00fcnftige Stocktasche! <\/strong><\/p>\n<p><strong>Gro<\/strong><strong>\u00dfe, ca. 115 cm lange abschlie\u00dfbare Luxustasche nicht f\u00fcr Arnis, Kali und Eskrima Waffen sondern auch f\u00fcr Hanbos, Bokken und Schwerter geeignet.<br \/>\nAlle Waffen zusammen in einer praktischen Tasche.<\/strong><\/p>\n","protected":false},"featured_media":6488,"comment_status":"open","ping_status":"closed","template":"","meta":[],"product_brand":[],"product_cat":[688,711],"product_tag":[1287,1354,1297,1356],"class_list":{"0":"post-1107","1":"product","2":"type-product","3":"status-publish","4":"has-post-thumbnail","6":"product_cat-ausruestung","7":"product_cat-taschen","8":"product_tag-ausruestung-de","9":"product_tag-tasche-de","10":"product_tag-trainingsausruestung-de","11":"product_tag-trainingstasche-de","12":"product_shipping_class-45","14":"first","15":"instock","16":"taxable","17":"shipping-taxable","18":"purchasable","19":"product-type-simple"},"_links":{"self":[{"href":"https:\/\/www.abanico.de\/abanico\/wp-json\/wp\/v2\/product\/1107","targetHints":{"allow":["GET"]}}],"collection":[{"href":"https:\/\/www.abanico.de\/abanico\/wp-json\/wp\/v2\/product"}],"about":[{"href":"https:\/\/www.abanico.de\/abanico\/wp-json\/wp\/v2\/types\/product"}],"replies":[{"embeddable":true,"href":"https:\/\/www.abanico.de\/abanico\/wp-json\/wp\/v2\/comments?post=1107"}],"wp:featuredmedia":[{"embeddable":true,"href":"https:\/\/www.abanico.de\/abanico\/wp-json\/wp\/v2\/media\/6488"}],"wp:attachment":[{"href":"https:\/\/www.abanico.de\/abanico\/wp-json\/wp\/v2\/media?parent=1107"}],"wp:term":[{"taxonomy":"product_brand","embeddable":true,"href":"https:\/\/www.abanico.de\/abanico\/wp-json\/wp\/v2\/product_brand?post=1107"},{"taxonomy":"product_cat","embeddable":true,"href":"https:\/\/www.abanico.de\/abanico\/wp-json\/wp\/v2\/product_cat?post=1107"},{"taxonomy":"product_tag","embeddable":true,"href":"https:\/\/www.abanico.de\/abanico\/wp-json\/wp\/v2\/product_tag?post=1107"}],"curies":[{"name":"wp","href":"https:\/\/api.w.org\/{rel}","templated":true}]}}