{"id":10915,"date":"2021-06-11T10:10:41","date_gmt":"2021-06-11T08:10:41","guid":{"rendered":"https:\/\/www.abanico.de\/abanico\/?post_type=product&#038;p=10915"},"modified":"2025-11-12T14:08:13","modified_gmt":"2025-11-12T13:08:13","slug":"a-lot-sumbrada-5-download-de","status":"publish","type":"product","link":"https:\/\/www.abanico.de\/abanico\/shop\/gemaelde\/9548\/a-lot-sumbrada-5-download-de\/","title":{"rendered":"A-LOT-Sumbrada-5 &#8211; Download &#8211; DE"},"content":{"rendered":"<p>Dies ist das Video vom Arnis Live-Online-Training, A-LOT, das GM Datu Dieter Kn\u00fcttel, 10. Dan Modern Arnis, zum Thema:<\/p>\n<h4><strong>Sumbrada Teil 5 &#8211; Messer:<\/strong><\/h4>\n<ul>\n<li><strong>Sumbrada in Messer- und Dolchhaltung<\/strong><\/li>\n<li><strong>Verschiedene Versionen:<\/strong>\n<ul>\n<li><strong>Standard<\/strong><\/li>\n<li><strong> Backwards<\/strong><\/li>\n<li><strong> Mirror<\/strong><\/li>\n<li><strong> Backwards-Backwards<\/strong><\/li>\n<\/ul>\n<\/li>\n<li><strong>Highline\/Modern Drill<\/strong><\/li>\n<li><strong>Entwaffnungen in den Drills<br \/>\n<\/strong><\/li>\n<li><strong>Konter auf Entwaffnungen<br \/>\n<\/strong><\/li>\n<li><strong>Gunting <\/strong>\n<ul>\n<li><strong>waffenlos <\/strong><\/li>\n<li><strong>Messer<\/strong><\/li>\n<\/ul>\n<\/li>\n<\/ul>\n<p>abgehalten hat.<\/p>\n<p>Es wird die Technik, Methodik und Didaktik des Unterrichtens sowie viele Details f\u00fcr die Ausf\u00fchrung der Technik erkl\u00e4rt und demonstriert.<\/p>\n<p>Das Video hat Kapitelmarker.<br \/>\nErkl\u00e4rung hier: <em><strong><a href=\"https:\/\/www.abanico.de\/abanico\/kapitel-in-download-videos\/\"><span style=\"color: #ff0000;\">Kapitelmarker<\/span><\/a><\/strong><\/em><\/p>\n<p>Hier der Inhalt des Videos:<\/p>\n<p>00:00\u00a0 Vorspann<br \/>\n00:15\u00a0 Einleitung<br \/>\n00:38\u00a0 6 Count Sumbrada mit Messern<br \/>\n00:56\u00a0\u00a0\u00a0\u00a0\u00a0 &#8211; Sumbrada: Standard<br \/>\n01:48\u00a0\u00a0\u00a0\u00a0\u00a0\u00a0\u00a0\u00a0\u00a0 &#8211; Sumbrada &#8211; Standard: Dolch- oder Reverse Griff<br \/>\n03:23\u00a0\u00a0\u00a0\u00a0\u00a0\u00a0\u00a0\u00a0\u00a0\u00a0\u00a0\u00a0\u00a0 &#8211; Sumbrada &#8211; Standard &#8211; Dolch- oder Reverse Griff: ohne Partner<br \/>\n03:59\u00a0\u00a0\u00a0\u00a0\u00a0 &#8211; Sumbrada: Standard<br \/>\n04:35\u00a0\u00a0\u00a0\u00a0\u00a0 &#8211; Sumbrada: Backwards oder Reverse<br \/>\n06:04\u00a0\u00a0\u00a0\u00a0\u00a0\u00a0\u00a0\u00a0\u00a0 &#8211; Sumbrada: Backwards oder Reverse: ohne Partner<br \/>\n07:03\u00a0\u00a0\u00a0\u00a0\u00a0 &#8211; Sumbrada: Mirror Image &#8211; gespiegelt<br \/>\n07:09\u00a0\u00a0\u00a0\u00a0\u00a0 &#8211; Sumbrada &#8211; Mirror Image &#8211; gespiegelt &#8211; Version 1: der gleiche Drill<br \/>\n07:49\u00a0\u00a0\u00a0\u00a0\u00a0\u00a0\u00a0\u00a0\u00a0 &#8211; Sumbrada &#8211; Mirror Image &#8211; gespiegelt &#8211; Version 1 &#8211; der gleiche Drill: ohne Partner<br \/>\n08:31\u00a0\u00a0\u00a0\u00a0\u00a0 &#8211; Sumbrada &#8211; Mirror Image &#8211; gespiegelt &#8211; Version 2: umgekehrt<br \/>\n09:07\u00a0\u00a0\u00a0\u00a0\u00a0\u00a0\u00a0\u00a0\u00a0 &#8211; Sumbrada &#8211; Mirror Image &#8211; gespiegelt &#8211; Version 2: umgekehrt: ohne Partner<br \/>\n09:49\u00a0\u00a0\u00a0\u00a0\u00a0 &#8211; Sumbrada: Backwards &#8211; Backwards<br \/>\n11:26\u00a0\u00a0\u00a0\u00a0\u00a0\u00a0\u00a0\u00a0\u00a0 &#8211; Sumbrada &#8211; Backwards &#8211; backwards: ohne Partner<br \/>\n12:00\u00a0 Sumbrada: Entwaffnungstechniken<br \/>\n12:15\u00a0\u00a0\u00a0\u00a0\u00a0 &#8211; Sumbrada: Entwaffnung auf Angriff 1<br \/>\n12:30\u00a0\u00a0\u00a0\u00a0\u00a0\u00a0\u00a0\u00a0\u00a0 &#8211; Sumbrada &#8211; nach Entwaffnung auf Angriff 1: im Drill bleiben<br \/>\n13:11\u00a0\u00a0\u00a0\u00a0\u00a0\u00a0\u00a0\u00a0\u00a0 &#8211; Sumbrada &#8211; nach Entwaffnung auf Angriff 1: der Partner entwaffnet auch<br \/>\n13:32\u00a0\u00a0\u00a0\u00a0\u00a0\u00a0\u00a0\u00a0\u00a0\u00a0\u00a0\u00a0\u00a0 &#8211; Sumbrada &#8211; nach Entwaffnung auf Angriff 1 &#8211; der Partner entwaffnet auch: ohne Partner<br \/>\n14:02\u00a0\u00a0\u00a0\u00a0\u00a0 &#8211; Sumbrada: Entwaffnung auf Angriff 12<br \/>\n14:20\u00a0\u00a0\u00a0\u00a0\u00a0\u00a0\u00a0\u00a0\u00a0 &#8211; Sumbrada &#8211; nach Entwaffnung auf Angriff 12: im Drill bleiben<br \/>\n14:24\u00a0\u00a0\u00a0\u00a0\u00a0\u00a0\u00a0\u00a0\u00a0 &#8211; Sumbrada &#8211; nach Entwaffnung auf Angriff 12: der Partner entwaffnet auch<br \/>\n15:11\u00a0\u00a0\u00a0\u00a0\u00a0\u00a0\u00a0\u00a0\u00a0\u00a0\u00a0\u00a0\u00a0 &#8211; Sumbrada &#8211; nach Entwaffnung auf Angriff 12: der Partner entwaffnet auch: ohne Partner<br \/>\n15:48\u00a0\u00a0\u00a0\u00a0\u00a0 &#8211; Sumbrada: Entwaffnung auf Angriff 8<br \/>\n15:58\u00a0\u00a0\u00a0\u00a0\u00a0\u00a0\u00a0\u00a0\u00a0 &#8211; Sumbrada &#8211; nach Entwaffnung auf Angriff 8: mit 2 Messern im Drill bleiben<br \/>\n16:05\u00a0\u00a0\u00a0\u00a0\u00a0\u00a0\u00a0\u00a0\u00a0 &#8211; Sumbrada &#8211; nach Entwaffnung auf Angriff 8: der Partner entwaffnet auch<br \/>\n16:15 &#8211; \u00a0 \u00a0 \u00a0 \u00a0\u00a0 Sumbrada &#8211; nach Entwaffnung auf Angriff 8 mit 2 Messern: weitere Optionen<br \/>\n18:09\u00a0 \u00a0\u00a0\u00a0\u00a0\u00a0\u00a0\u00a0\u00a0\u00a0\u00a0\u00a0 &#8211; Sumbrada &#8211; nach Entwaffnung auf Angriff 8 &#8211; der Partner entwaffnet auch: ohne Partner<br \/>\n18:34\u00a0\u00a0\u00a0\u00a0\u00a0 &#8211; Sumbrada mit mehreren Messern<br \/>\n19:26\u00a0 Sumbrada: Konter auf Entwaffnungen im Drill<br \/>\n19:37\u00a0\u00a0\u00a0\u00a0\u00a0 &#8211; Konter auf Entwaffnung von Angriff 1<br \/>\n21:01\u00a0\u00a0\u00a0\u00a0\u00a0\u00a0\u00a0\u00a0\u00a0 &#8211; Konter auf Entwaffnung von Angriff 1: ohne Partner<br \/>\n21:25\u00a0\u00a0\u00a0\u00a0\u00a0 &#8211; Konter auf Entwaffnung von Angriff 12<br \/>\n22:52\u00a0\u00a0\u00a0\u00a0\u00a0\u00a0\u00a0\u00a0\u00a0 &#8211; Konter auf Entwaffnung von Angriff 12: ohne Partner<br \/>\n23:20\u00a0\u00a0\u00a0\u00a0\u00a0 &#8211; Konter auf Entwaffnung von Angriff 8<br \/>\n24:14\u00a0\u00a0\u00a0\u00a0\u00a0\u00a0\u00a0\u00a0\u00a0 &#8211; Konter auf Entwaffnung von Angriff 8: ohne Partner<br \/>\n24:40\u00a0\u00a0\u00a0\u00a0\u00a0 &#8211; Sumbrada mit mehreren Messern, Entwaffnungen und Konter auf Entwaffnungen<br \/>\n25:57\u00a0 Highline Drill &#8211; Modern Drill mit Messern<br \/>\n27:28\u00a0\u00a0\u00a0\u00a0\u00a0 &#8211; Wechsel vom Highline\/Modern Drill zurm Sumbrada und zur\u00fcck<br \/>\n27:51\u00a0\u00a0\u00a0\u00a0\u00a0 &#8211; Entwaffnungen im Highline\/Modern Drill<br \/>\n27:59\u00a0\u00a0\u00a0\u00a0\u00a0\u00a0\u00a0\u00a0\u00a0 &#8211; Highline\/Modern Drill: Entwaffnung auf Angriff 1<br \/>\n28:14\u00a0\u00a0\u00a0\u00a0\u00a0\u00a0\u00a0\u00a0\u00a0 &#8211; Highline\/Modern Drill: Entwaffnung auf Angriff 2<br \/>\n28:44\u00a0\u00a0\u00a0\u00a0\u00a0 &#8211; Konter auf Entwaffnungen im Highline\/Modern Drill<br \/>\n28:49\u00a0\u00a0\u00a0\u00a0\u00a0\u00a0\u00a0\u00a0\u00a0 &#8211; Highline\/Modern Drill: Konter bei Entwaffnung auf Angriff 1<br \/>\n29:00\u00a0\u00a0\u00a0\u00a0\u00a0\u00a0\u00a0\u00a0\u00a0 &#8211; Highline\/Modern Drill: Konter bei Entwaffnung auf Angriff 2<br \/>\n29:05\u00a0\u00a0\u00a0\u00a0\u00a0 &#8211; Alles fliesst ineinander: Highline\/Modern Drill, Sumbrada, Entwaffnungen, Konter auf Entwaffnungen mit weiteren Angriffen<br \/>\n31:18\u00a0 Gunting<br \/>\n31:24\u00a0\u00a0\u00a0\u00a0\u00a0 &#8211; Waffenloses Gunting im Sumbrada<br \/>\n31:40\u00a0\u00a0\u00a0\u00a0\u00a0 &#8211; Waffenloses Gunting im Highline\/Modern Drill<br \/>\n31:58\u00a0\u00a0\u00a0\u00a0\u00a0 &#8211; Bezug vom Messer zu waffenlosem Gunting im Sumbrada<br \/>\n32:04\u00a0\u00a0\u00a0\u00a0\u00a0\u00a0\u00a0\u00a0\u00a0 &#8211; Sumbrada Angriff 1<br \/>\n33:30\u00a0\u00a0\u00a0\u00a0\u00a0\u00a0\u00a0\u00a0\u00a0 &#8211; Sumbrada Angriff 12<br \/>\n34:33\u00a0\u00a0\u00a0\u00a0\u00a0\u00a0\u00a0\u00a0\u00a0 &#8211; Sumbrada Angriff 8<br \/>\n35:31\u00a0\u00a0\u00a0\u00a0\u00a0 &#8211; Bezug vom Messer zu waffenlosem Gunting im Highline\/Modern Drill<br \/>\n35:36\u00a0\u00a0\u00a0\u00a0\u00a0\u00a0\u00a0\u00a0\u00a0 &#8211; Highline\/Modern Drill Angriffe 1 und 2<br \/>\n36:47\u00a0 Fazit: Sumbrada<br \/>\n38:16\u00a0 Verabschiedung<br \/>\n38:35\u00a0 Abspann<br \/>\n39:03\u00a0 Ende<\/p>\n<div class=\"avia_textblock avia_textblock_style\" data-update_with=\"content\">\n<h3>Trailer<\/h3>\n<div style=\"width: 640px;\" class=\"wp-video\"><video class=\"wp-video-shortcode\" id=\"video-10915-1\" width=\"640\" height=\"360\" preload=\"metadata\" controls=\"controls\"><source type=\"video\/mp4\" src=\"https:\/\/www.abanico.de\/abanico\/wp-content\/files\/trailer\/A-LOT-Trailer-Sumbrada-5.mp4?_=1\" \/><a href=\"https:\/\/www.abanico.de\/abanico\/wp-content\/files\/trailer\/A-LOT-Trailer-Sumbrada-5.mp4\">https:\/\/www.abanico.de\/abanico\/wp-content\/files\/trailer\/A-LOT-Trailer-Sumbrada-5.mp4<\/a><\/video><\/div>\n<\/div>\n<h4>Dies alles wird im dem A-LOT (Arnis Live-Online-Training) Video detailliert erkl\u00e4rt und demonstriert.<br \/>\nDas Arnis Live -Online- Trainings Video ist Teil der neuen Serie:\u00a0 Die \u00fcber Internet abgehaltenen Arnis Live-Online-Trainings Videos von und mit GM Datu Dieter Kn\u00fcttel, 10. Dan Modern Arnis.<br \/>\nNicht nur schnelle Demos, von denen es so viele auf Youtube zu sehen gibt, sondern Unterricht mit Erkl\u00e4rungen des &#8222;Was, Warum und Wie&#8220; mit vielen wichtigen Details, die bei reinen Demos verloren gehen.<br \/>\n<strong>Videos, von denen man wirklich lernen kann.<\/strong><\/h4>\n<div class=\"avia_textblock avia_textblock_style\" data-update_with=\"content\">\n<hr \/>\n<\/div>\n<h4><a href=\"https:\/\/www.abanico.de\/dieterknuettel\/wp\/de\/kurzbiographie\/\"><strong><em><span style=\"color: #ff0000;\">Gro\u00dfmeister Datu Dieter Kn\u00fcttel<\/span><\/em><\/strong><\/a><br \/>\nist Diplom-Sportlehrer, Bundestrainer f\u00fcr Modern Arnis (seit 1985) und Modern Arnis Repr\u00e4sentant f\u00fcr Europa.<\/h4>\n<p>Er unterrichtet Selbstverteidigung seit Ende der 70er Jahre in ganz Deutschland aber auch weltweit.<\/p>\n<p>1996 wurde ihm der Titel Datu und der Grad Lakan Anim, 6. Dan Modern Arnis, von Gro\u00dfmeister Remy A. Presas (10. Dan) pers\u00f6nlich als 4. Arnis-Lehrer au\u00dferhalb der Philippinen und als erstem au\u00dferhalb der USA, verliehen<br \/>\nNachdem er den 7., 8. und 9. Dan auf den Philippinen verliehen bekommen hatte, wurde m 24.9.2016 in Dortmund \u00f6ffentlich bekanntgegeben, dass er von Gro\u00dfmeister Roberto Presas den 10. Dan Modern Arnis verliehen bekommen hatte.<\/p>\n<p>Dieter Kn\u00fcttel betreibt Kampfsport seit 1967 und philippinische Kampfk\u00fcnste seit 1978. Er unterrichtet Modern Arnis auf Lehrg\u00e4ngen \u00fcberall in Europa, Russland, Australien und in den USA.<\/p>\n<p>&nbsp;<\/p>\n<div class=\"avia_textblock avia_textblock_style\" data-update_with=\"content\">\n<hr \/>\n<\/div>\n","protected":false},"excerpt":{"rendered":"<h2><strong>A-LOT-Sumbrada-5 &#8211; Download &#8211; DE<\/strong><\/h2>\n<p><strong>Sprache: deutsch &#8211; download<\/strong><br \/>\nLaufzeit (Min.): 39<br \/>\n<strong>Produzent: ABANICO<\/strong><\/p>\n","protected":false},"featured_media":10917,"comment_status":"open","ping_status":"closed","template":"","meta":[],"product_brand":[],"product_cat":[9548],"product_tag":[9641,913,9040,9022,1370,1372,4940,9633,5628,9231,1883,9617,1301,9629,9619,9639,9615,2217,1321,9631,1376,9163,9042,1845,9229,9211,1847,9468,9623,9637,1708,9635],"class_list":{"0":"post-10915","1":"product","2":"type-product","3":"status-publish","4":"has-post-thumbnail","6":"product_cat-9548","7":"product_tag-abanicos","8":"product_tag-anwendungen-de","9":"product_tag-arnis","10":"product_tag-datu-dieter","11":"product_tag-dav-de","12":"product_tag-deutscher-arnis-verband-de","13":"product_tag-dieter-knuettel-en-de","14":"product_tag-doppel-messer","15":"product_tag-doppelstock","16":"product_tag-download-video","17":"product_tag-drill-de","18":"product_tag-einzelstock-drill","19":"product_tag-eskrima-de","20":"product_tag-espada-y-daga","21":"product_tag-flow-drill","22":"product_tag-gunting","23":"product_tag-haare-ziehen","24":"product_tag-kali-de","25":"product_tag-karate-de","26":"product_tag-mess3er","27":"product_tag-modern-arnis-de","28":"product_tag-remy-presas","29":"product_tag-selbstschutz","30":"product_tag-selbstverteidigung-de","31":"product_tag-seminar-video","32":"product_tag-sumbrada","33":"product_tag-sv-de","34":"product_tag-training-ohne-partner-in","35":"product_tag-verkettung","36":"product_tag-verkettung-von-drills","37":"product_tag-verteidigung-de","38":"product_tag-waffenlos","40":"first","41":"instock","42":"downloadable","43":"virtual","44":"sold-individually","45":"taxable","46":"purchasable","47":"product-type-simple"},"_links":{"self":[{"href":"https:\/\/www.abanico.de\/abanico\/wp-json\/wp\/v2\/product\/10915","targetHints":{"allow":["GET"]}}],"collection":[{"href":"https:\/\/www.abanico.de\/abanico\/wp-json\/wp\/v2\/product"}],"about":[{"href":"https:\/\/www.abanico.de\/abanico\/wp-json\/wp\/v2\/types\/product"}],"replies":[{"embeddable":true,"href":"https:\/\/www.abanico.de\/abanico\/wp-json\/wp\/v2\/comments?post=10915"}],"wp:featuredmedia":[{"embeddable":true,"href":"https:\/\/www.abanico.de\/abanico\/wp-json\/wp\/v2\/media\/10917"}],"wp:attachment":[{"href":"https:\/\/www.abanico.de\/abanico\/wp-json\/wp\/v2\/media?parent=10915"}],"wp:term":[{"taxonomy":"product_brand","embeddable":true,"href":"https:\/\/www.abanico.de\/abanico\/wp-json\/wp\/v2\/product_brand?post=10915"},{"taxonomy":"product_cat","embeddable":true,"href":"https:\/\/www.abanico.de\/abanico\/wp-json\/wp\/v2\/product_cat?post=10915"},{"taxonomy":"product_tag","embeddable":true,"href":"https:\/\/www.abanico.de\/abanico\/wp-json\/wp\/v2\/product_tag?post=10915"}],"curies":[{"name":"wp","href":"https:\/\/api.w.org\/{rel}","templated":true}]}}