{"id":1089,"date":"2018-07-02T14:03:12","date_gmt":"2018-07-02T12:03:12","guid":{"rendered":"https:\/\/www.abanico.de\/abanico\/?post_type=product&#038;p=1089"},"modified":"2018-11-21T23:21:14","modified_gmt":"2018-11-21T22:21:14","slug":"capoeira-die-grundtechniken-buch","status":"publish","type":"product","link":"https:\/\/www.abanico.de\/abanico\/shop\/buecher\/capoeira\/capoeira-die-grundtechniken-buch\/","title":{"rendered":"Capoeira Die Grundtechniken Buch &#8211; B\u00fccher | Magazine"},"content":{"rendered":"<p>Dieses Buch richtet sich an all jene, die sich f\u00fcr die Aus\u00fcbung von Capoeira interessieren, mit dem Ziel ihnen anhand von Grundtechniken einen einfachen und schnellen Zugang zum Spiel zu erm\u00f6glichen. Angesichts der Tatsache, dass Capoeira ein weites Feld ist, und damit die Lesenden genau wissen, was sie aus\u00fcben, erscheint es mir unumg\u00e4nglich, ihre Aufmerksamkeit auf einige Punkte zu lenken, die von \u00e4u\u00dferster Wichtigkeit sind. Dabei ist die Frage nach dem Ursprung ebenso zu nennen, wie die Faktoren, die zur weiteren Entwicklung von Capoeira gef\u00fchrt haben. Meister Paulinho Sabia Das Buch stellt Ihnen jede Grundtechnik und jede Grundbewegung von Capoeira vor, stufenweise detailliert und durch zahlreiche Fotos von Situationen aus den Runden illustriert. Entdecken Sie dar\u00fcber hinaus Ges\u00e4nge sowie Erkl\u00e4rungen \u00fcber die Rituale und die Urspr\u00fcnge dieser brasilianischen Kunst. Ein p\u00e4dagogisches Werkzeug mit Verweisen, das die Reichhaltigkeit der informationen mit einer Vielzahl von Techniken verbindet, die vollst\u00e4ndig in die beigelegte DVD aufgenommen wurden. Dieses Buch ist eine sehr exclusive Ausgabe, es wiegt \u00fcber 1100g und hat 196 Seiten im Format: 30,4 X 21,8cm. Alle Techniken in diesem Buch werden nochmals auf der dazugeh\u00f6rigen DVD genau erl\u00e4utert. Die DVD hat eine Laufzeit von \u00fcber 120 Minuten Bonusmaterial.<\/p>\n<p><strong>Meister Paulinho Sabia <\/strong><br \/>\nIst ein anerkannter Capoeira Ausbilder<\/p>\n","protected":false},"excerpt":{"rendered":"<h2>Capoeira Die Grundtechniken Buch<\/h2>\n<p><strong>Inklusive DVD, mit allen im Buch beschriebenen Techniken <\/strong><br \/>\n<strong>Sprache: Deutsch &#8211; TV-System: PAL, i-pord Verlag<\/strong><br \/>\nLaufzeit (Min.): 120<br \/>\nISBN: BOOK01<\/p>\n","protected":false},"featured_media":1090,"comment_status":"open","ping_status":"closed","template":"","meta":[],"product_brand":[],"product_cat":[48,6371],"product_tag":[1319,2415,1652],"class_list":{"0":"post-1089","1":"product","2":"type-product","3":"status-publish","4":"has-post-thumbnail","6":"product_cat-buecher","7":"product_cat-capoeira","8":"product_tag-buecher-de","9":"product_tag-capoeira-de","10":"product_tag-grundtechniken-de","11":"product_shipping_class-4689","13":"first","14":"instock","15":"taxable","16":"shipping-taxable","17":"purchasable","18":"product-type-simple"},"_links":{"self":[{"href":"https:\/\/www.abanico.de\/abanico\/wp-json\/wp\/v2\/product\/1089","targetHints":{"allow":["GET"]}}],"collection":[{"href":"https:\/\/www.abanico.de\/abanico\/wp-json\/wp\/v2\/product"}],"about":[{"href":"https:\/\/www.abanico.de\/abanico\/wp-json\/wp\/v2\/types\/product"}],"replies":[{"embeddable":true,"href":"https:\/\/www.abanico.de\/abanico\/wp-json\/wp\/v2\/comments?post=1089"}],"wp:featuredmedia":[{"embeddable":true,"href":"https:\/\/www.abanico.de\/abanico\/wp-json\/wp\/v2\/media\/1090"}],"wp:attachment":[{"href":"https:\/\/www.abanico.de\/abanico\/wp-json\/wp\/v2\/media?parent=1089"}],"wp:term":[{"taxonomy":"product_brand","embeddable":true,"href":"https:\/\/www.abanico.de\/abanico\/wp-json\/wp\/v2\/product_brand?post=1089"},{"taxonomy":"product_cat","embeddable":true,"href":"https:\/\/www.abanico.de\/abanico\/wp-json\/wp\/v2\/product_cat?post=1089"},{"taxonomy":"product_tag","embeddable":true,"href":"https:\/\/www.abanico.de\/abanico\/wp-json\/wp\/v2\/product_tag?post=1089"}],"curies":[{"name":"wp","href":"https:\/\/api.w.org\/{rel}","templated":true}]}}