{"id":10863,"date":"2021-06-02T11:16:44","date_gmt":"2021-06-02T09:16:44","guid":{"rendered":"https:\/\/www.abanico.de\/abanico\/?post_type=product&#038;p=10863"},"modified":"2024-08-21T08:29:28","modified_gmt":"2024-08-21T06:29:28","slug":"a-lot-sumbrada-3-download-de","status":"publish","type":"product","link":"https:\/\/www.abanico.de\/abanico\/shop\/download-de\/seminar-videos-download-de\/alotarnisliveonlinetraining\/a-lot-sumbrada-3-download-de\/","title":{"rendered":"A-LOT-Sumbrada-3 &#8211; Download &#8211; DE"},"content":{"rendered":"<p>Dies ist das Video vom Arnis Live-Online-Training, A-LOT, das GM Datu Dieter Kn\u00fcttel, 10. Dan Modern Arnis, zum Thema:<\/p>\n<h4><strong>Sumbrada Teil 3:<\/strong><\/h4>\n<h4><strong>Sumbrada waffenlos:<\/strong><\/h4>\n<ul>\n<li><strong>Sumbrada mit Stich waffenlos <\/strong><\/li>\n<li><strong>Punyo Sumbrada waffenlos\u00a0<\/strong><\/li>\n<li><strong> Gunting im Sumbrada\u00a0<\/strong>\n<ul>\n<li><strong> 3 Gunting Techniken auf 1<\/strong><\/li>\n<li><strong>3 Gunting Techniken auf <\/strong><strong>12\u00a0<\/strong><\/li>\n<li><strong>3 Gunting Techniken auf 8<\/strong><\/li>\n<\/ul>\n<\/li>\n<li><strong> alle Guntings mit Folgetechniken<br \/>\n<\/strong><\/li>\n<\/ul>\n<p>abgehalten hat.<\/p>\n<p>Es wird die Technik, Methodik und Didaktik des Unterrichtens sowie viele Details f\u00fcr die Ausf\u00fchrung der Technik erkl\u00e4rt und demonstriert.<\/p>\n<p>Das Video hat Kapitelmarker.<br \/>\nErkl\u00e4rung hier: <em><strong><a href=\"https:\/\/www.abanico.de\/abanico\/kapitel-in-download-videos\/\"><span style=\"color: #ff0000;\">Kapitelmarker<\/span><\/a><\/strong><\/em><\/p>\n<p>Hier der Inhalt des Videos:<\/p>\n<p>00:00\u00a0 Vorspann<br \/>\n00:41\u00a0 Einleitung<br \/>\n01:10\u00a0 Sumbrada mit Stich<br \/>\n01:29\u00a0\u00a0\u00a0\u00a0\u00a0 &#8211; Sumbrada mit Stich &#8211; waffenlos<br \/>\n02:46\u00a0\u00a0\u00a0\u00a0\u00a0\u00a0\u00a0\u00a0\u00a0 &#8211; Sumbrada mit Stich &#8211; waffenlos: ohne Partner<br \/>\n03:25\u00a0 Punyo Sumbrada<br \/>\n03:49\u00a0\u00a0\u00a0\u00a0\u00a0 &#8211; Punyo Sumbrada &#8211; waffenlos &#8211; Version 1<br \/>\n05:34\u00a0\u00a0\u00a0\u00a0\u00a0\u00a0\u00a0\u00a0\u00a0 &#8211; Punyo Sumbrada &#8211; waffenlos &#8211; Version 1: ohne Partner<br \/>\n06:22\u00a0\u00a0\u00a0\u00a0\u00a0 &#8211; Punyo Sumbrada &#8211; waffenlos &#8211; Version 2<br \/>\n08:31\u00a0\u00a0\u00a0\u00a0\u00a0\u00a0\u00a0\u00a0\u00a0 &#8211; Punyo Sumbrada &#8211; waffenlos: Version 1 und 2 gemischt<br \/>\n09:12\u00a0\u00a0\u00a0\u00a0\u00a0\u00a0\u00a0\u00a0 \u00a0 \u00a0\u00a0 &#8211; Punyo Sumbrada &#8211; waffenlos &#8211; Version 2: ohne Partner<br \/>\n10:39\u00a0 Sumbrada mit Stock<br \/>\n10:51\u00a0\u00a0\u00a0\u00a0\u00a0 &#8211; Sumbrada: waffenlos<br \/>\n11:05\u00a0\u00a0\u00a0\u00a0\u00a0\u00a0\u00a0\u00a0\u00a0 &#8211; Sumbrada &#8211; waffenlos: ohne Partner<br \/>\n11:19\u00a0 Gunting im Sumbrada<br \/>\n11:51\u00a0\u00a0\u00a0\u00a0\u00a0 &#8211; Angriff 1: Gunting 1<br \/>\n12:52\u00a0\u00a0\u00a0\u00a0\u00a0\u00a0\u00a0\u00a0\u00a0 &#8211; Angriff 1 &#8211; Gunting 1 mit Folgetechniken<br \/>\n14:23\u00a0\u00a0\u00a0\u00a0\u00a0\u00a0\u00a0\u00a0\u00a0\u00a0\u00a0\u00a0\u00a0 &#8211; Angriff 1 &#8211; Gunting 1 mit Folgetechniken: ohne Partner<br \/>\n15:05\u00a0\u00a0\u00a0\u00a0\u00a0\u00a0\u00a0\u00a0\u00a0 &#8211; Angriff 1 &#8211; Gunting 1: im Fluss<br \/>\n15:41\u00a0\u00a0\u00a0\u00a0\u00a0 &#8211; Angriff 1: Gunting 2<br \/>\n15:50\u00a0\u00a0\u00a0\u00a0\u00a0\u00a0\u00a0\u00a0\u00a0 &#8211; Angriff 1 &#8211; Gunting 2 mit Folgetechniken<br \/>\n16:41 \u00a0 \u00a0\u00a0\u00a0\u00a0\u00a0\u00a0\u00a0\u00a0\u00a0\u00a0 &#8211; Angriff 1 &#8211; Gunting 2 mit Folgetechniken: ohne Partner<br \/>\n17:09\u00a0\u00a0\u00a0\u00a0\u00a0\u00a0\u00a0\u00a0\u00a0 &#8211; Angriff 1 &#8211; Guntings 1 + 2: im Fluss<br \/>\n18:02\u00a0\u00a0\u00a0\u00a0\u00a0 &#8211; Angriff 1: Gunting 3<br \/>\n18:28\u00a0\u00a0\u00a0\u00a0\u00a0\u00a0\u00a0\u00a0\u00a0 &#8211; Angriff 1 &#8211; Gunting 3 mit Folgetechniken<br \/>\n19:34\u00a0\u00a0\u00a0\u00a0\u00a0\u00a0\u00a0\u00a0\u00a0\u00a0\u00a0\u00a0\u00a0 &#8211; Angriff 1 &#8211; Gunting 3 mit Folgetechniken: ohne Partner<br \/>\n20:18 \u00a0 \u00a0\u00a0\u00a0\u00a0\u00a0\u00a0 &#8211; Angriff 1 &#8211; Guntings 1 &#8211; 3: im Fluss<br \/>\n21:13\u00a0\u00a0\u00a0\u00a0\u00a0 &#8211; Angriff 12: Gunting 1<br \/>\n22:25\u00a0\u00a0\u00a0\u00a0\u00a0\u00a0\u00a0\u00a0\u00a0 &#8211; Angriff 12: Gunting 1 mit Folgetechniken<br \/>\n22:49\u00a0\u00a0\u00a0\u00a0\u00a0\u00a0\u00a0\u00a0\u00a0\u00a0\u00a0\u00a0\u00a0 &#8211; Angriff 12: Gunting 1 mit Folgetechniken: ohne Partner<br \/>\n23:33\u00a0\u00a0\u00a0\u00a0\u00a0 &#8211; Angriff 12: Gunting 2<br \/>\n23:46\u00a0\u00a0\u00a0\u00a0\u00a0\u00a0\u00a0\u00a0\u00a0 &#8211; Angriff 12: Gunting 2 mit Folgetechniken<br \/>\n24:43\u00a0\u00a0\u00a0\u00a0\u00a0\u00a0\u00a0\u00a0\u00a0\u00a0\u00a0\u00a0\u00a0 &#8211; Angriff 12: Gunting 2 mit Folgetechniken: ohne Partner<br \/>\n25:09\u00a0\u00a0\u00a0\u00a0\u00a0 &#8211; Angriff 12: Gunting 3<br \/>\n25:58\u00a0\u00a0\u00a0\u00a0\u00a0\u00a0\u00a0\u00a0\u00a0 &#8211; Angriff 12: Gunting 3 mit Folgetechniken<br \/>\n26:41\u00a0\u00a0\u00a0\u00a0\u00a0\u00a0\u00a0\u00a0\u00a0\u00a0\u00a0\u00a0\u00a0 &#8211; Sumbrada Teil &#8211; Angriff 12: Gunting 3 mit Folgetechniken: ohne Partner<br \/>\n27:08\u00a0\u00a0\u00a0\u00a0\u00a0\u00a0\u00a0\u00a0\u00a0 &#8211; Angriff 12: Gunting 1 &#8211; 3: im Fluss<br \/>\n27:52\u00a0\u00a0\u00a0\u00a0\u00a0 &#8211; Angriff 8: Gunting 1<br \/>\n28:06\u00a0\u00a0\u00a0\u00a0\u00a0\u00a0\u00a0\u00a0\u00a0 &#8211; Angriff 8: Gunting 1 mit Folgetechniken<br \/>\n28:50 \u00a0 \u00a0 \u00a0 \u00a0 \u00a0 \u00a0\u00a0 &#8211; Angriff 8: Gunting 1 mit Folgetechniken: ohne Partner<br \/>\n29:10\u00a0\u00a0\u00a0\u00a0\u00a0 &#8211; Angriff 8: Gunting 2<br \/>\n30:12\u00a0\u00a0\u00a0\u00a0\u00a0\u00a0\u00a0\u00a0\u00a0 &#8211; Angriff 8: Gunting 2 mit Folgetechniken<br \/>\n30:33\u00a0\u00a0\u00a0\u00a0\u00a0\u00a0\u00a0\u00a0\u00a0\u00a0\u00a0\u00a0\u00a0 &#8211; Angriff 8: Gunting 2 mit Folgetechniken: ohne Partner<br \/>\n31:06\u00a0\u00a0\u00a0\u00a0\u00a0 &#8211; Angriff 8: Gunting 3<br \/>\n31:19\u00a0\u00a0\u00a0\u00a0\u00a0\u00a0\u00a0\u00a0\u00a0 &#8211; Angriff 8: Gunting 3 mit Folgetechniken<br \/>\n32:07\u00a0\u00a0\u00a0\u00a0\u00a0\u00a0\u00a0\u00a0\u00a0\u00a0\u00a0\u00a0\u00a0 &#8211; Angriff 8: Gunting 3 mit Folgetechniken: ohne Partner<br \/>\n32:30\u00a0\u00a0\u00a0\u00a0\u00a0\u00a0\u00a0\u00a0\u00a0 &#8211; Angriff 8: Gunting 1 &#8211; 3: im Fluss<br \/>\n32:48\u00a0\u00a0\u00a0\u00a0\u00a0 &#8211; Gunting im Sumbrada &#8211; Angriffe 1, 12 und 8 &#8211; jeweils Guntings 1 &#8211; 3: im Fluss<br \/>\n33:56\u00a0 Fazit: Trainieren in einem Drill<br \/>\n35:09\u00a0 Verabschiedung<br \/>\n35:23\u00a0 Abspann<br \/>\n35:50\u00a0 Ende<\/p>\n<div class=\"avia_textblock avia_textblock_style\" data-update_with=\"content\">\n<h3>Trailer<\/h3>\n<div style=\"width: 640px;\" class=\"wp-video\"><video class=\"wp-video-shortcode\" id=\"video-10863-1\" width=\"640\" height=\"360\" preload=\"metadata\" controls=\"controls\"><source type=\"video\/mp4\" src=\"https:\/\/www.abanico.de\/abanico\/wp-content\/files\/trailer\/A-LOT-Trailer-Sumbrada-3.mp4?_=1\" \/><a href=\"https:\/\/www.abanico.de\/abanico\/wp-content\/files\/trailer\/A-LOT-Trailer-Sumbrada-3.mp4\">https:\/\/www.abanico.de\/abanico\/wp-content\/files\/trailer\/A-LOT-Trailer-Sumbrada-3.mp4<\/a><\/video><\/div>\n<\/div>\n<h4>Dies alles wird im dem A-LOT (Arnis Live-Online-Training) Video detailliert erkl\u00e4rt und demonstriert.<br \/>\nDas Arnis Live -Online- Trainings Video ist Teil der neuen Serie:\u00a0 Die \u00fcber Internet abgehaltenen Arnis Live-Online-Trainings Videos von und mit GM Datu Dieter Kn\u00fcttel, 10. Dan Modern Arnis.<br \/>\nNicht nur schnelle Demos, von denen es so viele auf Youtube zu sehen gibt, sondern Unterricht mit Erkl\u00e4rungen des &#8222;Was, Warum und Wie&#8220; mit vielen wichtigen Details, die bei reinen Demos verloren gehen.<br \/>\n<strong>Videos, von denen man wirklich lernen kann.<\/strong><\/h4>\n<div class=\"avia_textblock avia_textblock_style\" data-update_with=\"content\">\n<hr \/>\n<\/div>\n<h4><a href=\"https:\/\/www.abanico.de\/dieterknuettel\/wp\/de\/kurzbiographie\/\"><strong><em><span style=\"color: #ff0000;\">Gro\u00dfmeister Datu Dieter Kn\u00fcttel<\/span><\/em><\/strong><\/a><br \/>\nist Diplom-Sportlehrer, Bundestrainer f\u00fcr Modern Arnis (seit 1985) und Modern Arnis Repr\u00e4sentant f\u00fcr Europa.<\/h4>\n<p>Er unterrichtet Selbstverteidigung seit Ende der 70er Jahre in ganz Deutschland aber auch weltweit.<\/p>\n<p>1996 wurde ihm der Titel Datu und der Grad Lakan Anim, 6. Dan Modern Arnis, von Gro\u00dfmeister Remy A. Presas (10. Dan) pers\u00f6nlich als 4. Arnis-Lehrer au\u00dferhalb der Philippinen und als erstem au\u00dferhalb der USA, verliehen<br \/>\nNachdem er den 7., 8. und 9. Dan auf den Philippinen verliehen bekommen hatte, wurde m 24.9.2016 in Dortmund \u00f6ffentlich bekanntgegeben, dass er von Gro\u00dfmeister Roberto Presas den 10. Dan Modern Arnis verliehen bekommen hatte.<\/p>\n<p>Dieter Kn\u00fcttel betreibt Kampfsport seit 1967 und philippinische Kampfk\u00fcnste seit 1978. Er unterrichtet Modern Arnis auf Lehrg\u00e4ngen \u00fcberall in Europa, Russland, Australien und in den USA.<\/p>\n<p>&nbsp;<\/p>\n<div class=\"avia_textblock avia_textblock_style\" data-update_with=\"content\">\n<hr \/>\n<\/div>\n","protected":false},"excerpt":{"rendered":"<h2><strong>A-LOT-Sumbrada-3 &#8211; Download &#8211; DE<\/strong><\/h2>\n<p><strong>Sprache: deutsch &#8211; download<\/strong><br \/>\nLaufzeit (Min.): 35<br \/>\n<strong>Produzent: ABANICO<\/strong><\/p>\n","protected":false},"featured_media":10864,"comment_status":"open","ping_status":"closed","template":"","meta":[],"product_brand":[],"product_cat":[9321,39,7329,40,2150,685],"product_tag":[913,9040,9022,1370,1372,1374,9633,5628,9231,1883,9617,1301,9629,9619,9639,9615,2217,1321,9631,1376,9621,9163,9042,1845,9229,9211,1847,9468,9623,9637,1708,9635],"class_list":{"0":"post-10863","1":"product","2":"type-product","3":"status-publish","4":"has-post-thumbnail","6":"product_cat-alotarnisliveonlinetraining","7":"product_cat-download-de","8":"product_cat-grossmeister-und-meister-des-modern-arnis","9":"product_cat-modern-arnis-download-de","10":"product_cat-selbstverteidigung-de","11":"product_cat-seminar-videos-download-de","12":"product_tag-anwendungen-de","13":"product_tag-arnis","14":"product_tag-datu-dieter","15":"product_tag-dav-de","16":"product_tag-deutscher-arnis-verband-de","17":"product_tag-dieter-knuettel-de","18":"product_tag-doppel-messer","19":"product_tag-doppelstock","20":"product_tag-download-video","21":"product_tag-drill-de","22":"product_tag-einzelstock-drill","23":"product_tag-eskrima-de","24":"product_tag-espada-y-daga","25":"product_tag-flow-drill","26":"product_tag-gunting","27":"product_tag-haare-ziehen","28":"product_tag-kali-de","29":"product_tag-karate-de","30":"product_tag-mess3er","31":"product_tag-modern-arnis-de","32":"product_tag-punyo-sumbrada","33":"product_tag-remy-presas","34":"product_tag-selbstschutz","35":"product_tag-selbstverteidigung-de","36":"product_tag-seminar-video","37":"product_tag-sumbrada","38":"product_tag-sv-de","39":"product_tag-training-ohne-partner-in","40":"product_tag-verkettung","41":"product_tag-verkettung-von-drills","42":"product_tag-verteidigung-de","43":"product_tag-waffenlos","45":"first","46":"instock","47":"downloadable","48":"virtual","49":"sold-individually","50":"taxable","51":"purchasable","52":"product-type-simple"},"_links":{"self":[{"href":"https:\/\/www.abanico.de\/abanico\/wp-json\/wp\/v2\/product\/10863","targetHints":{"allow":["GET"]}}],"collection":[{"href":"https:\/\/www.abanico.de\/abanico\/wp-json\/wp\/v2\/product"}],"about":[{"href":"https:\/\/www.abanico.de\/abanico\/wp-json\/wp\/v2\/types\/product"}],"replies":[{"embeddable":true,"href":"https:\/\/www.abanico.de\/abanico\/wp-json\/wp\/v2\/comments?post=10863"}],"wp:featuredmedia":[{"embeddable":true,"href":"https:\/\/www.abanico.de\/abanico\/wp-json\/wp\/v2\/media\/10864"}],"wp:attachment":[{"href":"https:\/\/www.abanico.de\/abanico\/wp-json\/wp\/v2\/media?parent=10863"}],"wp:term":[{"taxonomy":"product_brand","embeddable":true,"href":"https:\/\/www.abanico.de\/abanico\/wp-json\/wp\/v2\/product_brand?post=10863"},{"taxonomy":"product_cat","embeddable":true,"href":"https:\/\/www.abanico.de\/abanico\/wp-json\/wp\/v2\/product_cat?post=10863"},{"taxonomy":"product_tag","embeddable":true,"href":"https:\/\/www.abanico.de\/abanico\/wp-json\/wp\/v2\/product_tag?post=10863"}],"curies":[{"name":"wp","href":"https:\/\/api.w.org\/{rel}","templated":true}]}}