{"id":1085,"date":"2018-07-02T14:04:04","date_gmt":"2018-07-02T12:04:04","guid":{"rendered":"https:\/\/www.abanico.de\/abanico\/?post_type=product&#038;p=1085"},"modified":"2024-08-13T11:02:12","modified_gmt":"2024-08-13T09:02:12","slug":"karate-do-dynamic-karate","status":"publish","type":"product","link":"https:\/\/www.abanico.de\/abanico\/shop\/buecher\/karate-de\/karate-do-dynamic-karate\/","title":{"rendered":"Karate-Do Dynamic Karate &#8211; B\u00fccher | Magazine"},"content":{"rendered":"<p>Karate-Do Dynamic Karate von Prof. Masatoshi Nakayama Ins Deutsche \u00dcbersetzt von J\u00fcrgen Seydel.<\/p>\n<p>Dein Lehrer ist der ber\u00fchmteste Karate-Experte der Welt Wenn du es im Karate ungew\u00f6hnlich weit bringen m\u00f6chtest, hast du das richtige Buch gew\u00e4hlt.<\/p>\n<p>Hunderte hervorragender Fotos und ausf\u00fchrliche Erl\u00e4uterungen helfen dir, die unvorstellbar schnellen, kraftvollen und verheerenden Faustund Fu\u00dfst\u00f6\u00dfe zu erlernen &#8211; jene Techniken, die Karate zur gef\u00fcrchtetsten Selbstverteidigung, aber auch zu einem \u00e4u\u00dferst aufregenden Kampfsport machten.<\/p>\n<p>Wer nach \u00e4lteren Karateb\u00fcchern ge\u00fcbt hat, legte sie meist schon bald entt\u00e4uscht be i s e i t e : die B\u00fccher waren unvollst\u00e4ndig, die Anleitungen oberfl\u00e4chlich. Es fehlte an genauen Hinweisen und detaillierten Illustrationen, denen man sowohl das Wesentliche als auch die Feinheiten entnehmen konnte.<\/p>\n<p>Das vorliegende Buch f\u00fcllt nun die L\u00fccke, die andere nicht schlie\u00dfen konnten. Es ist im klaren und sachlichen Stil von Masatoshi Nakayama geschrieben, der bis zu seinem Tod Chefausbilder der Japan Karate Association war.<\/p>\n<p>In diesem Verband erwarb M. Nakayama seine gro\u00dfen Kenntnisse als Karatek\u00e4mpfer und -Lehrer. Bis ins kleinste erl\u00e4utert und illustriert er die vorschriftsm\u00e4\u00dfigen Bewegungen, die du bei den Abwehr-, Sto\u00df- und Fu\u00dftechniken erlernen sollst. Aber auch Kombinationstechniken und wirkungsvolle Gegenangriffe stehen auf dem Lehrplan.<\/p>\n<p>In einem Anhang findest du eine Aufstellung der japanischen Begriffe.<\/p>\n<p>Die Aufnahmetechniken vieler Fotos, wurden mit Hilfe eines Stroboscops hergestellt, dass eine Blitzdauer von 1\/10000 Sekunde erlaubt. Die Ausbeute einer solchen Ultrablitzjagd ist Sensationell und l\u00e4sst jede Bewegungsphase deutlich werden.<\/p>\n<p>Das Buch wurde in zahlreichen Sprachen \u00fcbersetzt und ist weltweit als das Standardwerk des Karate bekannt.<\/p>\n<p>Dieses Buch ist eine sehr exclusive Ausgabe, hat 308 Seiten im Format 19 X 26 cm, sowie 1640 Abbildungen.<\/p>\n<p>Gro\u00dfmeister Masatoshi Nakayama<br \/>\nIst der Gr\u00fcnder der JKA. Er war der Nachfolger von Gichin Funakoshi, dem Gr\u00fcnder des Shotokan Karate. Er wird auf dieser DVD unterst\u00fctzt von den Meistern Tanka, Imura, Yahara and Osaka.<\/p>\n","protected":false},"excerpt":{"rendered":"<h2>Karate-Do Dynamic Karate<\/h2>\n<p><strong>Hardcover AUFLAGE <\/strong><br \/>\n<strong>Sprache: Deutsch &#8211; VP-Masberg Verlag<\/strong><br \/>\nISBN: VPM-KARATE-DO<\/p>\n","protected":false},"featured_media":14877,"comment_status":"open","ping_status":"closed","template":"","meta":[],"product_brand":[],"product_cat":[48,6369],"product_tag":[1319,1321],"class_list":{"0":"post-1085","1":"product","2":"type-product","3":"status-publish","4":"has-post-thumbnail","6":"product_cat-buecher","7":"product_cat-karate-de","8":"product_tag-buecher-de","9":"product_tag-karate-de","10":"product_shipping_class-4689","12":"first","13":"instock","14":"taxable","15":"shipping-taxable","16":"purchasable","17":"product-type-simple"},"_links":{"self":[{"href":"https:\/\/www.abanico.de\/abanico\/wp-json\/wp\/v2\/product\/1085","targetHints":{"allow":["GET"]}}],"collection":[{"href":"https:\/\/www.abanico.de\/abanico\/wp-json\/wp\/v2\/product"}],"about":[{"href":"https:\/\/www.abanico.de\/abanico\/wp-json\/wp\/v2\/types\/product"}],"replies":[{"embeddable":true,"href":"https:\/\/www.abanico.de\/abanico\/wp-json\/wp\/v2\/comments?post=1085"}],"wp:featuredmedia":[{"embeddable":true,"href":"https:\/\/www.abanico.de\/abanico\/wp-json\/wp\/v2\/media\/14877"}],"wp:attachment":[{"href":"https:\/\/www.abanico.de\/abanico\/wp-json\/wp\/v2\/media?parent=1085"}],"wp:term":[{"taxonomy":"product_brand","embeddable":true,"href":"https:\/\/www.abanico.de\/abanico\/wp-json\/wp\/v2\/product_brand?post=1085"},{"taxonomy":"product_cat","embeddable":true,"href":"https:\/\/www.abanico.de\/abanico\/wp-json\/wp\/v2\/product_cat?post=1085"},{"taxonomy":"product_tag","embeddable":true,"href":"https:\/\/www.abanico.de\/abanico\/wp-json\/wp\/v2\/product_tag?post=1085"}],"curies":[{"name":"wp","href":"https:\/\/api.w.org\/{rel}","templated":true}]}}